{"id":1800,"date":"2018-05-01T16:28:09","date_gmt":"2018-05-01T14:28:09","guid":{"rendered":"https:\/\/buceovalencia.com\/?page_id=1800"},"modified":"2018-05-01T16:28:56","modified_gmt":"2018-05-01T14:28:56","slug":"professional-association-of-diving-instructors","status":"publish","type":"page","link":"https:\/\/www.buceovalencia.com\/en\/professional-association-of-diving-instructors\/","title":{"rendered":"Professional Association of Diving Instructors"},"content":{"rendered":"<p style=\"text-align: left;\"><span style=\"color: #333333; font-size: 16px;\"><strong>PADI<\/strong> <strong>(Professional Association of Diving Instructors)<\/strong> It is the most recognized diving organization in the world with the highest number of certifications. Its main activity is teaching recreational diving, but it is not limited to it. It is also dedicated to the training of recreational professionals, CPR training and <a href=\"https:\/\/www.buceovalencia.com\/producto\/emergency-first-response\/\">First Aid (EFR)<\/a>, training of <a href=\"https:\/\/www.buceovalencia.com\/producto\/buceo-tecnico\/\">technical diving (Tec Rec)<\/a>, events and <a href=\"https:\/\/www.buceovalencia.com\/viajes\/\">diving trips<\/a> and research. In collaboration with the Project AWARE Foundation, it helps the important underwater environment conservation project and its dissemination through its courses and seminars<\/span><\/p>\n<p style=\"text-align: left;\"><span style=\"color: #333333; font-size: 16px;\">No matter where you choose to dive, you <strong>PADI certification <\/strong>It will be recognized and accepted anywhere in the world. <strong>PADI<\/strong> operates in more than 180 countries and territories, with the support of more than 130,000 professionals (<a href=\"https:\/\/www.buceovalencia.com\/producto\/dive-master\/\">Divemasters<\/a>, <a href=\"https:\/\/www.buceovalencia.com\/producto\/asistente-de-instructor\/\">Instructor Assistants<\/a> and <a href=\"https:\/\/www.buceovalencia.com\/producto\/curso-instructor-padi\/\">PADI instructors<\/a>) and 5,300 <a href=\"https:\/\/www.buceovalencia.com\/importante\/\">Official diving centers<\/a>. Educational materials such as manuals, DVDs and diving boards will help you in your learning, thus focusing the time you spend with your instructor on your interests or doubts. All the <a href=\"https:\/\/www.buceovalencia.com\/cursos-buceeo-valencia\/\">PADI courses and programs<\/a> are taught under strict standards, in addition <strong>PADI <\/strong>It has its own quality management department, to ensure maximum satisfaction for all.<\/span><\/p>\n<p style=\"text-align: left;\"><span style=\"color: #333333; font-size: 16px;\">The <a href=\"https:\/\/www.buceovalencia.com\/cursos-buceeo-valencia\/\">PADI courses<\/a> They are designed to be fun and provide you with a solid training through diving theory and practice.<\/span><\/p>\n<p style=\"text-align: left;\"><span style=\"color: #333333; font-size: 16px;\">He <strong>PADI teaching system<\/strong>, It is based on the learning domain, which means that in your course the most important thing is that you reach the level of your certification regardless of the time it takes<\/span><\/p>\n<p style=\"text-align: left;\"><span style=\"color: #333333; font-size: 16px;\">All the <a href=\"https:\/\/www.buceovalencia.com\/cursos-buceeo-valencia\/\">PADI courses<\/a> they are governed by strict security standards, identical for all courses taught anywhere in the world. You can choose from experience programs (<a href=\"https:\/\/www.buceovalencia.com\/producto\/bautizo\/\">Discover Scuba Diving<\/a>), initiation courses (<a href=\"https:\/\/www.buceovalencia.com\/producto\/open-water\/\">Open Water Diver<\/a>), training courses (<a href=\"https:\/\/www.buceovalencia.com\/producto\/advanced-open-water\/\">Advanced Open Water Diver<\/a>), more than 25<strong> diving specialties<\/strong> (<a href=\"https:\/\/www.buceovalencia.com\/producto\/curso-buceo-nocturno\/\">Night diving<\/a>, Orientation, <a href=\"https:\/\/www.buceovalencia.com\/producto\/curso-buceo-pecios\/\">wreck diving<\/a>) until the course of <a href=\"https:\/\/www.buceovalencia.com\/producto\/rescue-diver\/\">Rescue Diver<\/a>, focused on accident prevention and rescue at sea.<\/span><\/p>\n<p style=\"text-align: left;\"><span style=\"color: #333333; font-size: 16px;\">If you would like to become a PADI professional, you can sign up for <a href=\"https:\/\/www.buceovalencia.com\/producto\/dive-master\/\">Divemaster course<\/a>continue with the <a href=\"https:\/\/www.buceovalencia.com\/producto\/asistente-de-instructor\/\">Instructor Assistant course<\/a> and <a href=\"https:\/\/www.buceovalencia.com\/producto\/curso-instructor-padi\/\">PADI instructor.<\/a><\/span><\/p>\n<p style=\"text-align: left;\"><span style=\"color: #333333; font-size: 16px;\"><a href=\"https:\/\/www.buceovalencia.com\/\">DIVING<\/a>, how <strong>PADI Official Center 5 STARS IDC <\/strong>can offer you all these courses, always led by professional instructors following the <strong>PADI standards.<\/strong><\/span><\/p>\n<p style=\"text-align: left;\"><span style=\"font-size: 16px;\">\u00a0<\/span><\/p>","protected":false},"excerpt":{"rendered":"<p>PADI ( Professional Association of Diving Instructors) es la m\u00e1s reconocida organizaci\u00f3n de buceo en todo el mundo con el mayor n\u00famero de certificaciones. Su principal actividad es la ense\u00f1anza de buceo recreativo, pero no se limita a ello. Tambi\u00e9n se dedica a la formaci\u00f3n de profesionales recreativos, entrenamiento de RCP y Primeros Auxilios (EFR), [&hellip;]<\/p>\n","protected":false},"author":1,"featured_media":0,"parent":0,"menu_order":0,"comment_status":"closed","ping_status":"closed","template":"","meta":{"_et_pb_use_builder":"","_et_pb_old_content":"","_et_gb_content_width":"","footnotes":""},"class_list":["post-1800","page","type-page","status-publish","hentry"],"yoast_head":"<!-- This site is optimized with the Yoast SEO plugin v27.3 - https:\/\/yoast.com\/product\/yoast-seo-wordpress\/ -->\n<title>Professional Association of Diving Instructors - Buceo Valencia<\/title>\n<meta name=\"robots\" content=\"index, follow, max-snippet:-1, max-image-preview:large, max-video-preview:-1\" \/>\n<link rel=\"canonical\" href=\"https:\/\/www.buceovalencia.com\/en\/professional-association-of-diving-instructors\/?lang=en\" \/>\n<meta property=\"og:locale\" content=\"en_GB\" \/>\n<meta property=\"og:type\" content=\"article\" \/>\n<meta property=\"og:title\" content=\"Professional Association of Diving Instructors - Buceo Valencia\" \/>\n<meta property=\"og:description\" content=\"PADI ( Professional Association of Diving Instructors) es la m\u00e1s reconocida organizaci\u00f3n de buceo en todo el mundo con el mayor n\u00famero de certificaciones. Su principal actividad es la ense\u00f1anza de buceo recreativo, pero no se limita a ello. Tambi\u00e9n se dedica a la formaci\u00f3n de profesionales recreativos, entrenamiento de RCP y Primeros Auxilios (EFR), [&hellip;]\" \/>\n<meta property=\"og:url\" content=\"https:\/\/www.buceovalencia.com\/en\/professional-association-of-diving-instructors\/?lang=en\" \/>\n<meta property=\"og:site_name\" content=\"Buceo Valencia\" \/>\n<meta property=\"article:publisher\" content=\"https:\/\/www.facebook.com\/buceovalencia\/\" \/>\n<meta property=\"article:modified_time\" content=\"2018-05-01T14:28:56+00:00\" \/>\n<meta name=\"twitter:label1\" content=\"Estimated reading time\" \/>\n\t<meta name=\"twitter:data1\" content=\"2 minutes\" \/>\n<script type=\"application\/ld+json\" class=\"yoast-schema-graph\">{\"@context\":\"https:\\\/\\\/schema.org\",\"@graph\":[{\"@type\":\"WebPage\",\"@id\":\"https:\\\/\\\/www.buceovalencia.com\\\/professional-association-of-diving-instructors\\\/?lang=en\",\"url\":\"https:\\\/\\\/www.buceovalencia.com\\\/professional-association-of-diving-instructors\\\/?lang=en\",\"name\":\"Professional Association of Diving Instructors - Buceo Valencia\",\"isPartOf\":{\"@id\":\"https:\\\/\\\/www.buceovalencia.com\\\/?lang=en\\\/#website\"},\"datePublished\":\"2018-05-01T14:28:09+00:00\",\"dateModified\":\"2018-05-01T14:28:56+00:00\",\"breadcrumb\":{\"@id\":\"https:\\\/\\\/www.buceovalencia.com\\\/professional-association-of-diving-instructors\\\/?lang=en#breadcrumb\"},\"inLanguage\":\"en-GB\",\"potentialAction\":[{\"@type\":\"ReadAction\",\"target\":[\"https:\\\/\\\/www.buceovalencia.com\\\/professional-association-of-diving-instructors\\\/?lang=en\"]}]},{\"@type\":\"BreadcrumbList\",\"@id\":\"https:\\\/\\\/www.buceovalencia.com\\\/professional-association-of-diving-instructors\\\/?lang=en#breadcrumb\",\"itemListElement\":[{\"@type\":\"ListItem\",\"position\":1,\"name\":\"Portada\",\"item\":\"https:\\\/\\\/www.buceovalencia.com\\\/\"},{\"@type\":\"ListItem\",\"position\":2,\"name\":\"Professional Association of Diving Instructors\"}]},{\"@type\":\"WebSite\",\"@id\":\"https:\\\/\\\/www.buceovalencia.com\\\/?lang=en\\\/#website\",\"url\":\"https:\\\/\\\/www.buceovalencia.com\\\/?lang=en\\\/\",\"name\":\"Buceo Valencia\",\"description\":\"Tu centro de buceo\",\"publisher\":{\"@id\":\"https:\\\/\\\/www.buceovalencia.com\\\/?lang=en\\\/#organization\"},\"potentialAction\":[{\"@type\":\"SearchAction\",\"target\":{\"@type\":\"EntryPoint\",\"urlTemplate\":\"https:\\\/\\\/www.buceovalencia.com\\\/?lang=en\\\/?s={search_term_string}\"},\"query-input\":{\"@type\":\"PropertyValueSpecification\",\"valueRequired\":true,\"valueName\":\"search_term_string\"}}],\"inLanguage\":\"en-GB\"},{\"@type\":\"Organization\",\"@id\":\"https:\\\/\\\/www.buceovalencia.com\\\/?lang=en\\\/#organization\",\"name\":\"Buceo Valencia\",\"url\":\"https:\\\/\\\/www.buceovalencia.com\\\/?lang=en\\\/\",\"logo\":{\"@type\":\"ImageObject\",\"inLanguage\":\"en-GB\",\"@id\":\"https:\\\/\\\/www.buceovalencia.com\\\/?lang=en\\\/#\\\/schema\\\/logo\\\/image\\\/\",\"url\":\"https:\\\/\\\/www.buceovalencia.com\\\/wp-content\\\/uploads\\\/2018\\\/01\\\/buceovalencia.png\",\"contentUrl\":\"https:\\\/\\\/www.buceovalencia.com\\\/wp-content\\\/uploads\\\/2018\\\/01\\\/buceovalencia.png\",\"width\":319,\"height\":263,\"caption\":\"Buceo Valencia\"},\"image\":{\"@id\":\"https:\\\/\\\/www.buceovalencia.com\\\/?lang=en\\\/#\\\/schema\\\/logo\\\/image\\\/\"},\"sameAs\":[\"https:\\\/\\\/www.facebook.com\\\/buceovalencia\\\/\",\"https:\\\/\\\/www.instagram.com\\\/buceo_valencia\\\/\"]}]}<\/script>\n<!-- \/ Yoast SEO plugin. -->","yoast_head_json":{"title":"Professional Association of Diving Instructors - Buceo Valencia","robots":{"index":"index","follow":"follow","max-snippet":"max-snippet:-1","max-image-preview":"max-image-preview:large","max-video-preview":"max-video-preview:-1"},"canonical":"https:\/\/www.buceovalencia.com\/en\/professional-association-of-diving-instructors\/?lang=en","og_locale":"en_GB","og_type":"article","og_title":"Professional Association of Diving Instructors - Buceo Valencia","og_description":"PADI ( Professional Association of Diving Instructors) es la m\u00e1s reconocida organizaci\u00f3n de buceo en todo el mundo con el mayor n\u00famero de certificaciones. Su principal actividad es la ense\u00f1anza de buceo recreativo, pero no se limita a ello. Tambi\u00e9n se dedica a la formaci\u00f3n de profesionales recreativos, entrenamiento de RCP y Primeros Auxilios (EFR), [&hellip;]","og_url":"https:\/\/www.buceovalencia.com\/en\/professional-association-of-diving-instructors\/?lang=en","og_site_name":"Buceo Valencia","article_publisher":"https:\/\/www.facebook.com\/buceovalencia\/","article_modified_time":"2018-05-01T14:28:56+00:00","twitter_misc":{"Estimated reading time":"2 minutes"},"schema":{"@context":"https:\/\/schema.org","@graph":[{"@type":"WebPage","@id":"https:\/\/www.buceovalencia.com\/professional-association-of-diving-instructors\/?lang=en","url":"https:\/\/www.buceovalencia.com\/professional-association-of-diving-instructors\/?lang=en","name":"Professional Association of Diving Instructors - Buceo Valencia","isPartOf":{"@id":"https:\/\/www.buceovalencia.com\/?lang=en\/#website"},"datePublished":"2018-05-01T14:28:09+00:00","dateModified":"2018-05-01T14:28:56+00:00","breadcrumb":{"@id":"https:\/\/www.buceovalencia.com\/professional-association-of-diving-instructors\/?lang=en#breadcrumb"},"inLanguage":"en-GB","potentialAction":[{"@type":"ReadAction","target":["https:\/\/www.buceovalencia.com\/professional-association-of-diving-instructors\/?lang=en"]}]},{"@type":"BreadcrumbList","@id":"https:\/\/www.buceovalencia.com\/professional-association-of-diving-instructors\/?lang=en#breadcrumb","itemListElement":[{"@type":"ListItem","position":1,"name":"Portada","item":"https:\/\/www.buceovalencia.com\/"},{"@type":"ListItem","position":2,"name":"Professional Association of Diving Instructors"}]},{"@type":"WebSite","@id":"https:\/\/www.buceovalencia.com\/?lang=en\/#website","url":"https:\/\/www.buceovalencia.com\/?lang=en\/","name":"Diving Valencia","description":"Your dive center","publisher":{"@id":"https:\/\/www.buceovalencia.com\/?lang=en\/#organization"},"potentialAction":[{"@type":"SearchAction","target":{"@type":"EntryPoint","urlTemplate":"https:\/\/www.buceovalencia.com\/?lang=en\/?s={search_term_string}"},"query-input":{"@type":"PropertyValueSpecification","valueRequired":true,"valueName":"search_term_string"}}],"inLanguage":"en-GB"},{"@type":"Organization","@id":"https:\/\/www.buceovalencia.com\/?lang=en\/#organization","name":"Diving Valencia","url":"https:\/\/www.buceovalencia.com\/?lang=en\/","logo":{"@type":"ImageObject","inLanguage":"en-GB","@id":"https:\/\/www.buceovalencia.com\/?lang=en\/#\/schema\/logo\/image\/","url":"https:\/\/www.buceovalencia.com\/wp-content\/uploads\/2018\/01\/buceovalencia.png","contentUrl":"https:\/\/www.buceovalencia.com\/wp-content\/uploads\/2018\/01\/buceovalencia.png","width":319,"height":263,"caption":"Buceo Valencia"},"image":{"@id":"https:\/\/www.buceovalencia.com\/?lang=en\/#\/schema\/logo\/image\/"},"sameAs":["https:\/\/www.facebook.com\/buceovalencia\/","https:\/\/www.instagram.com\/buceo_valencia\/"]}]}},"_links":{"self":[{"href":"https:\/\/www.buceovalencia.com\/en\/wp-json\/wp\/v2\/pages\/1800","targetHints":{"allow":["GET"]}}],"collection":[{"href":"https:\/\/www.buceovalencia.com\/en\/wp-json\/wp\/v2\/pages"}],"about":[{"href":"https:\/\/www.buceovalencia.com\/en\/wp-json\/wp\/v2\/types\/page"}],"author":[{"embeddable":true,"href":"https:\/\/www.buceovalencia.com\/en\/wp-json\/wp\/v2\/users\/1"}],"replies":[{"embeddable":true,"href":"https:\/\/www.buceovalencia.com\/en\/wp-json\/wp\/v2\/comments?post=1800"}],"version-history":[{"count":0,"href":"https:\/\/www.buceovalencia.com\/en\/wp-json\/wp\/v2\/pages\/1800\/revisions"}],"wp:attachment":[{"href":"https:\/\/www.buceovalencia.com\/en\/wp-json\/wp\/v2\/media?parent=1800"}],"curies":[{"name":"wp","href":"https:\/\/api.w.org\/{rel}","templated":true}]}}