{"id":12075,"date":"2023-06-09T12:15:24","date_gmt":"2023-06-09T10:15:24","guid":{"rendered":"https:\/\/www.buceovalencia.com\/?post_type=product&#038;p=12075"},"modified":"2026-03-22T21:10:39","modified_gmt":"2026-03-22T20:10:39","slug":"emergency-first-response-2","status":"publish","type":"product","link":"https:\/\/www.buceovalencia.com\/en\/product\/emergency-first-response-2\/","title":{"rendered":"Emergency First Response instructor"},"content":{"rendered":"<p>El curso consiste en el entrenamiento para la formacion de alumnos en la\u00a0 pr\u00e1ctica de primeros auxilios b\u00e1sicos: respiraci\u00f3n artificial, reanimaci\u00f3n cardiopulmonar, cuidados de emergencia, y acciones de socorro inmediato. Es prerrequisito para acceder al curso es tener 18 a\u00f1os y que hayas recibido entrenamiento de Emergency First Response Primary and Secondary Care (RCP y Primeros Auxilios) dentro de los \u00faltimos 24 meses.<\/p>","protected":false},"excerpt":{"rendered":"<p>Las t\u00e9cnicas de RCP y primeros auxilios son t\u00e9cnicas importantes para todo el mundo, no s\u00f3lo para los buceadores. Como Emergency First Response Instructor, ense\u00f1as t\u00e9cnicas basadas en directrices de cuidados de emergencia reconocidas internacionalmente, y puedes ofrecer cursos a cualquiera. Lo que tienen de bueno los cursos EFR es que hacen que el aprendizaje sea f\u00e1cil proporcionando un entorno confortable para practicar t\u00e9cnicas de cuidados de emergencia. Tus alumnos terminar\u00e1n el curso sinti\u00e9ndose seguros con sus nuevas destrezas y preparados para ayudar a alguien cuando lo necesite.<\/p>","protected":false},"featured_media":8694,"template":"","meta":{"_et_pb_use_builder":"off","_et_pb_old_content":"El curso consiste en el entrenamiento para la pr\u00e1ctica de primeros auxilios b\u00e1sicos: respiraci\u00f3n artificial, reanimaci\u00f3n cardiopulmonar, cuidados de emergencia, y acciones de socorro inmediato. Es prerrequisito para acceder al curso de Rescate y cursos superiores.","_et_gb_content_width":""},"product_brand":[],"product_cat":[100],"product_tag":[],"class_list":{"0":"post-12075","1":"product","2":"type-product","3":"status-publish","4":"has-post-thumbnail","6":"product_cat-buceo-recreativo-profesional","8":"first","9":"instock","10":"virtual","11":"taxable","12":"purchasable","13":"product-type-simple"},"yoast_head":"<!-- This site is optimized with the Yoast SEO plugin v27.3 - https:\/\/yoast.com\/product\/yoast-seo-wordpress\/ -->\n<title>Emergency First Response instructor - Buceo Valencia<\/title>\n<meta name=\"description\" content=\"El curso consiste en el entrenamiento para la formacion de alumnos en la\u00a0 pr\u00e1ctica de primeros auxilios b\u00e1sicos: respiraci\u00f3n artificial, reanimaci\u00f3n cardiopulmonar, cuidados de emergencia, y acciones de socorro inmediato.\" \/>\n<meta name=\"robots\" content=\"index, follow, max-snippet:-1, max-image-preview:large, max-video-preview:-1\" \/>\n<link rel=\"canonical\" href=\"https:\/\/www.buceovalencia.com\/en\/product\/emergency-first-response-2\/\" \/>\n<meta property=\"og:locale\" content=\"en_GB\" \/>\n<meta property=\"og:type\" content=\"article\" \/>\n<meta property=\"og:title\" content=\"Emergency First Response instructor - Buceo Valencia\" \/>\n<meta property=\"og:description\" content=\"El curso consiste en el entrenamiento para la formacion de alumnos en la\u00a0 pr\u00e1ctica de primeros auxilios b\u00e1sicos: respiraci\u00f3n artificial, reanimaci\u00f3n cardiopulmonar, cuidados de emergencia, y acciones de socorro inmediato.\" \/>\n<meta property=\"og:url\" content=\"https:\/\/www.buceovalencia.com\/en\/product\/emergency-first-response-2\/\" \/>\n<meta property=\"og:site_name\" content=\"Buceo Valencia\" \/>\n<meta property=\"article:publisher\" content=\"https:\/\/www.facebook.com\/buceovalencia\/\" \/>\n<meta property=\"article:modified_time\" content=\"2026-03-22T20:10:39+00:00\" \/>\n<meta property=\"og:image\" content=\"https:\/\/www.buceovalencia.com\/wp-content\/uploads\/2016\/10\/emergencyfist01.jpg\" \/>\n\t<meta property=\"og:image:width\" content=\"900\" \/>\n\t<meta property=\"og:image:height\" content=\"900\" \/>\n\t<meta property=\"og:image:type\" content=\"image\/jpeg\" \/>\n<meta name=\"twitter:label1\" content=\"Estimated reading time\" \/>\n\t<meta name=\"twitter:data1\" content=\"1 minute\" \/>\n<script type=\"application\/ld+json\" class=\"yoast-schema-graph\">{\"@context\":\"https:\\\/\\\/schema.org\",\"@graph\":[{\"@type\":\"WebPage\",\"@id\":\"https:\\\/\\\/www.buceovalencia.com\\\/producto\\\/emergency-first-response-intructor\\\/\",\"url\":\"https:\\\/\\\/www.buceovalencia.com\\\/producto\\\/emergency-first-response-intructor\\\/\",\"name\":\"Emergency First Response instructor - Buceo Valencia\",\"isPartOf\":{\"@id\":\"https:\\\/\\\/www.buceovalencia.com\\\/?lang=en\\\/#website\"},\"primaryImageOfPage\":{\"@id\":\"https:\\\/\\\/www.buceovalencia.com\\\/producto\\\/emergency-first-response-intructor\\\/#primaryimage\"},\"image\":{\"@id\":\"https:\\\/\\\/www.buceovalencia.com\\\/producto\\\/emergency-first-response-intructor\\\/#primaryimage\"},\"thumbnailUrl\":\"https:\\\/\\\/www.buceovalencia.com\\\/wp-content\\\/uploads\\\/2016\\\/10\\\/emergencyfist01.jpg\",\"datePublished\":\"2023-06-09T10:15:24+00:00\",\"dateModified\":\"2026-03-22T20:10:39+00:00\",\"description\":\"El curso consiste en el entrenamiento para la formacion de alumnos en la\u00a0 pr\u00e1ctica de primeros auxilios b\u00e1sicos: respiraci\u00f3n artificial, reanimaci\u00f3n cardiopulmonar, cuidados de emergencia, y acciones de socorro inmediato.\",\"breadcrumb\":{\"@id\":\"https:\\\/\\\/www.buceovalencia.com\\\/producto\\\/emergency-first-response-intructor\\\/#breadcrumb\"},\"inLanguage\":\"en-GB\",\"potentialAction\":[{\"@type\":\"ReadAction\",\"target\":[\"https:\\\/\\\/www.buceovalencia.com\\\/producto\\\/emergency-first-response-intructor\\\/\"]}]},{\"@type\":\"ImageObject\",\"inLanguage\":\"en-GB\",\"@id\":\"https:\\\/\\\/www.buceovalencia.com\\\/producto\\\/emergency-first-response-intructor\\\/#primaryimage\",\"url\":\"https:\\\/\\\/www.buceovalencia.com\\\/wp-content\\\/uploads\\\/2016\\\/10\\\/emergencyfist01.jpg\",\"contentUrl\":\"https:\\\/\\\/www.buceovalencia.com\\\/wp-content\\\/uploads\\\/2016\\\/10\\\/emergencyfist01.jpg\",\"width\":900,\"height\":900},{\"@type\":\"BreadcrumbList\",\"@id\":\"https:\\\/\\\/www.buceovalencia.com\\\/producto\\\/emergency-first-response-intructor\\\/#breadcrumb\",\"itemListElement\":[{\"@type\":\"ListItem\",\"position\":1,\"name\":\"Portada\",\"item\":\"https:\\\/\\\/www.buceovalencia.com\\\/\"},{\"@type\":\"ListItem\",\"position\":2,\"name\":\"Cursos en Valencia\",\"item\":\"https:\\\/\\\/www.buceovalencia.com\\\/cursos-buceeo-valencia\\\/\"},{\"@type\":\"ListItem\",\"position\":3,\"name\":\"Emergency First Response instructor\"}]},{\"@type\":\"WebSite\",\"@id\":\"https:\\\/\\\/www.buceovalencia.com\\\/?lang=en\\\/#website\",\"url\":\"https:\\\/\\\/www.buceovalencia.com\\\/?lang=en\\\/\",\"name\":\"Buceo Valencia\",\"description\":\"Tu centro de buceo\",\"publisher\":{\"@id\":\"https:\\\/\\\/www.buceovalencia.com\\\/?lang=en\\\/#organization\"},\"potentialAction\":[{\"@type\":\"SearchAction\",\"target\":{\"@type\":\"EntryPoint\",\"urlTemplate\":\"https:\\\/\\\/www.buceovalencia.com\\\/?lang=en\\\/?s={search_term_string}\"},\"query-input\":{\"@type\":\"PropertyValueSpecification\",\"valueRequired\":true,\"valueName\":\"search_term_string\"}}],\"inLanguage\":\"en-GB\"},{\"@type\":\"Organization\",\"@id\":\"https:\\\/\\\/www.buceovalencia.com\\\/?lang=en\\\/#organization\",\"name\":\"Buceo Valencia\",\"url\":\"https:\\\/\\\/www.buceovalencia.com\\\/?lang=en\\\/\",\"logo\":{\"@type\":\"ImageObject\",\"inLanguage\":\"en-GB\",\"@id\":\"https:\\\/\\\/www.buceovalencia.com\\\/?lang=en\\\/#\\\/schema\\\/logo\\\/image\\\/\",\"url\":\"https:\\\/\\\/www.buceovalencia.com\\\/wp-content\\\/uploads\\\/2018\\\/01\\\/buceovalencia.png\",\"contentUrl\":\"https:\\\/\\\/www.buceovalencia.com\\\/wp-content\\\/uploads\\\/2018\\\/01\\\/buceovalencia.png\",\"width\":319,\"height\":263,\"caption\":\"Buceo Valencia\"},\"image\":{\"@id\":\"https:\\\/\\\/www.buceovalencia.com\\\/?lang=en\\\/#\\\/schema\\\/logo\\\/image\\\/\"},\"sameAs\":[\"https:\\\/\\\/www.facebook.com\\\/buceovalencia\\\/\",\"https:\\\/\\\/www.instagram.com\\\/buceo_valencia\\\/\"]}]}<\/script>\n<!-- \/ Yoast SEO plugin. -->","yoast_head_json":{"title":"Emergency First Response instructor - Buceo Valencia","description":"El curso consiste en el entrenamiento para la formacion de alumnos en la\u00a0 pr\u00e1ctica de primeros auxilios b\u00e1sicos: respiraci\u00f3n artificial, reanimaci\u00f3n cardiopulmonar, cuidados de emergencia, y acciones de socorro inmediato.","robots":{"index":"index","follow":"follow","max-snippet":"max-snippet:-1","max-image-preview":"max-image-preview:large","max-video-preview":"max-video-preview:-1"},"canonical":"https:\/\/www.buceovalencia.com\/en\/product\/emergency-first-response-2\/","og_locale":"en_GB","og_type":"article","og_title":"Emergency First Response instructor - Buceo Valencia","og_description":"El curso consiste en el entrenamiento para la formacion de alumnos en la\u00a0 pr\u00e1ctica de primeros auxilios b\u00e1sicos: respiraci\u00f3n artificial, reanimaci\u00f3n cardiopulmonar, cuidados de emergencia, y acciones de socorro inmediato.","og_url":"https:\/\/www.buceovalencia.com\/en\/product\/emergency-first-response-2\/","og_site_name":"Buceo Valencia","article_publisher":"https:\/\/www.facebook.com\/buceovalencia\/","article_modified_time":"2026-03-22T20:10:39+00:00","og_image":[{"width":900,"height":900,"url":"https:\/\/www.buceovalencia.com\/wp-content\/uploads\/2016\/10\/emergencyfist01.jpg","type":"image\/jpeg"}],"twitter_misc":{"Estimated reading time":"1 minute"},"schema":{"@context":"https:\/\/schema.org","@graph":[{"@type":"WebPage","@id":"https:\/\/www.buceovalencia.com\/producto\/emergency-first-response-intructor\/","url":"https:\/\/www.buceovalencia.com\/producto\/emergency-first-response-intructor\/","name":"Emergency First Response instructor - Buceo Valencia","isPartOf":{"@id":"https:\/\/www.buceovalencia.com\/?lang=en\/#website"},"primaryImageOfPage":{"@id":"https:\/\/www.buceovalencia.com\/producto\/emergency-first-response-intructor\/#primaryimage"},"image":{"@id":"https:\/\/www.buceovalencia.com\/producto\/emergency-first-response-intructor\/#primaryimage"},"thumbnailUrl":"https:\/\/www.buceovalencia.com\/wp-content\/uploads\/2016\/10\/emergencyfist01.jpg","datePublished":"2023-06-09T10:15:24+00:00","dateModified":"2026-03-22T20:10:39+00:00","description":"El curso consiste en el entrenamiento para la formacion de alumnos en la\u00a0 pr\u00e1ctica de primeros auxilios b\u00e1sicos: respiraci\u00f3n artificial, reanimaci\u00f3n cardiopulmonar, cuidados de emergencia, y acciones de socorro inmediato.","breadcrumb":{"@id":"https:\/\/www.buceovalencia.com\/producto\/emergency-first-response-intructor\/#breadcrumb"},"inLanguage":"en-GB","potentialAction":[{"@type":"ReadAction","target":["https:\/\/www.buceovalencia.com\/producto\/emergency-first-response-intructor\/"]}]},{"@type":"ImageObject","inLanguage":"en-GB","@id":"https:\/\/www.buceovalencia.com\/producto\/emergency-first-response-intructor\/#primaryimage","url":"https:\/\/www.buceovalencia.com\/wp-content\/uploads\/2016\/10\/emergencyfist01.jpg","contentUrl":"https:\/\/www.buceovalencia.com\/wp-content\/uploads\/2016\/10\/emergencyfist01.jpg","width":900,"height":900},{"@type":"BreadcrumbList","@id":"https:\/\/www.buceovalencia.com\/producto\/emergency-first-response-intructor\/#breadcrumb","itemListElement":[{"@type":"ListItem","position":1,"name":"Portada","item":"https:\/\/www.buceovalencia.com\/"},{"@type":"ListItem","position":2,"name":"Cursos en Valencia","item":"https:\/\/www.buceovalencia.com\/cursos-buceeo-valencia\/"},{"@type":"ListItem","position":3,"name":"Emergency First Response instructor"}]},{"@type":"WebSite","@id":"https:\/\/www.buceovalencia.com\/?lang=en\/#website","url":"https:\/\/www.buceovalencia.com\/?lang=en\/","name":"Diving Valencia","description":"Your dive center","publisher":{"@id":"https:\/\/www.buceovalencia.com\/?lang=en\/#organization"},"potentialAction":[{"@type":"SearchAction","target":{"@type":"EntryPoint","urlTemplate":"https:\/\/www.buceovalencia.com\/?lang=en\/?s={search_term_string}"},"query-input":{"@type":"PropertyValueSpecification","valueRequired":true,"valueName":"search_term_string"}}],"inLanguage":"en-GB"},{"@type":"Organization","@id":"https:\/\/www.buceovalencia.com\/?lang=en\/#organization","name":"Diving Valencia","url":"https:\/\/www.buceovalencia.com\/?lang=en\/","logo":{"@type":"ImageObject","inLanguage":"en-GB","@id":"https:\/\/www.buceovalencia.com\/?lang=en\/#\/schema\/logo\/image\/","url":"https:\/\/www.buceovalencia.com\/wp-content\/uploads\/2018\/01\/buceovalencia.png","contentUrl":"https:\/\/www.buceovalencia.com\/wp-content\/uploads\/2018\/01\/buceovalencia.png","width":319,"height":263,"caption":"Buceo Valencia"},"image":{"@id":"https:\/\/www.buceovalencia.com\/?lang=en\/#\/schema\/logo\/image\/"},"sameAs":["https:\/\/www.facebook.com\/buceovalencia\/","https:\/\/www.instagram.com\/buceo_valencia\/"]}]}},"_links":{"self":[{"href":"https:\/\/www.buceovalencia.com\/en\/wp-json\/wp\/v2\/product\/12075","targetHints":{"allow":["GET"]}}],"collection":[{"href":"https:\/\/www.buceovalencia.com\/en\/wp-json\/wp\/v2\/product"}],"about":[{"href":"https:\/\/www.buceovalencia.com\/en\/wp-json\/wp\/v2\/types\/product"}],"wp:featuredmedia":[{"embeddable":true,"href":"https:\/\/www.buceovalencia.com\/en\/wp-json\/wp\/v2\/media\/8694"}],"wp:attachment":[{"href":"https:\/\/www.buceovalencia.com\/en\/wp-json\/wp\/v2\/media?parent=12075"}],"wp:term":[{"taxonomy":"product_brand","embeddable":true,"href":"https:\/\/www.buceovalencia.com\/en\/wp-json\/wp\/v2\/product_brand?post=12075"},{"taxonomy":"product_cat","embeddable":true,"href":"https:\/\/www.buceovalencia.com\/en\/wp-json\/wp\/v2\/product_cat?post=12075"},{"taxonomy":"product_tag","embeddable":true,"href":"https:\/\/www.buceovalencia.com\/en\/wp-json\/wp\/v2\/product_tag?post=12075"}],"curies":[{"name":"wp","href":"https:\/\/api.w.org\/{rel}","templated":true}]}}