{"id":17359,"date":"2026-02-25T16:58:27","date_gmt":"2026-02-25T15:58:27","guid":{"rendered":"https:\/\/www.buceovalencia.com\/?post_type=product&#038;p=17359"},"modified":"2026-04-06T07:56:55","modified_gmt":"2026-04-06T05:56:55","slug":"curso-padi-de-buceo-profundo-en-valencia-buceovalencia","status":"publish","type":"product","link":"https:\/\/www.buceovalencia.com\/en\/product\/curso-padi-de-buceo-profundo-en-valencia-buceovalencia\/","title":{"rendered":"Buceo profundo"},"content":{"rendered":"<p data-start=\"160\" data-end=\"334\">Aprende a planificar y realizar inmersiones profundas con seguridad. Mejora tus conocimientos, t\u00e9cnicas y confianza con la especialidad PADI Buceo Profundo.<\/p>\n<p data-start=\"336\" data-end=\"676\"><strong data-start=\"336\" data-end=\"351\">Texto largo<\/strong><br data-start=\"351\" data-end=\"354\" \/>La especialidad PADI Buceo Profundo est\u00e1 dise\u00f1ada para buceadores que quieren ampliar sus l\u00edmites de forma segura y controlada. Durante el curso aprender\u00e1s a planificar inmersiones profundas, gestionar el consumo de aire, controlar la flotabilidad y aplicar procedimientos de seguridad espec\u00edficos para este tipo de buceo.<\/p>\n<p data-start=\"678\" data-end=\"934\">Trabajaremos aspectos clave como la planificaci\u00f3n, el tiempo de fondo, el control del equipo y la toma de decisiones bajo supervisi\u00f3n de instructor. Es una especialidad ideal para ganar experiencia, seguridad y confianza en inmersiones a mayor profundidad.<\/p>\n<p data-start=\"936\" data-end=\"1067\">Si quieres seguir avanzando en tu formaci\u00f3n y mejorar tus habilidades como buceador, esta especialidad es un paso muy recomendable.<\/p>","protected":false},"excerpt":{"rendered":"<p>Aprende a planificar y realizar inmersiones profundas con seguridad. Mejora tus conocimientos, t\u00e9cnicas y confianza con la especialidad PADI Buceo Profundo.<\/p>","protected":false},"featured_media":17363,"template":"","meta":{"_et_pb_use_builder":"","_et_pb_old_content":"","_et_gb_content_width":""},"product_brand":[],"product_cat":[83],"product_tag":[],"class_list":{"0":"post-17359","1":"product","2":"type-product","3":"status-publish","4":"has-post-thumbnail","6":"product_cat-sin-categoria","8":"first","9":"instock","10":"taxable","11":"shipping-taxable","12":"purchasable","13":"product-type-simple"},"yoast_head":"<!-- This site is optimized with the Yoast SEO plugin v27.3 - https:\/\/yoast.com\/product\/yoast-seo-wordpress\/ -->\n<title>Buceo profundo - Buceo Valencia<\/title>\n<meta name=\"description\" content=\"Realiza el curso de Buceo Profundo en Valencia y mejora tu seguridad y experiencia en inmersiones profundas con formaci\u00f3n PADI.\" \/>\n<meta name=\"robots\" content=\"index, follow, max-snippet:-1, max-image-preview:large, max-video-preview:-1\" \/>\n<link rel=\"canonical\" href=\"https:\/\/www.buceovalencia.com\/en\/product\/curso-padi-de-buceo-profundo-en-valencia-buceovalencia\/\" \/>\n<meta property=\"og:locale\" content=\"en_GB\" \/>\n<meta property=\"og:type\" content=\"article\" \/>\n<meta property=\"og:title\" content=\"Buceo profundo - Buceo Valencia\" \/>\n<meta property=\"og:description\" content=\"Realiza el curso de Buceo Profundo en Valencia y mejora tu seguridad y experiencia en inmersiones profundas con formaci\u00f3n PADI.\" \/>\n<meta property=\"og:url\" content=\"https:\/\/www.buceovalencia.com\/en\/product\/curso-padi-de-buceo-profundo-en-valencia-buceovalencia\/\" \/>\n<meta property=\"og:site_name\" content=\"Buceo Valencia\" \/>\n<meta property=\"article:publisher\" content=\"https:\/\/www.facebook.com\/buceovalencia\/\" \/>\n<meta property=\"article:modified_time\" content=\"2026-04-06T05:56:55+00:00\" \/>\n<meta property=\"og:image\" content=\"https:\/\/www.buceovalencia.com\/wp-content\/uploads\/2026\/02\/profundo.jpg\" \/>\n\t<meta property=\"og:image:width\" content=\"2880\" \/>\n\t<meta property=\"og:image:height\" content=\"1920\" \/>\n\t<meta property=\"og:image:type\" content=\"image\/jpeg\" \/>\n<meta name=\"twitter:label1\" content=\"Estimated reading time\" \/>\n\t<meta name=\"twitter:data1\" content=\"1 minute\" \/>\n<script type=\"application\/ld+json\" class=\"yoast-schema-graph\">{\"@context\":\"https:\\\/\\\/schema.org\",\"@graph\":[{\"@type\":\"WebPage\",\"@id\":\"https:\\\/\\\/www.buceovalencia.com\\\/producto\\\/curso-padi-de-buceo-profundo-en-valencia-buceovalencia\\\/\",\"url\":\"https:\\\/\\\/www.buceovalencia.com\\\/producto\\\/curso-padi-de-buceo-profundo-en-valencia-buceovalencia\\\/\",\"name\":\"Buceo profundo - Buceo Valencia\",\"isPartOf\":{\"@id\":\"https:\\\/\\\/www.buceovalencia.com\\\/?lang=en\\\/#website\"},\"primaryImageOfPage\":{\"@id\":\"https:\\\/\\\/www.buceovalencia.com\\\/producto\\\/curso-padi-de-buceo-profundo-en-valencia-buceovalencia\\\/#primaryimage\"},\"image\":{\"@id\":\"https:\\\/\\\/www.buceovalencia.com\\\/producto\\\/curso-padi-de-buceo-profundo-en-valencia-buceovalencia\\\/#primaryimage\"},\"thumbnailUrl\":\"https:\\\/\\\/www.buceovalencia.com\\\/wp-content\\\/uploads\\\/2026\\\/02\\\/profundo.jpg\",\"datePublished\":\"2026-02-25T15:58:27+00:00\",\"dateModified\":\"2026-04-06T05:56:55+00:00\",\"description\":\"Realiza el curso de Buceo Profundo en Valencia y mejora tu seguridad y experiencia en inmersiones profundas con formaci\u00f3n PADI.\",\"breadcrumb\":{\"@id\":\"https:\\\/\\\/www.buceovalencia.com\\\/producto\\\/curso-padi-de-buceo-profundo-en-valencia-buceovalencia\\\/#breadcrumb\"},\"inLanguage\":\"en-GB\",\"potentialAction\":[{\"@type\":\"ReadAction\",\"target\":[\"https:\\\/\\\/www.buceovalencia.com\\\/producto\\\/curso-padi-de-buceo-profundo-en-valencia-buceovalencia\\\/\"]}]},{\"@type\":\"ImageObject\",\"inLanguage\":\"en-GB\",\"@id\":\"https:\\\/\\\/www.buceovalencia.com\\\/producto\\\/curso-padi-de-buceo-profundo-en-valencia-buceovalencia\\\/#primaryimage\",\"url\":\"https:\\\/\\\/www.buceovalencia.com\\\/wp-content\\\/uploads\\\/2026\\\/02\\\/profundo.jpg\",\"contentUrl\":\"https:\\\/\\\/www.buceovalencia.com\\\/wp-content\\\/uploads\\\/2026\\\/02\\\/profundo.jpg\",\"width\":2880,\"height\":1920},{\"@type\":\"BreadcrumbList\",\"@id\":\"https:\\\/\\\/www.buceovalencia.com\\\/producto\\\/curso-padi-de-buceo-profundo-en-valencia-buceovalencia\\\/#breadcrumb\",\"itemListElement\":[{\"@type\":\"ListItem\",\"position\":1,\"name\":\"Portada\",\"item\":\"https:\\\/\\\/www.buceovalencia.com\\\/\"},{\"@type\":\"ListItem\",\"position\":2,\"name\":\"Cursos en Valencia\",\"item\":\"https:\\\/\\\/www.buceovalencia.com\\\/cursos-buceeo-valencia\\\/\"},{\"@type\":\"ListItem\",\"position\":3,\"name\":\"Buceo profundo\"}]},{\"@type\":\"WebSite\",\"@id\":\"https:\\\/\\\/www.buceovalencia.com\\\/?lang=en\\\/#website\",\"url\":\"https:\\\/\\\/www.buceovalencia.com\\\/?lang=en\\\/\",\"name\":\"Buceo Valencia\",\"description\":\"Tu centro de buceo\",\"publisher\":{\"@id\":\"https:\\\/\\\/www.buceovalencia.com\\\/?lang=en\\\/#organization\"},\"potentialAction\":[{\"@type\":\"SearchAction\",\"target\":{\"@type\":\"EntryPoint\",\"urlTemplate\":\"https:\\\/\\\/www.buceovalencia.com\\\/?lang=en\\\/?s={search_term_string}\"},\"query-input\":{\"@type\":\"PropertyValueSpecification\",\"valueRequired\":true,\"valueName\":\"search_term_string\"}}],\"inLanguage\":\"en-GB\"},{\"@type\":\"Organization\",\"@id\":\"https:\\\/\\\/www.buceovalencia.com\\\/?lang=en\\\/#organization\",\"name\":\"Buceo Valencia\",\"url\":\"https:\\\/\\\/www.buceovalencia.com\\\/?lang=en\\\/\",\"logo\":{\"@type\":\"ImageObject\",\"inLanguage\":\"en-GB\",\"@id\":\"https:\\\/\\\/www.buceovalencia.com\\\/?lang=en\\\/#\\\/schema\\\/logo\\\/image\\\/\",\"url\":\"https:\\\/\\\/www.buceovalencia.com\\\/wp-content\\\/uploads\\\/2018\\\/01\\\/buceovalencia.png\",\"contentUrl\":\"https:\\\/\\\/www.buceovalencia.com\\\/wp-content\\\/uploads\\\/2018\\\/01\\\/buceovalencia.png\",\"width\":319,\"height\":263,\"caption\":\"Buceo Valencia\"},\"image\":{\"@id\":\"https:\\\/\\\/www.buceovalencia.com\\\/?lang=en\\\/#\\\/schema\\\/logo\\\/image\\\/\"},\"sameAs\":[\"https:\\\/\\\/www.facebook.com\\\/buceovalencia\\\/\",\"https:\\\/\\\/www.instagram.com\\\/buceo_valencia\\\/\"]}]}<\/script>\n<!-- \/ Yoast SEO plugin. -->","yoast_head_json":{"title":"Buceo profundo - Buceo Valencia","description":"Realiza el curso de Buceo Profundo en Valencia y mejora tu seguridad y experiencia en inmersiones profundas con formaci\u00f3n PADI.","robots":{"index":"index","follow":"follow","max-snippet":"max-snippet:-1","max-image-preview":"max-image-preview:large","max-video-preview":"max-video-preview:-1"},"canonical":"https:\/\/www.buceovalencia.com\/en\/product\/curso-padi-de-buceo-profundo-en-valencia-buceovalencia\/","og_locale":"en_GB","og_type":"article","og_title":"Buceo profundo - Buceo Valencia","og_description":"Realiza el curso de Buceo Profundo en Valencia y mejora tu seguridad y experiencia en inmersiones profundas con formaci\u00f3n PADI.","og_url":"https:\/\/www.buceovalencia.com\/en\/product\/curso-padi-de-buceo-profundo-en-valencia-buceovalencia\/","og_site_name":"Buceo Valencia","article_publisher":"https:\/\/www.facebook.com\/buceovalencia\/","article_modified_time":"2026-04-06T05:56:55+00:00","og_image":[{"width":2880,"height":1920,"url":"https:\/\/www.buceovalencia.com\/wp-content\/uploads\/2026\/02\/profundo.jpg","type":"image\/jpeg"}],"twitter_misc":{"Estimated reading time":"1 minute"},"schema":{"@context":"https:\/\/schema.org","@graph":[{"@type":"WebPage","@id":"https:\/\/www.buceovalencia.com\/producto\/curso-padi-de-buceo-profundo-en-valencia-buceovalencia\/","url":"https:\/\/www.buceovalencia.com\/producto\/curso-padi-de-buceo-profundo-en-valencia-buceovalencia\/","name":"Buceo profundo - Buceo Valencia","isPartOf":{"@id":"https:\/\/www.buceovalencia.com\/?lang=en\/#website"},"primaryImageOfPage":{"@id":"https:\/\/www.buceovalencia.com\/producto\/curso-padi-de-buceo-profundo-en-valencia-buceovalencia\/#primaryimage"},"image":{"@id":"https:\/\/www.buceovalencia.com\/producto\/curso-padi-de-buceo-profundo-en-valencia-buceovalencia\/#primaryimage"},"thumbnailUrl":"https:\/\/www.buceovalencia.com\/wp-content\/uploads\/2026\/02\/profundo.jpg","datePublished":"2026-02-25T15:58:27+00:00","dateModified":"2026-04-06T05:56:55+00:00","description":"Realiza el curso de Buceo Profundo en Valencia y mejora tu seguridad y experiencia en inmersiones profundas con formaci\u00f3n PADI.","breadcrumb":{"@id":"https:\/\/www.buceovalencia.com\/producto\/curso-padi-de-buceo-profundo-en-valencia-buceovalencia\/#breadcrumb"},"inLanguage":"en-GB","potentialAction":[{"@type":"ReadAction","target":["https:\/\/www.buceovalencia.com\/producto\/curso-padi-de-buceo-profundo-en-valencia-buceovalencia\/"]}]},{"@type":"ImageObject","inLanguage":"en-GB","@id":"https:\/\/www.buceovalencia.com\/producto\/curso-padi-de-buceo-profundo-en-valencia-buceovalencia\/#primaryimage","url":"https:\/\/www.buceovalencia.com\/wp-content\/uploads\/2026\/02\/profundo.jpg","contentUrl":"https:\/\/www.buceovalencia.com\/wp-content\/uploads\/2026\/02\/profundo.jpg","width":2880,"height":1920},{"@type":"BreadcrumbList","@id":"https:\/\/www.buceovalencia.com\/producto\/curso-padi-de-buceo-profundo-en-valencia-buceovalencia\/#breadcrumb","itemListElement":[{"@type":"ListItem","position":1,"name":"Portada","item":"https:\/\/www.buceovalencia.com\/"},{"@type":"ListItem","position":2,"name":"Cursos en Valencia","item":"https:\/\/www.buceovalencia.com\/cursos-buceeo-valencia\/"},{"@type":"ListItem","position":3,"name":"Buceo profundo"}]},{"@type":"WebSite","@id":"https:\/\/www.buceovalencia.com\/?lang=en\/#website","url":"https:\/\/www.buceovalencia.com\/?lang=en\/","name":"Diving Valencia","description":"Your dive center","publisher":{"@id":"https:\/\/www.buceovalencia.com\/?lang=en\/#organization"},"potentialAction":[{"@type":"SearchAction","target":{"@type":"EntryPoint","urlTemplate":"https:\/\/www.buceovalencia.com\/?lang=en\/?s={search_term_string}"},"query-input":{"@type":"PropertyValueSpecification","valueRequired":true,"valueName":"search_term_string"}}],"inLanguage":"en-GB"},{"@type":"Organization","@id":"https:\/\/www.buceovalencia.com\/?lang=en\/#organization","name":"Diving Valencia","url":"https:\/\/www.buceovalencia.com\/?lang=en\/","logo":{"@type":"ImageObject","inLanguage":"en-GB","@id":"https:\/\/www.buceovalencia.com\/?lang=en\/#\/schema\/logo\/image\/","url":"https:\/\/www.buceovalencia.com\/wp-content\/uploads\/2018\/01\/buceovalencia.png","contentUrl":"https:\/\/www.buceovalencia.com\/wp-content\/uploads\/2018\/01\/buceovalencia.png","width":319,"height":263,"caption":"Buceo Valencia"},"image":{"@id":"https:\/\/www.buceovalencia.com\/?lang=en\/#\/schema\/logo\/image\/"},"sameAs":["https:\/\/www.facebook.com\/buceovalencia\/","https:\/\/www.instagram.com\/buceo_valencia\/"]}]}},"_links":{"self":[{"href":"https:\/\/www.buceovalencia.com\/en\/wp-json\/wp\/v2\/product\/17359","targetHints":{"allow":["GET"]}}],"collection":[{"href":"https:\/\/www.buceovalencia.com\/en\/wp-json\/wp\/v2\/product"}],"about":[{"href":"https:\/\/www.buceovalencia.com\/en\/wp-json\/wp\/v2\/types\/product"}],"wp:featuredmedia":[{"embeddable":true,"href":"https:\/\/www.buceovalencia.com\/en\/wp-json\/wp\/v2\/media\/17363"}],"wp:attachment":[{"href":"https:\/\/www.buceovalencia.com\/en\/wp-json\/wp\/v2\/media?parent=17359"}],"wp:term":[{"taxonomy":"product_brand","embeddable":true,"href":"https:\/\/www.buceovalencia.com\/en\/wp-json\/wp\/v2\/product_brand?post=17359"},{"taxonomy":"product_cat","embeddable":true,"href":"https:\/\/www.buceovalencia.com\/en\/wp-json\/wp\/v2\/product_cat?post=17359"},{"taxonomy":"product_tag","embeddable":true,"href":"https:\/\/www.buceovalencia.com\/en\/wp-json\/wp\/v2\/product_tag?post=17359"}],"curies":[{"name":"wp","href":"https:\/\/api.w.org\/{rel}","templated":true}]}}