{"id":17360,"date":"2026-02-25T16:59:17","date_gmt":"2026-02-25T15:59:17","guid":{"rendered":"https:\/\/www.buceovalencia.com\/?post_type=product&#038;p=17360"},"modified":"2026-04-06T07:56:04","modified_gmt":"2026-04-06T05:56:04","slug":"curso-de-navegacion-subacuatica-en-valencia-especialidad-padi","status":"publish","type":"product","link":"https:\/\/www.buceovalencia.com\/en\/product\/curso-de-navegacion-subacuatica-en-valencia-especialidad-padi\/","title":{"rendered":"Underwater navigation"},"content":{"rendered":"<p data-start=\"420\" data-end=\"584\"><strong data-start=\"420\" data-end=\"584\">La especialidad de Navegaci\u00f3n Subacu\u00e1tica est\u00e1 dise\u00f1ada para buceadores que quieren mejorar su orientaci\u00f3n bajo el agua y ganar m\u00e1s seguridad en cada inmersi\u00f3n.<\/strong><\/p>\n<p data-start=\"586\" data-end=\"857\"><strong data-start=\"586\" data-end=\"857\">Durante el curso aprender\u00e1s a utilizar la br\u00fajula correctamente, seguir rumbos, realizar recorridos de ida y vuelta y combinar la navegaci\u00f3n con referencias naturales del entorno. Tambi\u00e9n trabajar\u00e1s la planificaci\u00f3n de la inmersi\u00f3n y la comunicaci\u00f3n con tu compa\u00f1ero.<\/strong><\/p>\n<p data-start=\"859\" data-end=\"1004\"><strong data-start=\"859\" data-end=\"1004\">Es una especialidad muy \u00fatil para mejorar tu autonom\u00eda, reducir errores de orientaci\u00f3n y disfrutar m\u00e1s de cada inmersi\u00f3n con mayor confianza.<\/strong><\/p>","protected":false},"excerpt":{"rendered":"<p>Aprende a orientarte bajo el agua con br\u00fajula y referencias naturales. Mejora tu seguridad, autonom\u00eda y confianza con la especialidad de Navegaci\u00f3n Subacu\u00e1tica.<\/p>","protected":false},"featured_media":17366,"template":"","meta":{"_et_pb_use_builder":"","_et_pb_old_content":"","_et_gb_content_width":""},"product_brand":[],"product_cat":[83],"product_tag":[],"class_list":{"0":"post-17360","1":"product","2":"type-product","3":"status-publish","4":"has-post-thumbnail","6":"product_cat-sin-categoria","8":"first","9":"instock","10":"taxable","11":"shipping-taxable","12":"purchasable","13":"product-type-simple"},"yoast_head":"<!-- This site is optimized with the Yoast SEO plugin v27.3 - https:\/\/yoast.com\/product\/yoast-seo-wordpress\/ -->\n<title>Navegaci\u00f3n subacu\u00e1tica - Buceo Valencia<\/title>\n<meta name=\"description\" content=\"Realiza el curso de Navegaci\u00f3n Subacu\u00e1tica en Valencia y aprende a orientarte bajo el agua con br\u00fajula y referencias naturales. Formaci\u00f3n PADI\" \/>\n<meta name=\"robots\" content=\"index, follow, max-snippet:-1, max-image-preview:large, max-video-preview:-1\" \/>\n<link rel=\"canonical\" href=\"https:\/\/www.buceovalencia.com\/en\/product\/curso-de-navegacion-subacuatica-en-valencia-especialidad-padi\/\" \/>\n<meta property=\"og:locale\" content=\"en_GB\" \/>\n<meta property=\"og:type\" content=\"article\" \/>\n<meta property=\"og:title\" content=\"Navegaci\u00f3n subacu\u00e1tica - Buceo Valencia\" \/>\n<meta property=\"og:description\" content=\"Realiza el curso de Navegaci\u00f3n Subacu\u00e1tica en Valencia y aprende a orientarte bajo el agua con br\u00fajula y referencias naturales. Formaci\u00f3n PADI\" \/>\n<meta property=\"og:url\" content=\"https:\/\/www.buceovalencia.com\/en\/product\/curso-de-navegacion-subacuatica-en-valencia-especialidad-padi\/\" \/>\n<meta property=\"og:site_name\" content=\"Buceo Valencia\" \/>\n<meta property=\"article:publisher\" content=\"https:\/\/www.facebook.com\/buceovalencia\/\" \/>\n<meta property=\"article:modified_time\" content=\"2026-04-06T05:56:04+00:00\" \/>\n<meta property=\"og:image\" content=\"https:\/\/www.buceovalencia.com\/wp-content\/uploads\/2026\/02\/navegacion.jpg\" \/>\n\t<meta property=\"og:image:width\" content=\"2880\" \/>\n\t<meta property=\"og:image:height\" content=\"1742\" \/>\n\t<meta property=\"og:image:type\" content=\"image\/jpeg\" \/>\n<meta name=\"twitter:label1\" content=\"Estimated reading time\" \/>\n\t<meta name=\"twitter:data1\" content=\"1 minute\" \/>\n<script type=\"application\/ld+json\" class=\"yoast-schema-graph\">{\"@context\":\"https:\\\/\\\/schema.org\",\"@graph\":[{\"@type\":\"WebPage\",\"@id\":\"https:\\\/\\\/www.buceovalencia.com\\\/producto\\\/curso-de-navegacion-subacuatica-en-valencia-especialidad-padi\\\/\",\"url\":\"https:\\\/\\\/www.buceovalencia.com\\\/producto\\\/curso-de-navegacion-subacuatica-en-valencia-especialidad-padi\\\/\",\"name\":\"Navegaci\u00f3n subacu\u00e1tica - Buceo Valencia\",\"isPartOf\":{\"@id\":\"https:\\\/\\\/www.buceovalencia.com\\\/?lang=en\\\/#website\"},\"primaryImageOfPage\":{\"@id\":\"https:\\\/\\\/www.buceovalencia.com\\\/producto\\\/curso-de-navegacion-subacuatica-en-valencia-especialidad-padi\\\/#primaryimage\"},\"image\":{\"@id\":\"https:\\\/\\\/www.buceovalencia.com\\\/producto\\\/curso-de-navegacion-subacuatica-en-valencia-especialidad-padi\\\/#primaryimage\"},\"thumbnailUrl\":\"https:\\\/\\\/www.buceovalencia.com\\\/wp-content\\\/uploads\\\/2026\\\/02\\\/navegacion.jpg\",\"datePublished\":\"2026-02-25T15:59:17+00:00\",\"dateModified\":\"2026-04-06T05:56:04+00:00\",\"description\":\"Realiza el curso de Navegaci\u00f3n Subacu\u00e1tica en Valencia y aprende a orientarte bajo el agua con br\u00fajula y referencias naturales. Formaci\u00f3n PADI\",\"breadcrumb\":{\"@id\":\"https:\\\/\\\/www.buceovalencia.com\\\/producto\\\/curso-de-navegacion-subacuatica-en-valencia-especialidad-padi\\\/#breadcrumb\"},\"inLanguage\":\"en-GB\",\"potentialAction\":[{\"@type\":\"ReadAction\",\"target\":[\"https:\\\/\\\/www.buceovalencia.com\\\/producto\\\/curso-de-navegacion-subacuatica-en-valencia-especialidad-padi\\\/\"]}]},{\"@type\":\"ImageObject\",\"inLanguage\":\"en-GB\",\"@id\":\"https:\\\/\\\/www.buceovalencia.com\\\/producto\\\/curso-de-navegacion-subacuatica-en-valencia-especialidad-padi\\\/#primaryimage\",\"url\":\"https:\\\/\\\/www.buceovalencia.com\\\/wp-content\\\/uploads\\\/2026\\\/02\\\/navegacion.jpg\",\"contentUrl\":\"https:\\\/\\\/www.buceovalencia.com\\\/wp-content\\\/uploads\\\/2026\\\/02\\\/navegacion.jpg\",\"width\":2880,\"height\":1742},{\"@type\":\"BreadcrumbList\",\"@id\":\"https:\\\/\\\/www.buceovalencia.com\\\/producto\\\/curso-de-navegacion-subacuatica-en-valencia-especialidad-padi\\\/#breadcrumb\",\"itemListElement\":[{\"@type\":\"ListItem\",\"position\":1,\"name\":\"Portada\",\"item\":\"https:\\\/\\\/www.buceovalencia.com\\\/\"},{\"@type\":\"ListItem\",\"position\":2,\"name\":\"Cursos en Valencia\",\"item\":\"https:\\\/\\\/www.buceovalencia.com\\\/cursos-buceeo-valencia\\\/\"},{\"@type\":\"ListItem\",\"position\":3,\"name\":\"Navegaci\u00f3n subacu\u00e1tica\"}]},{\"@type\":\"WebSite\",\"@id\":\"https:\\\/\\\/www.buceovalencia.com\\\/?lang=en\\\/#website\",\"url\":\"https:\\\/\\\/www.buceovalencia.com\\\/?lang=en\\\/\",\"name\":\"Buceo Valencia\",\"description\":\"Tu centro de buceo\",\"publisher\":{\"@id\":\"https:\\\/\\\/www.buceovalencia.com\\\/?lang=en\\\/#organization\"},\"potentialAction\":[{\"@type\":\"SearchAction\",\"target\":{\"@type\":\"EntryPoint\",\"urlTemplate\":\"https:\\\/\\\/www.buceovalencia.com\\\/?lang=en\\\/?s={search_term_string}\"},\"query-input\":{\"@type\":\"PropertyValueSpecification\",\"valueRequired\":true,\"valueName\":\"search_term_string\"}}],\"inLanguage\":\"en-GB\"},{\"@type\":\"Organization\",\"@id\":\"https:\\\/\\\/www.buceovalencia.com\\\/?lang=en\\\/#organization\",\"name\":\"Buceo Valencia\",\"url\":\"https:\\\/\\\/www.buceovalencia.com\\\/?lang=en\\\/\",\"logo\":{\"@type\":\"ImageObject\",\"inLanguage\":\"en-GB\",\"@id\":\"https:\\\/\\\/www.buceovalencia.com\\\/?lang=en\\\/#\\\/schema\\\/logo\\\/image\\\/\",\"url\":\"https:\\\/\\\/www.buceovalencia.com\\\/wp-content\\\/uploads\\\/2018\\\/01\\\/buceovalencia.png\",\"contentUrl\":\"https:\\\/\\\/www.buceovalencia.com\\\/wp-content\\\/uploads\\\/2018\\\/01\\\/buceovalencia.png\",\"width\":319,\"height\":263,\"caption\":\"Buceo Valencia\"},\"image\":{\"@id\":\"https:\\\/\\\/www.buceovalencia.com\\\/?lang=en\\\/#\\\/schema\\\/logo\\\/image\\\/\"},\"sameAs\":[\"https:\\\/\\\/www.facebook.com\\\/buceovalencia\\\/\",\"https:\\\/\\\/www.instagram.com\\\/buceo_valencia\\\/\"]}]}<\/script>\n<!-- \/ Yoast SEO plugin. -->","yoast_head_json":{"title":"Navegaci\u00f3n subacu\u00e1tica - Buceo Valencia","description":"Realiza el curso de Navegaci\u00f3n Subacu\u00e1tica en Valencia y aprende a orientarte bajo el agua con br\u00fajula y referencias naturales. Formaci\u00f3n PADI","robots":{"index":"index","follow":"follow","max-snippet":"max-snippet:-1","max-image-preview":"max-image-preview:large","max-video-preview":"max-video-preview:-1"},"canonical":"https:\/\/www.buceovalencia.com\/en\/product\/curso-de-navegacion-subacuatica-en-valencia-especialidad-padi\/","og_locale":"en_GB","og_type":"article","og_title":"Navegaci\u00f3n subacu\u00e1tica - Buceo Valencia","og_description":"Realiza el curso de Navegaci\u00f3n Subacu\u00e1tica en Valencia y aprende a orientarte bajo el agua con br\u00fajula y referencias naturales. Formaci\u00f3n PADI","og_url":"https:\/\/www.buceovalencia.com\/en\/product\/curso-de-navegacion-subacuatica-en-valencia-especialidad-padi\/","og_site_name":"Buceo Valencia","article_publisher":"https:\/\/www.facebook.com\/buceovalencia\/","article_modified_time":"2026-04-06T05:56:04+00:00","og_image":[{"width":2880,"height":1742,"url":"https:\/\/www.buceovalencia.com\/wp-content\/uploads\/2026\/02\/navegacion.jpg","type":"image\/jpeg"}],"twitter_misc":{"Estimated reading time":"1 minute"},"schema":{"@context":"https:\/\/schema.org","@graph":[{"@type":"WebPage","@id":"https:\/\/www.buceovalencia.com\/producto\/curso-de-navegacion-subacuatica-en-valencia-especialidad-padi\/","url":"https:\/\/www.buceovalencia.com\/producto\/curso-de-navegacion-subacuatica-en-valencia-especialidad-padi\/","name":"Navegaci\u00f3n subacu\u00e1tica - Buceo Valencia","isPartOf":{"@id":"https:\/\/www.buceovalencia.com\/?lang=en\/#website"},"primaryImageOfPage":{"@id":"https:\/\/www.buceovalencia.com\/producto\/curso-de-navegacion-subacuatica-en-valencia-especialidad-padi\/#primaryimage"},"image":{"@id":"https:\/\/www.buceovalencia.com\/producto\/curso-de-navegacion-subacuatica-en-valencia-especialidad-padi\/#primaryimage"},"thumbnailUrl":"https:\/\/www.buceovalencia.com\/wp-content\/uploads\/2026\/02\/navegacion.jpg","datePublished":"2026-02-25T15:59:17+00:00","dateModified":"2026-04-06T05:56:04+00:00","description":"Realiza el curso de Navegaci\u00f3n Subacu\u00e1tica en Valencia y aprende a orientarte bajo el agua con br\u00fajula y referencias naturales. Formaci\u00f3n PADI","breadcrumb":{"@id":"https:\/\/www.buceovalencia.com\/producto\/curso-de-navegacion-subacuatica-en-valencia-especialidad-padi\/#breadcrumb"},"inLanguage":"en-GB","potentialAction":[{"@type":"ReadAction","target":["https:\/\/www.buceovalencia.com\/producto\/curso-de-navegacion-subacuatica-en-valencia-especialidad-padi\/"]}]},{"@type":"ImageObject","inLanguage":"en-GB","@id":"https:\/\/www.buceovalencia.com\/producto\/curso-de-navegacion-subacuatica-en-valencia-especialidad-padi\/#primaryimage","url":"https:\/\/www.buceovalencia.com\/wp-content\/uploads\/2026\/02\/navegacion.jpg","contentUrl":"https:\/\/www.buceovalencia.com\/wp-content\/uploads\/2026\/02\/navegacion.jpg","width":2880,"height":1742},{"@type":"BreadcrumbList","@id":"https:\/\/www.buceovalencia.com\/producto\/curso-de-navegacion-subacuatica-en-valencia-especialidad-padi\/#breadcrumb","itemListElement":[{"@type":"ListItem","position":1,"name":"Portada","item":"https:\/\/www.buceovalencia.com\/"},{"@type":"ListItem","position":2,"name":"Cursos en Valencia","item":"https:\/\/www.buceovalencia.com\/cursos-buceeo-valencia\/"},{"@type":"ListItem","position":3,"name":"Navegaci\u00f3n subacu\u00e1tica"}]},{"@type":"WebSite","@id":"https:\/\/www.buceovalencia.com\/?lang=en\/#website","url":"https:\/\/www.buceovalencia.com\/?lang=en\/","name":"Diving Valencia","description":"Your dive center","publisher":{"@id":"https:\/\/www.buceovalencia.com\/?lang=en\/#organization"},"potentialAction":[{"@type":"SearchAction","target":{"@type":"EntryPoint","urlTemplate":"https:\/\/www.buceovalencia.com\/?lang=en\/?s={search_term_string}"},"query-input":{"@type":"PropertyValueSpecification","valueRequired":true,"valueName":"search_term_string"}}],"inLanguage":"en-GB"},{"@type":"Organization","@id":"https:\/\/www.buceovalencia.com\/?lang=en\/#organization","name":"Diving Valencia","url":"https:\/\/www.buceovalencia.com\/?lang=en\/","logo":{"@type":"ImageObject","inLanguage":"en-GB","@id":"https:\/\/www.buceovalencia.com\/?lang=en\/#\/schema\/logo\/image\/","url":"https:\/\/www.buceovalencia.com\/wp-content\/uploads\/2018\/01\/buceovalencia.png","contentUrl":"https:\/\/www.buceovalencia.com\/wp-content\/uploads\/2018\/01\/buceovalencia.png","width":319,"height":263,"caption":"Buceo Valencia"},"image":{"@id":"https:\/\/www.buceovalencia.com\/?lang=en\/#\/schema\/logo\/image\/"},"sameAs":["https:\/\/www.facebook.com\/buceovalencia\/","https:\/\/www.instagram.com\/buceo_valencia\/"]}]}},"_links":{"self":[{"href":"https:\/\/www.buceovalencia.com\/en\/wp-json\/wp\/v2\/product\/17360","targetHints":{"allow":["GET"]}}],"collection":[{"href":"https:\/\/www.buceovalencia.com\/en\/wp-json\/wp\/v2\/product"}],"about":[{"href":"https:\/\/www.buceovalencia.com\/en\/wp-json\/wp\/v2\/types\/product"}],"wp:featuredmedia":[{"embeddable":true,"href":"https:\/\/www.buceovalencia.com\/en\/wp-json\/wp\/v2\/media\/17366"}],"wp:attachment":[{"href":"https:\/\/www.buceovalencia.com\/en\/wp-json\/wp\/v2\/media?parent=17360"}],"wp:term":[{"taxonomy":"product_brand","embeddable":true,"href":"https:\/\/www.buceovalencia.com\/en\/wp-json\/wp\/v2\/product_brand?post=17360"},{"taxonomy":"product_cat","embeddable":true,"href":"https:\/\/www.buceovalencia.com\/en\/wp-json\/wp\/v2\/product_cat?post=17360"},{"taxonomy":"product_tag","embeddable":true,"href":"https:\/\/www.buceovalencia.com\/en\/wp-json\/wp\/v2\/product_tag?post=17360"}],"curies":[{"name":"wp","href":"https:\/\/api.w.org\/{rel}","templated":true}]}}