{"id":1786,"date":"2018-05-01T12:16:51","date_gmt":"2018-05-01T10:16:51","guid":{"rendered":"https:\/\/buceovalencia.com\/?post_type=product&#038;p=1786"},"modified":"2026-04-06T08:01:54","modified_gmt":"2026-04-06T06:01:54","slug":"scuba-review","status":"publish","type":"product","link":"https:\/\/www.buceovalencia.com\/en\/product\/scuba-review\/","title":{"rendered":"Scuba Review"},"content":{"rendered":"<p>The Knowledge Review part covers the basic safety information that divers learn during their initial level training. Divers use the Scuba Tuneup Multimedia or the guide book to independently verify their knowledge and, under the supervision of a PADI Member, complete the tests and exams of the Open Water Diver course.<\/p>","protected":false},"excerpt":{"rendered":"<p style=\"text-align: justify;\">The Knowledge Review part covers the basic safety information that divers learn during their initial level training. Divers use the Scuba Tuneup Multimedia or the guide book to independently verify their knowledge and, under the supervision of a PADI Member, complete the tests and exams of the Open Water Diver course.<\/p>","protected":false},"featured_media":8692,"template":"","meta":{"_et_pb_use_builder":"off","_et_pb_old_content":"La parte de Repaso de Conocimientos cubre la informaci\u00f3n b\u00e1sica acerca de la seguridad que los buceadores aprenden durante su entrenamiento al nivel inicial. Los buceadores utilizan el Scuba Tuneup Multimedia o el libro gu\u00eda para verificar de forma independiente sus conocimientos y bajo la supervisi\u00f3n de un Miembro PADI, completan las pruebas y ex\u00e1menes del curso Open Water Diver.","_et_gb_content_width":""},"product_brand":[],"product_cat":[99],"product_tag":[],"class_list":{"0":"post-1786","1":"product","2":"type-product","3":"status-publish","4":"has-post-thumbnail","6":"product_cat-buceo-recreativo-avanzado","8":"first","9":"instock","10":"virtual","11":"taxable","12":"purchasable","13":"product-type-simple"},"yoast_head":"<!-- This site is optimized with the Yoast SEO plugin v27.4 - https:\/\/yoast.com\/product\/yoast-seo-wordpress\/ -->\n<title>Scuba Review - Buceo Valencia<\/title>\n<meta name=\"description\" content=\"Scuba Review - Buceo Valencia curso de repaso de conocimientos, cubre la informaci\u00f3n b\u00e1sica acerca de la seguridad que los buceadores aprenden durante su entrenamiento al nivel inicial.\" \/>\n<meta name=\"robots\" content=\"index, follow, max-snippet:-1, max-image-preview:large, max-video-preview:-1\" \/>\n<link rel=\"canonical\" href=\"https:\/\/www.buceovalencia.com\/en\/product\/scuba-review\/\" \/>\n<meta property=\"og:locale\" content=\"en_GB\" \/>\n<meta property=\"og:type\" content=\"article\" \/>\n<meta property=\"og:title\" content=\"Scuba Review - Buceo Valencia\" \/>\n<meta property=\"og:description\" content=\"Scuba Review - Buceo Valencia curso de repaso de conocimientos, cubre la informaci\u00f3n b\u00e1sica acerca de la seguridad que los buceadores aprenden durante su entrenamiento al nivel inicial.\" \/>\n<meta property=\"og:url\" content=\"https:\/\/www.buceovalencia.com\/en\/product\/scuba-review\/\" \/>\n<meta property=\"og:site_name\" content=\"Buceo Valencia\" \/>\n<meta property=\"article:publisher\" content=\"https:\/\/www.facebook.com\/buceovalencia\/\" \/>\n<meta property=\"article:modified_time\" content=\"2026-04-06T06:01:54+00:00\" \/>\n<meta property=\"og:image\" content=\"https:\/\/www.buceovalencia.com\/wp-content\/uploads\/2018\/05\/scubareview.jpg\" \/>\n\t<meta property=\"og:image:width\" content=\"1920\" \/>\n\t<meta property=\"og:image:height\" content=\"1920\" \/>\n\t<meta property=\"og:image:type\" content=\"image\/jpeg\" \/>\n<meta name=\"twitter:label1\" content=\"Estimated reading time\" \/>\n\t<meta name=\"twitter:data1\" content=\"1 minute\" \/>\n<script type=\"application\/ld+json\" class=\"yoast-schema-graph\">{\"@context\":\"https:\\\/\\\/schema.org\",\"@graph\":[{\"@type\":\"WebPage\",\"@id\":\"https:\\\/\\\/www.buceovalencia.com\\\/producto\\\/scuba-review\\\/\",\"url\":\"https:\\\/\\\/www.buceovalencia.com\\\/producto\\\/scuba-review\\\/\",\"name\":\"Scuba Review - Buceo Valencia\",\"isPartOf\":{\"@id\":\"https:\\\/\\\/www.buceovalencia.com\\\/?lang=en\\\/#website\"},\"primaryImageOfPage\":{\"@id\":\"https:\\\/\\\/www.buceovalencia.com\\\/producto\\\/scuba-review\\\/#primaryimage\"},\"image\":{\"@id\":\"https:\\\/\\\/www.buceovalencia.com\\\/producto\\\/scuba-review\\\/#primaryimage\"},\"thumbnailUrl\":\"https:\\\/\\\/www.buceovalencia.com\\\/wp-content\\\/uploads\\\/2018\\\/05\\\/scubareview.jpg\",\"datePublished\":\"2018-05-01T10:16:51+00:00\",\"dateModified\":\"2026-04-06T06:01:54+00:00\",\"description\":\"Scuba Review - Buceo Valencia curso de repaso de conocimientos, cubre la informaci\u00f3n b\u00e1sica acerca de la seguridad que los buceadores aprenden durante su entrenamiento al nivel inicial.\",\"breadcrumb\":{\"@id\":\"https:\\\/\\\/www.buceovalencia.com\\\/producto\\\/scuba-review\\\/#breadcrumb\"},\"inLanguage\":\"en-GB\",\"potentialAction\":[{\"@type\":\"ReadAction\",\"target\":[\"https:\\\/\\\/www.buceovalencia.com\\\/producto\\\/scuba-review\\\/\"]}]},{\"@type\":\"ImageObject\",\"inLanguage\":\"en-GB\",\"@id\":\"https:\\\/\\\/www.buceovalencia.com\\\/producto\\\/scuba-review\\\/#primaryimage\",\"url\":\"https:\\\/\\\/www.buceovalencia.com\\\/wp-content\\\/uploads\\\/2018\\\/05\\\/scubareview.jpg\",\"contentUrl\":\"https:\\\/\\\/www.buceovalencia.com\\\/wp-content\\\/uploads\\\/2018\\\/05\\\/scubareview.jpg\",\"width\":1920,\"height\":1920,\"caption\":\"Scuba Review | Buceo Valencia\"},{\"@type\":\"BreadcrumbList\",\"@id\":\"https:\\\/\\\/www.buceovalencia.com\\\/producto\\\/scuba-review\\\/#breadcrumb\",\"itemListElement\":[{\"@type\":\"ListItem\",\"position\":1,\"name\":\"Portada\",\"item\":\"https:\\\/\\\/www.buceovalencia.com\\\/\"},{\"@type\":\"ListItem\",\"position\":2,\"name\":\"Cursos en Valencia\",\"item\":\"https:\\\/\\\/www.buceovalencia.com\\\/cursos-buceeo-valencia\\\/\"},{\"@type\":\"ListItem\",\"position\":3,\"name\":\"Scuba Review\"}]},{\"@type\":\"WebSite\",\"@id\":\"https:\\\/\\\/www.buceovalencia.com\\\/?lang=en\\\/#website\",\"url\":\"https:\\\/\\\/www.buceovalencia.com\\\/?lang=en\\\/\",\"name\":\"Buceo Valencia\",\"description\":\"Tu centro de buceo\",\"publisher\":{\"@id\":\"https:\\\/\\\/www.buceovalencia.com\\\/?lang=en\\\/#organization\"},\"potentialAction\":[{\"@type\":\"SearchAction\",\"target\":{\"@type\":\"EntryPoint\",\"urlTemplate\":\"https:\\\/\\\/www.buceovalencia.com\\\/?lang=en\\\/?s={search_term_string}\"},\"query-input\":{\"@type\":\"PropertyValueSpecification\",\"valueRequired\":true,\"valueName\":\"search_term_string\"}}],\"inLanguage\":\"en-GB\"},{\"@type\":\"Organization\",\"@id\":\"https:\\\/\\\/www.buceovalencia.com\\\/?lang=en\\\/#organization\",\"name\":\"Buceo Valencia\",\"url\":\"https:\\\/\\\/www.buceovalencia.com\\\/?lang=en\\\/\",\"logo\":{\"@type\":\"ImageObject\",\"inLanguage\":\"en-GB\",\"@id\":\"https:\\\/\\\/www.buceovalencia.com\\\/?lang=en\\\/#\\\/schema\\\/logo\\\/image\\\/\",\"url\":\"https:\\\/\\\/www.buceovalencia.com\\\/wp-content\\\/uploads\\\/2018\\\/01\\\/buceovalencia.png\",\"contentUrl\":\"https:\\\/\\\/www.buceovalencia.com\\\/wp-content\\\/uploads\\\/2018\\\/01\\\/buceovalencia.png\",\"width\":319,\"height\":263,\"caption\":\"Buceo Valencia\"},\"image\":{\"@id\":\"https:\\\/\\\/www.buceovalencia.com\\\/?lang=en\\\/#\\\/schema\\\/logo\\\/image\\\/\"},\"sameAs\":[\"https:\\\/\\\/www.facebook.com\\\/buceovalencia\\\/\",\"https:\\\/\\\/www.instagram.com\\\/buceo_valencia\\\/\"]}]}<\/script>\n<!-- \/ Yoast SEO plugin. -->","yoast_head_json":{"title":"Scuba Review - Diving Valencia","description":"Scuba Review - Buceo Valencia knowledge review course, covers the basic information about safety that divers learn during their training at the initial level.","robots":{"index":"index","follow":"follow","max-snippet":"max-snippet:-1","max-image-preview":"max-image-preview:large","max-video-preview":"max-video-preview:-1"},"canonical":"https:\/\/www.buceovalencia.com\/en\/product\/scuba-review\/","og_locale":"en_GB","og_type":"article","og_title":"Scuba Review - Buceo Valencia","og_description":"Scuba Review - Buceo Valencia curso de repaso de conocimientos, cubre la informaci\u00f3n b\u00e1sica acerca de la seguridad que los buceadores aprenden durante su entrenamiento al nivel inicial.","og_url":"https:\/\/www.buceovalencia.com\/en\/product\/scuba-review\/","og_site_name":"Buceo Valencia","article_publisher":"https:\/\/www.facebook.com\/buceovalencia\/","article_modified_time":"2026-04-06T06:01:54+00:00","og_image":[{"width":1920,"height":1920,"url":"https:\/\/www.buceovalencia.com\/wp-content\/uploads\/2018\/05\/scubareview.jpg","type":"image\/jpeg"}],"twitter_misc":{"Estimated reading time":"1 minute"},"schema":{"@context":"https:\/\/schema.org","@graph":[{"@type":"WebPage","@id":"https:\/\/www.buceovalencia.com\/producto\/scuba-review\/","url":"https:\/\/www.buceovalencia.com\/producto\/scuba-review\/","name":"Scuba Review - Diving Valencia","isPartOf":{"@id":"https:\/\/www.buceovalencia.com\/?lang=en\/#website"},"primaryImageOfPage":{"@id":"https:\/\/www.buceovalencia.com\/producto\/scuba-review\/#primaryimage"},"image":{"@id":"https:\/\/www.buceovalencia.com\/producto\/scuba-review\/#primaryimage"},"thumbnailUrl":"https:\/\/www.buceovalencia.com\/wp-content\/uploads\/2018\/05\/scubareview.jpg","datePublished":"2018-05-01T10:16:51+00:00","dateModified":"2026-04-06T06:01:54+00:00","description":"Scuba Review - Buceo Valencia knowledge review course, covers the basic information about safety that divers learn during their training at the initial level.","breadcrumb":{"@id":"https:\/\/www.buceovalencia.com\/producto\/scuba-review\/#breadcrumb"},"inLanguage":"en-GB","potentialAction":[{"@type":"ReadAction","target":["https:\/\/www.buceovalencia.com\/producto\/scuba-review\/"]}]},{"@type":"ImageObject","inLanguage":"en-GB","@id":"https:\/\/www.buceovalencia.com\/producto\/scuba-review\/#primaryimage","url":"https:\/\/www.buceovalencia.com\/wp-content\/uploads\/2018\/05\/scubareview.jpg","contentUrl":"https:\/\/www.buceovalencia.com\/wp-content\/uploads\/2018\/05\/scubareview.jpg","width":1920,"height":1920,"caption":"Scuba Review | Buceo Valencia"},{"@type":"BreadcrumbList","@id":"https:\/\/www.buceovalencia.com\/producto\/scuba-review\/#breadcrumb","itemListElement":[{"@type":"ListItem","position":1,"name":"Portada","item":"https:\/\/www.buceovalencia.com\/"},{"@type":"ListItem","position":2,"name":"Cursos en Valencia","item":"https:\/\/www.buceovalencia.com\/cursos-buceeo-valencia\/"},{"@type":"ListItem","position":3,"name":"Scuba Review"}]},{"@type":"WebSite","@id":"https:\/\/www.buceovalencia.com\/?lang=en\/#website","url":"https:\/\/www.buceovalencia.com\/?lang=en\/","name":"Diving Valencia","description":"Your dive center","publisher":{"@id":"https:\/\/www.buceovalencia.com\/?lang=en\/#organization"},"potentialAction":[{"@type":"SearchAction","target":{"@type":"EntryPoint","urlTemplate":"https:\/\/www.buceovalencia.com\/?lang=en\/?s={search_term_string}"},"query-input":{"@type":"PropertyValueSpecification","valueRequired":true,"valueName":"search_term_string"}}],"inLanguage":"en-GB"},{"@type":"Organization","@id":"https:\/\/www.buceovalencia.com\/?lang=en\/#organization","name":"Diving Valencia","url":"https:\/\/www.buceovalencia.com\/?lang=en\/","logo":{"@type":"ImageObject","inLanguage":"en-GB","@id":"https:\/\/www.buceovalencia.com\/?lang=en\/#\/schema\/logo\/image\/","url":"https:\/\/www.buceovalencia.com\/wp-content\/uploads\/2018\/01\/buceovalencia.png","contentUrl":"https:\/\/www.buceovalencia.com\/wp-content\/uploads\/2018\/01\/buceovalencia.png","width":319,"height":263,"caption":"Buceo Valencia"},"image":{"@id":"https:\/\/www.buceovalencia.com\/?lang=en\/#\/schema\/logo\/image\/"},"sameAs":["https:\/\/www.facebook.com\/buceovalencia\/","https:\/\/www.instagram.com\/buceo_valencia\/"]}]}},"_links":{"self":[{"href":"https:\/\/www.buceovalencia.com\/en\/wp-json\/wp\/v2\/product\/1786","targetHints":{"allow":["GET"]}}],"collection":[{"href":"https:\/\/www.buceovalencia.com\/en\/wp-json\/wp\/v2\/product"}],"about":[{"href":"https:\/\/www.buceovalencia.com\/en\/wp-json\/wp\/v2\/types\/product"}],"wp:featuredmedia":[{"embeddable":true,"href":"https:\/\/www.buceovalencia.com\/en\/wp-json\/wp\/v2\/media\/8692"}],"wp:attachment":[{"href":"https:\/\/www.buceovalencia.com\/en\/wp-json\/wp\/v2\/media?parent=1786"}],"wp:term":[{"taxonomy":"product_brand","embeddable":true,"href":"https:\/\/www.buceovalencia.com\/en\/wp-json\/wp\/v2\/product_brand?post=1786"},{"taxonomy":"product_cat","embeddable":true,"href":"https:\/\/www.buceovalencia.com\/en\/wp-json\/wp\/v2\/product_cat?post=1786"},{"taxonomy":"product_tag","embeddable":true,"href":"https:\/\/www.buceovalencia.com\/en\/wp-json\/wp\/v2\/product_tag?post=1786"}],"curies":[{"name":"wp","href":"https:\/\/api.w.org\/{rel}","templated":true}]}}