{"id":3471,"date":"2020-04-26T12:34:18","date_gmt":"2020-04-26T10:34:18","guid":{"rendered":"https:\/\/www.buceovalencia.com\/?post_type=product&#038;p=3471"},"modified":"2026-04-09T14:47:02","modified_gmt":"2026-04-09T12:47:02","slug":"christening-2","status":"publish","type":"product","link":"https:\/\/www.buceovalencia.com\/en\/product\/christening-2\/","title":{"rendered":"Diving baptism Vale"},"content":{"rendered":"<p>[et_pb_section fb_built=\u00bb1&#8243; _builder_version=\u00bb4.16&#8243; custom_padding=\u00bb0px||||false|false\u00bb global_colors_info=\u00bb{}\u00bb][et_pb_row _builder_version=\u00bb4.16&#8243; background_size=\u00bbinitial\u00bb background_position=\u00bbtop_left\u00bb background_repeat=\u00bbrepeat\u00bb width=\u00bb100%\u00bb custom_padding=\u00bb0px||0px||false|false\u00bb global_colors_info=\u00bb{}\u00bb][et_pb_column type=\u00bb4_4&#8243; _builder_version=\u00bb4.16&#8243; custom_padding=\u00bb|||\u00bb global_colors_info=\u00bb{}\u00bb custom_padding__hover=\u00bb|||\u00bb][et_pb_wc_breadcrumb _builder_version=\u00bb4.27.4&#8243; global_colors_info=\u00bb{}\u00bb][\/et_pb_wc_breadcrumb][et_pb_wc_cart_notice _builder_version=\u00bb4.27.4&#8243; global_colors_info=\u00bb{}\u00bb][\/et_pb_wc_cart_notice][\/et_pb_column][\/et_pb_row][et_pb_row column_structure=\u00bb1_2,1_2&#8243; _builder_version=\u00bb4.16&#8243; background_size=\u00bbinitial\u00bb background_position=\u00bbtop_left\u00bb background_repeat=\u00bbrepeat\u00bb width=\u00bb100%\u00bb custom_padding=\u00bb0px||||false|false\u00bb global_colors_info=\u00bb{}\u00bb][et_pb_column type=\u00bb1_2&#8243; _builder_version=\u00bb4.16&#8243; custom_padding=\u00bb|||\u00bb global_colors_info=\u00bb{}\u00bb custom_padding__hover=\u00bb|||\u00bb][et_pb_wc_images _builder_version=\u00bb4.27.4&#8243; global_colors_info=\u00bb{}\u00bb][\/et_pb_wc_images][\/et_pb_column][et_pb_column type=\u00bb1_2&#8243; _builder_version=\u00bb4.16&#8243; custom_padding=\u00bb|||\u00bb global_colors_info=\u00bb{}\u00bb custom_padding__hover=\u00bb|||\u00bb][et_pb_wc_title _builder_version=\u00bb4.27.4&#8243; global_colors_info=\u00bb{}\u00bb][\/et_pb_wc_title][et_pb_wc_rating _builder_version=\u00bb4.27.4&#8243; global_colors_info=\u00bb{}\u00bb][\/et_pb_wc_rating][et_pb_wc_price _builder_version=\u00bb4.27.4&#8243; global_colors_info=\u00bb{}\u00bb][\/et_pb_wc_price][et_pb_wc_description _builder_version=\u00bb4.27.4&#8243; global_colors_info=\u00bb{}\u00bb][\/et_pb_wc_description][et_pb_wc_add_to_cart _builder_version=\u00bb4.27.4&#8243; global_colors_info=\u00bb{}\u00bb][\/et_pb_wc_add_to_cart][et_pb_wc_meta _builder_version=\u00bb4.27.4&#8243; global_colors_info=\u00bb{}\u00bb][\/et_pb_wc_meta][\/et_pb_column][\/et_pb_row][et_pb_row _builder_version=\u00bb4.27.4&#8243; background_size=\u00bbinitial\u00bb background_position=\u00bbtop_left\u00bb background_repeat=\u00bbrepeat\u00bb width=\u00bb100%\u00bb global_colors_info=\u00bb{}\u00bb][et_pb_column type=\u00bb4_4&#8243; _builder_version=\u00bb4.16&#8243; custom_padding=\u00bb|||\u00bb global_colors_info=\u00bb{}\u00bb custom_padding__hover=\u00bb|||\u00bb][et_pb_wc_tabs _builder_version=\u00bb4.27.4&#8243; global_colors_info=\u00bb{}\u00bb]\t\t\t\t\t[\/et_pb_wc_tabs][et_pb_wc_upsells _builder_version=\u00bb4.27.4&#8243; global_colors_info=\u00bb{}\u00bb][\/et_pb_wc_upsells][et_pb_wc_related_products _builder_version=\u00bb4.27.4&#8243; global_colors_info=\u00bb{}\u00bb][\/et_pb_wc_related_products][\/et_pb_column][\/et_pb_row][\/et_pb_section]<\/p>\n","protected":false},"excerpt":{"rendered":"<p>Have you ever wondered what it&#039;s like to breathe underwater? Have you ever imagined feeling the feeling of weightlessness? Are you interested in discovering a new world? Do you want to spend a wonderful and intense and unforgettable day?<\/p>\n<p>With a PADI Discover Scuba Diving experience (christening), you will know what it feels like.<\/p>\n<p>A PADI Discover Scuba Diving Open Water Christening Experience is a great way to really discover what Scuba Diving is like before you enter the Diving Certification Course<\/p>","protected":false},"featured_media":3122,"template":"","meta":{"_et_pb_use_builder":"on","_et_pb_old_content":"<h1 style=\"text-align: left\"><em><strong>Regala una experiencia inolvidable<\/strong><\/em><\/h1>\r\n\u00bfTe has preguntado c\u00f3mo es\u00a0respirar bajo el agua?\u00a0\u00bfTe has imaginado alguna vez sentir la sensaci\u00f3n de ingravidez?\u00a0\u00bfTe interesa descubrir un nuevo mundo?\u00a0\u00bfQuieres pasar un dia maravilloso intenso e inolvidable? Con una experiencia PADI Discover Scuba Diving (bautizo), podr\u00e1s saber que se siente. Una experiencia de bautizo en mar abierto PADI Discover Scuba Diving es una manera estupenda de descubrir realmente c\u00f3mo es el buceo aut\u00f3nomo antes de acceder al curso de certificaci\u00f3n de buceo","_et_gb_content_width":""},"product_brand":[],"product_cat":[93],"product_tag":[],"class_list":{"0":"post-3471","1":"product","2":"type-product","3":"status-publish","4":"has-post-thumbnail","6":"product_cat-vales-buceo-recreativo","8":"first","9":"instock","10":"downloadable","11":"virtual","12":"taxable","13":"purchasable","14":"product-type-simple"},"yoast_head":"<!-- This site is optimized with the Yoast SEO plugin v27.3 - https:\/\/yoast.com\/product\/yoast-seo-wordpress\/ -->\n<title>Bautizo de buceo Vale - Buceo Valencia<\/title>\n<meta name=\"description\" content=\"\u00bfTe has preguntado c\u00f3mo es respirar bajo el agua? Entonces ven a probar nuestro bautizo de buceo en Valencia con instructores certificados PADI.\" \/>\n<meta name=\"robots\" content=\"index, follow, max-snippet:-1, max-image-preview:large, max-video-preview:-1\" \/>\n<link rel=\"canonical\" href=\"https:\/\/www.buceovalencia.com\/en\/product\/christening-2\/\" \/>\n<meta property=\"og:locale\" content=\"en_GB\" \/>\n<meta property=\"og:type\" content=\"article\" \/>\n<meta property=\"og:title\" content=\"Bautizo de buceo Vale - Buceo Valencia\" \/>\n<meta property=\"og:description\" content=\"\u00bfTe has preguntado c\u00f3mo es respirar bajo el agua? Entonces ven a probar nuestro bautizo de buceo en Valencia con instructores certificados PADI.\" \/>\n<meta property=\"og:url\" content=\"https:\/\/www.buceovalencia.com\/en\/product\/christening-2\/\" \/>\n<meta property=\"og:site_name\" content=\"Buceo Valencia\" \/>\n<meta property=\"article:publisher\" content=\"https:\/\/www.facebook.com\/buceovalencia\/\" \/>\n<meta property=\"article:modified_time\" content=\"2026-04-09T12:47:02+00:00\" \/>\n<meta property=\"og:image\" content=\"https:\/\/www.buceovalencia.com\/wp-content\/uploads\/2020\/04\/IMG_5836.jpg\" \/>\n\t<meta property=\"og:image:width\" content=\"5616\" \/>\n\t<meta property=\"og:image:height\" content=\"3744\" \/>\n\t<meta property=\"og:image:type\" content=\"image\/jpeg\" \/>\n<meta name=\"twitter:label1\" content=\"Estimated reading time\" \/>\n\t<meta name=\"twitter:data1\" content=\"1 minute\" \/>\n<script type=\"application\/ld+json\" class=\"yoast-schema-graph\">{\"@context\":\"https:\\\/\\\/schema.org\",\"@graph\":[{\"@type\":\"WebPage\",\"@id\":\"https:\\\/\\\/www.buceovalencia.com\\\/producto\\\/bautizo-de-buceo-vale\\\/\",\"url\":\"https:\\\/\\\/www.buceovalencia.com\\\/producto\\\/bautizo-de-buceo-vale\\\/\",\"name\":\"Bautizo de buceo Vale - Buceo Valencia\",\"isPartOf\":{\"@id\":\"https:\\\/\\\/www.buceovalencia.com\\\/?lang=en\\\/#website\"},\"primaryImageOfPage\":{\"@id\":\"https:\\\/\\\/www.buceovalencia.com\\\/producto\\\/bautizo-de-buceo-vale\\\/#primaryimage\"},\"image\":{\"@id\":\"https:\\\/\\\/www.buceovalencia.com\\\/producto\\\/bautizo-de-buceo-vale\\\/#primaryimage\"},\"thumbnailUrl\":\"https:\\\/\\\/www.buceovalencia.com\\\/wp-content\\\/uploads\\\/2020\\\/04\\\/IMG_5836.jpg\",\"datePublished\":\"2020-04-26T10:34:18+00:00\",\"dateModified\":\"2026-04-09T12:47:02+00:00\",\"description\":\"\u00bfTe has preguntado c\u00f3mo es respirar bajo el agua? Entonces ven a probar nuestro bautizo de buceo en Valencia con instructores certificados PADI.\",\"breadcrumb\":{\"@id\":\"https:\\\/\\\/www.buceovalencia.com\\\/producto\\\/bautizo-de-buceo-vale\\\/#breadcrumb\"},\"inLanguage\":\"en-GB\",\"potentialAction\":[{\"@type\":\"ReadAction\",\"target\":[\"https:\\\/\\\/www.buceovalencia.com\\\/producto\\\/bautizo-de-buceo-vale\\\/\"]}]},{\"@type\":\"ImageObject\",\"inLanguage\":\"en-GB\",\"@id\":\"https:\\\/\\\/www.buceovalencia.com\\\/producto\\\/bautizo-de-buceo-vale\\\/#primaryimage\",\"url\":\"https:\\\/\\\/www.buceovalencia.com\\\/wp-content\\\/uploads\\\/2020\\\/04\\\/IMG_5836.jpg\",\"contentUrl\":\"https:\\\/\\\/www.buceovalencia.com\\\/wp-content\\\/uploads\\\/2020\\\/04\\\/IMG_5836.jpg\",\"width\":5616,\"height\":3744,\"caption\":\"PADI Bautizo\"},{\"@type\":\"BreadcrumbList\",\"@id\":\"https:\\\/\\\/www.buceovalencia.com\\\/producto\\\/bautizo-de-buceo-vale\\\/#breadcrumb\",\"itemListElement\":[{\"@type\":\"ListItem\",\"position\":1,\"name\":\"Portada\",\"item\":\"https:\\\/\\\/www.buceovalencia.com\\\/\"},{\"@type\":\"ListItem\",\"position\":2,\"name\":\"Cursos en Valencia\",\"item\":\"https:\\\/\\\/www.buceovalencia.com\\\/cursos-buceeo-valencia\\\/\"},{\"@type\":\"ListItem\",\"position\":3,\"name\":\"Bautizo de buceo Vale\"}]},{\"@type\":\"WebSite\",\"@id\":\"https:\\\/\\\/www.buceovalencia.com\\\/?lang=en\\\/#website\",\"url\":\"https:\\\/\\\/www.buceovalencia.com\\\/?lang=en\\\/\",\"name\":\"Buceo Valencia\",\"description\":\"Tu centro de buceo\",\"publisher\":{\"@id\":\"https:\\\/\\\/www.buceovalencia.com\\\/?lang=en\\\/#organization\"},\"potentialAction\":[{\"@type\":\"SearchAction\",\"target\":{\"@type\":\"EntryPoint\",\"urlTemplate\":\"https:\\\/\\\/www.buceovalencia.com\\\/?lang=en\\\/?s={search_term_string}\"},\"query-input\":{\"@type\":\"PropertyValueSpecification\",\"valueRequired\":true,\"valueName\":\"search_term_string\"}}],\"inLanguage\":\"en-GB\"},{\"@type\":\"Organization\",\"@id\":\"https:\\\/\\\/www.buceovalencia.com\\\/?lang=en\\\/#organization\",\"name\":\"Buceo Valencia\",\"url\":\"https:\\\/\\\/www.buceovalencia.com\\\/?lang=en\\\/\",\"logo\":{\"@type\":\"ImageObject\",\"inLanguage\":\"en-GB\",\"@id\":\"https:\\\/\\\/www.buceovalencia.com\\\/?lang=en\\\/#\\\/schema\\\/logo\\\/image\\\/\",\"url\":\"https:\\\/\\\/www.buceovalencia.com\\\/wp-content\\\/uploads\\\/2018\\\/01\\\/buceovalencia.png\",\"contentUrl\":\"https:\\\/\\\/www.buceovalencia.com\\\/wp-content\\\/uploads\\\/2018\\\/01\\\/buceovalencia.png\",\"width\":319,\"height\":263,\"caption\":\"Buceo Valencia\"},\"image\":{\"@id\":\"https:\\\/\\\/www.buceovalencia.com\\\/?lang=en\\\/#\\\/schema\\\/logo\\\/image\\\/\"},\"sameAs\":[\"https:\\\/\\\/www.facebook.com\\\/buceovalencia\\\/\",\"https:\\\/\\\/www.instagram.com\\\/buceo_valencia\\\/\"]}]}<\/script>\n<!-- \/ Yoast SEO plugin. -->","yoast_head_json":{"title":"Bautizo de buceo Vale - Buceo Valencia","description":"Have you ever wondered what it&#039;s like to breathe underwater? Then come and try our diving baptism in Valencia with PADI certified instructors.","robots":{"index":"index","follow":"follow","max-snippet":"max-snippet:-1","max-image-preview":"max-image-preview:large","max-video-preview":"max-video-preview:-1"},"canonical":"https:\/\/www.buceovalencia.com\/en\/product\/christening-2\/","og_locale":"en_GB","og_type":"article","og_title":"Bautizo de buceo Vale - Buceo Valencia","og_description":"\u00bfTe has preguntado c\u00f3mo es respirar bajo el agua? Entonces ven a probar nuestro bautizo de buceo en Valencia con instructores certificados PADI.","og_url":"https:\/\/www.buceovalencia.com\/en\/product\/christening-2\/","og_site_name":"Buceo Valencia","article_publisher":"https:\/\/www.facebook.com\/buceovalencia\/","article_modified_time":"2026-04-09T12:47:02+00:00","og_image":[{"width":5616,"height":3744,"url":"https:\/\/www.buceovalencia.com\/wp-content\/uploads\/2020\/04\/IMG_5836.jpg","type":"image\/jpeg"}],"twitter_misc":{"Estimated reading time":"1 minute"},"schema":{"@context":"https:\/\/schema.org","@graph":[{"@type":"WebPage","@id":"https:\/\/www.buceovalencia.com\/producto\/bautizo-de-buceo-vale\/","url":"https:\/\/www.buceovalencia.com\/producto\/bautizo-de-buceo-vale\/","name":"Bautizo de buceo Vale - Buceo Valencia","isPartOf":{"@id":"https:\/\/www.buceovalencia.com\/?lang=en\/#website"},"primaryImageOfPage":{"@id":"https:\/\/www.buceovalencia.com\/producto\/bautizo-de-buceo-vale\/#primaryimage"},"image":{"@id":"https:\/\/www.buceovalencia.com\/producto\/bautizo-de-buceo-vale\/#primaryimage"},"thumbnailUrl":"https:\/\/www.buceovalencia.com\/wp-content\/uploads\/2020\/04\/IMG_5836.jpg","datePublished":"2020-04-26T10:34:18+00:00","dateModified":"2026-04-09T12:47:02+00:00","description":"Have you ever wondered what it&#039;s like to breathe underwater? Then come and try our diving baptism in Valencia with PADI certified instructors.","breadcrumb":{"@id":"https:\/\/www.buceovalencia.com\/producto\/bautizo-de-buceo-vale\/#breadcrumb"},"inLanguage":"en-GB","potentialAction":[{"@type":"ReadAction","target":["https:\/\/www.buceovalencia.com\/producto\/bautizo-de-buceo-vale\/"]}]},{"@type":"ImageObject","inLanguage":"en-GB","@id":"https:\/\/www.buceovalencia.com\/producto\/bautizo-de-buceo-vale\/#primaryimage","url":"https:\/\/www.buceovalencia.com\/wp-content\/uploads\/2020\/04\/IMG_5836.jpg","contentUrl":"https:\/\/www.buceovalencia.com\/wp-content\/uploads\/2020\/04\/IMG_5836.jpg","width":5616,"height":3744,"caption":"PADI Bautizo"},{"@type":"BreadcrumbList","@id":"https:\/\/www.buceovalencia.com\/producto\/bautizo-de-buceo-vale\/#breadcrumb","itemListElement":[{"@type":"ListItem","position":1,"name":"Portada","item":"https:\/\/www.buceovalencia.com\/"},{"@type":"ListItem","position":2,"name":"Cursos en Valencia","item":"https:\/\/www.buceovalencia.com\/cursos-buceeo-valencia\/"},{"@type":"ListItem","position":3,"name":"Bautizo de buceo Vale"}]},{"@type":"WebSite","@id":"https:\/\/www.buceovalencia.com\/?lang=en\/#website","url":"https:\/\/www.buceovalencia.com\/?lang=en\/","name":"Diving Valencia","description":"Your dive center","publisher":{"@id":"https:\/\/www.buceovalencia.com\/?lang=en\/#organization"},"potentialAction":[{"@type":"SearchAction","target":{"@type":"EntryPoint","urlTemplate":"https:\/\/www.buceovalencia.com\/?lang=en\/?s={search_term_string}"},"query-input":{"@type":"PropertyValueSpecification","valueRequired":true,"valueName":"search_term_string"}}],"inLanguage":"en-GB"},{"@type":"Organization","@id":"https:\/\/www.buceovalencia.com\/?lang=en\/#organization","name":"Diving Valencia","url":"https:\/\/www.buceovalencia.com\/?lang=en\/","logo":{"@type":"ImageObject","inLanguage":"en-GB","@id":"https:\/\/www.buceovalencia.com\/?lang=en\/#\/schema\/logo\/image\/","url":"https:\/\/www.buceovalencia.com\/wp-content\/uploads\/2018\/01\/buceovalencia.png","contentUrl":"https:\/\/www.buceovalencia.com\/wp-content\/uploads\/2018\/01\/buceovalencia.png","width":319,"height":263,"caption":"Buceo Valencia"},"image":{"@id":"https:\/\/www.buceovalencia.com\/?lang=en\/#\/schema\/logo\/image\/"},"sameAs":["https:\/\/www.facebook.com\/buceovalencia\/","https:\/\/www.instagram.com\/buceo_valencia\/"]}]}},"_links":{"self":[{"href":"https:\/\/www.buceovalencia.com\/en\/wp-json\/wp\/v2\/product\/3471","targetHints":{"allow":["GET"]}}],"collection":[{"href":"https:\/\/www.buceovalencia.com\/en\/wp-json\/wp\/v2\/product"}],"about":[{"href":"https:\/\/www.buceovalencia.com\/en\/wp-json\/wp\/v2\/types\/product"}],"wp:featuredmedia":[{"embeddable":true,"href":"https:\/\/www.buceovalencia.com\/en\/wp-json\/wp\/v2\/media\/3122"}],"wp:attachment":[{"href":"https:\/\/www.buceovalencia.com\/en\/wp-json\/wp\/v2\/media?parent=3471"}],"wp:term":[{"taxonomy":"product_brand","embeddable":true,"href":"https:\/\/www.buceovalencia.com\/en\/wp-json\/wp\/v2\/product_brand?post=3471"},{"taxonomy":"product_cat","embeddable":true,"href":"https:\/\/www.buceovalencia.com\/en\/wp-json\/wp\/v2\/product_cat?post=3471"},{"taxonomy":"product_tag","embeddable":true,"href":"https:\/\/www.buceovalencia.com\/en\/wp-json\/wp\/v2\/product_tag?post=3471"}],"curies":[{"name":"wp","href":"https:\/\/api.w.org\/{rel}","templated":true}]}}