{"id":3474,"date":"2020-04-26T12:46:52","date_gmt":"2020-04-26T10:46:52","guid":{"rendered":"https:\/\/www.buceovalencia.com\/?post_type=product&#038;p=3474"},"modified":"2026-03-18T19:52:43","modified_gmt":"2026-03-18T18:52:43","slug":"advanced-open-water-2","status":"publish","type":"product","link":"https:\/\/www.buceovalencia.com\/en\/product\/advanced-open-water-2\/","title":{"rendered":"Advanced Open Water Diver Vale"},"content":{"rendered":"<h2>PADI Advanced OPEN WATER Course<\/h2>\n<p>Exploraci\u00f3n, emoci\u00f3n, experiencias. De eso se trata el Curso Advanced open water . No tienes que estar \u00abavanzado\u00bb para inscribirte ya que el objetivo es seguir aprendiendo con tus instructores! Este curso est\u00e1 dise\u00f1ado para evolucionar como buceador, por lo que puedes empezar directamente tras el Open Water Diver. El curso ayuda a construir confianza y ampliar tus habilidades de buceo a trav\u00e9s de diferentes inmersiones de aventura. Probar\u00e1s diferentes especialidades mientras adquieres experiencia bajo la supervisi\u00f3n directa de tu Instructor. Registra \u00e9stas inmersiones en tu log book y aprende nuevas destrezas mientras te diviertes en los ricos fondos marinos de Valencia. Los briefings del instructor antes de cada inmersi\u00f3n y los contenidos del manual cubren lo que necesitas saber para tus inmersiones del curso. No hay ex\u00e1menes escritos. Comienza ahora mismo con los contenidos te\u00f3ricos y prepara tu aventura!<\/p>","protected":false},"excerpt":{"rendered":"<h1>PADI Advanced Open Water Course<\/h1>\n<p>Exploration, emotion, experiences. That&#039;s what the Advanced Open Water Course is about. You don&#039;t have to be &quot;advanced&quot; to enroll as the goal is to continue learning with your instructors!<\/p>\n<p>This course is designed to evolve as a diver, so you can start directly after the Open Water Diver. The course helps build confidence and expand your diving skills through different adventure dives. You will try different specialties while gaining experience under the direct supervision of your Instructor. Record these dives in your log book and learn new skills while having fun in the rich seabed of Valencia.<\/p>\n<p>Instructor briefings before each dive and the contents of the manual cover what you need to know for your course dives. There are no written exams.<\/p>\n<p>Start right now with the theoretical content and prepare your adventure!<\/p>","protected":false},"featured_media":3111,"template":"","meta":{"_et_pb_use_builder":"off","_et_pb_old_content":"<h2>Curso PADI Advanced OPEN WATER<\/h2>\r\nExploraci\u00f3n, emoci\u00f3n, experiencias. De eso se trata el Curso Advanced open water . No tienes que estar \u00abavanzado\u00bb para inscribirte ya que el objetivo es seguir aprendiendo con tus instructores!\r\n\r\nEste curso est\u00e1 dise\u00f1ado para evolucionar como buceador, por lo que puedes empezar directamente tras el Open Water Diver. El curso ayuda a construir confianza y ampliar tus habilidades de buceo a trav\u00e9s de diferentes inmersiones de aventura. Probar\u00e1s diferentes especialidades mientras adquieres experiencia bajo la supervisi\u00f3n directa de tu Instructor. Registra \u00e9stas inmersiones en tu log book y aprende nuevas destrezas mientras te diviertes en los ricos fondos marinos de Valencia.\r\n\r\nLos briefings del instructor antes de cada inmersi\u00f3n y los contenidos del manual cubren lo que necesitas saber para tus inmersiones del curso. No hay ex\u00e1menes escritos.\r\n\r\nComienza ahora mismo con los contenidos te\u00f3ricos y prepara tu aventura!","_et_gb_content_width":""},"product_brand":[],"product_cat":[93],"product_tag":[],"class_list":{"0":"post-3474","1":"product","2":"type-product","3":"status-publish","4":"has-post-thumbnail","6":"product_cat-vales-buceo-recreativo","8":"first","9":"instock","10":"downloadable","11":"virtual","12":"taxable","13":"purchasable","14":"product-type-simple"},"yoast_head":"<!-- This site is optimized with the Yoast SEO plugin v27.3 - https:\/\/yoast.com\/product\/yoast-seo-wordpress\/ -->\n<title>Advanced Open Water Diver Vale - Buceo Valencia<\/title>\n<meta name=\"description\" content=\"Exploraci\u00f3n, emoci\u00f3n, experiencias. De eso se trata el Curso Advanced open water . No tienes que estar \u00abavanzado\u00bb para inscribirte ya\" \/>\n<meta name=\"robots\" content=\"index, follow, max-snippet:-1, max-image-preview:large, max-video-preview:-1\" \/>\n<link rel=\"canonical\" href=\"https:\/\/www.buceovalencia.com\/en\/product\/advanced-open-water-2\/\" \/>\n<meta property=\"og:locale\" content=\"en_GB\" \/>\n<meta property=\"og:type\" content=\"article\" \/>\n<meta property=\"og:title\" content=\"Advanced Open Water Diver Vale - Buceo Valencia\" \/>\n<meta property=\"og:description\" content=\"Exploraci\u00f3n, emoci\u00f3n, experiencias. De eso se trata el Curso Advanced open water . No tienes que estar \u00abavanzado\u00bb para inscribirte ya\" \/>\n<meta property=\"og:url\" content=\"https:\/\/www.buceovalencia.com\/en\/product\/advanced-open-water-2\/\" \/>\n<meta property=\"og:site_name\" content=\"Buceo Valencia\" \/>\n<meta property=\"article:publisher\" content=\"https:\/\/www.facebook.com\/buceovalencia\/\" \/>\n<meta property=\"article:modified_time\" content=\"2026-03-18T18:52:43+00:00\" \/>\n<meta property=\"og:image\" content=\"https:\/\/www.buceovalencia.com\/wp-content\/uploads\/2020\/04\/BonaireOW0213__1216.jpg\" \/>\n\t<meta property=\"og:image:width\" content=\"1029\" \/>\n\t<meta property=\"og:image:height\" content=\"684\" \/>\n\t<meta property=\"og:image:type\" content=\"image\/jpeg\" \/>\n<meta name=\"twitter:label1\" content=\"Estimated reading time\" \/>\n\t<meta name=\"twitter:data1\" content=\"1 minute\" \/>\n<script type=\"application\/ld+json\" class=\"yoast-schema-graph\">{\"@context\":\"https:\\\/\\\/schema.org\",\"@graph\":[{\"@type\":\"WebPage\",\"@id\":\"https:\\\/\\\/www.buceovalencia.com\\\/fr\\\/produit\\\/plongeur-en-eau-libre-avance-3\\\/\",\"url\":\"https:\\\/\\\/www.buceovalencia.com\\\/fr\\\/produit\\\/plongeur-en-eau-libre-avance-3\\\/\",\"name\":\"Advanced Open Water Diver Vale - Buceo Valencia\",\"isPartOf\":{\"@id\":\"https:\\\/\\\/www.buceovalencia.com\\\/?lang=en\\\/#website\"},\"primaryImageOfPage\":{\"@id\":\"https:\\\/\\\/www.buceovalencia.com\\\/fr\\\/produit\\\/plongeur-en-eau-libre-avance-3\\\/#primaryimage\"},\"image\":{\"@id\":\"https:\\\/\\\/www.buceovalencia.com\\\/fr\\\/produit\\\/plongeur-en-eau-libre-avance-3\\\/#primaryimage\"},\"thumbnailUrl\":\"https:\\\/\\\/www.buceovalencia.com\\\/wp-content\\\/uploads\\\/2020\\\/04\\\/BonaireOW0213__1216.jpg\",\"datePublished\":\"2020-04-26T10:46:52+00:00\",\"dateModified\":\"2026-03-18T18:52:43+00:00\",\"description\":\"Exploraci\u00f3n, emoci\u00f3n, experiencias. De eso se trata el Curso Advanced open water . No tienes que estar \u00abavanzado\u00bb para inscribirte ya\",\"breadcrumb\":{\"@id\":\"https:\\\/\\\/www.buceovalencia.com\\\/fr\\\/produit\\\/plongeur-en-eau-libre-avance-3\\\/#breadcrumb\"},\"inLanguage\":\"en-GB\",\"potentialAction\":[{\"@type\":\"ReadAction\",\"target\":[\"https:\\\/\\\/www.buceovalencia.com\\\/fr\\\/produit\\\/plongeur-en-eau-libre-avance-3\\\/\"]}]},{\"@type\":\"ImageObject\",\"inLanguage\":\"en-GB\",\"@id\":\"https:\\\/\\\/www.buceovalencia.com\\\/fr\\\/produit\\\/plongeur-en-eau-libre-avance-3\\\/#primaryimage\",\"url\":\"https:\\\/\\\/www.buceovalencia.com\\\/wp-content\\\/uploads\\\/2020\\\/04\\\/BonaireOW0213__1216.jpg\",\"contentUrl\":\"https:\\\/\\\/www.buceovalencia.com\\\/wp-content\\\/uploads\\\/2020\\\/04\\\/BonaireOW0213__1216.jpg\",\"width\":1029,\"height\":684,\"caption\":\"Advanced open water\"},{\"@type\":\"BreadcrumbList\",\"@id\":\"https:\\\/\\\/www.buceovalencia.com\\\/fr\\\/produit\\\/plongeur-en-eau-libre-avance-3\\\/#breadcrumb\",\"itemListElement\":[{\"@type\":\"ListItem\",\"position\":1,\"name\":\"Portada\",\"item\":\"https:\\\/\\\/www.buceovalencia.com\\\/\"},{\"@type\":\"ListItem\",\"position\":2,\"name\":\"Cursos en Valencia\",\"item\":\"https:\\\/\\\/www.buceovalencia.com\\\/cursos-buceeo-valencia\\\/\"},{\"@type\":\"ListItem\",\"position\":3,\"name\":\"Advanced Open Water Diver Vale\"}]},{\"@type\":\"WebSite\",\"@id\":\"https:\\\/\\\/www.buceovalencia.com\\\/?lang=en\\\/#website\",\"url\":\"https:\\\/\\\/www.buceovalencia.com\\\/?lang=en\\\/\",\"name\":\"Buceo Valencia\",\"description\":\"Tu centro de buceo\",\"publisher\":{\"@id\":\"https:\\\/\\\/www.buceovalencia.com\\\/?lang=en\\\/#organization\"},\"potentialAction\":[{\"@type\":\"SearchAction\",\"target\":{\"@type\":\"EntryPoint\",\"urlTemplate\":\"https:\\\/\\\/www.buceovalencia.com\\\/?lang=en\\\/?s={search_term_string}\"},\"query-input\":{\"@type\":\"PropertyValueSpecification\",\"valueRequired\":true,\"valueName\":\"search_term_string\"}}],\"inLanguage\":\"en-GB\"},{\"@type\":\"Organization\",\"@id\":\"https:\\\/\\\/www.buceovalencia.com\\\/?lang=en\\\/#organization\",\"name\":\"Buceo Valencia\",\"url\":\"https:\\\/\\\/www.buceovalencia.com\\\/?lang=en\\\/\",\"logo\":{\"@type\":\"ImageObject\",\"inLanguage\":\"en-GB\",\"@id\":\"https:\\\/\\\/www.buceovalencia.com\\\/?lang=en\\\/#\\\/schema\\\/logo\\\/image\\\/\",\"url\":\"https:\\\/\\\/www.buceovalencia.com\\\/wp-content\\\/uploads\\\/2018\\\/01\\\/buceovalencia.png\",\"contentUrl\":\"https:\\\/\\\/www.buceovalencia.com\\\/wp-content\\\/uploads\\\/2018\\\/01\\\/buceovalencia.png\",\"width\":319,\"height\":263,\"caption\":\"Buceo Valencia\"},\"image\":{\"@id\":\"https:\\\/\\\/www.buceovalencia.com\\\/?lang=en\\\/#\\\/schema\\\/logo\\\/image\\\/\"},\"sameAs\":[\"https:\\\/\\\/www.facebook.com\\\/buceovalencia\\\/\",\"https:\\\/\\\/www.instagram.com\\\/buceo_valencia\\\/\"]}]}<\/script>\n<!-- \/ Yoast SEO plugin. -->","yoast_head_json":{"title":"Advanced Open Water Diver Vale - Buceo Valencia","description":"Exploration, emotion, experiences. That&#039;s what the Advanced Open Water Course is about. You don&#039;t have to be &quot;advanced&quot; to enroll now","robots":{"index":"index","follow":"follow","max-snippet":"max-snippet:-1","max-image-preview":"max-image-preview:large","max-video-preview":"max-video-preview:-1"},"canonical":"https:\/\/www.buceovalencia.com\/en\/product\/advanced-open-water-2\/","og_locale":"en_GB","og_type":"article","og_title":"Advanced Open Water Diver Vale - Buceo Valencia","og_description":"Exploraci\u00f3n, emoci\u00f3n, experiencias. De eso se trata el Curso Advanced open water . No tienes que estar \u00abavanzado\u00bb para inscribirte ya","og_url":"https:\/\/www.buceovalencia.com\/en\/product\/advanced-open-water-2\/","og_site_name":"Buceo Valencia","article_publisher":"https:\/\/www.facebook.com\/buceovalencia\/","article_modified_time":"2026-03-18T18:52:43+00:00","og_image":[{"width":1029,"height":684,"url":"https:\/\/www.buceovalencia.com\/wp-content\/uploads\/2020\/04\/BonaireOW0213__1216.jpg","type":"image\/jpeg"}],"twitter_misc":{"Estimated reading time":"1 minute"},"schema":{"@context":"https:\/\/schema.org","@graph":[{"@type":"WebPage","@id":"https:\/\/www.buceovalencia.com\/fr\/produit\/plongeur-en-eau-libre-avance-3\/","url":"https:\/\/www.buceovalencia.com\/fr\/produit\/plongeur-en-eau-libre-avance-3\/","name":"Advanced Open Water Diver Vale - Buceo Valencia","isPartOf":{"@id":"https:\/\/www.buceovalencia.com\/?lang=en\/#website"},"primaryImageOfPage":{"@id":"https:\/\/www.buceovalencia.com\/fr\/produit\/plongeur-en-eau-libre-avance-3\/#primaryimage"},"image":{"@id":"https:\/\/www.buceovalencia.com\/fr\/produit\/plongeur-en-eau-libre-avance-3\/#primaryimage"},"thumbnailUrl":"https:\/\/www.buceovalencia.com\/wp-content\/uploads\/2020\/04\/BonaireOW0213__1216.jpg","datePublished":"2020-04-26T10:46:52+00:00","dateModified":"2026-03-18T18:52:43+00:00","description":"Exploration, emotion, experiences. That&#039;s what the Advanced Open Water Course is about. You don&#039;t have to be &quot;advanced&quot; to enroll now","breadcrumb":{"@id":"https:\/\/www.buceovalencia.com\/fr\/produit\/plongeur-en-eau-libre-avance-3\/#breadcrumb"},"inLanguage":"en-GB","potentialAction":[{"@type":"ReadAction","target":["https:\/\/www.buceovalencia.com\/fr\/produit\/plongeur-en-eau-libre-avance-3\/"]}]},{"@type":"ImageObject","inLanguage":"en-GB","@id":"https:\/\/www.buceovalencia.com\/fr\/produit\/plongeur-en-eau-libre-avance-3\/#primaryimage","url":"https:\/\/www.buceovalencia.com\/wp-content\/uploads\/2020\/04\/BonaireOW0213__1216.jpg","contentUrl":"https:\/\/www.buceovalencia.com\/wp-content\/uploads\/2020\/04\/BonaireOW0213__1216.jpg","width":1029,"height":684,"caption":"Advanced open water"},{"@type":"BreadcrumbList","@id":"https:\/\/www.buceovalencia.com\/fr\/produit\/plongeur-en-eau-libre-avance-3\/#breadcrumb","itemListElement":[{"@type":"ListItem","position":1,"name":"Portada","item":"https:\/\/www.buceovalencia.com\/"},{"@type":"ListItem","position":2,"name":"Cursos en Valencia","item":"https:\/\/www.buceovalencia.com\/cursos-buceeo-valencia\/"},{"@type":"ListItem","position":3,"name":"Advanced Open Water Diver Vale"}]},{"@type":"WebSite","@id":"https:\/\/www.buceovalencia.com\/?lang=en\/#website","url":"https:\/\/www.buceovalencia.com\/?lang=en\/","name":"Diving Valencia","description":"Your dive center","publisher":{"@id":"https:\/\/www.buceovalencia.com\/?lang=en\/#organization"},"potentialAction":[{"@type":"SearchAction","target":{"@type":"EntryPoint","urlTemplate":"https:\/\/www.buceovalencia.com\/?lang=en\/?s={search_term_string}"},"query-input":{"@type":"PropertyValueSpecification","valueRequired":true,"valueName":"search_term_string"}}],"inLanguage":"en-GB"},{"@type":"Organization","@id":"https:\/\/www.buceovalencia.com\/?lang=en\/#organization","name":"Diving Valencia","url":"https:\/\/www.buceovalencia.com\/?lang=en\/","logo":{"@type":"ImageObject","inLanguage":"en-GB","@id":"https:\/\/www.buceovalencia.com\/?lang=en\/#\/schema\/logo\/image\/","url":"https:\/\/www.buceovalencia.com\/wp-content\/uploads\/2018\/01\/buceovalencia.png","contentUrl":"https:\/\/www.buceovalencia.com\/wp-content\/uploads\/2018\/01\/buceovalencia.png","width":319,"height":263,"caption":"Buceo Valencia"},"image":{"@id":"https:\/\/www.buceovalencia.com\/?lang=en\/#\/schema\/logo\/image\/"},"sameAs":["https:\/\/www.facebook.com\/buceovalencia\/","https:\/\/www.instagram.com\/buceo_valencia\/"]}]}},"_links":{"self":[{"href":"https:\/\/www.buceovalencia.com\/en\/wp-json\/wp\/v2\/product\/3474","targetHints":{"allow":["GET"]}}],"collection":[{"href":"https:\/\/www.buceovalencia.com\/en\/wp-json\/wp\/v2\/product"}],"about":[{"href":"https:\/\/www.buceovalencia.com\/en\/wp-json\/wp\/v2\/types\/product"}],"wp:featuredmedia":[{"embeddable":true,"href":"https:\/\/www.buceovalencia.com\/en\/wp-json\/wp\/v2\/media\/3111"}],"wp:attachment":[{"href":"https:\/\/www.buceovalencia.com\/en\/wp-json\/wp\/v2\/media?parent=3474"}],"wp:term":[{"taxonomy":"product_brand","embeddable":true,"href":"https:\/\/www.buceovalencia.com\/en\/wp-json\/wp\/v2\/product_brand?post=3474"},{"taxonomy":"product_cat","embeddable":true,"href":"https:\/\/www.buceovalencia.com\/en\/wp-json\/wp\/v2\/product_cat?post=3474"},{"taxonomy":"product_tag","embeddable":true,"href":"https:\/\/www.buceovalencia.com\/en\/wp-json\/wp\/v2\/product_tag?post=3474"}],"curies":[{"name":"wp","href":"https:\/\/api.w.org\/{rel}","templated":true}]}}