{"id":961,"date":"2016-11-15T12:14:41","date_gmt":"2016-11-15T11:14:41","guid":{"rendered":"https:\/\/buceovalencia.com\/producto\/curso-dominio-flotabilidad\/"},"modified":"2026-04-28T17:41:48","modified_gmt":"2026-04-28T15:41:48","slug":"course-domain-buoyancy","status":"publish","type":"product","link":"https:\/\/www.buceovalencia.com\/en\/product\/course-domain-buoyancy\/","title":{"rendered":"PADI Peak Performance Buoyancy (buoyancy proficiency)"},"content":{"rendered":"<p>In two dives you will learn:<\/p>\n<ul>\n<li>The placement and distribution of the ballast to achieve the desired comfort and body position<\/li>\n<li>Buoyancy controls<\/li>\n<li>How to establish neutral buoyancy during all parts of the dive<\/li>\n<li>Remain motionless<\/li>\n<\/ul>","protected":false},"excerpt":{"rendered":"<p>In two dives you will learn:<\/p>\n<ul>\n<li>The placement and distribution of the ballast to achieve the desired comfort and body position<\/li>\n<li>Buoyancy controls<\/li>\n<li>How to establish neutral buoyancy during all parts of the dive<\/li>\n<li>Remain motionless<\/li>\n<\/ul>","protected":false},"featured_media":952,"template":"","meta":{"_et_pb_use_builder":"off","_et_pb_old_content":"En dos\u00a0inmersiones aprender\u00e1s:\r\n<ul>\r\n \t<li>La colocaci\u00f3n y distribuci\u00f3n del lastre par lograr la comodidad y la posici\u00f3n del cuerpo que se desea<\/li>\r\n \t<li>Los controles de flotabilidad<\/li>\r\n \t<li>C\u00f3mo establecer flotabilidad neutra durante todas las partes de la inmersi\u00f3n<\/li>\r\n \t<li>Mantenerse inm\u00f3vil en flotaci\u00f3n<\/li>\r\n<\/ul>","_et_gb_content_width":""},"product_brand":[],"product_cat":[69],"product_tag":[],"class_list":{"0":"post-961","1":"product","2":"type-product","3":"status-publish","4":"has-post-thumbnail","6":"product_cat-especialidades","8":"first","9":"instock","10":"taxable","11":"shipping-taxable","12":"product-type-external"},"yoast_head":"<!-- This site is optimized with the Yoast SEO plugin v27.5 - https:\/\/yoast.com\/product\/yoast-seo-wordpress\/ -->\n<title>PADI Peak Performance Buoyancy ( dominio de la flotabilidad) - Buceo Valencia<\/title>\n<meta name=\"description\" content=\"Con el curso de dominio de la flotabilidad podr\u00e1s deslizarte sin esfuerzo, mejorar tus niveles de consumo de ox\u00edgeno y observar m\u00e1s f\u00e1cilmente la vida acu\u00e1tica sin perjudicar el entorno.\" \/>\n<meta name=\"robots\" content=\"index, follow, max-snippet:-1, max-image-preview:large, max-video-preview:-1\" \/>\n<link rel=\"canonical\" href=\"https:\/\/www.buceovalencia.com\/en\/product\/course-domain-buoyancy\/\" \/>\n<meta property=\"og:locale\" content=\"en_GB\" \/>\n<meta property=\"og:type\" content=\"article\" \/>\n<meta property=\"og:title\" content=\"PADI Peak Performance Buoyancy ( dominio de la flotabilidad) - Buceo Valencia\" \/>\n<meta property=\"og:description\" content=\"Con el curso de dominio de la flotabilidad podr\u00e1s deslizarte sin esfuerzo, mejorar tus niveles de consumo de ox\u00edgeno y observar m\u00e1s f\u00e1cilmente la vida acu\u00e1tica sin perjudicar el entorno.\" \/>\n<meta property=\"og:url\" content=\"https:\/\/www.buceovalencia.com\/en\/product\/course-domain-buoyancy\/\" \/>\n<meta property=\"og:site_name\" content=\"Buceo Valencia\" \/>\n<meta property=\"article:publisher\" content=\"https:\/\/www.facebook.com\/buceovalencia\/\" \/>\n<meta property=\"article:modified_time\" content=\"2026-04-28T15:41:48+00:00\" \/>\n<meta property=\"og:image\" content=\"https:\/\/www.buceovalencia.com\/wp-content\/uploads\/2016\/11\/Dominio-de-la-flotavilidad.jpg\" \/>\n\t<meta property=\"og:image:width\" content=\"622\" \/>\n\t<meta property=\"og:image:height\" content=\"620\" \/>\n\t<meta property=\"og:image:type\" content=\"image\/jpeg\" \/>\n<meta name=\"twitter:label1\" content=\"Estimated reading time\" \/>\n\t<meta name=\"twitter:data1\" content=\"1 minute\" \/>\n<script type=\"application\/ld+json\" class=\"yoast-schema-graph\">{\"@context\":\"https:\\\/\\\/schema.org\",\"@graph\":[{\"@type\":\"WebPage\",\"@id\":\"https:\\\/\\\/www.buceovalencia.com\\\/producto\\\/curso-dominio-flotabilidad\\\/\",\"url\":\"https:\\\/\\\/www.buceovalencia.com\\\/producto\\\/curso-dominio-flotabilidad\\\/\",\"name\":\"PADI Peak Performance Buoyancy ( dominio de la flotabilidad) - Buceo Valencia\",\"isPartOf\":{\"@id\":\"https:\\\/\\\/www.buceovalencia.com\\\/?lang=en\\\/#website\"},\"primaryImageOfPage\":{\"@id\":\"https:\\\/\\\/www.buceovalencia.com\\\/producto\\\/curso-dominio-flotabilidad\\\/#primaryimage\"},\"image\":{\"@id\":\"https:\\\/\\\/www.buceovalencia.com\\\/producto\\\/curso-dominio-flotabilidad\\\/#primaryimage\"},\"thumbnailUrl\":\"https:\\\/\\\/www.buceovalencia.com\\\/wp-content\\\/uploads\\\/2016\\\/11\\\/Dominio-de-la-flotavilidad.jpg\",\"datePublished\":\"2016-11-15T11:14:41+00:00\",\"dateModified\":\"2026-04-28T15:41:48+00:00\",\"description\":\"Con el curso de dominio de la flotabilidad podr\u00e1s deslizarte sin esfuerzo, mejorar tus niveles de consumo de ox\u00edgeno y observar m\u00e1s f\u00e1cilmente la vida acu\u00e1tica sin perjudicar el entorno.\",\"breadcrumb\":{\"@id\":\"https:\\\/\\\/www.buceovalencia.com\\\/producto\\\/curso-dominio-flotabilidad\\\/#breadcrumb\"},\"inLanguage\":\"en-GB\",\"potentialAction\":[{\"@type\":\"ReadAction\",\"target\":[\"https:\\\/\\\/www.buceovalencia.com\\\/producto\\\/curso-dominio-flotabilidad\\\/\"]}]},{\"@type\":\"ImageObject\",\"inLanguage\":\"en-GB\",\"@id\":\"https:\\\/\\\/www.buceovalencia.com\\\/producto\\\/curso-dominio-flotabilidad\\\/#primaryimage\",\"url\":\"https:\\\/\\\/www.buceovalencia.com\\\/wp-content\\\/uploads\\\/2016\\\/11\\\/Dominio-de-la-flotavilidad.jpg\",\"contentUrl\":\"https:\\\/\\\/www.buceovalencia.com\\\/wp-content\\\/uploads\\\/2016\\\/11\\\/Dominio-de-la-flotavilidad.jpg\",\"width\":622,\"height\":620,\"caption\":\"Curso Dominio de la flotabilidad\"},{\"@type\":\"BreadcrumbList\",\"@id\":\"https:\\\/\\\/www.buceovalencia.com\\\/producto\\\/curso-dominio-flotabilidad\\\/#breadcrumb\",\"itemListElement\":[{\"@type\":\"ListItem\",\"position\":1,\"name\":\"Portada\",\"item\":\"https:\\\/\\\/www.buceovalencia.com\\\/\"},{\"@type\":\"ListItem\",\"position\":2,\"name\":\"Cursos en Valencia\",\"item\":\"https:\\\/\\\/www.buceovalencia.com\\\/cursos-buceeo-valencia\\\/\"},{\"@type\":\"ListItem\",\"position\":3,\"name\":\"PADI Peak Performance Buoyancy ( dominio de la flotabilidad)\"}]},{\"@type\":\"WebSite\",\"@id\":\"https:\\\/\\\/www.buceovalencia.com\\\/?lang=en\\\/#website\",\"url\":\"https:\\\/\\\/www.buceovalencia.com\\\/?lang=en\\\/\",\"name\":\"Buceo Valencia\",\"description\":\"Tu centro de buceo\",\"publisher\":{\"@id\":\"https:\\\/\\\/www.buceovalencia.com\\\/?lang=en\\\/#organization\"},\"potentialAction\":[{\"@type\":\"SearchAction\",\"target\":{\"@type\":\"EntryPoint\",\"urlTemplate\":\"https:\\\/\\\/www.buceovalencia.com\\\/?lang=en\\\/?s={search_term_string}\"},\"query-input\":{\"@type\":\"PropertyValueSpecification\",\"valueRequired\":true,\"valueName\":\"search_term_string\"}}],\"inLanguage\":\"en-GB\"},{\"@type\":\"Organization\",\"@id\":\"https:\\\/\\\/www.buceovalencia.com\\\/?lang=en\\\/#organization\",\"name\":\"Buceo Valencia\",\"url\":\"https:\\\/\\\/www.buceovalencia.com\\\/?lang=en\\\/\",\"logo\":{\"@type\":\"ImageObject\",\"inLanguage\":\"en-GB\",\"@id\":\"https:\\\/\\\/www.buceovalencia.com\\\/?lang=en\\\/#\\\/schema\\\/logo\\\/image\\\/\",\"url\":\"https:\\\/\\\/www.buceovalencia.com\\\/wp-content\\\/uploads\\\/2018\\\/01\\\/buceovalencia.png\",\"contentUrl\":\"https:\\\/\\\/www.buceovalencia.com\\\/wp-content\\\/uploads\\\/2018\\\/01\\\/buceovalencia.png\",\"width\":319,\"height\":263,\"caption\":\"Buceo Valencia\"},\"image\":{\"@id\":\"https:\\\/\\\/www.buceovalencia.com\\\/?lang=en\\\/#\\\/schema\\\/logo\\\/image\\\/\"},\"sameAs\":[\"https:\\\/\\\/www.facebook.com\\\/buceovalencia\\\/\",\"https:\\\/\\\/www.instagram.com\\\/buceo_valencia\\\/\"]}]}<\/script>\n<!-- \/ Yoast SEO plugin. -->","yoast_head_json":{"title":"PADI Peak Performance Buoyancy (mastery of buoyancy) - Buceo Valencia","description":"With the buoyancy mastery course, you can glide effortlessly, improve your oxygen consumption levels and more easily observe aquatic life without harming the environment.","robots":{"index":"index","follow":"follow","max-snippet":"max-snippet:-1","max-image-preview":"max-image-preview:large","max-video-preview":"max-video-preview:-1"},"canonical":"https:\/\/www.buceovalencia.com\/en\/product\/course-domain-buoyancy\/","og_locale":"en_GB","og_type":"article","og_title":"PADI Peak Performance Buoyancy ( dominio de la flotabilidad) - Buceo Valencia","og_description":"Con el curso de dominio de la flotabilidad podr\u00e1s deslizarte sin esfuerzo, mejorar tus niveles de consumo de ox\u00edgeno y observar m\u00e1s f\u00e1cilmente la vida acu\u00e1tica sin perjudicar el entorno.","og_url":"https:\/\/www.buceovalencia.com\/en\/product\/course-domain-buoyancy\/","og_site_name":"Buceo Valencia","article_publisher":"https:\/\/www.facebook.com\/buceovalencia\/","article_modified_time":"2026-04-28T15:41:48+00:00","og_image":[{"width":622,"height":620,"url":"https:\/\/www.buceovalencia.com\/wp-content\/uploads\/2016\/11\/Dominio-de-la-flotavilidad.jpg","type":"image\/jpeg"}],"twitter_misc":{"Estimated reading time":"1 minute"},"schema":{"@context":"https:\/\/schema.org","@graph":[{"@type":"WebPage","@id":"https:\/\/www.buceovalencia.com\/producto\/curso-dominio-flotabilidad\/","url":"https:\/\/www.buceovalencia.com\/producto\/curso-dominio-flotabilidad\/","name":"PADI Peak Performance Buoyancy (mastery of buoyancy) - Buceo Valencia","isPartOf":{"@id":"https:\/\/www.buceovalencia.com\/?lang=en\/#website"},"primaryImageOfPage":{"@id":"https:\/\/www.buceovalencia.com\/producto\/curso-dominio-flotabilidad\/#primaryimage"},"image":{"@id":"https:\/\/www.buceovalencia.com\/producto\/curso-dominio-flotabilidad\/#primaryimage"},"thumbnailUrl":"https:\/\/www.buceovalencia.com\/wp-content\/uploads\/2016\/11\/Dominio-de-la-flotavilidad.jpg","datePublished":"2016-11-15T11:14:41+00:00","dateModified":"2026-04-28T15:41:48+00:00","description":"With the buoyancy mastery course, you can glide effortlessly, improve your oxygen consumption levels and more easily observe aquatic life without harming the environment.","breadcrumb":{"@id":"https:\/\/www.buceovalencia.com\/producto\/curso-dominio-flotabilidad\/#breadcrumb"},"inLanguage":"en-GB","potentialAction":[{"@type":"ReadAction","target":["https:\/\/www.buceovalencia.com\/producto\/curso-dominio-flotabilidad\/"]}]},{"@type":"ImageObject","inLanguage":"en-GB","@id":"https:\/\/www.buceovalencia.com\/producto\/curso-dominio-flotabilidad\/#primaryimage","url":"https:\/\/www.buceovalencia.com\/wp-content\/uploads\/2016\/11\/Dominio-de-la-flotavilidad.jpg","contentUrl":"https:\/\/www.buceovalencia.com\/wp-content\/uploads\/2016\/11\/Dominio-de-la-flotavilidad.jpg","width":622,"height":620,"caption":"Curso Dominio de la flotabilidad"},{"@type":"BreadcrumbList","@id":"https:\/\/www.buceovalencia.com\/producto\/curso-dominio-flotabilidad\/#breadcrumb","itemListElement":[{"@type":"ListItem","position":1,"name":"Portada","item":"https:\/\/www.buceovalencia.com\/"},{"@type":"ListItem","position":2,"name":"Cursos en Valencia","item":"https:\/\/www.buceovalencia.com\/cursos-buceeo-valencia\/"},{"@type":"ListItem","position":3,"name":"PADI Peak Performance Buoyancy ( dominio de la flotabilidad)"}]},{"@type":"WebSite","@id":"https:\/\/www.buceovalencia.com\/?lang=en\/#website","url":"https:\/\/www.buceovalencia.com\/?lang=en\/","name":"Diving Valencia","description":"Your dive center","publisher":{"@id":"https:\/\/www.buceovalencia.com\/?lang=en\/#organization"},"potentialAction":[{"@type":"SearchAction","target":{"@type":"EntryPoint","urlTemplate":"https:\/\/www.buceovalencia.com\/?lang=en\/?s={search_term_string}"},"query-input":{"@type":"PropertyValueSpecification","valueRequired":true,"valueName":"search_term_string"}}],"inLanguage":"en-GB"},{"@type":"Organization","@id":"https:\/\/www.buceovalencia.com\/?lang=en\/#organization","name":"Diving Valencia","url":"https:\/\/www.buceovalencia.com\/?lang=en\/","logo":{"@type":"ImageObject","inLanguage":"en-GB","@id":"https:\/\/www.buceovalencia.com\/?lang=en\/#\/schema\/logo\/image\/","url":"https:\/\/www.buceovalencia.com\/wp-content\/uploads\/2018\/01\/buceovalencia.png","contentUrl":"https:\/\/www.buceovalencia.com\/wp-content\/uploads\/2018\/01\/buceovalencia.png","width":319,"height":263,"caption":"Buceo Valencia"},"image":{"@id":"https:\/\/www.buceovalencia.com\/?lang=en\/#\/schema\/logo\/image\/"},"sameAs":["https:\/\/www.facebook.com\/buceovalencia\/","https:\/\/www.instagram.com\/buceo_valencia\/"]}]}},"_links":{"self":[{"href":"https:\/\/www.buceovalencia.com\/en\/wp-json\/wp\/v2\/product\/961","targetHints":{"allow":["GET"]}}],"collection":[{"href":"https:\/\/www.buceovalencia.com\/en\/wp-json\/wp\/v2\/product"}],"about":[{"href":"https:\/\/www.buceovalencia.com\/en\/wp-json\/wp\/v2\/types\/product"}],"wp:featuredmedia":[{"embeddable":true,"href":"https:\/\/www.buceovalencia.com\/en\/wp-json\/wp\/v2\/media\/952"}],"wp:attachment":[{"href":"https:\/\/www.buceovalencia.com\/en\/wp-json\/wp\/v2\/media?parent=961"}],"wp:term":[{"taxonomy":"product_brand","embeddable":true,"href":"https:\/\/www.buceovalencia.com\/en\/wp-json\/wp\/v2\/product_brand?post=961"},{"taxonomy":"product_cat","embeddable":true,"href":"https:\/\/www.buceovalencia.com\/en\/wp-json\/wp\/v2\/product_cat?post=961"},{"taxonomy":"product_tag","embeddable":true,"href":"https:\/\/www.buceovalencia.com\/en\/wp-json\/wp\/v2\/product_tag?post=961"}],"curies":[{"name":"wp","href":"https:\/\/api.w.org\/{rel}","templated":true}]}}