{"id":971,"date":"2016-11-15T13:19:53","date_gmt":"2016-11-15T12:19:53","guid":{"rendered":"https:\/\/buceovalencia.com\/producto\/curso-buceo-pecios\/"},"modified":"2026-04-28T17:51:08","modified_gmt":"2026-04-28T15:51:08","slug":"course-diving-wrecks","status":"publish","type":"product","link":"https:\/\/www.buceovalencia.com\/en\/product\/course-diving-wrecks\/","title":{"rendered":"Padi Wreck Diver (wreck diving)"},"content":{"rendered":"<p>Durante las inmersiones, el alumno aprender\u00e1:<\/p>\n<ul>\n<li>The foundations for safety in navigation and shipwreck exploration<\/li>\n<li>Topography and cartography of a shipwreck<\/li>\n<li>The use of penetration lines and reels to guide exploration.<\/li>\n<li>Techniques to avoid slime lifting<\/li>\n<\/ul>","protected":false},"excerpt":{"rendered":"<p>During the dives the student will learn:<\/p>\n<ul>\n<li>The foundations for safety in navigation and shipwreck exploration<\/li>\n<li>Topography and cartography of a shipwreck<\/li>\n<li>The use of penetration lines and reels to guide exploration.<\/li>\n<li>Techniques to avoid slime lifting<\/li>\n<\/ul>","protected":false},"featured_media":949,"template":"","meta":{"_et_pb_use_builder":"off","_et_pb_old_content":"Durante las inmersiones, el alumno aprender\u00e1:\r\n<ul>\r\n \t<li>Los fundamentos para la seguridad en la navegaci\u00f3n y exploraci\u00f3n de naufragios<\/li>\r\n \t<li>Topograf\u00eda y cartograf\u00eda de un naufragio<\/li>\r\n \t<li>El uso de l\u00edneas de penetraci\u00f3n y carretes para guiar la exploraci\u00f3n.<\/li>\r\n \t<li>T\u00e9cnicas para evitar el levantamiento de limo<\/li>\r\n<\/ul>","_et_gb_content_width":""},"product_brand":[],"product_cat":[69],"product_tag":[],"class_list":{"0":"post-971","1":"product","2":"type-product","3":"status-publish","4":"has-post-thumbnail","6":"product_cat-especialidades","8":"first","9":"instock","10":"taxable","11":"shipping-taxable","12":"product-type-external"},"yoast_head":"<!-- This site is optimized with the Yoast SEO plugin v27.5 - https:\/\/yoast.com\/product\/yoast-seo-wordpress\/ -->\n<title>Padi Wreck Diver ( buceo en pecios) - Buceo Valencia<\/title>\n<meta name=\"description\" content=\"Cada barco hundido es una ventana al pasado. Con el Curso Buceo en Pecios aprendera a explorar y descubrir cada recoveco de ellos. Adem\u00e1s, que la gran mayor\u00eda suelen estar llenos de vida acu\u00e1tica.\" \/>\n<meta name=\"robots\" content=\"index, follow, max-snippet:-1, max-image-preview:large, max-video-preview:-1\" \/>\n<link rel=\"canonical\" href=\"https:\/\/www.buceovalencia.com\/en\/product\/course-diving-wrecks\/\" \/>\n<meta property=\"og:locale\" content=\"en_GB\" \/>\n<meta property=\"og:type\" content=\"article\" \/>\n<meta property=\"og:title\" content=\"Padi Wreck Diver ( buceo en pecios) - Buceo Valencia\" \/>\n<meta property=\"og:description\" content=\"Cada barco hundido es una ventana al pasado. Con el Curso Buceo en Pecios aprendera a explorar y descubrir cada recoveco de ellos. Adem\u00e1s, que la gran mayor\u00eda suelen estar llenos de vida acu\u00e1tica.\" \/>\n<meta property=\"og:url\" content=\"https:\/\/www.buceovalencia.com\/en\/product\/course-diving-wrecks\/\" \/>\n<meta property=\"og:site_name\" content=\"Buceo Valencia\" \/>\n<meta property=\"article:publisher\" content=\"https:\/\/www.facebook.com\/buceovalencia\/\" \/>\n<meta property=\"article:modified_time\" content=\"2026-04-28T15:51:08+00:00\" \/>\n<meta property=\"og:image\" content=\"https:\/\/www.buceovalencia.com\/wp-content\/uploads\/2016\/11\/Buceo-en-pecios.jpg\" \/>\n\t<meta property=\"og:image:width\" content=\"622\" \/>\n\t<meta property=\"og:image:height\" content=\"620\" \/>\n\t<meta property=\"og:image:type\" content=\"image\/jpeg\" \/>\n<meta name=\"twitter:label1\" content=\"Estimated reading time\" \/>\n\t<meta name=\"twitter:data1\" content=\"1 minute\" \/>\n<script type=\"application\/ld+json\" class=\"yoast-schema-graph\">{\"@context\":\"https:\\\/\\\/schema.org\",\"@graph\":[{\"@type\":\"WebPage\",\"@id\":\"https:\\\/\\\/www.buceovalencia.com\\\/producto\\\/curso-buceo-pecios\\\/\",\"url\":\"https:\\\/\\\/www.buceovalencia.com\\\/producto\\\/curso-buceo-pecios\\\/\",\"name\":\"Padi Wreck Diver ( buceo en pecios) - Buceo Valencia\",\"isPartOf\":{\"@id\":\"https:\\\/\\\/www.buceovalencia.com\\\/?lang=en\\\/#website\"},\"primaryImageOfPage\":{\"@id\":\"https:\\\/\\\/www.buceovalencia.com\\\/producto\\\/curso-buceo-pecios\\\/#primaryimage\"},\"image\":{\"@id\":\"https:\\\/\\\/www.buceovalencia.com\\\/producto\\\/curso-buceo-pecios\\\/#primaryimage\"},\"thumbnailUrl\":\"https:\\\/\\\/www.buceovalencia.com\\\/wp-content\\\/uploads\\\/2016\\\/11\\\/Buceo-en-pecios.jpg\",\"datePublished\":\"2016-11-15T12:19:53+00:00\",\"dateModified\":\"2026-04-28T15:51:08+00:00\",\"description\":\"Cada barco hundido es una ventana al pasado. Con el Curso Buceo en Pecios aprendera a explorar y descubrir cada recoveco de ellos. Adem\u00e1s, que la gran mayor\u00eda suelen estar llenos de vida acu\u00e1tica.\",\"breadcrumb\":{\"@id\":\"https:\\\/\\\/www.buceovalencia.com\\\/producto\\\/curso-buceo-pecios\\\/#breadcrumb\"},\"inLanguage\":\"en-GB\",\"potentialAction\":[{\"@type\":\"ReadAction\",\"target\":[\"https:\\\/\\\/www.buceovalencia.com\\\/producto\\\/curso-buceo-pecios\\\/\"]}]},{\"@type\":\"ImageObject\",\"inLanguage\":\"en-GB\",\"@id\":\"https:\\\/\\\/www.buceovalencia.com\\\/producto\\\/curso-buceo-pecios\\\/#primaryimage\",\"url\":\"https:\\\/\\\/www.buceovalencia.com\\\/wp-content\\\/uploads\\\/2016\\\/11\\\/Buceo-en-pecios.jpg\",\"contentUrl\":\"https:\\\/\\\/www.buceovalencia.com\\\/wp-content\\\/uploads\\\/2016\\\/11\\\/Buceo-en-pecios.jpg\",\"width\":622,\"height\":620,\"caption\":\"Buceo en pecios | Buceo Valencia\"},{\"@type\":\"BreadcrumbList\",\"@id\":\"https:\\\/\\\/www.buceovalencia.com\\\/producto\\\/curso-buceo-pecios\\\/#breadcrumb\",\"itemListElement\":[{\"@type\":\"ListItem\",\"position\":1,\"name\":\"Portada\",\"item\":\"https:\\\/\\\/www.buceovalencia.com\\\/\"},{\"@type\":\"ListItem\",\"position\":2,\"name\":\"Cursos en Valencia\",\"item\":\"https:\\\/\\\/www.buceovalencia.com\\\/cursos-buceeo-valencia\\\/\"},{\"@type\":\"ListItem\",\"position\":3,\"name\":\"Padi Wreck Diver ( buceo en pecios)\"}]},{\"@type\":\"WebSite\",\"@id\":\"https:\\\/\\\/www.buceovalencia.com\\\/?lang=en\\\/#website\",\"url\":\"https:\\\/\\\/www.buceovalencia.com\\\/?lang=en\\\/\",\"name\":\"Buceo Valencia\",\"description\":\"Tu centro de buceo\",\"publisher\":{\"@id\":\"https:\\\/\\\/www.buceovalencia.com\\\/?lang=en\\\/#organization\"},\"potentialAction\":[{\"@type\":\"SearchAction\",\"target\":{\"@type\":\"EntryPoint\",\"urlTemplate\":\"https:\\\/\\\/www.buceovalencia.com\\\/?lang=en\\\/?s={search_term_string}\"},\"query-input\":{\"@type\":\"PropertyValueSpecification\",\"valueRequired\":true,\"valueName\":\"search_term_string\"}}],\"inLanguage\":\"en-GB\"},{\"@type\":\"Organization\",\"@id\":\"https:\\\/\\\/www.buceovalencia.com\\\/?lang=en\\\/#organization\",\"name\":\"Buceo Valencia\",\"url\":\"https:\\\/\\\/www.buceovalencia.com\\\/?lang=en\\\/\",\"logo\":{\"@type\":\"ImageObject\",\"inLanguage\":\"en-GB\",\"@id\":\"https:\\\/\\\/www.buceovalencia.com\\\/?lang=en\\\/#\\\/schema\\\/logo\\\/image\\\/\",\"url\":\"https:\\\/\\\/www.buceovalencia.com\\\/wp-content\\\/uploads\\\/2018\\\/01\\\/buceovalencia.png\",\"contentUrl\":\"https:\\\/\\\/www.buceovalencia.com\\\/wp-content\\\/uploads\\\/2018\\\/01\\\/buceovalencia.png\",\"width\":319,\"height\":263,\"caption\":\"Buceo Valencia\"},\"image\":{\"@id\":\"https:\\\/\\\/www.buceovalencia.com\\\/?lang=en\\\/#\\\/schema\\\/logo\\\/image\\\/\"},\"sameAs\":[\"https:\\\/\\\/www.facebook.com\\\/buceovalencia\\\/\",\"https:\\\/\\\/www.instagram.com\\\/buceo_valencia\\\/\"]}]}<\/script>\n<!-- \/ Yoast SEO plugin. -->","yoast_head_json":{"title":"Padi Wreck Diver (wreck diving) - Buceo Valencia","description":"Every sunken ship is a window to the past. With the Wreck Diving Course you will learn to explore and discover every nook and cranny of them. In addition, the vast majority are usually full of aquatic life.","robots":{"index":"index","follow":"follow","max-snippet":"max-snippet:-1","max-image-preview":"max-image-preview:large","max-video-preview":"max-video-preview:-1"},"canonical":"https:\/\/www.buceovalencia.com\/en\/product\/course-diving-wrecks\/","og_locale":"en_GB","og_type":"article","og_title":"Padi Wreck Diver ( buceo en pecios) - Buceo Valencia","og_description":"Cada barco hundido es una ventana al pasado. Con el Curso Buceo en Pecios aprendera a explorar y descubrir cada recoveco de ellos. Adem\u00e1s, que la gran mayor\u00eda suelen estar llenos de vida acu\u00e1tica.","og_url":"https:\/\/www.buceovalencia.com\/en\/product\/course-diving-wrecks\/","og_site_name":"Buceo Valencia","article_publisher":"https:\/\/www.facebook.com\/buceovalencia\/","article_modified_time":"2026-04-28T15:51:08+00:00","og_image":[{"width":622,"height":620,"url":"https:\/\/www.buceovalencia.com\/wp-content\/uploads\/2016\/11\/Buceo-en-pecios.jpg","type":"image\/jpeg"}],"twitter_misc":{"Estimated reading time":"1 minute"},"schema":{"@context":"https:\/\/schema.org","@graph":[{"@type":"WebPage","@id":"https:\/\/www.buceovalencia.com\/producto\/curso-buceo-pecios\/","url":"https:\/\/www.buceovalencia.com\/producto\/curso-buceo-pecios\/","name":"Padi Wreck Diver (wreck diving) - Buceo Valencia","isPartOf":{"@id":"https:\/\/www.buceovalencia.com\/?lang=en\/#website"},"primaryImageOfPage":{"@id":"https:\/\/www.buceovalencia.com\/producto\/curso-buceo-pecios\/#primaryimage"},"image":{"@id":"https:\/\/www.buceovalencia.com\/producto\/curso-buceo-pecios\/#primaryimage"},"thumbnailUrl":"https:\/\/www.buceovalencia.com\/wp-content\/uploads\/2016\/11\/Buceo-en-pecios.jpg","datePublished":"2016-11-15T12:19:53+00:00","dateModified":"2026-04-28T15:51:08+00:00","description":"Every sunken ship is a window to the past. With the Wreck Diving Course you will learn to explore and discover every nook and cranny of them. In addition, the vast majority are usually full of aquatic life.","breadcrumb":{"@id":"https:\/\/www.buceovalencia.com\/producto\/curso-buceo-pecios\/#breadcrumb"},"inLanguage":"en-GB","potentialAction":[{"@type":"ReadAction","target":["https:\/\/www.buceovalencia.com\/producto\/curso-buceo-pecios\/"]}]},{"@type":"ImageObject","inLanguage":"en-GB","@id":"https:\/\/www.buceovalencia.com\/producto\/curso-buceo-pecios\/#primaryimage","url":"https:\/\/www.buceovalencia.com\/wp-content\/uploads\/2016\/11\/Buceo-en-pecios.jpg","contentUrl":"https:\/\/www.buceovalencia.com\/wp-content\/uploads\/2016\/11\/Buceo-en-pecios.jpg","width":622,"height":620,"caption":"Buceo en pecios | Buceo Valencia"},{"@type":"BreadcrumbList","@id":"https:\/\/www.buceovalencia.com\/producto\/curso-buceo-pecios\/#breadcrumb","itemListElement":[{"@type":"ListItem","position":1,"name":"Portada","item":"https:\/\/www.buceovalencia.com\/"},{"@type":"ListItem","position":2,"name":"Cursos en Valencia","item":"https:\/\/www.buceovalencia.com\/cursos-buceeo-valencia\/"},{"@type":"ListItem","position":3,"name":"Padi Wreck Diver ( buceo en pecios)"}]},{"@type":"WebSite","@id":"https:\/\/www.buceovalencia.com\/?lang=en\/#website","url":"https:\/\/www.buceovalencia.com\/?lang=en\/","name":"Diving Valencia","description":"Your dive center","publisher":{"@id":"https:\/\/www.buceovalencia.com\/?lang=en\/#organization"},"potentialAction":[{"@type":"SearchAction","target":{"@type":"EntryPoint","urlTemplate":"https:\/\/www.buceovalencia.com\/?lang=en\/?s={search_term_string}"},"query-input":{"@type":"PropertyValueSpecification","valueRequired":true,"valueName":"search_term_string"}}],"inLanguage":"en-GB"},{"@type":"Organization","@id":"https:\/\/www.buceovalencia.com\/?lang=en\/#organization","name":"Diving Valencia","url":"https:\/\/www.buceovalencia.com\/?lang=en\/","logo":{"@type":"ImageObject","inLanguage":"en-GB","@id":"https:\/\/www.buceovalencia.com\/?lang=en\/#\/schema\/logo\/image\/","url":"https:\/\/www.buceovalencia.com\/wp-content\/uploads\/2018\/01\/buceovalencia.png","contentUrl":"https:\/\/www.buceovalencia.com\/wp-content\/uploads\/2018\/01\/buceovalencia.png","width":319,"height":263,"caption":"Buceo Valencia"},"image":{"@id":"https:\/\/www.buceovalencia.com\/?lang=en\/#\/schema\/logo\/image\/"},"sameAs":["https:\/\/www.facebook.com\/buceovalencia\/","https:\/\/www.instagram.com\/buceo_valencia\/"]}]}},"_links":{"self":[{"href":"https:\/\/www.buceovalencia.com\/en\/wp-json\/wp\/v2\/product\/971","targetHints":{"allow":["GET"]}}],"collection":[{"href":"https:\/\/www.buceovalencia.com\/en\/wp-json\/wp\/v2\/product"}],"about":[{"href":"https:\/\/www.buceovalencia.com\/en\/wp-json\/wp\/v2\/types\/product"}],"wp:featuredmedia":[{"embeddable":true,"href":"https:\/\/www.buceovalencia.com\/en\/wp-json\/wp\/v2\/media\/949"}],"wp:attachment":[{"href":"https:\/\/www.buceovalencia.com\/en\/wp-json\/wp\/v2\/media?parent=971"}],"wp:term":[{"taxonomy":"product_brand","embeddable":true,"href":"https:\/\/www.buceovalencia.com\/en\/wp-json\/wp\/v2\/product_brand?post=971"},{"taxonomy":"product_cat","embeddable":true,"href":"https:\/\/www.buceovalencia.com\/en\/wp-json\/wp\/v2\/product_cat?post=971"},{"taxonomy":"product_tag","embeddable":true,"href":"https:\/\/www.buceovalencia.com\/en\/wp-json\/wp\/v2\/product_tag?post=971"}],"curies":[{"name":"wp","href":"https:\/\/api.w.org\/{rel}","templated":true}]}}