{"id":9777,"date":"2022-06-07T11:30:14","date_gmt":"2022-06-07T09:30:14","guid":{"rendered":"https:\/\/www.buceovalencia.com\/?post_type=product&#038;p=9777"},"modified":"2026-04-28T17:37:37","modified_gmt":"2026-04-28T15:37:37","slug":"nitrox-2","status":"publish","type":"product","link":"https:\/\/www.buceovalencia.com\/en\/product\/nitrox-2\/","title":{"rendered":"Padi enriched air (Nitrox) Online"},"content":{"rendered":"<p>El buceo con NITROX se hace cada vez m\u00e1s popular. Esto no es sorprendente, ya que las personas que bucean con Nitrox en vez de con aire convencional a presi\u00f3n absorben menos nitr\u00f3geno durante la inmersi\u00f3n y adem\u00e1s se benefician de tiempos de inmersi\u00f3n sin paradas considerablemente largas, lo que significa que pueden permanecer en la profundidad m\u00e1xima de la inmersi\u00f3n durante m\u00e1s tiempo.<\/p>","protected":false},"excerpt":{"rendered":"<p>Diving with NITROX is becoming increasingly popular.<\/p>\n<p>This is not surprising since people who dive with nitrox instead of conventional pressurized air absorb less nitrogen during the dive and also benefit from considerably longer non-stop dive times, which means they can stay at maximum depth of the dive for longer.<\/p>","protected":false},"featured_media":955,"template":"","meta":{"_et_pb_use_builder":"off","_et_pb_old_content":"El buceo con NITROX se hace cada vez m\u00e1s popular.\r\n\r\nEsto no es sorprendente, ya que las personas que bucean con Nitrox en vez de con aire convencional a presi\u00f3n absorben menos nitr\u00f3geno durante la inmersi\u00f3n y adem\u00e1s se benefician de tiempos de inmersi\u00f3n sin paradas considerablemente largas, lo que significa que pueden permanecer en la profundidad m\u00e1xima de la inmersi\u00f3n durante m\u00e1s tiempo.","_et_gb_content_width":""},"product_brand":[],"product_cat":[69],"product_tag":[],"class_list":{"0":"post-9777","1":"product","2":"type-product","3":"status-publish","4":"has-post-thumbnail","6":"product_cat-especialidades","8":"first","9":"instock","10":"taxable","11":"shipping-taxable","12":"product-type-external"},"yoast_head":"<!-- This site is optimized with the Yoast SEO plugin v27.5 - https:\/\/yoast.com\/product\/yoast-seo-wordpress\/ -->\n<title>Padi enriched air ( Nitrox) Online - Buceo Valencia<\/title>\n<meta name=\"description\" content=\"Bucear con nitrox en vez de con aire convencional a presi\u00f3n, absorben menos nitr\u00f3geno durante la inmersi\u00f3n y adem\u00e1s se benefician de tiempos de inmersi\u00f3n sin paradas considerablemente largas.\" \/>\n<meta name=\"robots\" content=\"index, follow, max-snippet:-1, max-image-preview:large, max-video-preview:-1\" \/>\n<link rel=\"canonical\" href=\"https:\/\/www.buceovalencia.com\/en\/product\/nitrox-2\/\" \/>\n<meta property=\"og:locale\" content=\"en_GB\" \/>\n<meta property=\"og:type\" content=\"article\" \/>\n<meta property=\"og:title\" content=\"Padi enriched air ( Nitrox) Online - Buceo Valencia\" \/>\n<meta property=\"og:description\" content=\"Bucear con nitrox en vez de con aire convencional a presi\u00f3n, absorben menos nitr\u00f3geno durante la inmersi\u00f3n y adem\u00e1s se benefician de tiempos de inmersi\u00f3n sin paradas considerablemente largas.\" \/>\n<meta property=\"og:url\" content=\"https:\/\/www.buceovalencia.com\/en\/product\/nitrox-2\/\" \/>\n<meta property=\"og:site_name\" content=\"Buceo Valencia\" \/>\n<meta property=\"article:publisher\" content=\"https:\/\/www.facebook.com\/buceovalencia\/\" \/>\n<meta property=\"article:modified_time\" content=\"2026-04-28T15:37:37+00:00\" \/>\n<meta property=\"og:image\" content=\"https:\/\/www.buceovalencia.com\/wp-content\/uploads\/2016\/09\/Aire-enriquecido-1.jpg\" \/>\n\t<meta property=\"og:image:width\" content=\"622\" \/>\n\t<meta property=\"og:image:height\" content=\"620\" \/>\n\t<meta property=\"og:image:type\" content=\"image\/jpeg\" \/>\n<meta name=\"twitter:label1\" content=\"Estimated reading time\" \/>\n\t<meta name=\"twitter:data1\" content=\"1 minute\" \/>\n<script type=\"application\/ld+json\" class=\"yoast-schema-graph\">{\"@context\":\"https:\\\/\\\/schema.org\",\"@graph\":[{\"@type\":\"WebPage\",\"@id\":\"https:\\\/\\\/www.buceovalencia.com\\\/producto\\\/padi-enriched-air-nitrox-online\\\/\",\"url\":\"https:\\\/\\\/www.buceovalencia.com\\\/producto\\\/padi-enriched-air-nitrox-online\\\/\",\"name\":\"Padi enriched air ( Nitrox) Online - Buceo Valencia\",\"isPartOf\":{\"@id\":\"https:\\\/\\\/www.buceovalencia.com\\\/?lang=en\\\/#website\"},\"primaryImageOfPage\":{\"@id\":\"https:\\\/\\\/www.buceovalencia.com\\\/producto\\\/padi-enriched-air-nitrox-online\\\/#primaryimage\"},\"image\":{\"@id\":\"https:\\\/\\\/www.buceovalencia.com\\\/producto\\\/padi-enriched-air-nitrox-online\\\/#primaryimage\"},\"thumbnailUrl\":\"https:\\\/\\\/www.buceovalencia.com\\\/wp-content\\\/uploads\\\/2016\\\/09\\\/Aire-enriquecido-1.jpg\",\"datePublished\":\"2022-06-07T09:30:14+00:00\",\"dateModified\":\"2026-04-28T15:37:37+00:00\",\"description\":\"Bucear con nitrox en vez de con aire convencional a presi\u00f3n, absorben menos nitr\u00f3geno durante la inmersi\u00f3n y adem\u00e1s se benefician de tiempos de inmersi\u00f3n sin paradas considerablemente largas.\",\"breadcrumb\":{\"@id\":\"https:\\\/\\\/www.buceovalencia.com\\\/producto\\\/padi-enriched-air-nitrox-online\\\/#breadcrumb\"},\"inLanguage\":\"en-GB\",\"potentialAction\":[{\"@type\":\"ReadAction\",\"target\":[\"https:\\\/\\\/www.buceovalencia.com\\\/producto\\\/padi-enriched-air-nitrox-online\\\/\"]}]},{\"@type\":\"ImageObject\",\"inLanguage\":\"en-GB\",\"@id\":\"https:\\\/\\\/www.buceovalencia.com\\\/producto\\\/padi-enriched-air-nitrox-online\\\/#primaryimage\",\"url\":\"https:\\\/\\\/www.buceovalencia.com\\\/wp-content\\\/uploads\\\/2016\\\/09\\\/Aire-enriquecido-1.jpg\",\"contentUrl\":\"https:\\\/\\\/www.buceovalencia.com\\\/wp-content\\\/uploads\\\/2016\\\/09\\\/Aire-enriquecido-1.jpg\",\"width\":622,\"height\":620,\"caption\":\"Curso Nitrox | Buceo Valencia\"},{\"@type\":\"BreadcrumbList\",\"@id\":\"https:\\\/\\\/www.buceovalencia.com\\\/producto\\\/padi-enriched-air-nitrox-online\\\/#breadcrumb\",\"itemListElement\":[{\"@type\":\"ListItem\",\"position\":1,\"name\":\"Portada\",\"item\":\"https:\\\/\\\/www.buceovalencia.com\\\/\"},{\"@type\":\"ListItem\",\"position\":2,\"name\":\"Cursos en Valencia\",\"item\":\"https:\\\/\\\/www.buceovalencia.com\\\/cursos-buceeo-valencia\\\/\"},{\"@type\":\"ListItem\",\"position\":3,\"name\":\"Padi enriched air ( Nitrox) Online\"}]},{\"@type\":\"WebSite\",\"@id\":\"https:\\\/\\\/www.buceovalencia.com\\\/?lang=en\\\/#website\",\"url\":\"https:\\\/\\\/www.buceovalencia.com\\\/?lang=en\\\/\",\"name\":\"Buceo Valencia\",\"description\":\"Tu centro de buceo\",\"publisher\":{\"@id\":\"https:\\\/\\\/www.buceovalencia.com\\\/?lang=en\\\/#organization\"},\"potentialAction\":[{\"@type\":\"SearchAction\",\"target\":{\"@type\":\"EntryPoint\",\"urlTemplate\":\"https:\\\/\\\/www.buceovalencia.com\\\/?lang=en\\\/?s={search_term_string}\"},\"query-input\":{\"@type\":\"PropertyValueSpecification\",\"valueRequired\":true,\"valueName\":\"search_term_string\"}}],\"inLanguage\":\"en-GB\"},{\"@type\":\"Organization\",\"@id\":\"https:\\\/\\\/www.buceovalencia.com\\\/?lang=en\\\/#organization\",\"name\":\"Buceo Valencia\",\"url\":\"https:\\\/\\\/www.buceovalencia.com\\\/?lang=en\\\/\",\"logo\":{\"@type\":\"ImageObject\",\"inLanguage\":\"en-GB\",\"@id\":\"https:\\\/\\\/www.buceovalencia.com\\\/?lang=en\\\/#\\\/schema\\\/logo\\\/image\\\/\",\"url\":\"https:\\\/\\\/www.buceovalencia.com\\\/wp-content\\\/uploads\\\/2018\\\/01\\\/buceovalencia.png\",\"contentUrl\":\"https:\\\/\\\/www.buceovalencia.com\\\/wp-content\\\/uploads\\\/2018\\\/01\\\/buceovalencia.png\",\"width\":319,\"height\":263,\"caption\":\"Buceo Valencia\"},\"image\":{\"@id\":\"https:\\\/\\\/www.buceovalencia.com\\\/?lang=en\\\/#\\\/schema\\\/logo\\\/image\\\/\"},\"sameAs\":[\"https:\\\/\\\/www.facebook.com\\\/buceovalencia\\\/\",\"https:\\\/\\\/www.instagram.com\\\/buceo_valencia\\\/\"]}]}<\/script>\n<!-- \/ Yoast SEO plugin. -->","yoast_head_json":{"title":"Padi enriched air ( Nitrox) Online - Buceo Valencia","description":"Diving with nitrox instead of conventional pressurized air, they absorb less nitrogen during the dive and also benefit from considerably long no-stop dive times.","robots":{"index":"index","follow":"follow","max-snippet":"max-snippet:-1","max-image-preview":"max-image-preview:large","max-video-preview":"max-video-preview:-1"},"canonical":"https:\/\/www.buceovalencia.com\/en\/product\/nitrox-2\/","og_locale":"en_GB","og_type":"article","og_title":"Padi enriched air ( Nitrox) Online - Buceo Valencia","og_description":"Bucear con nitrox en vez de con aire convencional a presi\u00f3n, absorben menos nitr\u00f3geno durante la inmersi\u00f3n y adem\u00e1s se benefician de tiempos de inmersi\u00f3n sin paradas considerablemente largas.","og_url":"https:\/\/www.buceovalencia.com\/en\/product\/nitrox-2\/","og_site_name":"Buceo Valencia","article_publisher":"https:\/\/www.facebook.com\/buceovalencia\/","article_modified_time":"2026-04-28T15:37:37+00:00","og_image":[{"width":622,"height":620,"url":"https:\/\/www.buceovalencia.com\/wp-content\/uploads\/2016\/09\/Aire-enriquecido-1.jpg","type":"image\/jpeg"}],"twitter_misc":{"Estimated reading time":"1 minute"},"schema":{"@context":"https:\/\/schema.org","@graph":[{"@type":"WebPage","@id":"https:\/\/www.buceovalencia.com\/producto\/padi-enriched-air-nitrox-online\/","url":"https:\/\/www.buceovalencia.com\/producto\/padi-enriched-air-nitrox-online\/","name":"Padi enriched air ( Nitrox) Online - Buceo Valencia","isPartOf":{"@id":"https:\/\/www.buceovalencia.com\/?lang=en\/#website"},"primaryImageOfPage":{"@id":"https:\/\/www.buceovalencia.com\/producto\/padi-enriched-air-nitrox-online\/#primaryimage"},"image":{"@id":"https:\/\/www.buceovalencia.com\/producto\/padi-enriched-air-nitrox-online\/#primaryimage"},"thumbnailUrl":"https:\/\/www.buceovalencia.com\/wp-content\/uploads\/2016\/09\/Aire-enriquecido-1.jpg","datePublished":"2022-06-07T09:30:14+00:00","dateModified":"2026-04-28T15:37:37+00:00","description":"Diving with nitrox instead of conventional pressurized air, they absorb less nitrogen during the dive and also benefit from considerably long no-stop dive times.","breadcrumb":{"@id":"https:\/\/www.buceovalencia.com\/producto\/padi-enriched-air-nitrox-online\/#breadcrumb"},"inLanguage":"en-GB","potentialAction":[{"@type":"ReadAction","target":["https:\/\/www.buceovalencia.com\/producto\/padi-enriched-air-nitrox-online\/"]}]},{"@type":"ImageObject","inLanguage":"en-GB","@id":"https:\/\/www.buceovalencia.com\/producto\/padi-enriched-air-nitrox-online\/#primaryimage","url":"https:\/\/www.buceovalencia.com\/wp-content\/uploads\/2016\/09\/Aire-enriquecido-1.jpg","contentUrl":"https:\/\/www.buceovalencia.com\/wp-content\/uploads\/2016\/09\/Aire-enriquecido-1.jpg","width":622,"height":620,"caption":"Curso Nitrox | Buceo Valencia"},{"@type":"BreadcrumbList","@id":"https:\/\/www.buceovalencia.com\/producto\/padi-enriched-air-nitrox-online\/#breadcrumb","itemListElement":[{"@type":"ListItem","position":1,"name":"Portada","item":"https:\/\/www.buceovalencia.com\/"},{"@type":"ListItem","position":2,"name":"Cursos en Valencia","item":"https:\/\/www.buceovalencia.com\/cursos-buceeo-valencia\/"},{"@type":"ListItem","position":3,"name":"Padi enriched air ( Nitrox) Online"}]},{"@type":"WebSite","@id":"https:\/\/www.buceovalencia.com\/?lang=en\/#website","url":"https:\/\/www.buceovalencia.com\/?lang=en\/","name":"Diving Valencia","description":"Your dive center","publisher":{"@id":"https:\/\/www.buceovalencia.com\/?lang=en\/#organization"},"potentialAction":[{"@type":"SearchAction","target":{"@type":"EntryPoint","urlTemplate":"https:\/\/www.buceovalencia.com\/?lang=en\/?s={search_term_string}"},"query-input":{"@type":"PropertyValueSpecification","valueRequired":true,"valueName":"search_term_string"}}],"inLanguage":"en-GB"},{"@type":"Organization","@id":"https:\/\/www.buceovalencia.com\/?lang=en\/#organization","name":"Diving Valencia","url":"https:\/\/www.buceovalencia.com\/?lang=en\/","logo":{"@type":"ImageObject","inLanguage":"en-GB","@id":"https:\/\/www.buceovalencia.com\/?lang=en\/#\/schema\/logo\/image\/","url":"https:\/\/www.buceovalencia.com\/wp-content\/uploads\/2018\/01\/buceovalencia.png","contentUrl":"https:\/\/www.buceovalencia.com\/wp-content\/uploads\/2018\/01\/buceovalencia.png","width":319,"height":263,"caption":"Buceo Valencia"},"image":{"@id":"https:\/\/www.buceovalencia.com\/?lang=en\/#\/schema\/logo\/image\/"},"sameAs":["https:\/\/www.facebook.com\/buceovalencia\/","https:\/\/www.instagram.com\/buceo_valencia\/"]}]}},"_links":{"self":[{"href":"https:\/\/www.buceovalencia.com\/en\/wp-json\/wp\/v2\/product\/9777","targetHints":{"allow":["GET"]}}],"collection":[{"href":"https:\/\/www.buceovalencia.com\/en\/wp-json\/wp\/v2\/product"}],"about":[{"href":"https:\/\/www.buceovalencia.com\/en\/wp-json\/wp\/v2\/types\/product"}],"wp:featuredmedia":[{"embeddable":true,"href":"https:\/\/www.buceovalencia.com\/en\/wp-json\/wp\/v2\/media\/955"}],"wp:attachment":[{"href":"https:\/\/www.buceovalencia.com\/en\/wp-json\/wp\/v2\/media?parent=9777"}],"wp:term":[{"taxonomy":"product_brand","embeddable":true,"href":"https:\/\/www.buceovalencia.com\/en\/wp-json\/wp\/v2\/product_brand?post=9777"},{"taxonomy":"product_cat","embeddable":true,"href":"https:\/\/www.buceovalencia.com\/en\/wp-json\/wp\/v2\/product_cat?post=9777"},{"taxonomy":"product_tag","embeddable":true,"href":"https:\/\/www.buceovalencia.com\/en\/wp-json\/wp\/v2\/product_tag?post=9777"}],"curies":[{"name":"wp","href":"https:\/\/api.w.org\/{rel}","templated":true}]}}