{"id":1800,"date":"2018-05-01T16:28:09","date_gmt":"2018-05-01T14:28:09","guid":{"rendered":"https:\/\/buceovalencia.com\/?page_id=1800"},"modified":"2018-05-01T16:28:56","modified_gmt":"2018-05-01T14:28:56","slug":"association-professionnelle-des-instructeurs-de-plongee","status":"publish","type":"page","link":"https:\/\/www.buceovalencia.com\/fr\/association-professionnelle-des-instructeurs-de-plongee\/","title":{"rendered":"Association professionnelle des instructeurs de plong\u00e9e"},"content":{"rendered":"<p style=\"text-align: left;\"><span style=\"color: #333333; font-size: 16px;\"><strong>PADI<\/strong> <strong>(Association professionnelle des instructeurs de plong\u00e9e)<\/strong> C&#039;est l&#039;organisation de plong\u00e9e la plus reconnue au monde avec le plus grand nombre de certifications. Son activit\u00e9 principale est l&#039;enseignement de la plong\u00e9e loisir, mais elle ne s&#039;y limite pas. Il est \u00e9galement d\u00e9di\u00e9 \u00e0 la formation des professionnels du loisir, \u00e0 la formation en RCR et <a href=\"https:\/\/www.buceovalencia.com\/producto\/emergency-first-response\/\">Premiers soins (EFR)<\/a>formation <a href=\"https:\/\/www.buceovalencia.com\/producto\/buceo-tecnico\/\">plong\u00e9e technique (Tec Rec)<\/a>, \u00e9v\u00e9nements et <a href=\"https:\/\/www.buceovalencia.com\/viajes\/\">voyages de plong\u00e9e<\/a> et la recherche. En collaboration avec la Fondation Project AWARE, il aide l&#039;important projet de conservation de l&#039;environnement sous-marin et sa diffusion \u00e0 travers ses cours et s\u00e9minaires<\/span><\/p>\n<p style=\"text-align: left;\"><span style=\"color: #333333; font-size: 16px;\">Peu importe o\u00f9 vous choisissez de plonger, vous <strong>Certification PADI <\/strong>Il sera reconnu et accept\u00e9 partout dans le monde. <strong>PADI<\/strong> op\u00e8re dans plus de 180 pays et territoires, avec le soutien de plus de 130 000 professionnels (<a href=\"https:\/\/www.buceovalencia.com\/producto\/dive-master\/\">Divemasters<\/a>, <a href=\"https:\/\/www.buceovalencia.com\/producto\/asistente-de-instructor\/\">Assistants instructeurs<\/a> e <a href=\"https:\/\/www.buceovalencia.com\/producto\/curso-instructor-padi\/\">Instructeurs PADI<\/a>) et 5 300 <a href=\"https:\/\/www.buceovalencia.com\/importante\/\">Centres de plong\u00e9e officiels<\/a>. Le mat\u00e9riel p\u00e9dagogique comme les manuels, les DVD et les plongeoirs vous aidera dans votre apprentissage, concentrant ainsi le temps que vous passez avec votre instructeur sur vos int\u00e9r\u00eats ou vos doutes. Tous les <a href=\"https:\/\/www.buceovalencia.com\/cursos-buceeo-valencia\/\">Cours et programmes PADI<\/a> sont enseign\u00e9es selon des normes strictes, en plus <strong>PADI <\/strong>Elle dispose de son propre service de gestion de la qualit\u00e9, pour assurer une satisfaction maximale pour tous.<\/span><\/p>\n<p style=\"text-align: left;\"><span style=\"color: #333333; font-size: 16px;\">Les <a href=\"https:\/\/www.buceovalencia.com\/cursos-buceeo-valencia\/\">Cours PADI<\/a> Ils sont con\u00e7us pour \u00eatre amusants et vous fournir une formation solide \u00e0 travers la pratique et la th\u00e9orie de la plong\u00e9e.<\/span><\/p>\n<p style=\"text-align: left;\"><span style=\"color: #333333; font-size: 16px;\">Le <strong>Syst\u00e8me d&#039;enseignement PADI<\/strong>, Il est bas\u00e9 sur le domaine d&#039;apprentissage, ce qui signifie que dans votre cours, la chose la plus importante est que vous atteignez le niveau de votre certification quel que soit le temps n\u00e9cessaire<\/span><\/p>\n<p style=\"text-align: left;\"><span style=\"color: #333333; font-size: 16px;\">Tous les <a href=\"https:\/\/www.buceovalencia.com\/cursos-buceeo-valencia\/\">Cours PADI<\/a> ils sont r\u00e9gis par des normes de s\u00e9curit\u00e9 strictes, identiques pour tous les cours dispens\u00e9s partout dans le monde. Vous pouvez choisir parmi des programmes d&#039;exp\u00e9rience (<a href=\"https:\/\/www.buceovalencia.com\/producto\/bautizo\/\">D\u00e9couvrez la plong\u00e9e sous-marine<\/a>), cours d&#039;initiation (<a href=\"https:\/\/www.buceovalencia.com\/producto\/open-water\/\">Open Water Diver<\/a>), cours de perfectionnement (<a href=\"https:\/\/www.buceovalencia.com\/producto\/advanced-open-water\/\">Advanced Open Water Diver<\/a>), plus de 25<strong> sp\u00e9cialit\u00e9s de plong\u00e9e<\/strong> (<a href=\"https:\/\/www.buceovalencia.com\/producto\/curso-buceo-nocturno\/\">Plong\u00e9e de nuit<\/a>, Orientation, <a href=\"https:\/\/www.buceovalencia.com\/producto\/curso-buceo-pecios\/\">plong\u00e9e sur \u00e9pave<\/a>) jusqu&#039;au cours de <a href=\"https:\/\/www.buceovalencia.com\/producto\/rescue-diver\/\">Rescue Diver<\/a>, ax\u00e9 sur la pr\u00e9vention des accidents et le sauvetage en mer.<\/span><\/p>\n<p style=\"text-align: left;\"><span style=\"color: #333333; font-size: 16px;\">Si vous souhaitez devenir un professionnel PADI, vous pouvez vous inscrire \u00e0 <a href=\"https:\/\/www.buceovalencia.com\/producto\/dive-master\/\">Cours Divemaster<\/a>continuer avec le <a href=\"https:\/\/www.buceovalencia.com\/producto\/asistente-de-instructor\/\">Cours Assistant Instructeur<\/a> e <a href=\"https:\/\/www.buceovalencia.com\/producto\/curso-instructor-padi\/\">Instructeur PADI.<\/a><\/span><\/p>\n<p style=\"text-align: left;\"><span style=\"color: #333333; font-size: 16px;\"><a href=\"https:\/\/www.buceovalencia.com\/\">PLONGEE<\/a>comme <strong>PADI Official Center 5 \u00c9TOILES IDC <\/strong>peut vous proposer tous ces cours, toujours anim\u00e9s par des moniteurs professionnels suivant les <strong>Normes PADI.<\/strong><\/span><\/p>\n<p style=\"text-align: left;\"><span style=\"font-size: 16px;\">\u00a0<\/span><\/p>","protected":false},"excerpt":{"rendered":"<p>PADI ( Professional Association of Diving Instructors) es la m\u00e1s reconocida organizaci\u00f3n de buceo en todo el mundo con el mayor n\u00famero de certificaciones. Su principal actividad es la ense\u00f1anza de buceo recreativo, pero no se limita a ello. Tambi\u00e9n se dedica a la formaci\u00f3n de profesionales recreativos, entrenamiento de RCP y Primeros Auxilios (EFR), [&hellip;]<\/p>\n","protected":false},"author":1,"featured_media":0,"parent":0,"menu_order":0,"comment_status":"closed","ping_status":"closed","template":"","meta":{"_et_pb_use_builder":"","_et_pb_old_content":"","_et_gb_content_width":"","footnotes":""},"class_list":["post-1800","page","type-page","status-publish","hentry"],"yoast_head":"<!-- This site is optimized with the Yoast SEO plugin v27.3 - https:\/\/yoast.com\/product\/yoast-seo-wordpress\/ -->\n<title>Professional Association of Diving Instructors - Buceo Valencia<\/title>\n<meta name=\"robots\" content=\"index, follow, max-snippet:-1, max-image-preview:large, max-video-preview:-1\" \/>\n<link rel=\"canonical\" href=\"https:\/\/www.buceovalencia.com\/fr\/association-professionnelle-des-instructeurs-de-plongee\/?lang=en\" \/>\n<meta property=\"og:locale\" content=\"fr_FR\" \/>\n<meta property=\"og:type\" content=\"article\" \/>\n<meta property=\"og:title\" content=\"Professional Association of Diving Instructors - Buceo Valencia\" \/>\n<meta property=\"og:description\" content=\"PADI ( Professional Association of Diving Instructors) es la m\u00e1s reconocida organizaci\u00f3n de buceo en todo el mundo con el mayor n\u00famero de certificaciones. Su principal actividad es la ense\u00f1anza de buceo recreativo, pero no se limita a ello. Tambi\u00e9n se dedica a la formaci\u00f3n de profesionales recreativos, entrenamiento de RCP y Primeros Auxilios (EFR), [&hellip;]\" \/>\n<meta property=\"og:url\" content=\"https:\/\/www.buceovalencia.com\/fr\/association-professionnelle-des-instructeurs-de-plongee\/?lang=en\" \/>\n<meta property=\"og:site_name\" content=\"Buceo Valencia\" \/>\n<meta property=\"article:publisher\" content=\"https:\/\/www.facebook.com\/buceovalencia\/\" \/>\n<meta property=\"article:modified_time\" content=\"2018-05-01T14:28:56+00:00\" \/>\n<meta name=\"twitter:label1\" content=\"Dur\u00e9e de lecture estim\u00e9e\" \/>\n\t<meta name=\"twitter:data1\" content=\"2 minutes\" \/>\n<script type=\"application\/ld+json\" class=\"yoast-schema-graph\">{\"@context\":\"https:\\\/\\\/schema.org\",\"@graph\":[{\"@type\":\"WebPage\",\"@id\":\"https:\\\/\\\/www.buceovalencia.com\\\/professional-association-of-diving-instructors\\\/?lang=en\",\"url\":\"https:\\\/\\\/www.buceovalencia.com\\\/professional-association-of-diving-instructors\\\/?lang=en\",\"name\":\"Professional Association of Diving Instructors - Buceo Valencia\",\"isPartOf\":{\"@id\":\"https:\\\/\\\/www.buceovalencia.com\\\/?lang=en\\\/#website\"},\"datePublished\":\"2018-05-01T14:28:09+00:00\",\"dateModified\":\"2018-05-01T14:28:56+00:00\",\"breadcrumb\":{\"@id\":\"https:\\\/\\\/www.buceovalencia.com\\\/professional-association-of-diving-instructors\\\/?lang=en#breadcrumb\"},\"inLanguage\":\"fr-FR\",\"potentialAction\":[{\"@type\":\"ReadAction\",\"target\":[\"https:\\\/\\\/www.buceovalencia.com\\\/professional-association-of-diving-instructors\\\/?lang=en\"]}]},{\"@type\":\"BreadcrumbList\",\"@id\":\"https:\\\/\\\/www.buceovalencia.com\\\/professional-association-of-diving-instructors\\\/?lang=en#breadcrumb\",\"itemListElement\":[{\"@type\":\"ListItem\",\"position\":1,\"name\":\"Portada\",\"item\":\"https:\\\/\\\/www.buceovalencia.com\\\/\"},{\"@type\":\"ListItem\",\"position\":2,\"name\":\"Professional Association of Diving Instructors\"}]},{\"@type\":\"WebSite\",\"@id\":\"https:\\\/\\\/www.buceovalencia.com\\\/?lang=en\\\/#website\",\"url\":\"https:\\\/\\\/www.buceovalencia.com\\\/?lang=en\\\/\",\"name\":\"Buceo Valencia\",\"description\":\"Tu centro de buceo\",\"publisher\":{\"@id\":\"https:\\\/\\\/www.buceovalencia.com\\\/?lang=en\\\/#organization\"},\"potentialAction\":[{\"@type\":\"SearchAction\",\"target\":{\"@type\":\"EntryPoint\",\"urlTemplate\":\"https:\\\/\\\/www.buceovalencia.com\\\/?lang=en\\\/?s={search_term_string}\"},\"query-input\":{\"@type\":\"PropertyValueSpecification\",\"valueRequired\":true,\"valueName\":\"search_term_string\"}}],\"inLanguage\":\"fr-FR\"},{\"@type\":\"Organization\",\"@id\":\"https:\\\/\\\/www.buceovalencia.com\\\/?lang=en\\\/#organization\",\"name\":\"Buceo Valencia\",\"url\":\"https:\\\/\\\/www.buceovalencia.com\\\/?lang=en\\\/\",\"logo\":{\"@type\":\"ImageObject\",\"inLanguage\":\"fr-FR\",\"@id\":\"https:\\\/\\\/www.buceovalencia.com\\\/?lang=en\\\/#\\\/schema\\\/logo\\\/image\\\/\",\"url\":\"https:\\\/\\\/www.buceovalencia.com\\\/wp-content\\\/uploads\\\/2018\\\/01\\\/buceovalencia.png\",\"contentUrl\":\"https:\\\/\\\/www.buceovalencia.com\\\/wp-content\\\/uploads\\\/2018\\\/01\\\/buceovalencia.png\",\"width\":319,\"height\":263,\"caption\":\"Buceo Valencia\"},\"image\":{\"@id\":\"https:\\\/\\\/www.buceovalencia.com\\\/?lang=en\\\/#\\\/schema\\\/logo\\\/image\\\/\"},\"sameAs\":[\"https:\\\/\\\/www.facebook.com\\\/buceovalencia\\\/\",\"https:\\\/\\\/www.instagram.com\\\/buceo_valencia\\\/\"]}]}<\/script>\n<!-- \/ Yoast SEO plugin. -->","yoast_head_json":{"title":"Association professionnelle des instructeurs de plong\u00e9e - Buceo Valencia","robots":{"index":"index","follow":"follow","max-snippet":"max-snippet:-1","max-image-preview":"max-image-preview:large","max-video-preview":"max-video-preview:-1"},"canonical":"https:\/\/www.buceovalencia.com\/fr\/association-professionnelle-des-instructeurs-de-plongee\/?lang=en","og_locale":"fr_FR","og_type":"article","og_title":"Professional Association of Diving Instructors - Buceo Valencia","og_description":"PADI ( Professional Association of Diving Instructors) es la m\u00e1s reconocida organizaci\u00f3n de buceo en todo el mundo con el mayor n\u00famero de certificaciones. Su principal actividad es la ense\u00f1anza de buceo recreativo, pero no se limita a ello. Tambi\u00e9n se dedica a la formaci\u00f3n de profesionales recreativos, entrenamiento de RCP y Primeros Auxilios (EFR), [&hellip;]","og_url":"https:\/\/www.buceovalencia.com\/fr\/association-professionnelle-des-instructeurs-de-plongee\/?lang=en","og_site_name":"Buceo Valencia","article_publisher":"https:\/\/www.facebook.com\/buceovalencia\/","article_modified_time":"2018-05-01T14:28:56+00:00","twitter_misc":{"Dur\u00e9e de lecture estim\u00e9e":"2 minutes"},"schema":{"@context":"https:\/\/schema.org","@graph":[{"@type":"WebPage","@id":"https:\/\/www.buceovalencia.com\/professional-association-of-diving-instructors\/?lang=en","url":"https:\/\/www.buceovalencia.com\/professional-association-of-diving-instructors\/?lang=en","name":"Association professionnelle des instructeurs de plong\u00e9e - Buceo Valencia","isPartOf":{"@id":"https:\/\/www.buceovalencia.com\/?lang=en\/#website"},"datePublished":"2018-05-01T14:28:09+00:00","dateModified":"2018-05-01T14:28:56+00:00","breadcrumb":{"@id":"https:\/\/www.buceovalencia.com\/professional-association-of-diving-instructors\/?lang=en#breadcrumb"},"inLanguage":"fr-FR","potentialAction":[{"@type":"ReadAction","target":["https:\/\/www.buceovalencia.com\/professional-association-of-diving-instructors\/?lang=en"]}]},{"@type":"BreadcrumbList","@id":"https:\/\/www.buceovalencia.com\/professional-association-of-diving-instructors\/?lang=en#breadcrumb","itemListElement":[{"@type":"ListItem","position":1,"name":"Portada","item":"https:\/\/www.buceovalencia.com\/"},{"@type":"ListItem","position":2,"name":"Professional Association of Diving Instructors"}]},{"@type":"WebSite","@id":"https:\/\/www.buceovalencia.com\/?lang=en\/#website","url":"https:\/\/www.buceovalencia.com\/?lang=en\/","name":"Plong\u00e9e Valence","description":"votre centre de plong\u00e9e","publisher":{"@id":"https:\/\/www.buceovalencia.com\/?lang=en\/#organization"},"potentialAction":[{"@type":"SearchAction","target":{"@type":"EntryPoint","urlTemplate":"https:\/\/www.buceovalencia.com\/?lang=en\/?s={search_term_string}"},"query-input":{"@type":"PropertyValueSpecification","valueRequired":true,"valueName":"search_term_string"}}],"inLanguage":"fr-FR"},{"@type":"Organization","@id":"https:\/\/www.buceovalencia.com\/?lang=en\/#organization","name":"Plong\u00e9e Valence","url":"https:\/\/www.buceovalencia.com\/?lang=en\/","logo":{"@type":"ImageObject","inLanguage":"fr-FR","@id":"https:\/\/www.buceovalencia.com\/?lang=en\/#\/schema\/logo\/image\/","url":"https:\/\/www.buceovalencia.com\/wp-content\/uploads\/2018\/01\/buceovalencia.png","contentUrl":"https:\/\/www.buceovalencia.com\/wp-content\/uploads\/2018\/01\/buceovalencia.png","width":319,"height":263,"caption":"Buceo Valencia"},"image":{"@id":"https:\/\/www.buceovalencia.com\/?lang=en\/#\/schema\/logo\/image\/"},"sameAs":["https:\/\/www.facebook.com\/buceovalencia\/","https:\/\/www.instagram.com\/buceo_valencia\/"]}]}},"_links":{"self":[{"href":"https:\/\/www.buceovalencia.com\/fr\/wp-json\/wp\/v2\/pages\/1800","targetHints":{"allow":["GET"]}}],"collection":[{"href":"https:\/\/www.buceovalencia.com\/fr\/wp-json\/wp\/v2\/pages"}],"about":[{"href":"https:\/\/www.buceovalencia.com\/fr\/wp-json\/wp\/v2\/types\/page"}],"author":[{"embeddable":true,"href":"https:\/\/www.buceovalencia.com\/fr\/wp-json\/wp\/v2\/users\/1"}],"replies":[{"embeddable":true,"href":"https:\/\/www.buceovalencia.com\/fr\/wp-json\/wp\/v2\/comments?post=1800"}],"version-history":[{"count":0,"href":"https:\/\/www.buceovalencia.com\/fr\/wp-json\/wp\/v2\/pages\/1800\/revisions"}],"wp:attachment":[{"href":"https:\/\/www.buceovalencia.com\/fr\/wp-json\/wp\/v2\/media?parent=1800"}],"curies":[{"name":"wp","href":"https:\/\/api.w.org\/{rel}","templated":true}]}}