{"id":8345,"date":"2022-05-05T19:31:37","date_gmt":"2022-05-05T17:31:37","guid":{"rendered":"https:\/\/www.buceovalencia.com\/?page_id=8345"},"modified":"2022-05-16T23:23:59","modified_gmt":"2022-05-16T21:23:59","slug":"faq","status":"publish","type":"page","link":"https:\/\/www.buceovalencia.com\/fr\/faq\/","title":{"rendered":"FAQ"},"content":{"rendered":"<p>[et_pb_section fb_built=\u00bb1&#8243; custom_padding_last_edited=\u00bbon|phone\u00bb next_background_color=\u00bb#ffffff\u00bb _builder_version=\u00bb4.17.4&#8243; _module_preset=\u00bbdefault\u00bb background_enable_color=\u00bboff\u00bb background_image=\u00bbhttps:\/\/www.buceovalencia.com\/wp-content\/uploads\/2022\/05\/faqs.jpg\u00bb module_alignment=\u00bbcenter\u00bb custom_padding=\u00bb164px||164px||true|false\u00bb custom_padding_tablet=\u00bb164px||164px||true|false\u00bb custom_padding_phone=\u00bb53px||73px||false|false\u00bb bottom_divider_style=\u00bbwaves2&#8243; bottom_divider_height_tablet=\u00bb\u00bb bottom_divider_height_phone=\u00bb42px\u00bb bottom_divider_height_last_edited=\u00bbon|phone\u00bb hover_enabled=\u00bb0&#8243; global_colors_info=\u00bb{}\u00bb parallax=\u00bbon\u00bb title_text=\u00bbfaqs\u00bb sticky_enabled=\u00bb0&#8243;][et_pb_row custom_padding_last_edited=\u00bbon|phone\u00bb _builder_version=\u00bb4.17.3&#8243; _module_preset=\u00bbdefault\u00bb custom_padding=\u00bb||||false|false\u00bb custom_padding_tablet=\u00bb||||false|false\u00bb custom_padding_phone=\u00bb0px||||false|false\u00bb global_colors_info=\u00bb{}\u00bb][et_pb_column type=\u00bb4_4&#8243; _builder_version=\u00bb4.17.3&#8243; _module_preset=\u00bbdefault\u00bb global_colors_info=\u00bb{}\u00bb][dsm_block_reveal_text block_reveal_text=\u00bbPreguntas frecuentes\u00bb block_reveal_color=\u00bb#3658A4&#8243; _builder_version=\u00bb4.17.3&#8243; _module_preset=\u00bbdefault\u00bb header_font=\u00bb|800|||||||\u00bb header_text_align=\u00bbcenter\u00bb header_text_color=\u00bb#FFFFFF\u00bb header_font_size=\u00bb60px\u00bb header_font_size_tablet=\u00bb60px\u00bb header_font_size_phone=\u00bb32px\u00bb header_font_size_last_edited=\u00bbon|phone\u00bb global_colors_info=\u00bb{}\u00bb][\/dsm_block_reveal_text][\/et_pb_column][\/et_pb_row][\/et_pb_section][et_pb_section fb_built=\u00bb1&#8243; custom_padding_last_edited=\u00bboff|phone\u00bb _builder_version=\u00bb4.17.3&#8243; _module_preset=\u00bbdefault\u00bb custom_padding=\u00bb0px||||false|false\u00bb custom_padding_tablet=\u00bb0px||||false|false\u00bb custom_padding_phone=\u00bb7px||||false|false\u00bb global_colors_info=\u00bb{}\u00bb][et_pb_row _builder_version=\u00bb4.17.3&#8243; _module_preset=\u00bbdefault\u00bb custom_padding=\u00bb||5px|||\u00bb global_colors_info=\u00bb{}\u00bb][et_pb_column type=\u00bb4_4&#8243; _builder_version=\u00bb4.17.3&#8243; _module_preset=\u00bbdefault\u00bb global_colors_info=\u00bb{}\u00bb][et_pb_image src=\u00bbhttps:\/\/www.buceovalencia.com\/wp-content\/uploads\/2022\/04\/separadormar01.png\u00bb title_text=\u00bbseparadormar01&#8243; align=\u00bbcenter\u00bb _builder_version=\u00bb4.17.3&#8243; _module_preset=\u00bbdefault\u00bb custom_margin=\u00bb40px||9px||false|false\u00bb custom_margin_tablet=\u00bb|||10px|false|false\u00bb custom_margin_phone=\u00bb|||10px|false|false\u00bb custom_margin_last_edited=\u00bboff|desktop\u00bb global_colors_info=\u00bb{}\u00bb][\/et_pb_image][\/et_pb_column][\/et_pb_row][et_pb_row column_structure=\u00bb1_2,1_2&#8243; use_custom_gutter=\u00bbon\u00bb gutter_width=\u00bb2&#8243; _builder_version=\u00bb4.17.3&#8243; _module_preset=\u00bbdefault\u00bb width=\u00bb74%\u00bb width_tablet=\u00bb94%\u00bb width_phone=\u00bb94%\u00bb width_last_edited=\u00bbon|phone\u00bb max_width=\u00bb2560px\u00bb custom_padding=\u00bb5px||||false|false\u00bb global_colors_info=\u00bb{}\u00bb][et_pb_column type=\u00bb1_2&#8243; _builder_version=\u00bb4.17.3&#8243; _module_preset=\u00bbdefault\u00bb global_colors_info=\u00bb{}\u00bb][et_pb_accordion open_toggle_text_color=\u00bb#000000&#8243; closed_toggle_background_color=\u00bb#3658A4&#8243; toggle_icon=\u00bb&#x3f;||divi||400&#8243; icon_color=\u00bb#FF8500&#8243; use_icon_font_size=\u00bbon\u00bb icon_font_size=\u00bb18px\u00bb _builder_version=\u00bb4.17.3&#8243; _module_preset=\u00bbdefault\u00bb toggle_text_color=\u00bb#FFFFFF\u00bb toggle_font=\u00bb|||on|||||\u00bb closed_toggle_font=\u00bb|300||on|||||\u00bb body_font=\u00bb|300|||||||\u00bb body_font_size=\u00bb18px\u00bb global_colors_info=\u00bb{}\u00bb][et_pb_accordion_item title=\u00bbVacio\u00bb open=\u00bbon\u00bb _builder_version=\u00bb4.17.3&#8243; _module_preset=\u00bbdefault\u00bb custom_css_main_element=\u00bbdisplay:none\u00bb global_colors_info=\u00bb{}\u00bb][\/et_pb_accordion_item][et_pb_accordion_item title=\u00bb\u00bfDesde qu\u00e9 edad puedo comenzar a bucear?\u00bb icon_color=\u00bb#FF8500&#8243; toggle_icon=\u00bb&#x3f;||divi||400&#8243; use_icon_font_size=\u00bbon\u00bb icon_font_size=\u00bb19px\u00bb _builder_version=\u00bb4.17.3&#8243; _module_preset=\u00bbdefault\u00bb global_colors_info=\u00bb{}\u00bb open=\u00bboff\u00bb]<\/p>\n<p>A partir de los 10 a\u00f1os con permiso del tutor\/a, Aunque PADI puede requerir edades superiores para algunos de sus cursos.<\/p>\n<p>[\/et_pb_accordion_item][et_pb_accordion_item title=\u00bb\u00bfD\u00f3nde puede bucear con el certificado de OW PADI?\u00bb toggle_icon=\u00bb&#x3f;||divi||400&#8243; _builder_version=\u00bb4.17.3&#8243; _module_preset=\u00bbdefault\u00bb global_colors_info=\u00bb{}\u00bb open=\u00bboff\u00bb]<\/p>\n<p>Por todo el mundo, ya que es un carnet internacional.<\/p>\n<p>[\/et_pb_accordion_item][et_pb_accordion_item title=\u00bbTengo limitaciones f\u00edsicas \u00bfpuedo bucear?\u00bb toggle_icon=\u00bb&#x3f;||divi||400&#8243; _builder_version=\u00bb4.17.3&#8243; _module_preset=\u00bbdefault\u00bb global_colors_info=\u00bb{}\u00bb open=\u00bboff\u00bb]<\/p>\n<p>Cualquier persona puede aprender a bucear y obtener la certificaci\u00f3n, siempre que superes los conocimientos te\u00f3ricos y todas las destrezas pr\u00e1cticas.<br \/>A nivel f\u00edsico, en Espa\u00f1a, se exige que un m\u00e9dico reeval\u00fae tu condici\u00f3n f\u00edsica.<\/p>\n<p>[\/et_pb_accordion_item][et_pb_accordion_item title=\u00bb\u00bfDonde puedo conseguir un medico especialista en buceo?\u00bb toggle_icon=\u00bb&#x3f;||divi||400&#8243; _builder_version=\u00bb4.17.3&#8243; _module_preset=\u00bbdefault\u00bb global_colors_info=\u00bb{}\u00bb open=\u00bboff\u00bb]<\/p>\n<p>Buceo Valencia puede contactarte con el m\u00e9dico que colabora con nuestra escuela. Contacta con nosotros para m\u00e1s informaci\u00f3n.<\/p>\n<p>[\/et_pb_accordion_item][et_pb_accordion_item title=\u00bb\u00bfCu\u00e1nto tardo en obtener el certificado de OW PADI?\u00bb toggle_icon=\u00bb&#x3f;||divi||400&#8243; _builder_version=\u00bb4.17.3&#8243; _module_preset=\u00bbdefault\u00bb global_colors_info=\u00bb{}\u00bb open=\u00bboff\u00bb]<\/p>\n<p>La parte te\u00f3rica la puedes hacer online, por lo tanto, progresas a tu propio ritmo. Ya solo tenemos que quedar para hacer las pr\u00e1cticas que ser\u00e1n dos d\u00edas.<\/p>\n<p>[\/et_pb_accordion_item][et_pb_accordion_item title=\u00bb\u00bfQu\u00e9 equipo de buceo necesito para hacer el curso?\u00bb toggle_icon=\u00bb&#x3f;||divi||400&#8243; _builder_version=\u00bb4.17.3&#8243; _module_preset=\u00bbdefault\u00bb global_colors_info=\u00bb{}\u00bb open=\u00bboff\u00bb]<\/p>\n<p>Buceo Valencia te facilita todo el material necesario (regulador, chaleco, ordenador, botella, traje, plomos, aletas). Aunque T\u00fa debes tener el material que necesita un nivel de higiene m\u00e1s personal, escarpines, boquilla del regulador. En nuestra tienda te ayudaremos a elegir el equipo que mejor se adapte a tus caracter\u00edsticas, e incluso te ofrecemos un pack de aletas, m\u00e1scara y tubo a buen precio.<\/p>\n<p>[\/et_pb_accordion_item][et_pb_accordion_item title=\u00bbDe peque\u00f1o en la piscina me dol\u00edan mucho los o\u00eddos cuando me sumerg\u00eda, \u00bfpodr\u00e9 bucear?\u00bb toggle_icon=\u00bb&#x3f;||divi||400&#8243; _builder_version=\u00bb4.17.3&#8243; _module_preset=\u00bbdefault\u00bb global_colors_info=\u00bb{}\u00bb toggle_line_height=\u00bb1.2em\u00bb open=\u00bboff\u00bb]<\/p>\n<p>S\u00ed, suponiendo que no tienes irregularidades en tus o\u00eddos y senos. El malestar es el efecto normal de la presi\u00f3n del agua en tus o\u00eddos.<br \/>Afortunadamente, nuestros cuerpos est\u00e1n dise\u00f1ados para ajustar los cambios de presi\u00f3n en nuestros o\u00eddos (solo necesitas aprender c\u00f3mo).<br \/>Si no tienes dificultades en ajustar la presi\u00f3n del aire durante un vuelo, probablemente no experimentar\u00e1s problemas para aprender a ajustar la presi\u00f3n del agua cuando bucees.<br \/>El m\u00e9dico que certifica te har\u00e1 una inspecci\u00f3n completa, incluso mirando la compensaci\u00f3n en tus t\u00edmpanos.<\/p>\n<p>[\/et_pb_accordion_item][et_pb_accordion_item title=\u00bbYo fumo, \u00bfpuedo bucear?\u00bb toggle_icon=\u00bb&#x3f;||divi||400&#8243; _builder_version=\u00bb4.17.3&#8243; _module_preset=\u00bbdefault\u00bb global_colors_info=\u00bb{}\u00bb open=\u00bboff\u00bb]<\/p>\n<p>En principio s\u00ed, aunque quiz\u00e1s sea un buen momento para pensar en dejarlo. Solo el m\u00e9dico puede evaluar tu riesgo.<\/p>\n<p>[\/et_pb_accordion_item][\/et_pb_accordion][\/et_pb_column][et_pb_column type=\u00bb1_2&#8243; _builder_version=\u00bb4.17.3&#8243; _module_preset=\u00bbdefault\u00bb global_colors_info=\u00bb{}\u00bb][et_pb_accordion open_toggle_text_color=\u00bb#000000&#8243; closed_toggle_background_color=\u00bb#3658A4&#8243; toggle_icon=\u00bb&#x3f;||divi||400&#8243; icon_color=\u00bb#FF8500&#8243; use_icon_font_size=\u00bbon\u00bb icon_font_size=\u00bb18px\u00bb _builder_version=\u00bb4.17.3&#8243; _module_preset=\u00bbdefault\u00bb toggle_text_color=\u00bb#FFFFFF\u00bb toggle_font=\u00bb|||on|||||\u00bb closed_toggle_font=\u00bb|300||on|||||\u00bb body_font=\u00bb|300|||||||\u00bb body_font_size=\u00bb18px\u00bb global_colors_info=\u00bb{}\u00bb][et_pb_accordion_item title=\u00bbBlanco\u00bb open=\u00bbon\u00bb _builder_version=\u00bb4.17.3&#8243; _module_preset=\u00bbdefault\u00bb custom_css_main_element=\u00bbdisplay:none\u00bb global_colors_info=\u00bb{}\u00bb][\/et_pb_accordion_item][et_pb_accordion_item title=\u00bb\u00bfTienen las mujeres alguna consideraci\u00f3n especial con respecto al buceo?\u00bb icon_color=\u00bb#FF8500&#8243; toggle_icon=\u00bb&#x3f;||divi||400&#8243; use_icon_font_size=\u00bbon\u00bb icon_font_size=\u00bb19px\u00bb _builder_version=\u00bb4.17.3&#8243; _module_preset=\u00bbdefault\u00bb global_colors_info=\u00bb{}\u00bb open=\u00bboff\u00bb]<\/p>\n<p>Aparte del embarazo, no. Como los fisi\u00f3logos saben poco acerca de los efectos del buceo sobre el feto, la recomendaci\u00f3n es que las mujeres eviten bucear durante el embarazo o cuando intentan quedar embarazadas.<br \/>La menstruaci\u00f3n, normalmente, no es una preocupaci\u00f3n.<\/p>\n<p>[\/et_pb_accordion_item][et_pb_accordion_item title=\u00bb\u00bfCu\u00e1nto dura una botella de aire?\u00bb toggle_icon=\u00bb&#x3f;||divi||400&#8243; _builder_version=\u00bb4.17.3&#8243; _module_preset=\u00bbdefault\u00bb global_colors_info=\u00bb{}\u00bb open=\u00bboff\u00bb]<\/p>\n<p>Esta es una de las preguntas m\u00e1s comunes, y la respuesta es relativa: toda la gente respira a diferentes velocidades, y se respira m\u00e1s r\u00e1pido cuando se trota que estando sentado, por ejemplo. As\u00ed, mientras m\u00e1s profundo se vaya, m\u00e1s aire se consumir\u00e1.<br \/>Adem\u00e1s, existen botellas de diferentes tama\u00f1os, y siempre que se bucea, se lleva un man\u00f3metro para controlar la cantidad de aire que queda en la botella.<\/p>\n<p>[\/et_pb_accordion_item][et_pb_accordion_item title=\u00bb\u00bfEl buceo es peligroso?\u00bb toggle_icon=\u00bb&#x3f;||divi||400&#8243; _builder_version=\u00bb4.17.3&#8243; _module_preset=\u00bbdefault\u00bb global_colors_info=\u00bb{}\u00bb open=\u00bboff\u00bb]<\/p>\n<p>Las estad\u00edsticas muestran que es m\u00e1s seguro bucear que nadar y que muchos otros deportes de tierra firme. S\u00ed, existen riesgos potenciales, y es por eso que se necesita asistir a un curso.<br \/>Igualmente, bucear es igual que manejar un auto: si se respetan las reglas y se usa el sentido com\u00fan, no tendr\u00eda que existir ning\u00fan peligro.<\/p>\n<p>[\/et_pb_accordion_item][et_pb_accordion_item title=\u00bb\u00bfHay incompatibilidad entre usar lentes de aumento y bucear?\u00bb toggle_icon=\u00bb&#x3f;||divi||400&#8243; _builder_version=\u00bb4.17.3&#8243; _module_preset=\u00bbdefault\u00bb global_colors_info=\u00bb{}\u00bb open=\u00bboff\u00bb]<\/p>\n<p>No. Si se usan lentes de contacto no deber\u00edan existir problemas para bucear con ellas. Tambi\u00e9n hay la opci\u00f3n de graduar los cristales de la m\u00e1scara de buceo en una \u00f3ptica profesional.<\/p>\n<p>[\/et_pb_accordion_item][et_pb_accordion_item title=\u00bb\u00bfTengo que ser buen nadador\/a para bucear?\u00bb toggle_icon=\u00bb&#x3f;||divi||400&#8243; _builder_version=\u00bb4.17.3&#8243; _module_preset=\u00bbdefault\u00bb global_colors_info=\u00bb{}\u00bb open=\u00bboff\u00bb]<\/p>\n<p>Necesitas habilidades b\u00e1sicas de nataci\u00f3n para poder mantenerte con confianza en el agua<\/p>\n<p>[\/et_pb_accordion_item][et_pb_accordion_item title=\u00bbY despu\u00e9s del curso o bautizo, \u00bfqu\u00e9?\u00bb toggle_icon=\u00bb&#x3f;||divi||400&#8243; _builder_version=\u00bb4.17.3&#8243; _module_preset=\u00bbdefault\u00bb global_colors_info=\u00bb{}\u00bb open=\u00bboff\u00bb]<\/p>\n<p>Te ofrecemos el siguiente nivel, para que te sientas m\u00e1s seguro, ya que sigues aprendiendo de nuestra mano y, por supuesto, bucear. Ven con nosotros a hacer un viaje de buceo, es un sue\u00f1o.<\/p>\n<p>[\/et_pb_accordion_item][et_pb_accordion_item title=\u00bb\u00bfQue tengo que llevar para iniciar el curso de buceo?\u00bb toggle_icon=\u00bb&#x3f;||divi||400&#8243; _builder_version=\u00bb4.17.3&#8243; _module_preset=\u00bbdefault\u00bb global_colors_info=\u00bb{}\u00bb toggle_line_height=\u00bb1.2em\u00bb open=\u00bboff\u00bb]<\/p>\n<p>Solo tienes que traernos el certificado m\u00e9dico al d\u00eda, una foto tipo carnet y una fotocopia del DNI.<\/p>\n<p>[\/et_pb_accordion_item][\/et_pb_accordion][\/et_pb_column][\/et_pb_row][\/et_pb_section]<\/p>\n","protected":false},"excerpt":{"rendered":"<p><div class=\"et_pb_module dsm_block_reveal_text dsm_block_reveal_text_0\">\n\t\t\t\t\n\t\t\t\t\n\t\t\t\t\n\t\t\t\t\n\t\t\t\t\n\t\t\t\t\n\t\t\t\t<div class=\"et_pb_module_inner\">\n\t\t\t\t\t<div class=\"dsm_block_reveal_text_wrapper\" data-dsm-block-reveal-animation=\"lr\" data-dsm-block-reveal-color=\"#3658A4\" data-dsm-block-reveal-delay=\"0.1\" data-dsm-block-reveal-viewport=\"80%\"><h2 class=\"dsm_block_reveal_text_header et_pb_module_header\">Preguntas frecuentes<\/h2><\/div>\n\t\t\t\t<\/div>\n\t\t\t<\/div>A partir de los 10 a\u00f1os con permiso del tutor\/a, Aunque PADI puede requerir edades superiores para algunos de sus cursos.Por todo el mundo, ya que es un carnet internacional.Cualquier persona puede aprender a bucear y obtener la certificaci\u00f3n, siempre que superes [&hellip;]<\/p>\n","protected":false},"author":1,"featured_media":0,"parent":0,"menu_order":0,"comment_status":"closed","ping_status":"closed","template":"","meta":{"_et_pb_use_builder":"on","_et_pb_old_content":"","_et_gb_content_width":"","footnotes":""},"class_list":["post-8345","page","type-page","status-publish","hentry"],"yoast_head":"<!-- This site is optimized with the Yoast SEO plugin v27.3 - https:\/\/yoast.com\/product\/yoast-seo-wordpress\/ -->\n<title>FAQs - Buceo Valencia<\/title>\n<meta name=\"robots\" content=\"index, follow, max-snippet:-1, max-image-preview:large, max-video-preview:-1\" \/>\n<link rel=\"canonical\" href=\"https:\/\/www.buceovalencia.com\/fr\/faq\/\" \/>\n<meta property=\"og:locale\" content=\"fr_FR\" \/>\n<meta property=\"og:type\" content=\"article\" \/>\n<meta property=\"og:title\" content=\"FAQs - Buceo Valencia\" \/>\n<meta property=\"og:description\" content=\"A partir de los 10 a\u00f1os con permiso del tutor\/a, Aunque PADI puede requerir edades superiores para algunos de sus cursos.Por todo el mundo, ya que es un carnet internacional.Cualquier persona puede aprender a bucear y obtener la certificaci\u00f3n, siempre que superes [&hellip;]\" \/>\n<meta property=\"og:url\" content=\"https:\/\/www.buceovalencia.com\/fr\/faq\/\" \/>\n<meta property=\"og:site_name\" content=\"Buceo Valencia\" \/>\n<meta property=\"article:publisher\" content=\"https:\/\/www.facebook.com\/buceovalencia\/\" \/>\n<meta property=\"article:modified_time\" content=\"2022-05-16T21:23:59+00:00\" \/>\n<meta name=\"twitter:label1\" content=\"Dur\u00e9e de lecture estim\u00e9e\" \/>\n\t<meta name=\"twitter:data1\" content=\"8 minutes\" \/>\n<script type=\"application\/ld+json\" class=\"yoast-schema-graph\">{\"@context\":\"https:\\\/\\\/schema.org\",\"@graph\":[{\"@type\":\"WebPage\",\"@id\":\"https:\\\/\\\/www.buceovalencia.com\\\/faqs\\\/\",\"url\":\"https:\\\/\\\/www.buceovalencia.com\\\/faqs\\\/\",\"name\":\"FAQs - Buceo Valencia\",\"isPartOf\":{\"@id\":\"https:\\\/\\\/www.buceovalencia.com\\\/?lang=en\\\/#website\"},\"datePublished\":\"2022-05-05T17:31:37+00:00\",\"dateModified\":\"2022-05-16T21:23:59+00:00\",\"breadcrumb\":{\"@id\":\"https:\\\/\\\/www.buceovalencia.com\\\/faqs\\\/#breadcrumb\"},\"inLanguage\":\"fr-FR\",\"potentialAction\":[{\"@type\":\"ReadAction\",\"target\":[\"https:\\\/\\\/www.buceovalencia.com\\\/faqs\\\/\"]}]},{\"@type\":\"BreadcrumbList\",\"@id\":\"https:\\\/\\\/www.buceovalencia.com\\\/faqs\\\/#breadcrumb\",\"itemListElement\":[{\"@type\":\"ListItem\",\"position\":1,\"name\":\"Portada\",\"item\":\"https:\\\/\\\/www.buceovalencia.com\\\/\"},{\"@type\":\"ListItem\",\"position\":2,\"name\":\"FAQs\"}]},{\"@type\":\"WebSite\",\"@id\":\"https:\\\/\\\/www.buceovalencia.com\\\/?lang=en\\\/#website\",\"url\":\"https:\\\/\\\/www.buceovalencia.com\\\/?lang=en\\\/\",\"name\":\"Buceo Valencia\",\"description\":\"Tu centro de buceo\",\"publisher\":{\"@id\":\"https:\\\/\\\/www.buceovalencia.com\\\/?lang=en\\\/#organization\"},\"potentialAction\":[{\"@type\":\"SearchAction\",\"target\":{\"@type\":\"EntryPoint\",\"urlTemplate\":\"https:\\\/\\\/www.buceovalencia.com\\\/?lang=en\\\/?s={search_term_string}\"},\"query-input\":{\"@type\":\"PropertyValueSpecification\",\"valueRequired\":true,\"valueName\":\"search_term_string\"}}],\"inLanguage\":\"fr-FR\"},{\"@type\":\"Organization\",\"@id\":\"https:\\\/\\\/www.buceovalencia.com\\\/?lang=en\\\/#organization\",\"name\":\"Buceo Valencia\",\"url\":\"https:\\\/\\\/www.buceovalencia.com\\\/?lang=en\\\/\",\"logo\":{\"@type\":\"ImageObject\",\"inLanguage\":\"fr-FR\",\"@id\":\"https:\\\/\\\/www.buceovalencia.com\\\/?lang=en\\\/#\\\/schema\\\/logo\\\/image\\\/\",\"url\":\"https:\\\/\\\/www.buceovalencia.com\\\/wp-content\\\/uploads\\\/2018\\\/01\\\/buceovalencia.png\",\"contentUrl\":\"https:\\\/\\\/www.buceovalencia.com\\\/wp-content\\\/uploads\\\/2018\\\/01\\\/buceovalencia.png\",\"width\":319,\"height\":263,\"caption\":\"Buceo Valencia\"},\"image\":{\"@id\":\"https:\\\/\\\/www.buceovalencia.com\\\/?lang=en\\\/#\\\/schema\\\/logo\\\/image\\\/\"},\"sameAs\":[\"https:\\\/\\\/www.facebook.com\\\/buceovalencia\\\/\",\"https:\\\/\\\/www.instagram.com\\\/buceo_valencia\\\/\"]}]}<\/script>\n<!-- \/ Yoast SEO plugin. -->","yoast_head_json":{"title":"FAQ - Plong\u00e9e Valence","robots":{"index":"index","follow":"follow","max-snippet":"max-snippet:-1","max-image-preview":"max-image-preview:large","max-video-preview":"max-video-preview:-1"},"canonical":"https:\/\/www.buceovalencia.com\/fr\/faq\/","og_locale":"fr_FR","og_type":"article","og_title":"FAQs - Buceo Valencia","og_description":"A partir de los 10 a\u00f1os con permiso del tutor\/a, Aunque PADI puede requerir edades superiores para algunos de sus cursos.Por todo el mundo, ya que es un carnet internacional.Cualquier persona puede aprender a bucear y obtener la certificaci\u00f3n, siempre que superes [&hellip;]","og_url":"https:\/\/www.buceovalencia.com\/fr\/faq\/","og_site_name":"Buceo Valencia","article_publisher":"https:\/\/www.facebook.com\/buceovalencia\/","article_modified_time":"2022-05-16T21:23:59+00:00","twitter_misc":{"Dur\u00e9e de lecture estim\u00e9e":"8 minutes"},"schema":{"@context":"https:\/\/schema.org","@graph":[{"@type":"WebPage","@id":"https:\/\/www.buceovalencia.com\/faqs\/","url":"https:\/\/www.buceovalencia.com\/faqs\/","name":"FAQ - Plong\u00e9e Valence","isPartOf":{"@id":"https:\/\/www.buceovalencia.com\/?lang=en\/#website"},"datePublished":"2022-05-05T17:31:37+00:00","dateModified":"2022-05-16T21:23:59+00:00","breadcrumb":{"@id":"https:\/\/www.buceovalencia.com\/faqs\/#breadcrumb"},"inLanguage":"fr-FR","potentialAction":[{"@type":"ReadAction","target":["https:\/\/www.buceovalencia.com\/faqs\/"]}]},{"@type":"BreadcrumbList","@id":"https:\/\/www.buceovalencia.com\/faqs\/#breadcrumb","itemListElement":[{"@type":"ListItem","position":1,"name":"Portada","item":"https:\/\/www.buceovalencia.com\/"},{"@type":"ListItem","position":2,"name":"FAQs"}]},{"@type":"WebSite","@id":"https:\/\/www.buceovalencia.com\/?lang=en\/#website","url":"https:\/\/www.buceovalencia.com\/?lang=en\/","name":"Plong\u00e9e Valence","description":"votre centre de plong\u00e9e","publisher":{"@id":"https:\/\/www.buceovalencia.com\/?lang=en\/#organization"},"potentialAction":[{"@type":"SearchAction","target":{"@type":"EntryPoint","urlTemplate":"https:\/\/www.buceovalencia.com\/?lang=en\/?s={search_term_string}"},"query-input":{"@type":"PropertyValueSpecification","valueRequired":true,"valueName":"search_term_string"}}],"inLanguage":"fr-FR"},{"@type":"Organization","@id":"https:\/\/www.buceovalencia.com\/?lang=en\/#organization","name":"Plong\u00e9e Valence","url":"https:\/\/www.buceovalencia.com\/?lang=en\/","logo":{"@type":"ImageObject","inLanguage":"fr-FR","@id":"https:\/\/www.buceovalencia.com\/?lang=en\/#\/schema\/logo\/image\/","url":"https:\/\/www.buceovalencia.com\/wp-content\/uploads\/2018\/01\/buceovalencia.png","contentUrl":"https:\/\/www.buceovalencia.com\/wp-content\/uploads\/2018\/01\/buceovalencia.png","width":319,"height":263,"caption":"Buceo Valencia"},"image":{"@id":"https:\/\/www.buceovalencia.com\/?lang=en\/#\/schema\/logo\/image\/"},"sameAs":["https:\/\/www.facebook.com\/buceovalencia\/","https:\/\/www.instagram.com\/buceo_valencia\/"]}]}},"_links":{"self":[{"href":"https:\/\/www.buceovalencia.com\/fr\/wp-json\/wp\/v2\/pages\/8345","targetHints":{"allow":["GET"]}}],"collection":[{"href":"https:\/\/www.buceovalencia.com\/fr\/wp-json\/wp\/v2\/pages"}],"about":[{"href":"https:\/\/www.buceovalencia.com\/fr\/wp-json\/wp\/v2\/types\/page"}],"author":[{"embeddable":true,"href":"https:\/\/www.buceovalencia.com\/fr\/wp-json\/wp\/v2\/users\/1"}],"replies":[{"embeddable":true,"href":"https:\/\/www.buceovalencia.com\/fr\/wp-json\/wp\/v2\/comments?post=8345"}],"version-history":[{"count":0,"href":"https:\/\/www.buceovalencia.com\/fr\/wp-json\/wp\/v2\/pages\/8345\/revisions"}],"wp:attachment":[{"href":"https:\/\/www.buceovalencia.com\/fr\/wp-json\/wp\/v2\/media?parent=8345"}],"curies":[{"name":"wp","href":"https:\/\/api.w.org\/{rel}","templated":true}]}}