{"id":11635,"date":"2023-03-21T15:15:37","date_gmt":"2023-03-21T14:15:37","guid":{"rendered":"https:\/\/www.buceovalencia.com\/?post_type=product&#038;p=11635"},"modified":"2026-04-28T17:54:09","modified_gmt":"2026-04-28T15:54:09","slug":"nitrox-4","status":"publish","type":"product","link":"https:\/\/www.buceovalencia.com\/fr\/produit\/nitrox-4\/","title":{"rendered":"Plongeur avec masque int\u00e9gral Padi"},"content":{"rendered":"<p>El buceo con Full FACE MASK se hace cada vez m\u00e1s popular. Esto no es sorprendente, ya que las personas que bucean con Full face mask permite respirar por la nariz y la boca, y brinda mayor comodidad en aguas m\u00e1s fr\u00edas y capacidad de comunicacion radiofonica, lo que significa que pueden hablar con tus Compa\u00f1eros\u00a0 de buceo miestras buceas. El curso PADI Full mask diver, te permitira optener tu titulo para bucear con una mascara Full mask.<\/p>","protected":false},"excerpt":{"rendered":"<p>El buceo con Full FACE MASK se hace cada vez m\u00e1s popular.<\/p>\n<p>Esto no es sorprendente, ya que las personas que bucean con Full face mask permite respirar por la nariz y la boca, y brinda mayor comodidad en aguas m\u00e1s fr\u00edas y capacidad de comunicacion radiofonica, lo que significa que pueden hablar con tus Compa\u00f1eros\u00a0 de buceo miestras buceas.<\/p>","protected":false},"featured_media":11636,"template":"","meta":{"_et_pb_use_builder":"off","_et_pb_old_content":"El buceo con NITROX se hace cada vez m\u00e1s popular.\r\n\r\nEsto no es sorprendente, ya que las personas que bucean con Nitrox en vez de con aire convencional a presi\u00f3n absorben menos nitr\u00f3geno durante la inmersi\u00f3n y adem\u00e1s se benefician de tiempos de inmersi\u00f3n sin paradas considerablemente largas, lo que significa que pueden permanecer en la profundidad m\u00e1xima de la inmersi\u00f3n durante m\u00e1s tiempo.","_et_gb_content_width":""},"product_brand":[],"product_cat":[69],"product_tag":[],"class_list":{"0":"post-11635","1":"product","2":"type-product","3":"status-publish","4":"has-post-thumbnail","6":"product_cat-especialidades","8":"first","9":"instock","10":"taxable","11":"shipping-taxable","12":"product-type-external"},"yoast_head":"<!-- This site is optimized with the Yoast SEO plugin v27.5 - https:\/\/yoast.com\/product\/yoast-seo-wordpress\/ -->\n<title>Padi Full Face mask diver - Buceo Valencia<\/title>\n<meta name=\"description\" content=\"El curso PADI FULL FACE MASK te permitira bucear con una m\u00e1scara integral respirarando por la nariz y la boca, y brinda mayor comodidad en aguas m\u00e1s fr\u00edas.\" \/>\n<meta name=\"robots\" content=\"index, follow, max-snippet:-1, max-image-preview:large, max-video-preview:-1\" \/>\n<link rel=\"canonical\" href=\"https:\/\/www.buceovalencia.com\/fr\/produit\/nitrox-4\/\" \/>\n<meta property=\"og:locale\" content=\"fr_FR\" \/>\n<meta property=\"og:type\" content=\"article\" \/>\n<meta property=\"og:title\" content=\"Padi Full Face mask diver - Buceo Valencia\" \/>\n<meta property=\"og:description\" content=\"El curso PADI FULL FACE MASK te permitira bucear con una m\u00e1scara integral respirarando por la nariz y la boca, y brinda mayor comodidad en aguas m\u00e1s fr\u00edas.\" \/>\n<meta property=\"og:url\" content=\"https:\/\/www.buceovalencia.com\/fr\/produit\/nitrox-4\/\" \/>\n<meta property=\"og:site_name\" content=\"Buceo Valencia\" \/>\n<meta property=\"article:publisher\" content=\"https:\/\/www.facebook.com\/buceovalencia\/\" \/>\n<meta property=\"article:modified_time\" content=\"2026-04-28T15:54:09+00:00\" \/>\n<meta property=\"og:image\" content=\"https:\/\/www.buceovalencia.com\/wp-content\/uploads\/2023\/03\/fullfacemaskdiver.jpg\" \/>\n\t<meta property=\"og:image:width\" content=\"2000\" \/>\n\t<meta property=\"og:image:height\" content=\"1125\" \/>\n\t<meta property=\"og:image:type\" content=\"image\/jpeg\" \/>\n<meta name=\"twitter:label1\" content=\"Dur\u00e9e de lecture estim\u00e9e\" \/>\n\t<meta name=\"twitter:data1\" content=\"1 minute\" \/>\n<script type=\"application\/ld+json\" class=\"yoast-schema-graph\">{\"@context\":\"https:\\\/\\\/schema.org\",\"@graph\":[{\"@type\":\"WebPage\",\"@id\":\"https:\\\/\\\/www.buceovalencia.com\\\/producto\\\/padi-full-face-mask-diver\\\/\",\"url\":\"https:\\\/\\\/www.buceovalencia.com\\\/producto\\\/padi-full-face-mask-diver\\\/\",\"name\":\"Padi Full Face mask diver - Buceo Valencia\",\"isPartOf\":{\"@id\":\"https:\\\/\\\/www.buceovalencia.com\\\/?lang=en\\\/#website\"},\"primaryImageOfPage\":{\"@id\":\"https:\\\/\\\/www.buceovalencia.com\\\/producto\\\/padi-full-face-mask-diver\\\/#primaryimage\"},\"image\":{\"@id\":\"https:\\\/\\\/www.buceovalencia.com\\\/producto\\\/padi-full-face-mask-diver\\\/#primaryimage\"},\"thumbnailUrl\":\"https:\\\/\\\/www.buceovalencia.com\\\/wp-content\\\/uploads\\\/2023\\\/03\\\/fullfacemaskdiver.jpg\",\"datePublished\":\"2023-03-21T14:15:37+00:00\",\"dateModified\":\"2026-04-28T15:54:09+00:00\",\"description\":\"El curso PADI FULL FACE MASK te permitira bucear con una m\u00e1scara integral respirarando por la nariz y la boca, y brinda mayor comodidad en aguas m\u00e1s fr\u00edas.\",\"breadcrumb\":{\"@id\":\"https:\\\/\\\/www.buceovalencia.com\\\/producto\\\/padi-full-face-mask-diver\\\/#breadcrumb\"},\"inLanguage\":\"fr-FR\",\"potentialAction\":[{\"@type\":\"ReadAction\",\"target\":[\"https:\\\/\\\/www.buceovalencia.com\\\/producto\\\/padi-full-face-mask-diver\\\/\"]}]},{\"@type\":\"ImageObject\",\"inLanguage\":\"fr-FR\",\"@id\":\"https:\\\/\\\/www.buceovalencia.com\\\/producto\\\/padi-full-face-mask-diver\\\/#primaryimage\",\"url\":\"https:\\\/\\\/www.buceovalencia.com\\\/wp-content\\\/uploads\\\/2023\\\/03\\\/fullfacemaskdiver.jpg\",\"contentUrl\":\"https:\\\/\\\/www.buceovalencia.com\\\/wp-content\\\/uploads\\\/2023\\\/03\\\/fullfacemaskdiver.jpg\",\"width\":2000,\"height\":1125,\"caption\":\"PADI full mask diver\"},{\"@type\":\"BreadcrumbList\",\"@id\":\"https:\\\/\\\/www.buceovalencia.com\\\/producto\\\/padi-full-face-mask-diver\\\/#breadcrumb\",\"itemListElement\":[{\"@type\":\"ListItem\",\"position\":1,\"name\":\"Portada\",\"item\":\"https:\\\/\\\/www.buceovalencia.com\\\/\"},{\"@type\":\"ListItem\",\"position\":2,\"name\":\"Cursos en Valencia\",\"item\":\"https:\\\/\\\/www.buceovalencia.com\\\/cursos-buceeo-valencia\\\/\"},{\"@type\":\"ListItem\",\"position\":3,\"name\":\"Padi Full Face mask diver\"}]},{\"@type\":\"WebSite\",\"@id\":\"https:\\\/\\\/www.buceovalencia.com\\\/?lang=en\\\/#website\",\"url\":\"https:\\\/\\\/www.buceovalencia.com\\\/?lang=en\\\/\",\"name\":\"Buceo Valencia\",\"description\":\"Tu centro de buceo\",\"publisher\":{\"@id\":\"https:\\\/\\\/www.buceovalencia.com\\\/?lang=en\\\/#organization\"},\"potentialAction\":[{\"@type\":\"SearchAction\",\"target\":{\"@type\":\"EntryPoint\",\"urlTemplate\":\"https:\\\/\\\/www.buceovalencia.com\\\/?lang=en\\\/?s={search_term_string}\"},\"query-input\":{\"@type\":\"PropertyValueSpecification\",\"valueRequired\":true,\"valueName\":\"search_term_string\"}}],\"inLanguage\":\"fr-FR\"},{\"@type\":\"Organization\",\"@id\":\"https:\\\/\\\/www.buceovalencia.com\\\/?lang=en\\\/#organization\",\"name\":\"Buceo Valencia\",\"url\":\"https:\\\/\\\/www.buceovalencia.com\\\/?lang=en\\\/\",\"logo\":{\"@type\":\"ImageObject\",\"inLanguage\":\"fr-FR\",\"@id\":\"https:\\\/\\\/www.buceovalencia.com\\\/?lang=en\\\/#\\\/schema\\\/logo\\\/image\\\/\",\"url\":\"https:\\\/\\\/www.buceovalencia.com\\\/wp-content\\\/uploads\\\/2018\\\/01\\\/buceovalencia.png\",\"contentUrl\":\"https:\\\/\\\/www.buceovalencia.com\\\/wp-content\\\/uploads\\\/2018\\\/01\\\/buceovalencia.png\",\"width\":319,\"height\":263,\"caption\":\"Buceo Valencia\"},\"image\":{\"@id\":\"https:\\\/\\\/www.buceovalencia.com\\\/?lang=en\\\/#\\\/schema\\\/logo\\\/image\\\/\"},\"sameAs\":[\"https:\\\/\\\/www.facebook.com\\\/buceovalencia\\\/\",\"https:\\\/\\\/www.instagram.com\\\/buceo_valencia\\\/\"]}]}<\/script>\n<!-- \/ Yoast SEO plugin. -->","yoast_head_json":{"title":"Padi Full Face mask diver - Buceo Valencia","description":"El curso PADI FULL FACE MASK te permitira bucear con una m\u00e1scara integral respirarando por la nariz y la boca, y brinda mayor comodidad en aguas m\u00e1s fr\u00edas.","robots":{"index":"index","follow":"follow","max-snippet":"max-snippet:-1","max-image-preview":"max-image-preview:large","max-video-preview":"max-video-preview:-1"},"canonical":"https:\/\/www.buceovalencia.com\/fr\/produit\/nitrox-4\/","og_locale":"fr_FR","og_type":"article","og_title":"Padi Full Face mask diver - Buceo Valencia","og_description":"El curso PADI FULL FACE MASK te permitira bucear con una m\u00e1scara integral respirarando por la nariz y la boca, y brinda mayor comodidad en aguas m\u00e1s fr\u00edas.","og_url":"https:\/\/www.buceovalencia.com\/fr\/produit\/nitrox-4\/","og_site_name":"Buceo Valencia","article_publisher":"https:\/\/www.facebook.com\/buceovalencia\/","article_modified_time":"2026-04-28T15:54:09+00:00","og_image":[{"width":2000,"height":1125,"url":"https:\/\/www.buceovalencia.com\/wp-content\/uploads\/2023\/03\/fullfacemaskdiver.jpg","type":"image\/jpeg"}],"twitter_misc":{"Dur\u00e9e de lecture estim\u00e9e":"1 minute"},"schema":{"@context":"https:\/\/schema.org","@graph":[{"@type":"WebPage","@id":"https:\/\/www.buceovalencia.com\/producto\/padi-full-face-mask-diver\/","url":"https:\/\/www.buceovalencia.com\/producto\/padi-full-face-mask-diver\/","name":"Padi Full Face mask diver - Buceo Valencia","isPartOf":{"@id":"https:\/\/www.buceovalencia.com\/?lang=en\/#website"},"primaryImageOfPage":{"@id":"https:\/\/www.buceovalencia.com\/producto\/padi-full-face-mask-diver\/#primaryimage"},"image":{"@id":"https:\/\/www.buceovalencia.com\/producto\/padi-full-face-mask-diver\/#primaryimage"},"thumbnailUrl":"https:\/\/www.buceovalencia.com\/wp-content\/uploads\/2023\/03\/fullfacemaskdiver.jpg","datePublished":"2023-03-21T14:15:37+00:00","dateModified":"2026-04-28T15:54:09+00:00","description":"El curso PADI FULL FACE MASK te permitira bucear con una m\u00e1scara integral respirarando por la nariz y la boca, y brinda mayor comodidad en aguas m\u00e1s fr\u00edas.","breadcrumb":{"@id":"https:\/\/www.buceovalencia.com\/producto\/padi-full-face-mask-diver\/#breadcrumb"},"inLanguage":"fr-FR","potentialAction":[{"@type":"ReadAction","target":["https:\/\/www.buceovalencia.com\/producto\/padi-full-face-mask-diver\/"]}]},{"@type":"ImageObject","inLanguage":"fr-FR","@id":"https:\/\/www.buceovalencia.com\/producto\/padi-full-face-mask-diver\/#primaryimage","url":"https:\/\/www.buceovalencia.com\/wp-content\/uploads\/2023\/03\/fullfacemaskdiver.jpg","contentUrl":"https:\/\/www.buceovalencia.com\/wp-content\/uploads\/2023\/03\/fullfacemaskdiver.jpg","width":2000,"height":1125,"caption":"PADI full mask diver"},{"@type":"BreadcrumbList","@id":"https:\/\/www.buceovalencia.com\/producto\/padi-full-face-mask-diver\/#breadcrumb","itemListElement":[{"@type":"ListItem","position":1,"name":"Portada","item":"https:\/\/www.buceovalencia.com\/"},{"@type":"ListItem","position":2,"name":"Cursos en Valencia","item":"https:\/\/www.buceovalencia.com\/cursos-buceeo-valencia\/"},{"@type":"ListItem","position":3,"name":"Padi Full Face mask diver"}]},{"@type":"WebSite","@id":"https:\/\/www.buceovalencia.com\/?lang=en\/#website","url":"https:\/\/www.buceovalencia.com\/?lang=en\/","name":"Plong\u00e9e Valence","description":"votre centre de plong\u00e9e","publisher":{"@id":"https:\/\/www.buceovalencia.com\/?lang=en\/#organization"},"potentialAction":[{"@type":"SearchAction","target":{"@type":"EntryPoint","urlTemplate":"https:\/\/www.buceovalencia.com\/?lang=en\/?s={search_term_string}"},"query-input":{"@type":"PropertyValueSpecification","valueRequired":true,"valueName":"search_term_string"}}],"inLanguage":"fr-FR"},{"@type":"Organization","@id":"https:\/\/www.buceovalencia.com\/?lang=en\/#organization","name":"Plong\u00e9e Valence","url":"https:\/\/www.buceovalencia.com\/?lang=en\/","logo":{"@type":"ImageObject","inLanguage":"fr-FR","@id":"https:\/\/www.buceovalencia.com\/?lang=en\/#\/schema\/logo\/image\/","url":"https:\/\/www.buceovalencia.com\/wp-content\/uploads\/2018\/01\/buceovalencia.png","contentUrl":"https:\/\/www.buceovalencia.com\/wp-content\/uploads\/2018\/01\/buceovalencia.png","width":319,"height":263,"caption":"Buceo Valencia"},"image":{"@id":"https:\/\/www.buceovalencia.com\/?lang=en\/#\/schema\/logo\/image\/"},"sameAs":["https:\/\/www.facebook.com\/buceovalencia\/","https:\/\/www.instagram.com\/buceo_valencia\/"]}]}},"_links":{"self":[{"href":"https:\/\/www.buceovalencia.com\/fr\/wp-json\/wp\/v2\/product\/11635","targetHints":{"allow":["GET"]}}],"collection":[{"href":"https:\/\/www.buceovalencia.com\/fr\/wp-json\/wp\/v2\/product"}],"about":[{"href":"https:\/\/www.buceovalencia.com\/fr\/wp-json\/wp\/v2\/types\/product"}],"wp:featuredmedia":[{"embeddable":true,"href":"https:\/\/www.buceovalencia.com\/fr\/wp-json\/wp\/v2\/media\/11636"}],"wp:attachment":[{"href":"https:\/\/www.buceovalencia.com\/fr\/wp-json\/wp\/v2\/media?parent=11635"}],"wp:term":[{"taxonomy":"product_brand","embeddable":true,"href":"https:\/\/www.buceovalencia.com\/fr\/wp-json\/wp\/v2\/product_brand?post=11635"},{"taxonomy":"product_cat","embeddable":true,"href":"https:\/\/www.buceovalencia.com\/fr\/wp-json\/wp\/v2\/product_cat?post=11635"},{"taxonomy":"product_tag","embeddable":true,"href":"https:\/\/www.buceovalencia.com\/fr\/wp-json\/wp\/v2\/product_tag?post=11635"}],"curies":[{"name":"wp","href":"https:\/\/api.w.org\/{rel}","templated":true}]}}