{"id":11799,"date":"2023-04-15T20:40:10","date_gmt":"2023-04-15T18:40:10","guid":{"rendered":"https:\/\/www.buceovalencia.com\/?post_type=product&#038;p=11799"},"modified":"2026-04-28T18:07:07","modified_gmt":"2026-04-28T16:07:07","slug":"nitrox-6","status":"publish","type":"product","link":"https:\/\/www.buceovalencia.com\/fr\/produit\/nitrox-6\/","title":{"rendered":"PADI Plong\u00e9e contre les d\u00e9bris"},"content":{"rendered":"<p>Marca la diferencia en cada inmersi\u00f3n activando el ciudadano-cient\u00edfico que llevas dentro. Durante el curso Dive Against Debris\u00ae Diver Specialty, aprender\u00e1s c\u00f3mo las limpiezas de pl\u00e1stico y basura del oc\u00e9ano no s\u00f3lo mantienen tus lugares de buceo locales m\u00e1s saludables, sino tambi\u00e9n c\u00f3mo contribuir a una base de datos global que documente el problema de los residuos marinos de nuestro planeta. Bajo la direcci\u00f3n de tu instructor, participar\u00e1s en un escrutinio Dive Against Debris y convertir\u00e1s tu pasi\u00f3n por el mundo subacu\u00e1tico en una acci\u00f3n real<\/p>","protected":false},"excerpt":{"rendered":"<p>El PADI Dive Against Debris se hace cada vez m\u00e1s popular.<\/p>\n<p>el curso Dive Against Debris\u00ae Diver Specialty, aprender\u00e1s c\u00f3mo las limpiezas de pl\u00e1stico y basura del oc\u00e9ano como se mantienen tus lugares de buceo locales m\u00e1s saludables.<\/p>","protected":false},"featured_media":11800,"template":"","meta":{"_et_pb_use_builder":"off","_et_pb_old_content":"El buceo con NITROX se hace cada vez m\u00e1s popular.\r\n\r\nEsto no es sorprendente, ya que las personas que bucean con Nitrox en vez de con aire convencional a presi\u00f3n absorben menos nitr\u00f3geno durante la inmersi\u00f3n y adem\u00e1s se benefician de tiempos de inmersi\u00f3n sin paradas considerablemente largas, lo que significa que pueden permanecer en la profundidad m\u00e1xima de la inmersi\u00f3n durante m\u00e1s tiempo.","_et_gb_content_width":""},"product_brand":[],"product_cat":[69],"product_tag":[],"class_list":{"0":"post-11799","1":"product","2":"type-product","3":"status-publish","4":"has-post-thumbnail","6":"product_cat-especialidades","8":"first","9":"instock","10":"taxable","11":"shipping-taxable","12":"product-type-external"},"yoast_head":"<!-- This site is optimized with the Yoast SEO plugin v27.5 - https:\/\/yoast.com\/product\/yoast-seo-wordpress\/ -->\n<title>PADI Dive Against Debris - Buceo Valencia<\/title>\n<meta name=\"description\" content=\"El curso Dive Against Debris\u00ae Diver Specialty, aprender\u00e1s c\u00f3mo las limpiezas de pl\u00e1stico y basura del oc\u00e9ano como se mantienen tus lugares de buceo locales m\u00e1s saludables.\" \/>\n<meta name=\"robots\" content=\"index, follow, max-snippet:-1, max-image-preview:large, max-video-preview:-1\" \/>\n<link rel=\"canonical\" href=\"https:\/\/www.buceovalencia.com\/fr\/produit\/nitrox-6\/\" \/>\n<meta property=\"og:locale\" content=\"fr_FR\" \/>\n<meta property=\"og:type\" content=\"article\" \/>\n<meta property=\"og:title\" content=\"PADI Dive Against Debris - Buceo Valencia\" \/>\n<meta property=\"og:description\" content=\"El curso Dive Against Debris\u00ae Diver Specialty, aprender\u00e1s c\u00f3mo las limpiezas de pl\u00e1stico y basura del oc\u00e9ano como se mantienen tus lugares de buceo locales m\u00e1s saludables.\" \/>\n<meta property=\"og:url\" content=\"https:\/\/www.buceovalencia.com\/fr\/produit\/nitrox-6\/\" \/>\n<meta property=\"og:site_name\" content=\"Buceo Valencia\" \/>\n<meta property=\"article:publisher\" content=\"https:\/\/www.facebook.com\/buceovalencia\/\" \/>\n<meta property=\"article:modified_time\" content=\"2026-04-28T16:07:07+00:00\" \/>\n<meta property=\"og:image\" content=\"https:\/\/www.buceovalencia.com\/wp-content\/uploads\/2023\/04\/Dive_Against_Debris.jpg\" \/>\n\t<meta property=\"og:image:width\" content=\"1235\" \/>\n\t<meta property=\"og:image:height\" content=\"695\" \/>\n\t<meta property=\"og:image:type\" content=\"image\/jpeg\" \/>\n<meta name=\"twitter:label1\" content=\"Dur\u00e9e de lecture estim\u00e9e\" \/>\n\t<meta name=\"twitter:data1\" content=\"1 minute\" \/>\n<script type=\"application\/ld+json\" class=\"yoast-schema-graph\">{\"@context\":\"https:\\\/\\\/schema.org\",\"@graph\":[{\"@type\":\"WebPage\",\"@id\":\"https:\\\/\\\/www.buceovalencia.com\\\/producto\\\/padi-dive-against-debris\\\/\",\"url\":\"https:\\\/\\\/www.buceovalencia.com\\\/producto\\\/padi-dive-against-debris\\\/\",\"name\":\"PADI Dive Against Debris - Buceo Valencia\",\"isPartOf\":{\"@id\":\"https:\\\/\\\/www.buceovalencia.com\\\/?lang=en\\\/#website\"},\"primaryImageOfPage\":{\"@id\":\"https:\\\/\\\/www.buceovalencia.com\\\/producto\\\/padi-dive-against-debris\\\/#primaryimage\"},\"image\":{\"@id\":\"https:\\\/\\\/www.buceovalencia.com\\\/producto\\\/padi-dive-against-debris\\\/#primaryimage\"},\"thumbnailUrl\":\"https:\\\/\\\/www.buceovalencia.com\\\/wp-content\\\/uploads\\\/2023\\\/04\\\/Dive_Against_Debris.jpg\",\"datePublished\":\"2023-04-15T18:40:10+00:00\",\"dateModified\":\"2026-04-28T16:07:07+00:00\",\"description\":\"El curso Dive Against Debris\u00ae Diver Specialty, aprender\u00e1s c\u00f3mo las limpiezas de pl\u00e1stico y basura del oc\u00e9ano como se mantienen tus lugares de buceo locales m\u00e1s saludables.\",\"breadcrumb\":{\"@id\":\"https:\\\/\\\/www.buceovalencia.com\\\/producto\\\/padi-dive-against-debris\\\/#breadcrumb\"},\"inLanguage\":\"fr-FR\",\"potentialAction\":[{\"@type\":\"ReadAction\",\"target\":[\"https:\\\/\\\/www.buceovalencia.com\\\/producto\\\/padi-dive-against-debris\\\/\"]}]},{\"@type\":\"ImageObject\",\"inLanguage\":\"fr-FR\",\"@id\":\"https:\\\/\\\/www.buceovalencia.com\\\/producto\\\/padi-dive-against-debris\\\/#primaryimage\",\"url\":\"https:\\\/\\\/www.buceovalencia.com\\\/wp-content\\\/uploads\\\/2023\\\/04\\\/Dive_Against_Debris.jpg\",\"contentUrl\":\"https:\\\/\\\/www.buceovalencia.com\\\/wp-content\\\/uploads\\\/2023\\\/04\\\/Dive_Against_Debris.jpg\",\"width\":1235,\"height\":695,\"caption\":\"PADI Dive against debris\"},{\"@type\":\"BreadcrumbList\",\"@id\":\"https:\\\/\\\/www.buceovalencia.com\\\/producto\\\/padi-dive-against-debris\\\/#breadcrumb\",\"itemListElement\":[{\"@type\":\"ListItem\",\"position\":1,\"name\":\"Portada\",\"item\":\"https:\\\/\\\/www.buceovalencia.com\\\/\"},{\"@type\":\"ListItem\",\"position\":2,\"name\":\"Cursos en Valencia\",\"item\":\"https:\\\/\\\/www.buceovalencia.com\\\/cursos-buceeo-valencia\\\/\"},{\"@type\":\"ListItem\",\"position\":3,\"name\":\"PADI Dive Against Debris\"}]},{\"@type\":\"WebSite\",\"@id\":\"https:\\\/\\\/www.buceovalencia.com\\\/?lang=en\\\/#website\",\"url\":\"https:\\\/\\\/www.buceovalencia.com\\\/?lang=en\\\/\",\"name\":\"Buceo Valencia\",\"description\":\"Tu centro de buceo\",\"publisher\":{\"@id\":\"https:\\\/\\\/www.buceovalencia.com\\\/?lang=en\\\/#organization\"},\"potentialAction\":[{\"@type\":\"SearchAction\",\"target\":{\"@type\":\"EntryPoint\",\"urlTemplate\":\"https:\\\/\\\/www.buceovalencia.com\\\/?lang=en\\\/?s={search_term_string}\"},\"query-input\":{\"@type\":\"PropertyValueSpecification\",\"valueRequired\":true,\"valueName\":\"search_term_string\"}}],\"inLanguage\":\"fr-FR\"},{\"@type\":\"Organization\",\"@id\":\"https:\\\/\\\/www.buceovalencia.com\\\/?lang=en\\\/#organization\",\"name\":\"Buceo Valencia\",\"url\":\"https:\\\/\\\/www.buceovalencia.com\\\/?lang=en\\\/\",\"logo\":{\"@type\":\"ImageObject\",\"inLanguage\":\"fr-FR\",\"@id\":\"https:\\\/\\\/www.buceovalencia.com\\\/?lang=en\\\/#\\\/schema\\\/logo\\\/image\\\/\",\"url\":\"https:\\\/\\\/www.buceovalencia.com\\\/wp-content\\\/uploads\\\/2018\\\/01\\\/buceovalencia.png\",\"contentUrl\":\"https:\\\/\\\/www.buceovalencia.com\\\/wp-content\\\/uploads\\\/2018\\\/01\\\/buceovalencia.png\",\"width\":319,\"height\":263,\"caption\":\"Buceo Valencia\"},\"image\":{\"@id\":\"https:\\\/\\\/www.buceovalencia.com\\\/?lang=en\\\/#\\\/schema\\\/logo\\\/image\\\/\"},\"sameAs\":[\"https:\\\/\\\/www.facebook.com\\\/buceovalencia\\\/\",\"https:\\\/\\\/www.instagram.com\\\/buceo_valencia\\\/\"]}]}<\/script>\n<!-- \/ Yoast SEO plugin. -->","yoast_head_json":{"title":"PADI Dive Against Debris - Buceo Valencia","description":"El curso Dive Against Debris\u00ae Diver Specialty, aprender\u00e1s c\u00f3mo las limpiezas de pl\u00e1stico y basura del oc\u00e9ano como se mantienen tus lugares de buceo locales m\u00e1s saludables.","robots":{"index":"index","follow":"follow","max-snippet":"max-snippet:-1","max-image-preview":"max-image-preview:large","max-video-preview":"max-video-preview:-1"},"canonical":"https:\/\/www.buceovalencia.com\/fr\/produit\/nitrox-6\/","og_locale":"fr_FR","og_type":"article","og_title":"PADI Dive Against Debris - Buceo Valencia","og_description":"El curso Dive Against Debris\u00ae Diver Specialty, aprender\u00e1s c\u00f3mo las limpiezas de pl\u00e1stico y basura del oc\u00e9ano como se mantienen tus lugares de buceo locales m\u00e1s saludables.","og_url":"https:\/\/www.buceovalencia.com\/fr\/produit\/nitrox-6\/","og_site_name":"Buceo Valencia","article_publisher":"https:\/\/www.facebook.com\/buceovalencia\/","article_modified_time":"2026-04-28T16:07:07+00:00","og_image":[{"width":1235,"height":695,"url":"https:\/\/www.buceovalencia.com\/wp-content\/uploads\/2023\/04\/Dive_Against_Debris.jpg","type":"image\/jpeg"}],"twitter_misc":{"Dur\u00e9e de lecture estim\u00e9e":"1 minute"},"schema":{"@context":"https:\/\/schema.org","@graph":[{"@type":"WebPage","@id":"https:\/\/www.buceovalencia.com\/producto\/padi-dive-against-debris\/","url":"https:\/\/www.buceovalencia.com\/producto\/padi-dive-against-debris\/","name":"PADI Dive Against Debris - Buceo Valencia","isPartOf":{"@id":"https:\/\/www.buceovalencia.com\/?lang=en\/#website"},"primaryImageOfPage":{"@id":"https:\/\/www.buceovalencia.com\/producto\/padi-dive-against-debris\/#primaryimage"},"image":{"@id":"https:\/\/www.buceovalencia.com\/producto\/padi-dive-against-debris\/#primaryimage"},"thumbnailUrl":"https:\/\/www.buceovalencia.com\/wp-content\/uploads\/2023\/04\/Dive_Against_Debris.jpg","datePublished":"2023-04-15T18:40:10+00:00","dateModified":"2026-04-28T16:07:07+00:00","description":"El curso Dive Against Debris\u00ae Diver Specialty, aprender\u00e1s c\u00f3mo las limpiezas de pl\u00e1stico y basura del oc\u00e9ano como se mantienen tus lugares de buceo locales m\u00e1s saludables.","breadcrumb":{"@id":"https:\/\/www.buceovalencia.com\/producto\/padi-dive-against-debris\/#breadcrumb"},"inLanguage":"fr-FR","potentialAction":[{"@type":"ReadAction","target":["https:\/\/www.buceovalencia.com\/producto\/padi-dive-against-debris\/"]}]},{"@type":"ImageObject","inLanguage":"fr-FR","@id":"https:\/\/www.buceovalencia.com\/producto\/padi-dive-against-debris\/#primaryimage","url":"https:\/\/www.buceovalencia.com\/wp-content\/uploads\/2023\/04\/Dive_Against_Debris.jpg","contentUrl":"https:\/\/www.buceovalencia.com\/wp-content\/uploads\/2023\/04\/Dive_Against_Debris.jpg","width":1235,"height":695,"caption":"PADI Dive against debris"},{"@type":"BreadcrumbList","@id":"https:\/\/www.buceovalencia.com\/producto\/padi-dive-against-debris\/#breadcrumb","itemListElement":[{"@type":"ListItem","position":1,"name":"Portada","item":"https:\/\/www.buceovalencia.com\/"},{"@type":"ListItem","position":2,"name":"Cursos en Valencia","item":"https:\/\/www.buceovalencia.com\/cursos-buceeo-valencia\/"},{"@type":"ListItem","position":3,"name":"PADI Dive Against Debris"}]},{"@type":"WebSite","@id":"https:\/\/www.buceovalencia.com\/?lang=en\/#website","url":"https:\/\/www.buceovalencia.com\/?lang=en\/","name":"Plong\u00e9e Valence","description":"votre centre de plong\u00e9e","publisher":{"@id":"https:\/\/www.buceovalencia.com\/?lang=en\/#organization"},"potentialAction":[{"@type":"SearchAction","target":{"@type":"EntryPoint","urlTemplate":"https:\/\/www.buceovalencia.com\/?lang=en\/?s={search_term_string}"},"query-input":{"@type":"PropertyValueSpecification","valueRequired":true,"valueName":"search_term_string"}}],"inLanguage":"fr-FR"},{"@type":"Organization","@id":"https:\/\/www.buceovalencia.com\/?lang=en\/#organization","name":"Plong\u00e9e Valence","url":"https:\/\/www.buceovalencia.com\/?lang=en\/","logo":{"@type":"ImageObject","inLanguage":"fr-FR","@id":"https:\/\/www.buceovalencia.com\/?lang=en\/#\/schema\/logo\/image\/","url":"https:\/\/www.buceovalencia.com\/wp-content\/uploads\/2018\/01\/buceovalencia.png","contentUrl":"https:\/\/www.buceovalencia.com\/wp-content\/uploads\/2018\/01\/buceovalencia.png","width":319,"height":263,"caption":"Buceo Valencia"},"image":{"@id":"https:\/\/www.buceovalencia.com\/?lang=en\/#\/schema\/logo\/image\/"},"sameAs":["https:\/\/www.facebook.com\/buceovalencia\/","https:\/\/www.instagram.com\/buceo_valencia\/"]}]}},"_links":{"self":[{"href":"https:\/\/www.buceovalencia.com\/fr\/wp-json\/wp\/v2\/product\/11799","targetHints":{"allow":["GET"]}}],"collection":[{"href":"https:\/\/www.buceovalencia.com\/fr\/wp-json\/wp\/v2\/product"}],"about":[{"href":"https:\/\/www.buceovalencia.com\/fr\/wp-json\/wp\/v2\/types\/product"}],"wp:featuredmedia":[{"embeddable":true,"href":"https:\/\/www.buceovalencia.com\/fr\/wp-json\/wp\/v2\/media\/11800"}],"wp:attachment":[{"href":"https:\/\/www.buceovalencia.com\/fr\/wp-json\/wp\/v2\/media?parent=11799"}],"wp:term":[{"taxonomy":"product_brand","embeddable":true,"href":"https:\/\/www.buceovalencia.com\/fr\/wp-json\/wp\/v2\/product_brand?post=11799"},{"taxonomy":"product_cat","embeddable":true,"href":"https:\/\/www.buceovalencia.com\/fr\/wp-json\/wp\/v2\/product_cat?post=11799"},{"taxonomy":"product_tag","embeddable":true,"href":"https:\/\/www.buceovalencia.com\/fr\/wp-json\/wp\/v2\/product_tag?post=11799"}],"curies":[{"name":"wp","href":"https:\/\/api.w.org\/{rel}","templated":true}]}}