{"id":11801,"date":"2023-04-15T21:04:14","date_gmt":"2023-04-15T19:04:14","guid":{"rendered":"https:\/\/www.buceovalencia.com\/?post_type=product&#038;p=11801"},"modified":"2026-04-28T18:05:11","modified_gmt":"2026-04-28T16:05:11","slug":"nitrox-7","status":"publish","type":"product","link":"https:\/\/www.buceovalencia.com\/fr\/produit\/nitrox-7\/","title":{"rendered":"Projet PADI Conscient de la conservation des r\u00e9cifs coralliens"},"content":{"rendered":"<p>A todo el mundo le gusta bucear o hacer snorkel en las aguas claras y c\u00e1lidas de un vibrante arrecife de coral, aunque mucha gente sabe poco sobre lo que est\u00e1 viendo o la importancia de los ecosistemas de arrecifes. El curso Coral Reef Conservation Specialty te ayuda a apreciar la complejidad de esos h\u00e1bitats y te ense\u00f1a c\u00f3mo puedes ayudar a conservar estos sistemas vitales.<\/p>","protected":false},"excerpt":{"rendered":"<p>El PADI Project Aware se hace cada vez m\u00e1s popular.<\/p>\n<p>El curso Coral Reef Conservation Specialty te ayuda a apreciar la complejidad de esos h\u00e1bitats y te ense\u00f1a c\u00f3mo puedes ayudar a conservar estos sistemas vitales.<\/p>","protected":false},"featured_media":11802,"template":"","meta":{"_et_pb_use_builder":"off","_et_pb_old_content":"El buceo con NITROX se hace cada vez m\u00e1s popular.\r\n\r\nEsto no es sorprendente, ya que las personas que bucean con Nitrox en vez de con aire convencional a presi\u00f3n absorben menos nitr\u00f3geno durante la inmersi\u00f3n y adem\u00e1s se benefician de tiempos de inmersi\u00f3n sin paradas considerablemente largas, lo que significa que pueden permanecer en la profundidad m\u00e1xima de la inmersi\u00f3n durante m\u00e1s tiempo.","_et_gb_content_width":""},"product_brand":[],"product_cat":[69],"product_tag":[],"class_list":{"0":"post-11801","1":"product","2":"type-product","3":"status-publish","4":"has-post-thumbnail","6":"product_cat-especialidades","8":"first","9":"instock","10":"taxable","11":"shipping-taxable","12":"product-type-external"},"yoast_head":"<!-- This site is optimized with the Yoast SEO plugin v27.5 - https:\/\/yoast.com\/product\/yoast-seo-wordpress\/ -->\n<title>PADI Project Aware Coral Reef Conservation - Buceo Valencia<\/title>\n<meta name=\"description\" content=\"\u00a0\u00a0El curso Coral Reef Conservation Specialty te ayuda a apreciar la complejidad de esos h\u00e1bitats y te ense\u00f1a c\u00f3mo puedes ayudar a conservar estos sistemas vitales.\" \/>\n<meta name=\"robots\" content=\"index, follow, max-snippet:-1, max-image-preview:large, max-video-preview:-1\" \/>\n<link rel=\"canonical\" href=\"https:\/\/www.buceovalencia.com\/fr\/produit\/nitrox-7\/\" \/>\n<meta property=\"og:locale\" content=\"fr_FR\" \/>\n<meta property=\"og:type\" content=\"article\" \/>\n<meta property=\"og:title\" content=\"PADI Project Aware Coral Reef Conservation - Buceo Valencia\" \/>\n<meta property=\"og:description\" content=\"\u00a0\u00a0El curso Coral Reef Conservation Specialty te ayuda a apreciar la complejidad de esos h\u00e1bitats y te ense\u00f1a c\u00f3mo puedes ayudar a conservar estos sistemas vitales.\" \/>\n<meta property=\"og:url\" content=\"https:\/\/www.buceovalencia.com\/fr\/produit\/nitrox-7\/\" \/>\n<meta property=\"og:site_name\" content=\"Buceo Valencia\" \/>\n<meta property=\"article:publisher\" content=\"https:\/\/www.facebook.com\/buceovalencia\/\" \/>\n<meta property=\"article:modified_time\" content=\"2026-04-28T16:05:11+00:00\" \/>\n<meta property=\"og:image\" content=\"https:\/\/www.buceovalencia.com\/wp-content\/uploads\/2023\/04\/coral-reef-conservation-diver_0.jpg\" \/>\n\t<meta property=\"og:image:width\" content=\"2000\" \/>\n\t<meta property=\"og:image:height\" content=\"1125\" \/>\n\t<meta property=\"og:image:type\" content=\"image\/jpeg\" \/>\n<meta name=\"twitter:label1\" content=\"Dur\u00e9e de lecture estim\u00e9e\" \/>\n\t<meta name=\"twitter:data1\" content=\"1 minute\" \/>\n<script type=\"application\/ld+json\" class=\"yoast-schema-graph\">{\"@context\":\"https:\\\/\\\/schema.org\",\"@graph\":[{\"@type\":\"WebPage\",\"@id\":\"https:\\\/\\\/www.buceovalencia.com\\\/producto\\\/padi-coral-reef-conservation\\\/\",\"url\":\"https:\\\/\\\/www.buceovalencia.com\\\/producto\\\/padi-coral-reef-conservation\\\/\",\"name\":\"PADI Project Aware Coral Reef Conservation - Buceo Valencia\",\"isPartOf\":{\"@id\":\"https:\\\/\\\/www.buceovalencia.com\\\/?lang=en\\\/#website\"},\"primaryImageOfPage\":{\"@id\":\"https:\\\/\\\/www.buceovalencia.com\\\/producto\\\/padi-coral-reef-conservation\\\/#primaryimage\"},\"image\":{\"@id\":\"https:\\\/\\\/www.buceovalencia.com\\\/producto\\\/padi-coral-reef-conservation\\\/#primaryimage\"},\"thumbnailUrl\":\"https:\\\/\\\/www.buceovalencia.com\\\/wp-content\\\/uploads\\\/2023\\\/04\\\/coral-reef-conservation-diver_0.jpg\",\"datePublished\":\"2023-04-15T19:04:14+00:00\",\"dateModified\":\"2026-04-28T16:05:11+00:00\",\"description\":\"\u00a0\u00a0El curso Coral Reef Conservation Specialty te ayuda a apreciar la complejidad de esos h\u00e1bitats y te ense\u00f1a c\u00f3mo puedes ayudar a conservar estos sistemas vitales.\",\"breadcrumb\":{\"@id\":\"https:\\\/\\\/www.buceovalencia.com\\\/producto\\\/padi-coral-reef-conservation\\\/#breadcrumb\"},\"inLanguage\":\"fr-FR\",\"potentialAction\":[{\"@type\":\"ReadAction\",\"target\":[\"https:\\\/\\\/www.buceovalencia.com\\\/producto\\\/padi-coral-reef-conservation\\\/\"]}]},{\"@type\":\"ImageObject\",\"inLanguage\":\"fr-FR\",\"@id\":\"https:\\\/\\\/www.buceovalencia.com\\\/producto\\\/padi-coral-reef-conservation\\\/#primaryimage\",\"url\":\"https:\\\/\\\/www.buceovalencia.com\\\/wp-content\\\/uploads\\\/2023\\\/04\\\/coral-reef-conservation-diver_0.jpg\",\"contentUrl\":\"https:\\\/\\\/www.buceovalencia.com\\\/wp-content\\\/uploads\\\/2023\\\/04\\\/coral-reef-conservation-diver_0.jpg\",\"width\":2000,\"height\":1125,\"caption\":\"PADI coral reef conservation diver\"},{\"@type\":\"BreadcrumbList\",\"@id\":\"https:\\\/\\\/www.buceovalencia.com\\\/producto\\\/padi-coral-reef-conservation\\\/#breadcrumb\",\"itemListElement\":[{\"@type\":\"ListItem\",\"position\":1,\"name\":\"Portada\",\"item\":\"https:\\\/\\\/www.buceovalencia.com\\\/\"},{\"@type\":\"ListItem\",\"position\":2,\"name\":\"Cursos en Valencia\",\"item\":\"https:\\\/\\\/www.buceovalencia.com\\\/cursos-buceeo-valencia\\\/\"},{\"@type\":\"ListItem\",\"position\":3,\"name\":\"PADI Project Aware Coral Reef Conservation\"}]},{\"@type\":\"WebSite\",\"@id\":\"https:\\\/\\\/www.buceovalencia.com\\\/?lang=en\\\/#website\",\"url\":\"https:\\\/\\\/www.buceovalencia.com\\\/?lang=en\\\/\",\"name\":\"Buceo Valencia\",\"description\":\"Tu centro de buceo\",\"publisher\":{\"@id\":\"https:\\\/\\\/www.buceovalencia.com\\\/?lang=en\\\/#organization\"},\"potentialAction\":[{\"@type\":\"SearchAction\",\"target\":{\"@type\":\"EntryPoint\",\"urlTemplate\":\"https:\\\/\\\/www.buceovalencia.com\\\/?lang=en\\\/?s={search_term_string}\"},\"query-input\":{\"@type\":\"PropertyValueSpecification\",\"valueRequired\":true,\"valueName\":\"search_term_string\"}}],\"inLanguage\":\"fr-FR\"},{\"@type\":\"Organization\",\"@id\":\"https:\\\/\\\/www.buceovalencia.com\\\/?lang=en\\\/#organization\",\"name\":\"Buceo Valencia\",\"url\":\"https:\\\/\\\/www.buceovalencia.com\\\/?lang=en\\\/\",\"logo\":{\"@type\":\"ImageObject\",\"inLanguage\":\"fr-FR\",\"@id\":\"https:\\\/\\\/www.buceovalencia.com\\\/?lang=en\\\/#\\\/schema\\\/logo\\\/image\\\/\",\"url\":\"https:\\\/\\\/www.buceovalencia.com\\\/wp-content\\\/uploads\\\/2018\\\/01\\\/buceovalencia.png\",\"contentUrl\":\"https:\\\/\\\/www.buceovalencia.com\\\/wp-content\\\/uploads\\\/2018\\\/01\\\/buceovalencia.png\",\"width\":319,\"height\":263,\"caption\":\"Buceo Valencia\"},\"image\":{\"@id\":\"https:\\\/\\\/www.buceovalencia.com\\\/?lang=en\\\/#\\\/schema\\\/logo\\\/image\\\/\"},\"sameAs\":[\"https:\\\/\\\/www.facebook.com\\\/buceovalencia\\\/\",\"https:\\\/\\\/www.instagram.com\\\/buceo_valencia\\\/\"]}]}<\/script>\n<!-- \/ Yoast SEO plugin. -->","yoast_head_json":{"title":"PADI Project Aware Coral Reef Conservation - Buceo Valencia","description":"\u00a0\u00a0El curso Coral Reef Conservation Specialty te ayuda a apreciar la complejidad de esos h\u00e1bitats y te ense\u00f1a c\u00f3mo puedes ayudar a conservar estos sistemas vitales.","robots":{"index":"index","follow":"follow","max-snippet":"max-snippet:-1","max-image-preview":"max-image-preview:large","max-video-preview":"max-video-preview:-1"},"canonical":"https:\/\/www.buceovalencia.com\/fr\/produit\/nitrox-7\/","og_locale":"fr_FR","og_type":"article","og_title":"PADI Project Aware Coral Reef Conservation - Buceo Valencia","og_description":"\u00a0\u00a0El curso Coral Reef Conservation Specialty te ayuda a apreciar la complejidad de esos h\u00e1bitats y te ense\u00f1a c\u00f3mo puedes ayudar a conservar estos sistemas vitales.","og_url":"https:\/\/www.buceovalencia.com\/fr\/produit\/nitrox-7\/","og_site_name":"Buceo Valencia","article_publisher":"https:\/\/www.facebook.com\/buceovalencia\/","article_modified_time":"2026-04-28T16:05:11+00:00","og_image":[{"width":2000,"height":1125,"url":"https:\/\/www.buceovalencia.com\/wp-content\/uploads\/2023\/04\/coral-reef-conservation-diver_0.jpg","type":"image\/jpeg"}],"twitter_misc":{"Dur\u00e9e de lecture estim\u00e9e":"1 minute"},"schema":{"@context":"https:\/\/schema.org","@graph":[{"@type":"WebPage","@id":"https:\/\/www.buceovalencia.com\/producto\/padi-coral-reef-conservation\/","url":"https:\/\/www.buceovalencia.com\/producto\/padi-coral-reef-conservation\/","name":"PADI Project Aware Coral Reef Conservation - Buceo Valencia","isPartOf":{"@id":"https:\/\/www.buceovalencia.com\/?lang=en\/#website"},"primaryImageOfPage":{"@id":"https:\/\/www.buceovalencia.com\/producto\/padi-coral-reef-conservation\/#primaryimage"},"image":{"@id":"https:\/\/www.buceovalencia.com\/producto\/padi-coral-reef-conservation\/#primaryimage"},"thumbnailUrl":"https:\/\/www.buceovalencia.com\/wp-content\/uploads\/2023\/04\/coral-reef-conservation-diver_0.jpg","datePublished":"2023-04-15T19:04:14+00:00","dateModified":"2026-04-28T16:05:11+00:00","description":"\u00a0\u00a0El curso Coral Reef Conservation Specialty te ayuda a apreciar la complejidad de esos h\u00e1bitats y te ense\u00f1a c\u00f3mo puedes ayudar a conservar estos sistemas vitales.","breadcrumb":{"@id":"https:\/\/www.buceovalencia.com\/producto\/padi-coral-reef-conservation\/#breadcrumb"},"inLanguage":"fr-FR","potentialAction":[{"@type":"ReadAction","target":["https:\/\/www.buceovalencia.com\/producto\/padi-coral-reef-conservation\/"]}]},{"@type":"ImageObject","inLanguage":"fr-FR","@id":"https:\/\/www.buceovalencia.com\/producto\/padi-coral-reef-conservation\/#primaryimage","url":"https:\/\/www.buceovalencia.com\/wp-content\/uploads\/2023\/04\/coral-reef-conservation-diver_0.jpg","contentUrl":"https:\/\/www.buceovalencia.com\/wp-content\/uploads\/2023\/04\/coral-reef-conservation-diver_0.jpg","width":2000,"height":1125,"caption":"PADI coral reef conservation diver"},{"@type":"BreadcrumbList","@id":"https:\/\/www.buceovalencia.com\/producto\/padi-coral-reef-conservation\/#breadcrumb","itemListElement":[{"@type":"ListItem","position":1,"name":"Portada","item":"https:\/\/www.buceovalencia.com\/"},{"@type":"ListItem","position":2,"name":"Cursos en Valencia","item":"https:\/\/www.buceovalencia.com\/cursos-buceeo-valencia\/"},{"@type":"ListItem","position":3,"name":"PADI Project Aware Coral Reef Conservation"}]},{"@type":"WebSite","@id":"https:\/\/www.buceovalencia.com\/?lang=en\/#website","url":"https:\/\/www.buceovalencia.com\/?lang=en\/","name":"Plong\u00e9e Valence","description":"votre centre de plong\u00e9e","publisher":{"@id":"https:\/\/www.buceovalencia.com\/?lang=en\/#organization"},"potentialAction":[{"@type":"SearchAction","target":{"@type":"EntryPoint","urlTemplate":"https:\/\/www.buceovalencia.com\/?lang=en\/?s={search_term_string}"},"query-input":{"@type":"PropertyValueSpecification","valueRequired":true,"valueName":"search_term_string"}}],"inLanguage":"fr-FR"},{"@type":"Organization","@id":"https:\/\/www.buceovalencia.com\/?lang=en\/#organization","name":"Plong\u00e9e Valence","url":"https:\/\/www.buceovalencia.com\/?lang=en\/","logo":{"@type":"ImageObject","inLanguage":"fr-FR","@id":"https:\/\/www.buceovalencia.com\/?lang=en\/#\/schema\/logo\/image\/","url":"https:\/\/www.buceovalencia.com\/wp-content\/uploads\/2018\/01\/buceovalencia.png","contentUrl":"https:\/\/www.buceovalencia.com\/wp-content\/uploads\/2018\/01\/buceovalencia.png","width":319,"height":263,"caption":"Buceo Valencia"},"image":{"@id":"https:\/\/www.buceovalencia.com\/?lang=en\/#\/schema\/logo\/image\/"},"sameAs":["https:\/\/www.facebook.com\/buceovalencia\/","https:\/\/www.instagram.com\/buceo_valencia\/"]}]}},"_links":{"self":[{"href":"https:\/\/www.buceovalencia.com\/fr\/wp-json\/wp\/v2\/product\/11801","targetHints":{"allow":["GET"]}}],"collection":[{"href":"https:\/\/www.buceovalencia.com\/fr\/wp-json\/wp\/v2\/product"}],"about":[{"href":"https:\/\/www.buceovalencia.com\/fr\/wp-json\/wp\/v2\/types\/product"}],"wp:featuredmedia":[{"embeddable":true,"href":"https:\/\/www.buceovalencia.com\/fr\/wp-json\/wp\/v2\/media\/11802"}],"wp:attachment":[{"href":"https:\/\/www.buceovalencia.com\/fr\/wp-json\/wp\/v2\/media?parent=11801"}],"wp:term":[{"taxonomy":"product_brand","embeddable":true,"href":"https:\/\/www.buceovalencia.com\/fr\/wp-json\/wp\/v2\/product_brand?post=11801"},{"taxonomy":"product_cat","embeddable":true,"href":"https:\/\/www.buceovalencia.com\/fr\/wp-json\/wp\/v2\/product_cat?post=11801"},{"taxonomy":"product_tag","embeddable":true,"href":"https:\/\/www.buceovalencia.com\/fr\/wp-json\/wp\/v2\/product_tag?post=11801"}],"curies":[{"name":"wp","href":"https:\/\/api.w.org\/{rel}","templated":true}]}}