{"id":17361,"date":"2026-02-25T16:59:53","date_gmt":"2026-02-25T15:59:53","guid":{"rendered":"https:\/\/www.buceovalencia.com\/?post_type=product&#038;p=17361"},"modified":"2026-04-06T07:55:09","modified_gmt":"2026-04-06T05:55:09","slug":"curso-de-busqueda-y-recuperacion-en-valencia-especialidad-padi","status":"publish","type":"product","link":"https:\/\/www.buceovalencia.com\/fr\/produit\/curso-de-busqueda-y-recuperacion-en-valencia-especialidad-padi\/","title":{"rendered":"B\u00fasqueda y recuperaci\u00f3n"},"content":{"rendered":"<p data-start=\"368\" data-end=\"575\"><strong data-start=\"368\" data-end=\"575\">La especialidad de B\u00fasqueda y Recuperaci\u00f3n est\u00e1 pensada para buceadores que quieren mejorar sus habilidades t\u00e9cnicas bajo el agua aprendiendo a localizar y recuperar objetos de forma segura y organizada.<\/strong><\/p>\n<p data-start=\"577\" data-end=\"859\"><strong data-start=\"577\" data-end=\"859\">Durante el curso trabajar\u00e1s patrones de b\u00fasqueda, uso de br\u00fajula, planificaci\u00f3n de la inmersi\u00f3n, t\u00e9cnicas de recuperaci\u00f3n y procedimientos de seguridad. Tambi\u00e9n practicar\u00e1s el uso del equipo adecuado y la coordinaci\u00f3n con tu compa\u00f1ero para realizar maniobras de forma eficiente.<\/strong><\/p>\n<p data-start=\"861\" data-end=\"1028\"><strong data-start=\"861\" data-end=\"1028\">Es una especialidad muy completa, divertida y pr\u00e1ctica, ideal para ganar confianza, mejorar tu control y desarrollar t\u00e9cnicas \u00fatiles para muchas otras inmersiones.<\/strong><\/p>","protected":false},"excerpt":{"rendered":"<p>Aprende t\u00e9cnicas de b\u00fasqueda subacu\u00e1tica y recuperaci\u00f3n de objetos con seguridad. Una especialidad muy \u00fatil para mejorar orientaci\u00f3n, trabajo en equipo y control bajo el agua.<\/p>","protected":false},"featured_media":17364,"template":"","meta":{"_et_pb_use_builder":"","_et_pb_old_content":"","_et_gb_content_width":""},"product_brand":[],"product_cat":[83],"product_tag":[],"class_list":{"0":"post-17361","1":"product","2":"type-product","3":"status-publish","4":"has-post-thumbnail","6":"product_cat-sin-categoria","8":"first","9":"instock","10":"taxable","11":"shipping-taxable","12":"purchasable","13":"product-type-simple"},"yoast_head":"<!-- This site is optimized with the Yoast SEO plugin v27.3 - https:\/\/yoast.com\/product\/yoast-seo-wordpress\/ -->\n<title>B\u00fasqueda y recuperaci\u00f3n - Buceo Valencia<\/title>\n<meta name=\"description\" content=\"Haz el curso de B\u00fasqueda y Recuperaci\u00f3n en Valencia y aprende t\u00e9cnicas de b\u00fasqueda subacu\u00e1tica y recuperaci\u00f3n de objetos con seguridad. Formaci\u00f3n PADI.\" \/>\n<meta name=\"robots\" content=\"index, follow, max-snippet:-1, max-image-preview:large, max-video-preview:-1\" \/>\n<link rel=\"canonical\" href=\"https:\/\/www.buceovalencia.com\/fr\/produit\/curso-de-busqueda-y-recuperacion-en-valencia-especialidad-padi\/\" \/>\n<meta property=\"og:locale\" content=\"fr_FR\" \/>\n<meta property=\"og:type\" content=\"article\" \/>\n<meta property=\"og:title\" content=\"B\u00fasqueda y recuperaci\u00f3n - Buceo Valencia\" \/>\n<meta property=\"og:description\" content=\"Haz el curso de B\u00fasqueda y Recuperaci\u00f3n en Valencia y aprende t\u00e9cnicas de b\u00fasqueda subacu\u00e1tica y recuperaci\u00f3n de objetos con seguridad. Formaci\u00f3n PADI.\" \/>\n<meta property=\"og:url\" content=\"https:\/\/www.buceovalencia.com\/fr\/produit\/curso-de-busqueda-y-recuperacion-en-valencia-especialidad-padi\/\" \/>\n<meta property=\"og:site_name\" content=\"Buceo Valencia\" \/>\n<meta property=\"article:publisher\" content=\"https:\/\/www.facebook.com\/buceovalencia\/\" \/>\n<meta property=\"article:modified_time\" content=\"2026-04-06T05:55:09+00:00\" \/>\n<meta property=\"og:image\" content=\"https:\/\/www.buceovalencia.com\/wp-content\/uploads\/2026\/02\/busqueda.jpg\" \/>\n\t<meta property=\"og:image:width\" content=\"1901\" \/>\n\t<meta property=\"og:image:height\" content=\"1267\" \/>\n\t<meta property=\"og:image:type\" content=\"image\/jpeg\" \/>\n<meta name=\"twitter:label1\" content=\"Dur\u00e9e de lecture estim\u00e9e\" \/>\n\t<meta name=\"twitter:data1\" content=\"1 minute\" \/>\n<script type=\"application\/ld+json\" class=\"yoast-schema-graph\">{\"@context\":\"https:\\\/\\\/schema.org\",\"@graph\":[{\"@type\":\"WebPage\",\"@id\":\"https:\\\/\\\/www.buceovalencia.com\\\/producto\\\/curso-de-busqueda-y-recuperacion-en-valencia-especialidad-padi\\\/\",\"url\":\"https:\\\/\\\/www.buceovalencia.com\\\/producto\\\/curso-de-busqueda-y-recuperacion-en-valencia-especialidad-padi\\\/\",\"name\":\"B\u00fasqueda y recuperaci\u00f3n - Buceo Valencia\",\"isPartOf\":{\"@id\":\"https:\\\/\\\/www.buceovalencia.com\\\/?lang=en\\\/#website\"},\"primaryImageOfPage\":{\"@id\":\"https:\\\/\\\/www.buceovalencia.com\\\/producto\\\/curso-de-busqueda-y-recuperacion-en-valencia-especialidad-padi\\\/#primaryimage\"},\"image\":{\"@id\":\"https:\\\/\\\/www.buceovalencia.com\\\/producto\\\/curso-de-busqueda-y-recuperacion-en-valencia-especialidad-padi\\\/#primaryimage\"},\"thumbnailUrl\":\"https:\\\/\\\/www.buceovalencia.com\\\/wp-content\\\/uploads\\\/2026\\\/02\\\/busqueda.jpg\",\"datePublished\":\"2026-02-25T15:59:53+00:00\",\"dateModified\":\"2026-04-06T05:55:09+00:00\",\"description\":\"Haz el curso de B\u00fasqueda y Recuperaci\u00f3n en Valencia y aprende t\u00e9cnicas de b\u00fasqueda subacu\u00e1tica y recuperaci\u00f3n de objetos con seguridad. Formaci\u00f3n PADI.\",\"breadcrumb\":{\"@id\":\"https:\\\/\\\/www.buceovalencia.com\\\/producto\\\/curso-de-busqueda-y-recuperacion-en-valencia-especialidad-padi\\\/#breadcrumb\"},\"inLanguage\":\"fr-FR\",\"potentialAction\":[{\"@type\":\"ReadAction\",\"target\":[\"https:\\\/\\\/www.buceovalencia.com\\\/producto\\\/curso-de-busqueda-y-recuperacion-en-valencia-especialidad-padi\\\/\"]}]},{\"@type\":\"ImageObject\",\"inLanguage\":\"fr-FR\",\"@id\":\"https:\\\/\\\/www.buceovalencia.com\\\/producto\\\/curso-de-busqueda-y-recuperacion-en-valencia-especialidad-padi\\\/#primaryimage\",\"url\":\"https:\\\/\\\/www.buceovalencia.com\\\/wp-content\\\/uploads\\\/2026\\\/02\\\/busqueda.jpg\",\"contentUrl\":\"https:\\\/\\\/www.buceovalencia.com\\\/wp-content\\\/uploads\\\/2026\\\/02\\\/busqueda.jpg\",\"width\":1901,\"height\":1267},{\"@type\":\"BreadcrumbList\",\"@id\":\"https:\\\/\\\/www.buceovalencia.com\\\/producto\\\/curso-de-busqueda-y-recuperacion-en-valencia-especialidad-padi\\\/#breadcrumb\",\"itemListElement\":[{\"@type\":\"ListItem\",\"position\":1,\"name\":\"Portada\",\"item\":\"https:\\\/\\\/www.buceovalencia.com\\\/\"},{\"@type\":\"ListItem\",\"position\":2,\"name\":\"Cursos en Valencia\",\"item\":\"https:\\\/\\\/www.buceovalencia.com\\\/cursos-buceeo-valencia\\\/\"},{\"@type\":\"ListItem\",\"position\":3,\"name\":\"B\u00fasqueda y recuperaci\u00f3n\"}]},{\"@type\":\"WebSite\",\"@id\":\"https:\\\/\\\/www.buceovalencia.com\\\/?lang=en\\\/#website\",\"url\":\"https:\\\/\\\/www.buceovalencia.com\\\/?lang=en\\\/\",\"name\":\"Buceo Valencia\",\"description\":\"Tu centro de buceo\",\"publisher\":{\"@id\":\"https:\\\/\\\/www.buceovalencia.com\\\/?lang=en\\\/#organization\"},\"potentialAction\":[{\"@type\":\"SearchAction\",\"target\":{\"@type\":\"EntryPoint\",\"urlTemplate\":\"https:\\\/\\\/www.buceovalencia.com\\\/?lang=en\\\/?s={search_term_string}\"},\"query-input\":{\"@type\":\"PropertyValueSpecification\",\"valueRequired\":true,\"valueName\":\"search_term_string\"}}],\"inLanguage\":\"fr-FR\"},{\"@type\":\"Organization\",\"@id\":\"https:\\\/\\\/www.buceovalencia.com\\\/?lang=en\\\/#organization\",\"name\":\"Buceo Valencia\",\"url\":\"https:\\\/\\\/www.buceovalencia.com\\\/?lang=en\\\/\",\"logo\":{\"@type\":\"ImageObject\",\"inLanguage\":\"fr-FR\",\"@id\":\"https:\\\/\\\/www.buceovalencia.com\\\/?lang=en\\\/#\\\/schema\\\/logo\\\/image\\\/\",\"url\":\"https:\\\/\\\/www.buceovalencia.com\\\/wp-content\\\/uploads\\\/2018\\\/01\\\/buceovalencia.png\",\"contentUrl\":\"https:\\\/\\\/www.buceovalencia.com\\\/wp-content\\\/uploads\\\/2018\\\/01\\\/buceovalencia.png\",\"width\":319,\"height\":263,\"caption\":\"Buceo Valencia\"},\"image\":{\"@id\":\"https:\\\/\\\/www.buceovalencia.com\\\/?lang=en\\\/#\\\/schema\\\/logo\\\/image\\\/\"},\"sameAs\":[\"https:\\\/\\\/www.facebook.com\\\/buceovalencia\\\/\",\"https:\\\/\\\/www.instagram.com\\\/buceo_valencia\\\/\"]}]}<\/script>\n<!-- \/ Yoast SEO plugin. -->","yoast_head_json":{"title":"B\u00fasqueda y recuperaci\u00f3n - Buceo Valencia","description":"Haz el curso de B\u00fasqueda y Recuperaci\u00f3n en Valencia y aprende t\u00e9cnicas de b\u00fasqueda subacu\u00e1tica y recuperaci\u00f3n de objetos con seguridad. Formaci\u00f3n PADI.","robots":{"index":"index","follow":"follow","max-snippet":"max-snippet:-1","max-image-preview":"max-image-preview:large","max-video-preview":"max-video-preview:-1"},"canonical":"https:\/\/www.buceovalencia.com\/fr\/produit\/curso-de-busqueda-y-recuperacion-en-valencia-especialidad-padi\/","og_locale":"fr_FR","og_type":"article","og_title":"B\u00fasqueda y recuperaci\u00f3n - Buceo Valencia","og_description":"Haz el curso de B\u00fasqueda y Recuperaci\u00f3n en Valencia y aprende t\u00e9cnicas de b\u00fasqueda subacu\u00e1tica y recuperaci\u00f3n de objetos con seguridad. Formaci\u00f3n PADI.","og_url":"https:\/\/www.buceovalencia.com\/fr\/produit\/curso-de-busqueda-y-recuperacion-en-valencia-especialidad-padi\/","og_site_name":"Buceo Valencia","article_publisher":"https:\/\/www.facebook.com\/buceovalencia\/","article_modified_time":"2026-04-06T05:55:09+00:00","og_image":[{"width":1901,"height":1267,"url":"https:\/\/www.buceovalencia.com\/wp-content\/uploads\/2026\/02\/busqueda.jpg","type":"image\/jpeg"}],"twitter_misc":{"Dur\u00e9e de lecture estim\u00e9e":"1 minute"},"schema":{"@context":"https:\/\/schema.org","@graph":[{"@type":"WebPage","@id":"https:\/\/www.buceovalencia.com\/producto\/curso-de-busqueda-y-recuperacion-en-valencia-especialidad-padi\/","url":"https:\/\/www.buceovalencia.com\/producto\/curso-de-busqueda-y-recuperacion-en-valencia-especialidad-padi\/","name":"B\u00fasqueda y recuperaci\u00f3n - Buceo Valencia","isPartOf":{"@id":"https:\/\/www.buceovalencia.com\/?lang=en\/#website"},"primaryImageOfPage":{"@id":"https:\/\/www.buceovalencia.com\/producto\/curso-de-busqueda-y-recuperacion-en-valencia-especialidad-padi\/#primaryimage"},"image":{"@id":"https:\/\/www.buceovalencia.com\/producto\/curso-de-busqueda-y-recuperacion-en-valencia-especialidad-padi\/#primaryimage"},"thumbnailUrl":"https:\/\/www.buceovalencia.com\/wp-content\/uploads\/2026\/02\/busqueda.jpg","datePublished":"2026-02-25T15:59:53+00:00","dateModified":"2026-04-06T05:55:09+00:00","description":"Haz el curso de B\u00fasqueda y Recuperaci\u00f3n en Valencia y aprende t\u00e9cnicas de b\u00fasqueda subacu\u00e1tica y recuperaci\u00f3n de objetos con seguridad. Formaci\u00f3n PADI.","breadcrumb":{"@id":"https:\/\/www.buceovalencia.com\/producto\/curso-de-busqueda-y-recuperacion-en-valencia-especialidad-padi\/#breadcrumb"},"inLanguage":"fr-FR","potentialAction":[{"@type":"ReadAction","target":["https:\/\/www.buceovalencia.com\/producto\/curso-de-busqueda-y-recuperacion-en-valencia-especialidad-padi\/"]}]},{"@type":"ImageObject","inLanguage":"fr-FR","@id":"https:\/\/www.buceovalencia.com\/producto\/curso-de-busqueda-y-recuperacion-en-valencia-especialidad-padi\/#primaryimage","url":"https:\/\/www.buceovalencia.com\/wp-content\/uploads\/2026\/02\/busqueda.jpg","contentUrl":"https:\/\/www.buceovalencia.com\/wp-content\/uploads\/2026\/02\/busqueda.jpg","width":1901,"height":1267},{"@type":"BreadcrumbList","@id":"https:\/\/www.buceovalencia.com\/producto\/curso-de-busqueda-y-recuperacion-en-valencia-especialidad-padi\/#breadcrumb","itemListElement":[{"@type":"ListItem","position":1,"name":"Portada","item":"https:\/\/www.buceovalencia.com\/"},{"@type":"ListItem","position":2,"name":"Cursos en Valencia","item":"https:\/\/www.buceovalencia.com\/cursos-buceeo-valencia\/"},{"@type":"ListItem","position":3,"name":"B\u00fasqueda y recuperaci\u00f3n"}]},{"@type":"WebSite","@id":"https:\/\/www.buceovalencia.com\/?lang=en\/#website","url":"https:\/\/www.buceovalencia.com\/?lang=en\/","name":"Plong\u00e9e Valence","description":"votre centre de plong\u00e9e","publisher":{"@id":"https:\/\/www.buceovalencia.com\/?lang=en\/#organization"},"potentialAction":[{"@type":"SearchAction","target":{"@type":"EntryPoint","urlTemplate":"https:\/\/www.buceovalencia.com\/?lang=en\/?s={search_term_string}"},"query-input":{"@type":"PropertyValueSpecification","valueRequired":true,"valueName":"search_term_string"}}],"inLanguage":"fr-FR"},{"@type":"Organization","@id":"https:\/\/www.buceovalencia.com\/?lang=en\/#organization","name":"Plong\u00e9e Valence","url":"https:\/\/www.buceovalencia.com\/?lang=en\/","logo":{"@type":"ImageObject","inLanguage":"fr-FR","@id":"https:\/\/www.buceovalencia.com\/?lang=en\/#\/schema\/logo\/image\/","url":"https:\/\/www.buceovalencia.com\/wp-content\/uploads\/2018\/01\/buceovalencia.png","contentUrl":"https:\/\/www.buceovalencia.com\/wp-content\/uploads\/2018\/01\/buceovalencia.png","width":319,"height":263,"caption":"Buceo Valencia"},"image":{"@id":"https:\/\/www.buceovalencia.com\/?lang=en\/#\/schema\/logo\/image\/"},"sameAs":["https:\/\/www.facebook.com\/buceovalencia\/","https:\/\/www.instagram.com\/buceo_valencia\/"]}]}},"_links":{"self":[{"href":"https:\/\/www.buceovalencia.com\/fr\/wp-json\/wp\/v2\/product\/17361","targetHints":{"allow":["GET"]}}],"collection":[{"href":"https:\/\/www.buceovalencia.com\/fr\/wp-json\/wp\/v2\/product"}],"about":[{"href":"https:\/\/www.buceovalencia.com\/fr\/wp-json\/wp\/v2\/types\/product"}],"wp:featuredmedia":[{"embeddable":true,"href":"https:\/\/www.buceovalencia.com\/fr\/wp-json\/wp\/v2\/media\/17364"}],"wp:attachment":[{"href":"https:\/\/www.buceovalencia.com\/fr\/wp-json\/wp\/v2\/media?parent=17361"}],"wp:term":[{"taxonomy":"product_brand","embeddable":true,"href":"https:\/\/www.buceovalencia.com\/fr\/wp-json\/wp\/v2\/product_brand?post=17361"},{"taxonomy":"product_cat","embeddable":true,"href":"https:\/\/www.buceovalencia.com\/fr\/wp-json\/wp\/v2\/product_cat?post=17361"},{"taxonomy":"product_tag","embeddable":true,"href":"https:\/\/www.buceovalencia.com\/fr\/wp-json\/wp\/v2\/product_tag?post=17361"}],"curies":[{"name":"wp","href":"https:\/\/api.w.org\/{rel}","templated":true}]}}