{"id":2280,"date":"2018-10-21T19:27:14","date_gmt":"2018-10-21T17:27:14","guid":{"rendered":"https:\/\/buceovalencia.com\/?post_type=product&#038;p=2280"},"modified":"2026-03-03T10:58:19","modified_gmt":"2026-03-03T09:58:19","slug":"curso-advanced-nitrox-padi-en-valencia-buceo-valencia","status":"publish","type":"product","link":"https:\/\/www.buceovalencia.com\/fr\/produit\/curso-advanced-nitrox-padi-en-valencia-buceo-valencia\/","title":{"rendered":"Cours avanc\u00e9 Open Water Diver et Nitrox"},"content":{"rendered":"<p>Exploraci\u00f3n, emoci\u00f3n, experiencias. De eso se trata el Curso Advanced Open Water + nitrox. \u00a1No tienes que estar \u00abavanzado\u00bb para inscribirte, ya que el objetivo es seguir aprendiendo con tus instructores! Este curso est\u00e1 dise\u00f1ado para evolucionar como buceador, por lo que puedes empezar directamente tras el Open Water Diver. El curso ayuda a construir confianza y ampliar tus habilidades de buceo a trav\u00e9s de diferentes inmersiones de aventura. Probar\u00e1s diferentes especialidades mientras adquieres experiencia bajo la supervisi\u00f3n directa de tu Instructor. Registra estas inmersiones en tu log book y aprende nuevas destrezas mientras te diviertes en los ricos fondos marinos de Valencia. Los briefings del instructor antes de cada inmersi\u00f3n y los contenidos del manual cubren lo que necesitas saber para tus inmersiones del curso. No hay ex\u00e1menes escritos. \u00a1Comienza ahora mismo con los contenidos te\u00f3ricos y prepara tu aventura!<\/p>\n<h1 data-start=\"47\" data-end=\"77\"><strong data-start=\"49\" data-end=\"77\">\u00bfQu\u00e9 incluye este curso?<\/strong><\/h1>\n<ul data-start=\"79\" data-end=\"484\">\n<li data-start=\"79\" data-end=\"121\">\n<p data-start=\"81\" data-end=\"121\">Curso <strong data-start=\"87\" data-end=\"121\">Advanced Open Water Diver PADI<\/strong><\/p>\n<\/li>\n<li data-start=\"122\" data-end=\"158\">\n<p data-start=\"124\" data-end=\"158\">Curso <strong data-start=\"130\" data-end=\"158\">Enriched Air Nitrox PADI<\/strong><\/p>\n<\/li>\n<li data-start=\"159\" data-end=\"211\">\n<p data-start=\"161\" data-end=\"211\">Formaci\u00f3n te\u00f3rica y pr\u00e1ctica seg\u00fan est\u00e1ndares PADI<\/p>\n<\/li>\n<li data-start=\"212\" data-end=\"256\">\n<p data-start=\"214\" data-end=\"256\">Inmersiones de aventura del curso Advanced<\/p>\n<\/li>\n<li data-start=\"257\" data-end=\"333\">\n<p data-start=\"259\" data-end=\"333\">Aprendizaje sobre el uso, ventajas y seguridad del aire enriquecido Nitrox<\/p>\n<\/li>\n<li data-start=\"334\" data-end=\"380\">\n<p data-start=\"336\" data-end=\"380\">Acompa\u00f1amiento de instructores profesionales<\/p>\n<\/li>\n<li data-start=\"381\" data-end=\"422\">\n<p data-start=\"383\" data-end=\"422\">Experiencia real en un entorno de buceo<\/p>\n<\/li>\n<li data-start=\"423\" data-end=\"484\">\n<p data-start=\"425\" data-end=\"484\">Tramitaci\u00f3n de certificaciones seg\u00fan condiciones del centro.<\/p>\n<\/li>\n<\/ul>\n<h1 data-start=\"517\" data-end=\"540\"><strong data-start=\"519\" data-end=\"540\">Ventajas del pack<\/strong><\/h1>\n<p data-start=\"542\" data-end=\"761\">Este pack te permite avanzar de una forma m\u00e1s completa y eficiente en tu formaci\u00f3n como buceador\/a, combinando la experiencia del <strong data-start=\"672\" data-end=\"701\">Advanced Open Water Diver<\/strong> con una especialidad tan \u00fatil como <strong data-start=\"737\" data-end=\"760\">Enriched Air Nitrox<\/strong>.<\/p>\n<p data-start=\"763\" data-end=\"803\">Entre sus principales ventajas destacan:<\/p>\n<ul data-start=\"804\" data-end=\"1093\">\n<li data-start=\"804\" data-end=\"853\">\n<p data-start=\"806\" data-end=\"853\">una formaci\u00f3n m\u00e1s completa en un solo programa,<\/p>\n<\/li>\n<li data-start=\"854\" data-end=\"911\">\n<p data-start=\"856\" data-end=\"911\">el ahorro frente a contratar ambos cursos por separado,<\/p>\n<\/li>\n<li data-start=\"912\" data-end=\"985\">\n<p data-start=\"914\" data-end=\"985\">una mejora de la seguridad, la confianza y la preparaci\u00f3n bajo el agua,<\/p>\n<\/li>\n<li data-start=\"986\" data-end=\"1093\">\n<p data-start=\"988\" data-end=\"1093\">y la posibilidad de ampliar tus conocimientos con una especialidad muy valorada para futuras inmersiones<\/p>\n<\/li>\n<\/ul>","protected":false},"excerpt":{"rendered":"<p>Exploration, \u00e9motion, exp\u00e9riences. C&#039;est \u00e0 cela que sert le cours avanc\u00e9 Open Water + Nitrox. Vous n&#039;avez pas besoin d&#039;\u00eatre &quot;avanc\u00e9&quot; pour vous inscrire car l&#039;objectif est de continuer \u00e0 apprendre avec vos instructeurs!<\/p>\n<p>Ce cours est con\u00e7u pour \u00e9voluer en tant que plongeur, vous pouvez donc commencer directement apr\u00e8s l&#039;Open Water Diver. Le cours aide \u00e0 renforcer la confiance et \u00e0 d\u00e9velopper vos comp\u00e9tences en plong\u00e9e \u00e0 travers diff\u00e9rentes plong\u00e9es aventure. Vous pourrez essayer diff\u00e9rentes sp\u00e9cialit\u00e9s tout en acqu\u00e9rant de l&#039;exp\u00e9rience sous la supervision directe de votre instructeur. Enregistrez ces plong\u00e9es dans votre journal de bord et apprenez de nouvelles comp\u00e9tences tout en vous amusant dans les riches fonds marins de Valence.<\/p>\n<p>Les briefings de l&#039;instructeur avant chaque plong\u00e9e et le contenu du manuel couvrent ce que vous devez savoir pour vos plong\u00e9es de cours. Il n&#039;y a pas d&#039;examens \u00e9crits.<\/p>\n<p>Commencez d\u00e8s maintenant avec le contenu th\u00e9orique et pr\u00e9parez votre aventure!<\/p>","protected":false},"featured_media":8702,"template":"","meta":{"_et_pb_use_builder":"off","_et_pb_old_content":"Exploraci\u00f3n, emoci\u00f3n, experiencias. De eso se trata el Curso Advanced Open Water + nitrox. \u00a1No tienes que estar \u00abavanzado\u00bb para inscribirte, ya que el objetivo es seguir aprendiendo con tus instructores!\r\n\r\nEste curso est\u00e1 dise\u00f1ado para evolucionar como buceador, por lo que puedes empezar directamente tras el Open Water Diver. El curso ayuda a construir confianza y ampliar tus habilidades de buceo a trav\u00e9s de diferentes inmersiones de aventura. Probar\u00e1s diferentes especialidades mientras adquieres experiencia bajo la supervisi\u00f3n directa de tu Instructor. Registra estas inmersiones en tu log book y aprende nuevas destrezas mientras te diviertes en los ricos fondos marinos de Valencia.\r\n\r\nLos briefings del instructor antes de cada inmersi\u00f3n y los contenidos del manual cubren lo que necesitas saber para tus inmersiones del curso. No hay ex\u00e1menes escritos.\r\n\r\n\u00a1Comienza ahora mismo con los contenidos te\u00f3ricos y prepara tu aventura!","_et_gb_content_width":""},"product_brand":[],"product_cat":[99],"product_tag":[],"class_list":{"0":"post-2280","1":"product","2":"type-product","3":"status-publish","4":"has-post-thumbnail","6":"product_cat-buceo-recreativo-avanzado","8":"first","9":"instock","10":"virtual","11":"taxable","12":"purchasable","13":"product-type-simple"},"yoast_head":"<!-- This site is optimized with the Yoast SEO plugin v27.4 - https:\/\/yoast.com\/product\/yoast-seo-wordpress\/ -->\n<title>Advanced Open Water Diver y Curso de Nitrox - Buceo Valencia<\/title>\n<meta name=\"description\" content=\"Haz tu curso Advanced + Nitrox PADI en Valencia con Buceo Valencia. Mejora tu formaci\u00f3n, gana experiencia y reserva tu plaza con instructores profesionales.\" \/>\n<meta name=\"robots\" content=\"index, follow, max-snippet:-1, max-image-preview:large, max-video-preview:-1\" \/>\n<link rel=\"canonical\" href=\"https:\/\/www.buceovalencia.com\/fr\/produit\/curso-advanced-nitrox-padi-en-valencia-buceo-valencia\/\" \/>\n<meta property=\"og:locale\" content=\"fr_FR\" \/>\n<meta property=\"og:type\" content=\"article\" \/>\n<meta property=\"og:title\" content=\"Advanced Open Water Diver y Curso de Nitrox - Buceo Valencia\" \/>\n<meta property=\"og:description\" content=\"Haz tu curso Advanced + Nitrox PADI en Valencia con Buceo Valencia. Mejora tu formaci\u00f3n, gana experiencia y reserva tu plaza con instructores profesionales.\" \/>\n<meta property=\"og:url\" content=\"https:\/\/www.buceovalencia.com\/fr\/produit\/curso-advanced-nitrox-padi-en-valencia-buceo-valencia\/\" \/>\n<meta property=\"og:site_name\" content=\"Buceo Valencia\" \/>\n<meta property=\"article:publisher\" content=\"https:\/\/www.facebook.com\/buceovalencia\/\" \/>\n<meta property=\"article:modified_time\" content=\"2026-03-03T09:58:19+00:00\" \/>\n<meta property=\"og:image\" content=\"https:\/\/www.buceovalencia.com\/wp-content\/uploads\/2018\/10\/advancednitro.jpg\" \/>\n\t<meta property=\"og:image:width\" content=\"1920\" \/>\n\t<meta property=\"og:image:height\" content=\"1920\" \/>\n\t<meta property=\"og:image:type\" content=\"image\/jpeg\" \/>\n<meta name=\"twitter:label1\" content=\"Dur\u00e9e de lecture estim\u00e9e\" \/>\n\t<meta name=\"twitter:data1\" content=\"2 minutes\" \/>\n<script type=\"application\/ld+json\" class=\"yoast-schema-graph\">{\"@context\":\"https:\\\/\\\/schema.org\",\"@graph\":[{\"@type\":\"WebPage\",\"@id\":\"https:\\\/\\\/www.buceovalencia.com\\\/producto\\\/curso-advanced-nitrox-padi-en-valencia-buceo-valencia\\\/\",\"url\":\"https:\\\/\\\/www.buceovalencia.com\\\/producto\\\/curso-advanced-nitrox-padi-en-valencia-buceo-valencia\\\/\",\"name\":\"Advanced Open Water Diver y Curso de Nitrox - Buceo Valencia\",\"isPartOf\":{\"@id\":\"https:\\\/\\\/www.buceovalencia.com\\\/?lang=en\\\/#website\"},\"primaryImageOfPage\":{\"@id\":\"https:\\\/\\\/www.buceovalencia.com\\\/producto\\\/curso-advanced-nitrox-padi-en-valencia-buceo-valencia\\\/#primaryimage\"},\"image\":{\"@id\":\"https:\\\/\\\/www.buceovalencia.com\\\/producto\\\/curso-advanced-nitrox-padi-en-valencia-buceo-valencia\\\/#primaryimage\"},\"thumbnailUrl\":\"https:\\\/\\\/www.buceovalencia.com\\\/wp-content\\\/uploads\\\/2018\\\/10\\\/advancednitro.jpg\",\"datePublished\":\"2018-10-21T17:27:14+00:00\",\"dateModified\":\"2026-03-03T09:58:19+00:00\",\"description\":\"Haz tu curso Advanced + Nitrox PADI en Valencia con Buceo Valencia. Mejora tu formaci\u00f3n, gana experiencia y reserva tu plaza con instructores profesionales.\",\"breadcrumb\":{\"@id\":\"https:\\\/\\\/www.buceovalencia.com\\\/producto\\\/curso-advanced-nitrox-padi-en-valencia-buceo-valencia\\\/#breadcrumb\"},\"inLanguage\":\"fr-FR\",\"potentialAction\":[{\"@type\":\"ReadAction\",\"target\":[\"https:\\\/\\\/www.buceovalencia.com\\\/producto\\\/curso-advanced-nitrox-padi-en-valencia-buceo-valencia\\\/\"]}]},{\"@type\":\"ImageObject\",\"inLanguage\":\"fr-FR\",\"@id\":\"https:\\\/\\\/www.buceovalencia.com\\\/producto\\\/curso-advanced-nitrox-padi-en-valencia-buceo-valencia\\\/#primaryimage\",\"url\":\"https:\\\/\\\/www.buceovalencia.com\\\/wp-content\\\/uploads\\\/2018\\\/10\\\/advancednitro.jpg\",\"contentUrl\":\"https:\\\/\\\/www.buceovalencia.com\\\/wp-content\\\/uploads\\\/2018\\\/10\\\/advancednitro.jpg\",\"width\":1920,\"height\":1920,\"caption\":\"Pack Advanced Open Water Diver + Nitro | Buceo Valencia\"},{\"@type\":\"BreadcrumbList\",\"@id\":\"https:\\\/\\\/www.buceovalencia.com\\\/producto\\\/curso-advanced-nitrox-padi-en-valencia-buceo-valencia\\\/#breadcrumb\",\"itemListElement\":[{\"@type\":\"ListItem\",\"position\":1,\"name\":\"Portada\",\"item\":\"https:\\\/\\\/www.buceovalencia.com\\\/\"},{\"@type\":\"ListItem\",\"position\":2,\"name\":\"Cursos en Valencia\",\"item\":\"https:\\\/\\\/www.buceovalencia.com\\\/cursos-buceeo-valencia\\\/\"},{\"@type\":\"ListItem\",\"position\":3,\"name\":\"Advanced Open Water Diver y Curso de Nitrox\"}]},{\"@type\":\"WebSite\",\"@id\":\"https:\\\/\\\/www.buceovalencia.com\\\/?lang=en\\\/#website\",\"url\":\"https:\\\/\\\/www.buceovalencia.com\\\/?lang=en\\\/\",\"name\":\"Buceo Valencia\",\"description\":\"Tu centro de buceo\",\"publisher\":{\"@id\":\"https:\\\/\\\/www.buceovalencia.com\\\/?lang=en\\\/#organization\"},\"potentialAction\":[{\"@type\":\"SearchAction\",\"target\":{\"@type\":\"EntryPoint\",\"urlTemplate\":\"https:\\\/\\\/www.buceovalencia.com\\\/?lang=en\\\/?s={search_term_string}\"},\"query-input\":{\"@type\":\"PropertyValueSpecification\",\"valueRequired\":true,\"valueName\":\"search_term_string\"}}],\"inLanguage\":\"fr-FR\"},{\"@type\":\"Organization\",\"@id\":\"https:\\\/\\\/www.buceovalencia.com\\\/?lang=en\\\/#organization\",\"name\":\"Buceo Valencia\",\"url\":\"https:\\\/\\\/www.buceovalencia.com\\\/?lang=en\\\/\",\"logo\":{\"@type\":\"ImageObject\",\"inLanguage\":\"fr-FR\",\"@id\":\"https:\\\/\\\/www.buceovalencia.com\\\/?lang=en\\\/#\\\/schema\\\/logo\\\/image\\\/\",\"url\":\"https:\\\/\\\/www.buceovalencia.com\\\/wp-content\\\/uploads\\\/2018\\\/01\\\/buceovalencia.png\",\"contentUrl\":\"https:\\\/\\\/www.buceovalencia.com\\\/wp-content\\\/uploads\\\/2018\\\/01\\\/buceovalencia.png\",\"width\":319,\"height\":263,\"caption\":\"Buceo Valencia\"},\"image\":{\"@id\":\"https:\\\/\\\/www.buceovalencia.com\\\/?lang=en\\\/#\\\/schema\\\/logo\\\/image\\\/\"},\"sameAs\":[\"https:\\\/\\\/www.facebook.com\\\/buceovalencia\\\/\",\"https:\\\/\\\/www.instagram.com\\\/buceo_valencia\\\/\"]}]}<\/script>\n<!-- \/ Yoast SEO plugin. -->","yoast_head_json":{"title":"Cours Advanced Open Water Diver et Nitrox - Plong\u00e9e Valence","description":"Haz tu curso Advanced + Nitrox PADI en Valencia con Buceo Valencia. Mejora tu formaci\u00f3n, gana experiencia y reserva tu plaza con instructores profesionales.","robots":{"index":"index","follow":"follow","max-snippet":"max-snippet:-1","max-image-preview":"max-image-preview:large","max-video-preview":"max-video-preview:-1"},"canonical":"https:\/\/www.buceovalencia.com\/fr\/produit\/curso-advanced-nitrox-padi-en-valencia-buceo-valencia\/","og_locale":"fr_FR","og_type":"article","og_title":"Advanced Open Water Diver y Curso de Nitrox - Buceo Valencia","og_description":"Haz tu curso Advanced + Nitrox PADI en Valencia con Buceo Valencia. Mejora tu formaci\u00f3n, gana experiencia y reserva tu plaza con instructores profesionales.","og_url":"https:\/\/www.buceovalencia.com\/fr\/produit\/curso-advanced-nitrox-padi-en-valencia-buceo-valencia\/","og_site_name":"Buceo Valencia","article_publisher":"https:\/\/www.facebook.com\/buceovalencia\/","article_modified_time":"2026-03-03T09:58:19+00:00","og_image":[{"width":1920,"height":1920,"url":"https:\/\/www.buceovalencia.com\/wp-content\/uploads\/2018\/10\/advancednitro.jpg","type":"image\/jpeg"}],"twitter_misc":{"Dur\u00e9e de lecture estim\u00e9e":"2 minutes"},"schema":{"@context":"https:\/\/schema.org","@graph":[{"@type":"WebPage","@id":"https:\/\/www.buceovalencia.com\/producto\/curso-advanced-nitrox-padi-en-valencia-buceo-valencia\/","url":"https:\/\/www.buceovalencia.com\/producto\/curso-advanced-nitrox-padi-en-valencia-buceo-valencia\/","name":"Cours Advanced Open Water Diver et Nitrox - Plong\u00e9e Valence","isPartOf":{"@id":"https:\/\/www.buceovalencia.com\/?lang=en\/#website"},"primaryImageOfPage":{"@id":"https:\/\/www.buceovalencia.com\/producto\/curso-advanced-nitrox-padi-en-valencia-buceo-valencia\/#primaryimage"},"image":{"@id":"https:\/\/www.buceovalencia.com\/producto\/curso-advanced-nitrox-padi-en-valencia-buceo-valencia\/#primaryimage"},"thumbnailUrl":"https:\/\/www.buceovalencia.com\/wp-content\/uploads\/2018\/10\/advancednitro.jpg","datePublished":"2018-10-21T17:27:14+00:00","dateModified":"2026-03-03T09:58:19+00:00","description":"Haz tu curso Advanced + Nitrox PADI en Valencia con Buceo Valencia. Mejora tu formaci\u00f3n, gana experiencia y reserva tu plaza con instructores profesionales.","breadcrumb":{"@id":"https:\/\/www.buceovalencia.com\/producto\/curso-advanced-nitrox-padi-en-valencia-buceo-valencia\/#breadcrumb"},"inLanguage":"fr-FR","potentialAction":[{"@type":"ReadAction","target":["https:\/\/www.buceovalencia.com\/producto\/curso-advanced-nitrox-padi-en-valencia-buceo-valencia\/"]}]},{"@type":"ImageObject","inLanguage":"fr-FR","@id":"https:\/\/www.buceovalencia.com\/producto\/curso-advanced-nitrox-padi-en-valencia-buceo-valencia\/#primaryimage","url":"https:\/\/www.buceovalencia.com\/wp-content\/uploads\/2018\/10\/advancednitro.jpg","contentUrl":"https:\/\/www.buceovalencia.com\/wp-content\/uploads\/2018\/10\/advancednitro.jpg","width":1920,"height":1920,"caption":"Pack Advanced Open Water Diver + Nitro | Buceo Valencia"},{"@type":"BreadcrumbList","@id":"https:\/\/www.buceovalencia.com\/producto\/curso-advanced-nitrox-padi-en-valencia-buceo-valencia\/#breadcrumb","itemListElement":[{"@type":"ListItem","position":1,"name":"Portada","item":"https:\/\/www.buceovalencia.com\/"},{"@type":"ListItem","position":2,"name":"Cursos en Valencia","item":"https:\/\/www.buceovalencia.com\/cursos-buceeo-valencia\/"},{"@type":"ListItem","position":3,"name":"Advanced Open Water Diver y Curso de Nitrox"}]},{"@type":"WebSite","@id":"https:\/\/www.buceovalencia.com\/?lang=en\/#website","url":"https:\/\/www.buceovalencia.com\/?lang=en\/","name":"Plong\u00e9e Valence","description":"votre centre de plong\u00e9e","publisher":{"@id":"https:\/\/www.buceovalencia.com\/?lang=en\/#organization"},"potentialAction":[{"@type":"SearchAction","target":{"@type":"EntryPoint","urlTemplate":"https:\/\/www.buceovalencia.com\/?lang=en\/?s={search_term_string}"},"query-input":{"@type":"PropertyValueSpecification","valueRequired":true,"valueName":"search_term_string"}}],"inLanguage":"fr-FR"},{"@type":"Organization","@id":"https:\/\/www.buceovalencia.com\/?lang=en\/#organization","name":"Plong\u00e9e Valence","url":"https:\/\/www.buceovalencia.com\/?lang=en\/","logo":{"@type":"ImageObject","inLanguage":"fr-FR","@id":"https:\/\/www.buceovalencia.com\/?lang=en\/#\/schema\/logo\/image\/","url":"https:\/\/www.buceovalencia.com\/wp-content\/uploads\/2018\/01\/buceovalencia.png","contentUrl":"https:\/\/www.buceovalencia.com\/wp-content\/uploads\/2018\/01\/buceovalencia.png","width":319,"height":263,"caption":"Buceo Valencia"},"image":{"@id":"https:\/\/www.buceovalencia.com\/?lang=en\/#\/schema\/logo\/image\/"},"sameAs":["https:\/\/www.facebook.com\/buceovalencia\/","https:\/\/www.instagram.com\/buceo_valencia\/"]}]}},"_links":{"self":[{"href":"https:\/\/www.buceovalencia.com\/fr\/wp-json\/wp\/v2\/product\/2280","targetHints":{"allow":["GET"]}}],"collection":[{"href":"https:\/\/www.buceovalencia.com\/fr\/wp-json\/wp\/v2\/product"}],"about":[{"href":"https:\/\/www.buceovalencia.com\/fr\/wp-json\/wp\/v2\/types\/product"}],"wp:featuredmedia":[{"embeddable":true,"href":"https:\/\/www.buceovalencia.com\/fr\/wp-json\/wp\/v2\/media\/8702"}],"wp:attachment":[{"href":"https:\/\/www.buceovalencia.com\/fr\/wp-json\/wp\/v2\/media?parent=2280"}],"wp:term":[{"taxonomy":"product_brand","embeddable":true,"href":"https:\/\/www.buceovalencia.com\/fr\/wp-json\/wp\/v2\/product_brand?post=2280"},{"taxonomy":"product_cat","embeddable":true,"href":"https:\/\/www.buceovalencia.com\/fr\/wp-json\/wp\/v2\/product_cat?post=2280"},{"taxonomy":"product_tag","embeddable":true,"href":"https:\/\/www.buceovalencia.com\/fr\/wp-json\/wp\/v2\/product_tag?post=2280"}],"curies":[{"name":"wp","href":"https:\/\/api.w.org\/{rel}","templated":true}]}}