{"id":3474,"date":"2020-04-26T12:46:52","date_gmt":"2020-04-26T10:46:52","guid":{"rendered":"https:\/\/www.buceovalencia.com\/?post_type=product&#038;p=3474"},"modified":"2026-03-18T19:52:43","modified_gmt":"2026-03-18T18:52:43","slug":"plongeur-en-eau-libre-avance-3","status":"publish","type":"product","link":"https:\/\/www.buceovalencia.com\/fr\/produit\/plongeur-en-eau-libre-avance-3\/","title":{"rendered":"Bon Advanced Open Water Diver"},"content":{"rendered":"<h2>Cours avanc\u00e9 PADI OPEN WATER<\/h2>\n<p>Exploraci\u00f3n, emoci\u00f3n, experiencias. De eso se trata el Curso Advanced open water . No tienes que estar \u00abavanzado\u00bb para inscribirte ya que el objetivo es seguir aprendiendo con tus instructores! Este curso est\u00e1 dise\u00f1ado para evolucionar como buceador, por lo que puedes empezar directamente tras el Open Water Diver. El curso ayuda a construir confianza y ampliar tus habilidades de buceo a trav\u00e9s de diferentes inmersiones de aventura. Probar\u00e1s diferentes especialidades mientras adquieres experiencia bajo la supervisi\u00f3n directa de tu Instructor. Registra \u00e9stas inmersiones en tu log book y aprende nuevas destrezas mientras te diviertes en los ricos fondos marinos de Valencia. Los briefings del instructor antes de cada inmersi\u00f3n y los contenidos del manual cubren lo que necesitas saber para tus inmersiones del curso. No hay ex\u00e1menes escritos. Comienza ahora mismo con los contenidos te\u00f3ricos y prepara tu aventura!<\/p>","protected":false},"excerpt":{"rendered":"<h1>Cours avanc\u00e9 Open Water PADI<\/h1>\n<p>Exploration, \u00e9motion, exp\u00e9riences. C&#039;est \u00e0 cela que sert le cours Advanced Open Water. Vous n&#039;avez pas besoin d&#039;\u00eatre &quot;avanc\u00e9&quot; pour vous inscrire car l&#039;objectif est de continuer \u00e0 apprendre avec vos instructeurs!<\/p>\n<p>Ce cours est con\u00e7u pour \u00e9voluer en tant que plongeur, vous pouvez donc commencer directement apr\u00e8s l&#039;Open Water Diver. Le cours aide \u00e0 renforcer la confiance et \u00e0 d\u00e9velopper vos comp\u00e9tences en plong\u00e9e \u00e0 travers diff\u00e9rentes plong\u00e9es aventure. Vous pourrez essayer diff\u00e9rentes sp\u00e9cialit\u00e9s tout en acqu\u00e9rant de l&#039;exp\u00e9rience sous la supervision directe de votre instructeur. Enregistrez ces plong\u00e9es dans votre journal de bord et apprenez de nouvelles comp\u00e9tences tout en vous amusant dans les riches fonds marins de Valence.<\/p>\n<p>Les briefings de l&#039;instructeur avant chaque plong\u00e9e et le contenu du manuel couvrent ce que vous devez savoir pour vos plong\u00e9es de cours. Il n&#039;y a pas d&#039;examens \u00e9crits.<\/p>\n<p>Commencez d\u00e8s maintenant avec le contenu th\u00e9orique et pr\u00e9parez votre aventure!<\/p>","protected":false},"featured_media":3111,"template":"","meta":{"_et_pb_use_builder":"off","_et_pb_old_content":"<h2>Curso PADI Advanced OPEN WATER<\/h2>\r\nExploraci\u00f3n, emoci\u00f3n, experiencias. De eso se trata el Curso Advanced open water . No tienes que estar \u00abavanzado\u00bb para inscribirte ya que el objetivo es seguir aprendiendo con tus instructores!\r\n\r\nEste curso est\u00e1 dise\u00f1ado para evolucionar como buceador, por lo que puedes empezar directamente tras el Open Water Diver. El curso ayuda a construir confianza y ampliar tus habilidades de buceo a trav\u00e9s de diferentes inmersiones de aventura. Probar\u00e1s diferentes especialidades mientras adquieres experiencia bajo la supervisi\u00f3n directa de tu Instructor. Registra \u00e9stas inmersiones en tu log book y aprende nuevas destrezas mientras te diviertes en los ricos fondos marinos de Valencia.\r\n\r\nLos briefings del instructor antes de cada inmersi\u00f3n y los contenidos del manual cubren lo que necesitas saber para tus inmersiones del curso. No hay ex\u00e1menes escritos.\r\n\r\nComienza ahora mismo con los contenidos te\u00f3ricos y prepara tu aventura!","_et_gb_content_width":""},"product_brand":[],"product_cat":[93],"product_tag":[],"class_list":{"0":"post-3474","1":"product","2":"type-product","3":"status-publish","4":"has-post-thumbnail","6":"product_cat-vales-buceo-recreativo","8":"first","9":"instock","10":"downloadable","11":"virtual","12":"taxable","13":"purchasable","14":"product-type-simple"},"yoast_head":"<!-- This site is optimized with the Yoast SEO plugin v27.3 - https:\/\/yoast.com\/product\/yoast-seo-wordpress\/ -->\n<title>Advanced Open Water Diver Vale - Buceo Valencia<\/title>\n<meta name=\"description\" content=\"Exploraci\u00f3n, emoci\u00f3n, experiencias. De eso se trata el Curso Advanced open water . No tienes que estar \u00abavanzado\u00bb para inscribirte ya\" \/>\n<meta name=\"robots\" content=\"index, follow, max-snippet:-1, max-image-preview:large, max-video-preview:-1\" \/>\n<link rel=\"canonical\" href=\"https:\/\/www.buceovalencia.com\/fr\/produit\/plongeur-en-eau-libre-avance-3\/\" \/>\n<meta property=\"og:locale\" content=\"fr_FR\" \/>\n<meta property=\"og:type\" content=\"article\" \/>\n<meta property=\"og:title\" content=\"Advanced Open Water Diver Vale - Buceo Valencia\" \/>\n<meta property=\"og:description\" content=\"Exploraci\u00f3n, emoci\u00f3n, experiencias. De eso se trata el Curso Advanced open water . No tienes que estar \u00abavanzado\u00bb para inscribirte ya\" \/>\n<meta property=\"og:url\" content=\"https:\/\/www.buceovalencia.com\/fr\/produit\/plongeur-en-eau-libre-avance-3\/\" \/>\n<meta property=\"og:site_name\" content=\"Buceo Valencia\" \/>\n<meta property=\"article:publisher\" content=\"https:\/\/www.facebook.com\/buceovalencia\/\" \/>\n<meta property=\"article:modified_time\" content=\"2026-03-18T18:52:43+00:00\" \/>\n<meta property=\"og:image\" content=\"https:\/\/www.buceovalencia.com\/wp-content\/uploads\/2020\/04\/BonaireOW0213__1216.jpg\" \/>\n\t<meta property=\"og:image:width\" content=\"1029\" \/>\n\t<meta property=\"og:image:height\" content=\"684\" \/>\n\t<meta property=\"og:image:type\" content=\"image\/jpeg\" \/>\n<meta name=\"twitter:label1\" content=\"Dur\u00e9e de lecture estim\u00e9e\" \/>\n\t<meta name=\"twitter:data1\" content=\"1 minute\" \/>\n<script type=\"application\/ld+json\" class=\"yoast-schema-graph\">{\"@context\":\"https:\\\/\\\/schema.org\",\"@graph\":[{\"@type\":\"WebPage\",\"@id\":\"https:\\\/\\\/www.buceovalencia.com\\\/fr\\\/produit\\\/plongeur-en-eau-libre-avance-3\\\/\",\"url\":\"https:\\\/\\\/www.buceovalencia.com\\\/fr\\\/produit\\\/plongeur-en-eau-libre-avance-3\\\/\",\"name\":\"Advanced Open Water Diver Vale - Buceo Valencia\",\"isPartOf\":{\"@id\":\"https:\\\/\\\/www.buceovalencia.com\\\/?lang=en\\\/#website\"},\"primaryImageOfPage\":{\"@id\":\"https:\\\/\\\/www.buceovalencia.com\\\/fr\\\/produit\\\/plongeur-en-eau-libre-avance-3\\\/#primaryimage\"},\"image\":{\"@id\":\"https:\\\/\\\/www.buceovalencia.com\\\/fr\\\/produit\\\/plongeur-en-eau-libre-avance-3\\\/#primaryimage\"},\"thumbnailUrl\":\"https:\\\/\\\/www.buceovalencia.com\\\/wp-content\\\/uploads\\\/2020\\\/04\\\/BonaireOW0213__1216.jpg\",\"datePublished\":\"2020-04-26T10:46:52+00:00\",\"dateModified\":\"2026-03-18T18:52:43+00:00\",\"description\":\"Exploraci\u00f3n, emoci\u00f3n, experiencias. De eso se trata el Curso Advanced open water . No tienes que estar \u00abavanzado\u00bb para inscribirte ya\",\"breadcrumb\":{\"@id\":\"https:\\\/\\\/www.buceovalencia.com\\\/fr\\\/produit\\\/plongeur-en-eau-libre-avance-3\\\/#breadcrumb\"},\"inLanguage\":\"fr-FR\",\"potentialAction\":[{\"@type\":\"ReadAction\",\"target\":[\"https:\\\/\\\/www.buceovalencia.com\\\/fr\\\/produit\\\/plongeur-en-eau-libre-avance-3\\\/\"]}]},{\"@type\":\"ImageObject\",\"inLanguage\":\"fr-FR\",\"@id\":\"https:\\\/\\\/www.buceovalencia.com\\\/fr\\\/produit\\\/plongeur-en-eau-libre-avance-3\\\/#primaryimage\",\"url\":\"https:\\\/\\\/www.buceovalencia.com\\\/wp-content\\\/uploads\\\/2020\\\/04\\\/BonaireOW0213__1216.jpg\",\"contentUrl\":\"https:\\\/\\\/www.buceovalencia.com\\\/wp-content\\\/uploads\\\/2020\\\/04\\\/BonaireOW0213__1216.jpg\",\"width\":1029,\"height\":684,\"caption\":\"Advanced open water\"},{\"@type\":\"BreadcrumbList\",\"@id\":\"https:\\\/\\\/www.buceovalencia.com\\\/fr\\\/produit\\\/plongeur-en-eau-libre-avance-3\\\/#breadcrumb\",\"itemListElement\":[{\"@type\":\"ListItem\",\"position\":1,\"name\":\"Portada\",\"item\":\"https:\\\/\\\/www.buceovalencia.com\\\/\"},{\"@type\":\"ListItem\",\"position\":2,\"name\":\"Cursos en Valencia\",\"item\":\"https:\\\/\\\/www.buceovalencia.com\\\/cursos-buceeo-valencia\\\/\"},{\"@type\":\"ListItem\",\"position\":3,\"name\":\"Advanced Open Water Diver Vale\"}]},{\"@type\":\"WebSite\",\"@id\":\"https:\\\/\\\/www.buceovalencia.com\\\/?lang=en\\\/#website\",\"url\":\"https:\\\/\\\/www.buceovalencia.com\\\/?lang=en\\\/\",\"name\":\"Buceo Valencia\",\"description\":\"Tu centro de buceo\",\"publisher\":{\"@id\":\"https:\\\/\\\/www.buceovalencia.com\\\/?lang=en\\\/#organization\"},\"potentialAction\":[{\"@type\":\"SearchAction\",\"target\":{\"@type\":\"EntryPoint\",\"urlTemplate\":\"https:\\\/\\\/www.buceovalencia.com\\\/?lang=en\\\/?s={search_term_string}\"},\"query-input\":{\"@type\":\"PropertyValueSpecification\",\"valueRequired\":true,\"valueName\":\"search_term_string\"}}],\"inLanguage\":\"fr-FR\"},{\"@type\":\"Organization\",\"@id\":\"https:\\\/\\\/www.buceovalencia.com\\\/?lang=en\\\/#organization\",\"name\":\"Buceo Valencia\",\"url\":\"https:\\\/\\\/www.buceovalencia.com\\\/?lang=en\\\/\",\"logo\":{\"@type\":\"ImageObject\",\"inLanguage\":\"fr-FR\",\"@id\":\"https:\\\/\\\/www.buceovalencia.com\\\/?lang=en\\\/#\\\/schema\\\/logo\\\/image\\\/\",\"url\":\"https:\\\/\\\/www.buceovalencia.com\\\/wp-content\\\/uploads\\\/2018\\\/01\\\/buceovalencia.png\",\"contentUrl\":\"https:\\\/\\\/www.buceovalencia.com\\\/wp-content\\\/uploads\\\/2018\\\/01\\\/buceovalencia.png\",\"width\":319,\"height\":263,\"caption\":\"Buceo Valencia\"},\"image\":{\"@id\":\"https:\\\/\\\/www.buceovalencia.com\\\/?lang=en\\\/#\\\/schema\\\/logo\\\/image\\\/\"},\"sameAs\":[\"https:\\\/\\\/www.facebook.com\\\/buceovalencia\\\/\",\"https:\\\/\\\/www.instagram.com\\\/buceo_valencia\\\/\"]}]}<\/script>\n<!-- \/ Yoast SEO plugin. -->","yoast_head_json":{"title":"Advanced Open Water Diver Vale - Buceo Valencia","description":"Exploration, \u00e9motion, exp\u00e9riences. C&#039;est \u00e0 cela que sert le cours Advanced Open Water. Vous n&#039;avez pas besoin d&#039;\u00eatre &quot;avanc\u00e9&quot; pour vous inscrire maintenant","robots":{"index":"index","follow":"follow","max-snippet":"max-snippet:-1","max-image-preview":"max-image-preview:large","max-video-preview":"max-video-preview:-1"},"canonical":"https:\/\/www.buceovalencia.com\/fr\/produit\/plongeur-en-eau-libre-avance-3\/","og_locale":"fr_FR","og_type":"article","og_title":"Advanced Open Water Diver Vale - Buceo Valencia","og_description":"Exploraci\u00f3n, emoci\u00f3n, experiencias. De eso se trata el Curso Advanced open water . No tienes que estar \u00abavanzado\u00bb para inscribirte ya","og_url":"https:\/\/www.buceovalencia.com\/fr\/produit\/plongeur-en-eau-libre-avance-3\/","og_site_name":"Buceo Valencia","article_publisher":"https:\/\/www.facebook.com\/buceovalencia\/","article_modified_time":"2026-03-18T18:52:43+00:00","og_image":[{"width":1029,"height":684,"url":"https:\/\/www.buceovalencia.com\/wp-content\/uploads\/2020\/04\/BonaireOW0213__1216.jpg","type":"image\/jpeg"}],"twitter_misc":{"Dur\u00e9e de lecture estim\u00e9e":"1 minute"},"schema":{"@context":"https:\/\/schema.org","@graph":[{"@type":"WebPage","@id":"https:\/\/www.buceovalencia.com\/fr\/produit\/plongeur-en-eau-libre-avance-3\/","url":"https:\/\/www.buceovalencia.com\/fr\/produit\/plongeur-en-eau-libre-avance-3\/","name":"Advanced Open Water Diver Vale - Buceo Valencia","isPartOf":{"@id":"https:\/\/www.buceovalencia.com\/?lang=en\/#website"},"primaryImageOfPage":{"@id":"https:\/\/www.buceovalencia.com\/fr\/produit\/plongeur-en-eau-libre-avance-3\/#primaryimage"},"image":{"@id":"https:\/\/www.buceovalencia.com\/fr\/produit\/plongeur-en-eau-libre-avance-3\/#primaryimage"},"thumbnailUrl":"https:\/\/www.buceovalencia.com\/wp-content\/uploads\/2020\/04\/BonaireOW0213__1216.jpg","datePublished":"2020-04-26T10:46:52+00:00","dateModified":"2026-03-18T18:52:43+00:00","description":"Exploration, \u00e9motion, exp\u00e9riences. C&#039;est \u00e0 cela que sert le cours Advanced Open Water. Vous n&#039;avez pas besoin d&#039;\u00eatre &quot;avanc\u00e9&quot; pour vous inscrire maintenant","breadcrumb":{"@id":"https:\/\/www.buceovalencia.com\/fr\/produit\/plongeur-en-eau-libre-avance-3\/#breadcrumb"},"inLanguage":"fr-FR","potentialAction":[{"@type":"ReadAction","target":["https:\/\/www.buceovalencia.com\/fr\/produit\/plongeur-en-eau-libre-avance-3\/"]}]},{"@type":"ImageObject","inLanguage":"fr-FR","@id":"https:\/\/www.buceovalencia.com\/fr\/produit\/plongeur-en-eau-libre-avance-3\/#primaryimage","url":"https:\/\/www.buceovalencia.com\/wp-content\/uploads\/2020\/04\/BonaireOW0213__1216.jpg","contentUrl":"https:\/\/www.buceovalencia.com\/wp-content\/uploads\/2020\/04\/BonaireOW0213__1216.jpg","width":1029,"height":684,"caption":"Advanced open water"},{"@type":"BreadcrumbList","@id":"https:\/\/www.buceovalencia.com\/fr\/produit\/plongeur-en-eau-libre-avance-3\/#breadcrumb","itemListElement":[{"@type":"ListItem","position":1,"name":"Portada","item":"https:\/\/www.buceovalencia.com\/"},{"@type":"ListItem","position":2,"name":"Cursos en Valencia","item":"https:\/\/www.buceovalencia.com\/cursos-buceeo-valencia\/"},{"@type":"ListItem","position":3,"name":"Advanced Open Water Diver Vale"}]},{"@type":"WebSite","@id":"https:\/\/www.buceovalencia.com\/?lang=en\/#website","url":"https:\/\/www.buceovalencia.com\/?lang=en\/","name":"Plong\u00e9e Valence","description":"votre centre de plong\u00e9e","publisher":{"@id":"https:\/\/www.buceovalencia.com\/?lang=en\/#organization"},"potentialAction":[{"@type":"SearchAction","target":{"@type":"EntryPoint","urlTemplate":"https:\/\/www.buceovalencia.com\/?lang=en\/?s={search_term_string}"},"query-input":{"@type":"PropertyValueSpecification","valueRequired":true,"valueName":"search_term_string"}}],"inLanguage":"fr-FR"},{"@type":"Organization","@id":"https:\/\/www.buceovalencia.com\/?lang=en\/#organization","name":"Plong\u00e9e Valence","url":"https:\/\/www.buceovalencia.com\/?lang=en\/","logo":{"@type":"ImageObject","inLanguage":"fr-FR","@id":"https:\/\/www.buceovalencia.com\/?lang=en\/#\/schema\/logo\/image\/","url":"https:\/\/www.buceovalencia.com\/wp-content\/uploads\/2018\/01\/buceovalencia.png","contentUrl":"https:\/\/www.buceovalencia.com\/wp-content\/uploads\/2018\/01\/buceovalencia.png","width":319,"height":263,"caption":"Buceo Valencia"},"image":{"@id":"https:\/\/www.buceovalencia.com\/?lang=en\/#\/schema\/logo\/image\/"},"sameAs":["https:\/\/www.facebook.com\/buceovalencia\/","https:\/\/www.instagram.com\/buceo_valencia\/"]}]}},"_links":{"self":[{"href":"https:\/\/www.buceovalencia.com\/fr\/wp-json\/wp\/v2\/product\/3474","targetHints":{"allow":["GET"]}}],"collection":[{"href":"https:\/\/www.buceovalencia.com\/fr\/wp-json\/wp\/v2\/product"}],"about":[{"href":"https:\/\/www.buceovalencia.com\/fr\/wp-json\/wp\/v2\/types\/product"}],"wp:featuredmedia":[{"embeddable":true,"href":"https:\/\/www.buceovalencia.com\/fr\/wp-json\/wp\/v2\/media\/3111"}],"wp:attachment":[{"href":"https:\/\/www.buceovalencia.com\/fr\/wp-json\/wp\/v2\/media?parent=3474"}],"wp:term":[{"taxonomy":"product_brand","embeddable":true,"href":"https:\/\/www.buceovalencia.com\/fr\/wp-json\/wp\/v2\/product_brand?post=3474"},{"taxonomy":"product_cat","embeddable":true,"href":"https:\/\/www.buceovalencia.com\/fr\/wp-json\/wp\/v2\/product_cat?post=3474"},{"taxonomy":"product_tag","embeddable":true,"href":"https:\/\/www.buceovalencia.com\/fr\/wp-json\/wp\/v2\/product_tag?post=3474"}],"curies":[{"name":"wp","href":"https:\/\/api.w.org\/{rel}","templated":true}]}}