{"id":846,"date":"2016-10-14T11:09:05","date_gmt":"2016-10-14T09:09:05","guid":{"rendered":"https:\/\/buceovalencia.com\/?post_type=product&#038;p=846"},"modified":"2026-04-06T08:17:13","modified_gmt":"2026-04-06T06:17:13","slug":"curso-padi-nitrox-valencia","status":"publish","type":"product","link":"https:\/\/www.buceovalencia.com\/fr\/produit\/curso-padi-nitrox-valencia\/","title":{"rendered":"Curso PADI Nitrox en Valencia"},"content":{"rendered":"<p data-start=\"253\" data-end=\"448\">Le <strong data-start=\"256\" data-end=\"289\">Curso PADI Nitrox en Valencia<\/strong> te permite bucear con mayor seguridad y aprovechar mejor cada inmersi\u00f3n. Reducir\u00e1s la absorci\u00f3n de nitr\u00f3geno y aumentar\u00e1s tu margen de seguridad bajo el agua.<\/p>\n<p data-start=\"450\" data-end=\"678\">El buceo con aire enriquecido (Nitrox) es cada vez m\u00e1s popular. Permite tiempos sin descompresi\u00f3n m\u00e1s largos y mayor comodidad durante la inmersi\u00f3n. Por ello, muchos buceadores lo consideran una de las especialidades m\u00e1s \u00fatiles.<\/p>\n<p data-start=\"680\" data-end=\"850\">Adem\u00e1s, realizar el curso de <strong data-start=\"709\" data-end=\"731\">Nitrox en Valencia<\/strong> es ideal si haces inmersiones repetitivas o viajes de buceo. Te ayudar\u00e1 a bucear con m\u00e1s tranquilidad y planificaci\u00f3n.<\/p>\n<hr data-start=\"852\" data-end=\"855\" \/>\n<h2 data-start=\"857\" data-end=\"906\">\u00bfQu\u00e9 incluye el Curso PADI Nitrox en Valencia?<\/h2>\n<p data-start=\"908\" data-end=\"1175\">\u2714 Formaci\u00f3n te\u00f3rica completa sobre el uso del aire enriquecido<br data-start=\"970\" data-end=\"973\" \/>\u2714 Aprendizaje del an\u00e1lisis de mezcla de ox\u00edgeno<br data-start=\"1020\" data-end=\"1023\" \/>\u2714 Uso del analizador de ox\u00edgeno<br data-start=\"1054\" data-end=\"1057\" \/>\u2714 Planificaci\u00f3n de inmersiones con tablas o con ordenador de buceo<br data-start=\"1123\" data-end=\"1126\" \/>\u2714 Certificaci\u00f3n oficial PADI Enriched Air Diver<\/p>\n<p data-start=\"1177\" data-end=\"1325\">Este curso no requiere inmersiones pr\u00e1cticas obligatorias. Por ello, es una formaci\u00f3n r\u00e1pida y muy recomendable para cualquier buceador certificado.<\/p>\n<hr data-start=\"1327\" data-end=\"1330\" \/>\n<h2 data-start=\"1332\" data-end=\"1397\">\u00bfQu\u00e9 necesitas para realizar el Curso PADI Nitrox en Valencia?<\/h2>\n<p data-start=\"1399\" data-end=\"1565\">\u2714 Estar certificado como Open Water Diver (o equivalente)<br data-start=\"1456\" data-end=\"1459\" \/>\u2714 Inter\u00e9s en mejorar la seguridad y el rendimiento en tus inmersiones<br data-start=\"1528\" data-end=\"1531\" \/>\u2714 Buena condici\u00f3n f\u00edsica general<\/p>\n<hr data-start=\"1567\" data-end=\"1570\" \/>\n<p data-start=\"1572\" data-end=\"1763\">Le <strong data-start=\"1575\" data-end=\"1597\">Nitrox en Valencia<\/strong> es una de las especialidades m\u00e1s demandadas en el buceo recreativo. Es una formaci\u00f3n corta, pr\u00e1ctica y muy beneficiosa que mejora tu experiencia desde el primer d\u00eda.<\/p>\n<h2 data-start=\"1446\" data-end=\"1511\"><\/h2>\n<p data-start=\"1513\" data-end=\"1676\">","protected":false},"excerpt":{"rendered":"<p>Curso PADI Nitrox en Valencia para bucear con mayor seguridad y aprovechar m\u00e1s cada inmersi\u00f3n. Aprende a utilizar aire enriquecido, analizar mezclas y ampliar tus tiempos sin descompresi\u00f3n.<\/p>","protected":false},"featured_media":955,"template":"","meta":{"_et_pb_use_builder":"off","_et_pb_old_content":"El buceo con NITROX se hace cada vez m\u00e1s popular.\r\n\r\nEsto no es sorprendente, ya que las personas que bucean con Nitrox en vez de con aire convencional a presi\u00f3n absorben menos nitr\u00f3geno durante la inmersi\u00f3n y adem\u00e1s se benefician de tiempos de inmersi\u00f3n sin paradas considerablemente largas, lo que significa que pueden permanecer en la profundidad m\u00e1xima de la inmersi\u00f3n durante m\u00e1s tiempo.","_et_gb_content_width":""},"product_brand":[],"product_cat":[69],"product_tag":[],"class_list":{"0":"post-846","1":"product","2":"type-product","3":"status-publish","4":"has-post-thumbnail","6":"product_cat-especialidades","8":"first","9":"instock","10":"virtual","11":"sold-individually","12":"taxable","13":"purchasable","14":"product-type-booking"},"yoast_head":"<!-- This site is optimized with the Yoast SEO plugin v27.3 - https:\/\/yoast.com\/product\/yoast-seo-wordpress\/ -->\n<title>Curso PADI Nitrox en Valencia - Buceo Valencia<\/title>\n<meta name=\"description\" content=\"Bucear con nitrox en vez de con aire convencional a presi\u00f3n, absorben menos nitr\u00f3geno durante la inmersi\u00f3n y adem\u00e1s se benefician de tiempos de inmersi\u00f3n sin paradas considerablemente largas.\" \/>\n<meta name=\"robots\" content=\"index, follow, max-snippet:-1, max-image-preview:large, max-video-preview:-1\" \/>\n<link rel=\"canonical\" href=\"https:\/\/www.buceovalencia.com\/fr\/produit\/curso-padi-nitrox-valencia\/\" \/>\n<meta property=\"og:locale\" content=\"fr_FR\" \/>\n<meta property=\"og:type\" content=\"article\" \/>\n<meta property=\"og:title\" content=\"Curso PADI Nitrox en Valencia - Buceo Valencia\" \/>\n<meta property=\"og:description\" content=\"Bucear con nitrox en vez de con aire convencional a presi\u00f3n, absorben menos nitr\u00f3geno durante la inmersi\u00f3n y adem\u00e1s se benefician de tiempos de inmersi\u00f3n sin paradas considerablemente largas.\" \/>\n<meta property=\"og:url\" content=\"https:\/\/www.buceovalencia.com\/fr\/produit\/curso-padi-nitrox-valencia\/\" \/>\n<meta property=\"og:site_name\" content=\"Buceo Valencia\" \/>\n<meta property=\"article:publisher\" content=\"https:\/\/www.facebook.com\/buceovalencia\/\" \/>\n<meta property=\"article:modified_time\" content=\"2026-04-06T06:17:13+00:00\" \/>\n<meta property=\"og:image\" content=\"https:\/\/www.buceovalencia.com\/wp-content\/uploads\/2016\/09\/Aire-enriquecido-1.jpg\" \/>\n\t<meta property=\"og:image:width\" content=\"622\" \/>\n\t<meta property=\"og:image:height\" content=\"620\" \/>\n\t<meta property=\"og:image:type\" content=\"image\/jpeg\" \/>\n<meta name=\"twitter:label1\" content=\"Dur\u00e9e de lecture estim\u00e9e\" \/>\n\t<meta name=\"twitter:data1\" content=\"2 minutes\" \/>\n<script type=\"application\/ld+json\" class=\"yoast-schema-graph\">{\"@context\":\"https:\\\/\\\/schema.org\",\"@graph\":[{\"@type\":\"WebPage\",\"@id\":\"https:\\\/\\\/www.buceovalencia.com\\\/producto\\\/curso-padi-nitrox-valencia\\\/\",\"url\":\"https:\\\/\\\/www.buceovalencia.com\\\/producto\\\/curso-padi-nitrox-valencia\\\/\",\"name\":\"Curso PADI Nitrox en Valencia - Buceo Valencia\",\"isPartOf\":{\"@id\":\"https:\\\/\\\/www.buceovalencia.com\\\/?lang=en\\\/#website\"},\"primaryImageOfPage\":{\"@id\":\"https:\\\/\\\/www.buceovalencia.com\\\/producto\\\/curso-padi-nitrox-valencia\\\/#primaryimage\"},\"image\":{\"@id\":\"https:\\\/\\\/www.buceovalencia.com\\\/producto\\\/curso-padi-nitrox-valencia\\\/#primaryimage\"},\"thumbnailUrl\":\"https:\\\/\\\/www.buceovalencia.com\\\/wp-content\\\/uploads\\\/2016\\\/09\\\/Aire-enriquecido-1.jpg\",\"datePublished\":\"2016-10-14T09:09:05+00:00\",\"dateModified\":\"2026-04-06T06:17:13+00:00\",\"description\":\"Bucear con nitrox en vez de con aire convencional a presi\u00f3n, absorben menos nitr\u00f3geno durante la inmersi\u00f3n y adem\u00e1s se benefician de tiempos de inmersi\u00f3n sin paradas considerablemente largas.\",\"breadcrumb\":{\"@id\":\"https:\\\/\\\/www.buceovalencia.com\\\/producto\\\/curso-padi-nitrox-valencia\\\/#breadcrumb\"},\"inLanguage\":\"fr-FR\",\"potentialAction\":[{\"@type\":\"ReadAction\",\"target\":[\"https:\\\/\\\/www.buceovalencia.com\\\/producto\\\/curso-padi-nitrox-valencia\\\/\"]}]},{\"@type\":\"ImageObject\",\"inLanguage\":\"fr-FR\",\"@id\":\"https:\\\/\\\/www.buceovalencia.com\\\/producto\\\/curso-padi-nitrox-valencia\\\/#primaryimage\",\"url\":\"https:\\\/\\\/www.buceovalencia.com\\\/wp-content\\\/uploads\\\/2016\\\/09\\\/Aire-enriquecido-1.jpg\",\"contentUrl\":\"https:\\\/\\\/www.buceovalencia.com\\\/wp-content\\\/uploads\\\/2016\\\/09\\\/Aire-enriquecido-1.jpg\",\"width\":622,\"height\":620,\"caption\":\"Curso Nitrox | Buceo Valencia\"},{\"@type\":\"BreadcrumbList\",\"@id\":\"https:\\\/\\\/www.buceovalencia.com\\\/producto\\\/curso-padi-nitrox-valencia\\\/#breadcrumb\",\"itemListElement\":[{\"@type\":\"ListItem\",\"position\":1,\"name\":\"Portada\",\"item\":\"https:\\\/\\\/www.buceovalencia.com\\\/\"},{\"@type\":\"ListItem\",\"position\":2,\"name\":\"Cursos en Valencia\",\"item\":\"https:\\\/\\\/www.buceovalencia.com\\\/cursos-buceeo-valencia\\\/\"},{\"@type\":\"ListItem\",\"position\":3,\"name\":\"Curso PADI Nitrox en Valencia\"}]},{\"@type\":\"WebSite\",\"@id\":\"https:\\\/\\\/www.buceovalencia.com\\\/?lang=en\\\/#website\",\"url\":\"https:\\\/\\\/www.buceovalencia.com\\\/?lang=en\\\/\",\"name\":\"Buceo Valencia\",\"description\":\"Tu centro de buceo\",\"publisher\":{\"@id\":\"https:\\\/\\\/www.buceovalencia.com\\\/?lang=en\\\/#organization\"},\"potentialAction\":[{\"@type\":\"SearchAction\",\"target\":{\"@type\":\"EntryPoint\",\"urlTemplate\":\"https:\\\/\\\/www.buceovalencia.com\\\/?lang=en\\\/?s={search_term_string}\"},\"query-input\":{\"@type\":\"PropertyValueSpecification\",\"valueRequired\":true,\"valueName\":\"search_term_string\"}}],\"inLanguage\":\"fr-FR\"},{\"@type\":\"Organization\",\"@id\":\"https:\\\/\\\/www.buceovalencia.com\\\/?lang=en\\\/#organization\",\"name\":\"Buceo Valencia\",\"url\":\"https:\\\/\\\/www.buceovalencia.com\\\/?lang=en\\\/\",\"logo\":{\"@type\":\"ImageObject\",\"inLanguage\":\"fr-FR\",\"@id\":\"https:\\\/\\\/www.buceovalencia.com\\\/?lang=en\\\/#\\\/schema\\\/logo\\\/image\\\/\",\"url\":\"https:\\\/\\\/www.buceovalencia.com\\\/wp-content\\\/uploads\\\/2018\\\/01\\\/buceovalencia.png\",\"contentUrl\":\"https:\\\/\\\/www.buceovalencia.com\\\/wp-content\\\/uploads\\\/2018\\\/01\\\/buceovalencia.png\",\"width\":319,\"height\":263,\"caption\":\"Buceo Valencia\"},\"image\":{\"@id\":\"https:\\\/\\\/www.buceovalencia.com\\\/?lang=en\\\/#\\\/schema\\\/logo\\\/image\\\/\"},\"sameAs\":[\"https:\\\/\\\/www.facebook.com\\\/buceovalencia\\\/\",\"https:\\\/\\\/www.instagram.com\\\/buceo_valencia\\\/\"]}]}<\/script>\n<!-- \/ Yoast SEO plugin. -->","yoast_head_json":{"title":"Curso PADI Nitrox en Valencia - Buceo Valencia","description":"Plongant au nitrox au lieu de l&#039;air sous pression conventionnel, ils absorbent moins d&#039;azote pendant la plong\u00e9e et b\u00e9n\u00e9ficient \u00e9galement de temps de plong\u00e9e sans palier consid\u00e9rablement longs.","robots":{"index":"index","follow":"follow","max-snippet":"max-snippet:-1","max-image-preview":"max-image-preview:large","max-video-preview":"max-video-preview:-1"},"canonical":"https:\/\/www.buceovalencia.com\/fr\/produit\/curso-padi-nitrox-valencia\/","og_locale":"fr_FR","og_type":"article","og_title":"Curso PADI Nitrox en Valencia - Buceo Valencia","og_description":"Bucear con nitrox en vez de con aire convencional a presi\u00f3n, absorben menos nitr\u00f3geno durante la inmersi\u00f3n y adem\u00e1s se benefician de tiempos de inmersi\u00f3n sin paradas considerablemente largas.","og_url":"https:\/\/www.buceovalencia.com\/fr\/produit\/curso-padi-nitrox-valencia\/","og_site_name":"Buceo Valencia","article_publisher":"https:\/\/www.facebook.com\/buceovalencia\/","article_modified_time":"2026-04-06T06:17:13+00:00","og_image":[{"width":622,"height":620,"url":"https:\/\/www.buceovalencia.com\/wp-content\/uploads\/2016\/09\/Aire-enriquecido-1.jpg","type":"image\/jpeg"}],"twitter_misc":{"Dur\u00e9e de lecture estim\u00e9e":"2 minutes"},"schema":{"@context":"https:\/\/schema.org","@graph":[{"@type":"WebPage","@id":"https:\/\/www.buceovalencia.com\/producto\/curso-padi-nitrox-valencia\/","url":"https:\/\/www.buceovalencia.com\/producto\/curso-padi-nitrox-valencia\/","name":"Curso PADI Nitrox en Valencia - Buceo Valencia","isPartOf":{"@id":"https:\/\/www.buceovalencia.com\/?lang=en\/#website"},"primaryImageOfPage":{"@id":"https:\/\/www.buceovalencia.com\/producto\/curso-padi-nitrox-valencia\/#primaryimage"},"image":{"@id":"https:\/\/www.buceovalencia.com\/producto\/curso-padi-nitrox-valencia\/#primaryimage"},"thumbnailUrl":"https:\/\/www.buceovalencia.com\/wp-content\/uploads\/2016\/09\/Aire-enriquecido-1.jpg","datePublished":"2016-10-14T09:09:05+00:00","dateModified":"2026-04-06T06:17:13+00:00","description":"Plongant au nitrox au lieu de l&#039;air sous pression conventionnel, ils absorbent moins d&#039;azote pendant la plong\u00e9e et b\u00e9n\u00e9ficient \u00e9galement de temps de plong\u00e9e sans palier consid\u00e9rablement longs.","breadcrumb":{"@id":"https:\/\/www.buceovalencia.com\/producto\/curso-padi-nitrox-valencia\/#breadcrumb"},"inLanguage":"fr-FR","potentialAction":[{"@type":"ReadAction","target":["https:\/\/www.buceovalencia.com\/producto\/curso-padi-nitrox-valencia\/"]}]},{"@type":"ImageObject","inLanguage":"fr-FR","@id":"https:\/\/www.buceovalencia.com\/producto\/curso-padi-nitrox-valencia\/#primaryimage","url":"https:\/\/www.buceovalencia.com\/wp-content\/uploads\/2016\/09\/Aire-enriquecido-1.jpg","contentUrl":"https:\/\/www.buceovalencia.com\/wp-content\/uploads\/2016\/09\/Aire-enriquecido-1.jpg","width":622,"height":620,"caption":"Curso Nitrox | Buceo Valencia"},{"@type":"BreadcrumbList","@id":"https:\/\/www.buceovalencia.com\/producto\/curso-padi-nitrox-valencia\/#breadcrumb","itemListElement":[{"@type":"ListItem","position":1,"name":"Portada","item":"https:\/\/www.buceovalencia.com\/"},{"@type":"ListItem","position":2,"name":"Cursos en Valencia","item":"https:\/\/www.buceovalencia.com\/cursos-buceeo-valencia\/"},{"@type":"ListItem","position":3,"name":"Curso PADI Nitrox en Valencia"}]},{"@type":"WebSite","@id":"https:\/\/www.buceovalencia.com\/?lang=en\/#website","url":"https:\/\/www.buceovalencia.com\/?lang=en\/","name":"Plong\u00e9e Valence","description":"votre centre de plong\u00e9e","publisher":{"@id":"https:\/\/www.buceovalencia.com\/?lang=en\/#organization"},"potentialAction":[{"@type":"SearchAction","target":{"@type":"EntryPoint","urlTemplate":"https:\/\/www.buceovalencia.com\/?lang=en\/?s={search_term_string}"},"query-input":{"@type":"PropertyValueSpecification","valueRequired":true,"valueName":"search_term_string"}}],"inLanguage":"fr-FR"},{"@type":"Organization","@id":"https:\/\/www.buceovalencia.com\/?lang=en\/#organization","name":"Plong\u00e9e Valence","url":"https:\/\/www.buceovalencia.com\/?lang=en\/","logo":{"@type":"ImageObject","inLanguage":"fr-FR","@id":"https:\/\/www.buceovalencia.com\/?lang=en\/#\/schema\/logo\/image\/","url":"https:\/\/www.buceovalencia.com\/wp-content\/uploads\/2018\/01\/buceovalencia.png","contentUrl":"https:\/\/www.buceovalencia.com\/wp-content\/uploads\/2018\/01\/buceovalencia.png","width":319,"height":263,"caption":"Buceo Valencia"},"image":{"@id":"https:\/\/www.buceovalencia.com\/?lang=en\/#\/schema\/logo\/image\/"},"sameAs":["https:\/\/www.facebook.com\/buceovalencia\/","https:\/\/www.instagram.com\/buceo_valencia\/"]}]}},"_links":{"self":[{"href":"https:\/\/www.buceovalencia.com\/fr\/wp-json\/wp\/v2\/product\/846","targetHints":{"allow":["GET"]}}],"collection":[{"href":"https:\/\/www.buceovalencia.com\/fr\/wp-json\/wp\/v2\/product"}],"about":[{"href":"https:\/\/www.buceovalencia.com\/fr\/wp-json\/wp\/v2\/types\/product"}],"wp:featuredmedia":[{"embeddable":true,"href":"https:\/\/www.buceovalencia.com\/fr\/wp-json\/wp\/v2\/media\/955"}],"wp:attachment":[{"href":"https:\/\/www.buceovalencia.com\/fr\/wp-json\/wp\/v2\/media?parent=846"}],"wp:term":[{"taxonomy":"product_brand","embeddable":true,"href":"https:\/\/www.buceovalencia.com\/fr\/wp-json\/wp\/v2\/product_brand?post=846"},{"taxonomy":"product_cat","embeddable":true,"href":"https:\/\/www.buceovalencia.com\/fr\/wp-json\/wp\/v2\/product_cat?post=846"},{"taxonomy":"product_tag","embeddable":true,"href":"https:\/\/www.buceovalencia.com\/fr\/wp-json\/wp\/v2\/product_tag?post=846"}],"curies":[{"name":"wp","href":"https:\/\/api.w.org\/{rel}","templated":true}]}}