{"id":854,"date":"2016-10-14T11:43:38","date_gmt":"2016-10-14T09:43:38","guid":{"rendered":"https:\/\/buceovalencia.com\/?post_type=product&#038;p=854"},"modified":"2026-04-06T08:06:53","modified_gmt":"2026-04-06T06:06:53","slug":"curso-primeros-auxilios-reanimacion-valencia","status":"publish","type":"product","link":"https:\/\/www.buceovalencia.com\/fr\/produit\/curso-primeros-auxilios-reanimacion-valencia\/","title":{"rendered":"Curso de Primeros Auxilios y Reanimaci\u00f3n EFR en Valencia"},"content":{"rendered":"<h2 data-start=\"439\" data-end=\"692\">Curso de Primeros Auxilios en Valencia<\/h2>\n<p data-start=\"439\" data-end=\"692\">El Curso de Primeros Auxilios y Reanimaci\u00f3n EFR en Valencia te proporciona las habilidades necesarias para actuar con seguridad en situaciones de emergencia, incluyendo RCP y reanimaci\u00f3n.<\/p>\n<p data-start=\"694\" data-end=\"820\">Esta formaci\u00f3n est\u00e1 dise\u00f1ada tanto para buceadores como para cualquier persona que quiera estar preparada ante una emergencia.<\/p>\n<p data-start=\"805\" data-end=\"953\">Adem\u00e1s, el curso de Primeros Auxilios y Reanimaci\u00f3n en Valencia es prerrequisito para acceder al Curso PADI Rescue Diver y a formaciones superiores.<\/p>\n<hr data-start=\"955\" data-end=\"958\" \/>\n<h2 data-start=\"960\" data-end=\"1036\"><\/h2>\n<h2>\u00bfQu\u00e9 incluye el Curso de Primeros Auxilios EFR en Valencia?<\/h2>\n<p data-start=\"1038\" data-end=\"1256\">\u2714 Formaci\u00f3n te\u00f3rica clara y estructurada<br data-start=\"1078\" data-end=\"1081\" \/>\u2714 Pr\u00e1cticas reales de RCP y uso de desfibrilador (DEA)<br data-start=\"1135\" data-end=\"1138\" \/>\u2714 Simulaci\u00f3n de situaciones de emergencia<br data-start=\"1179\" data-end=\"1182\" \/>\u2714 Manual oficial EFR<br data-start=\"1202\" data-end=\"1205\" \/>\u2714 Certificaci\u00f3n oficial v\u00e1lida internacionalmente<\/p>\n<hr data-start=\"1258\" data-end=\"1261\" \/>\n<h2 data-start=\"1263\" data-end=\"1299\">\u00bfQu\u00e9 aprender\u00e1s durante el curso?<\/h2>\n<p data-start=\"1301\" data-end=\"1535\">\u2714 Evaluaci\u00f3n primaria y secundaria de la v\u00edctima<br data-start=\"1349\" data-end=\"1352\" \/>\u2714 Reanimaci\u00f3n cardiopulmonar (RCP) en adultos y ni\u00f1os<br data-start=\"1405\" data-end=\"1408\" \/>\u2714 Uso del desfibrilador externo autom\u00e1tico (DEA)<br data-start=\"1456\" data-end=\"1459\" \/>\u2714 Control de hemorragias<br data-start=\"1483\" data-end=\"1486\" \/>\u2714 Actuaci\u00f3n ante lesiones y emergencias comunes<\/p>\n<p data-start=\"1542\" data-end=\"1749\">El curso de Primeros Auxilios y Reanimaci\u00f3n en Valencia es una formaci\u00f3n pr\u00e1ctica y fundamental para actuar con seguridad ante cualquier emergencia.<\/p>\n<h2 data-start=\"123\" data-end=\"170\">Contin\u00faa tu formaci\u00f3n como buceador avanzado<\/h2>\n<p data-start=\"172\" data-end=\"430\">Le <strong data-start=\"175\" data-end=\"217\">Curso de Primeros Auxilios en Valencia<\/strong> es requisito indispensable para acceder al siguiente nivel de formaci\u00f3n. Si tu objetivo es aumentar tu seguridad y responsabilidad bajo el agua, el siguiente paso natural es el <a href=\"https:\/\/www.buceovalencia.com\/producto\/curso-padi-rescue-diver-valencia\/\"><strong data-start=\"395\" data-end=\"429\">Curso Rescue Diver en Valencia<\/strong><\/a>.<\/p>\n<p data-start=\"432\" data-end=\"589\">Combinar el EFR con el Rescue te permite completar tu evoluci\u00f3n como buceador preparado, consciente y capaz de actuar ante cualquier situaci\u00f3n de emergencia.<\/p>\n<p data-start=\"1542\" data-end=\"1749\">","protected":false},"excerpt":{"rendered":"<p>El curso est\u00e1 orientado al aprendizaje pr\u00e1ctico de primeros auxilios b\u00e1sicos, respiraci\u00f3n artificial, reanimaci\u00f3n cardiopulmonar, cuidados de emergencia y acciones de socorro inmediato.Es un requisito previo para acceder al curso Rescue Diver y a otros niveles superiores de formaci\u00f3n.<\/p>","protected":false},"featured_media":8694,"template":"","meta":{"_et_pb_use_builder":"off","_et_pb_old_content":"El curso consiste en el entrenamiento para la pr\u00e1ctica de primeros auxilios b\u00e1sicos: respiraci\u00f3n artificial, reanimaci\u00f3n cardiopulmonar, cuidados de emergencia, y acciones de socorro inmediato. Es prerrequisito para acceder al curso de Rescate y cursos superiores.","_et_gb_content_width":""},"product_brand":[],"product_cat":[99],"product_tag":[],"class_list":{"0":"post-854","1":"product","2":"type-product","3":"status-publish","4":"has-post-thumbnail","6":"product_cat-buceo-recreativo-avanzado","8":"first","9":"instock","10":"virtual","11":"taxable","12":"purchasable","13":"product-type-simple"},"yoast_head":"<!-- This site is optimized with the Yoast SEO plugin v27.3 - https:\/\/yoast.com\/product\/yoast-seo-wordpress\/ -->\n<title>Curso de Primeros Auxilios y Reanimaci\u00f3n EFR en Valencia - Buceo Valencia<\/title>\n<meta name=\"description\" content=\"El curso consiste en el entrenamiento para la pr\u00e1ctica de primeros auxilios b\u00e1sicos: respiraci\u00f3n artificial, reanimaci\u00f3n cardiopulmonar, cuidados de emergencia, y acciones de socorro inmediato.\" \/>\n<meta name=\"robots\" content=\"index, follow, max-snippet:-1, max-image-preview:large, max-video-preview:-1\" \/>\n<link rel=\"canonical\" href=\"https:\/\/www.buceovalencia.com\/fr\/produit\/curso-primeros-auxilios-reanimacion-valencia\/\" \/>\n<meta property=\"og:locale\" content=\"fr_FR\" \/>\n<meta property=\"og:type\" content=\"article\" \/>\n<meta property=\"og:title\" content=\"Curso de Primeros Auxilios y Reanimaci\u00f3n EFR en Valencia - Buceo Valencia\" \/>\n<meta property=\"og:description\" content=\"El curso consiste en el entrenamiento para la pr\u00e1ctica de primeros auxilios b\u00e1sicos: respiraci\u00f3n artificial, reanimaci\u00f3n cardiopulmonar, cuidados de emergencia, y acciones de socorro inmediato.\" \/>\n<meta property=\"og:url\" content=\"https:\/\/www.buceovalencia.com\/fr\/produit\/curso-primeros-auxilios-reanimacion-valencia\/\" \/>\n<meta property=\"og:site_name\" content=\"Buceo Valencia\" \/>\n<meta property=\"article:publisher\" content=\"https:\/\/www.facebook.com\/buceovalencia\/\" \/>\n<meta property=\"article:modified_time\" content=\"2026-04-06T06:06:53+00:00\" \/>\n<meta property=\"og:image\" content=\"https:\/\/www.buceovalencia.com\/wp-content\/uploads\/2016\/10\/emergencyfist01.jpg\" \/>\n\t<meta property=\"og:image:width\" content=\"900\" \/>\n\t<meta property=\"og:image:height\" content=\"900\" \/>\n\t<meta property=\"og:image:type\" content=\"image\/jpeg\" \/>\n<meta name=\"twitter:label1\" content=\"Dur\u00e9e de lecture estim\u00e9e\" \/>\n\t<meta name=\"twitter:data1\" content=\"2 minutes\" \/>\n<script type=\"application\/ld+json\" class=\"yoast-schema-graph\">{\"@context\":\"https:\\\/\\\/schema.org\",\"@graph\":[{\"@type\":\"WebPage\",\"@id\":\"https:\\\/\\\/www.buceovalencia.com\\\/producto\\\/curso-primeros-auxilios-reanimacion-valencia\\\/\",\"url\":\"https:\\\/\\\/www.buceovalencia.com\\\/producto\\\/curso-primeros-auxilios-reanimacion-valencia\\\/\",\"name\":\"Curso de Primeros Auxilios y Reanimaci\u00f3n EFR en Valencia - Buceo Valencia\",\"isPartOf\":{\"@id\":\"https:\\\/\\\/www.buceovalencia.com\\\/?lang=en\\\/#website\"},\"primaryImageOfPage\":{\"@id\":\"https:\\\/\\\/www.buceovalencia.com\\\/producto\\\/curso-primeros-auxilios-reanimacion-valencia\\\/#primaryimage\"},\"image\":{\"@id\":\"https:\\\/\\\/www.buceovalencia.com\\\/producto\\\/curso-primeros-auxilios-reanimacion-valencia\\\/#primaryimage\"},\"thumbnailUrl\":\"https:\\\/\\\/www.buceovalencia.com\\\/wp-content\\\/uploads\\\/2016\\\/10\\\/emergencyfist01.jpg\",\"datePublished\":\"2016-10-14T09:43:38+00:00\",\"dateModified\":\"2026-04-06T06:06:53+00:00\",\"description\":\"El curso consiste en el entrenamiento para la pr\u00e1ctica de primeros auxilios b\u00e1sicos: respiraci\u00f3n artificial, reanimaci\u00f3n cardiopulmonar, cuidados de emergencia, y acciones de socorro inmediato.\",\"breadcrumb\":{\"@id\":\"https:\\\/\\\/www.buceovalencia.com\\\/producto\\\/curso-primeros-auxilios-reanimacion-valencia\\\/#breadcrumb\"},\"inLanguage\":\"fr-FR\",\"potentialAction\":[{\"@type\":\"ReadAction\",\"target\":[\"https:\\\/\\\/www.buceovalencia.com\\\/producto\\\/curso-primeros-auxilios-reanimacion-valencia\\\/\"]}]},{\"@type\":\"ImageObject\",\"inLanguage\":\"fr-FR\",\"@id\":\"https:\\\/\\\/www.buceovalencia.com\\\/producto\\\/curso-primeros-auxilios-reanimacion-valencia\\\/#primaryimage\",\"url\":\"https:\\\/\\\/www.buceovalencia.com\\\/wp-content\\\/uploads\\\/2016\\\/10\\\/emergencyfist01.jpg\",\"contentUrl\":\"https:\\\/\\\/www.buceovalencia.com\\\/wp-content\\\/uploads\\\/2016\\\/10\\\/emergencyfist01.jpg\",\"width\":900,\"height\":900},{\"@type\":\"BreadcrumbList\",\"@id\":\"https:\\\/\\\/www.buceovalencia.com\\\/producto\\\/curso-primeros-auxilios-reanimacion-valencia\\\/#breadcrumb\",\"itemListElement\":[{\"@type\":\"ListItem\",\"position\":1,\"name\":\"Portada\",\"item\":\"https:\\\/\\\/www.buceovalencia.com\\\/\"},{\"@type\":\"ListItem\",\"position\":2,\"name\":\"Cursos en Valencia\",\"item\":\"https:\\\/\\\/www.buceovalencia.com\\\/cursos-buceeo-valencia\\\/\"},{\"@type\":\"ListItem\",\"position\":3,\"name\":\"Curso de Primeros Auxilios y Reanimaci\u00f3n EFR en Valencia\"}]},{\"@type\":\"WebSite\",\"@id\":\"https:\\\/\\\/www.buceovalencia.com\\\/?lang=en\\\/#website\",\"url\":\"https:\\\/\\\/www.buceovalencia.com\\\/?lang=en\\\/\",\"name\":\"Buceo Valencia\",\"description\":\"Tu centro de buceo\",\"publisher\":{\"@id\":\"https:\\\/\\\/www.buceovalencia.com\\\/?lang=en\\\/#organization\"},\"potentialAction\":[{\"@type\":\"SearchAction\",\"target\":{\"@type\":\"EntryPoint\",\"urlTemplate\":\"https:\\\/\\\/www.buceovalencia.com\\\/?lang=en\\\/?s={search_term_string}\"},\"query-input\":{\"@type\":\"PropertyValueSpecification\",\"valueRequired\":true,\"valueName\":\"search_term_string\"}}],\"inLanguage\":\"fr-FR\"},{\"@type\":\"Organization\",\"@id\":\"https:\\\/\\\/www.buceovalencia.com\\\/?lang=en\\\/#organization\",\"name\":\"Buceo Valencia\",\"url\":\"https:\\\/\\\/www.buceovalencia.com\\\/?lang=en\\\/\",\"logo\":{\"@type\":\"ImageObject\",\"inLanguage\":\"fr-FR\",\"@id\":\"https:\\\/\\\/www.buceovalencia.com\\\/?lang=en\\\/#\\\/schema\\\/logo\\\/image\\\/\",\"url\":\"https:\\\/\\\/www.buceovalencia.com\\\/wp-content\\\/uploads\\\/2018\\\/01\\\/buceovalencia.png\",\"contentUrl\":\"https:\\\/\\\/www.buceovalencia.com\\\/wp-content\\\/uploads\\\/2018\\\/01\\\/buceovalencia.png\",\"width\":319,\"height\":263,\"caption\":\"Buceo Valencia\"},\"image\":{\"@id\":\"https:\\\/\\\/www.buceovalencia.com\\\/?lang=en\\\/#\\\/schema\\\/logo\\\/image\\\/\"},\"sameAs\":[\"https:\\\/\\\/www.facebook.com\\\/buceovalencia\\\/\",\"https:\\\/\\\/www.instagram.com\\\/buceo_valencia\\\/\"]}]}<\/script>\n<!-- \/ Yoast SEO plugin. -->","yoast_head_json":{"title":"Curso de Primeros Auxilios y Reanimaci\u00f3n EFR en Valencia - Buceo Valencia","description":"Le cursus consiste en une formation \u00e0 la pratique des premiers secours de base : respiration artificielle, r\u00e9animation cardiorespiratoire, soins d&#039;urgence, et gestes de secours imm\u00e9diats.","robots":{"index":"index","follow":"follow","max-snippet":"max-snippet:-1","max-image-preview":"max-image-preview:large","max-video-preview":"max-video-preview:-1"},"canonical":"https:\/\/www.buceovalencia.com\/fr\/produit\/curso-primeros-auxilios-reanimacion-valencia\/","og_locale":"fr_FR","og_type":"article","og_title":"Curso de Primeros Auxilios y Reanimaci\u00f3n EFR en Valencia - Buceo Valencia","og_description":"El curso consiste en el entrenamiento para la pr\u00e1ctica de primeros auxilios b\u00e1sicos: respiraci\u00f3n artificial, reanimaci\u00f3n cardiopulmonar, cuidados de emergencia, y acciones de socorro inmediato.","og_url":"https:\/\/www.buceovalencia.com\/fr\/produit\/curso-primeros-auxilios-reanimacion-valencia\/","og_site_name":"Buceo Valencia","article_publisher":"https:\/\/www.facebook.com\/buceovalencia\/","article_modified_time":"2026-04-06T06:06:53+00:00","og_image":[{"width":900,"height":900,"url":"https:\/\/www.buceovalencia.com\/wp-content\/uploads\/2016\/10\/emergencyfist01.jpg","type":"image\/jpeg"}],"twitter_misc":{"Dur\u00e9e de lecture estim\u00e9e":"2 minutes"},"schema":{"@context":"https:\/\/schema.org","@graph":[{"@type":"WebPage","@id":"https:\/\/www.buceovalencia.com\/producto\/curso-primeros-auxilios-reanimacion-valencia\/","url":"https:\/\/www.buceovalencia.com\/producto\/curso-primeros-auxilios-reanimacion-valencia\/","name":"Curso de Primeros Auxilios y Reanimaci\u00f3n EFR en Valencia - Buceo Valencia","isPartOf":{"@id":"https:\/\/www.buceovalencia.com\/?lang=en\/#website"},"primaryImageOfPage":{"@id":"https:\/\/www.buceovalencia.com\/producto\/curso-primeros-auxilios-reanimacion-valencia\/#primaryimage"},"image":{"@id":"https:\/\/www.buceovalencia.com\/producto\/curso-primeros-auxilios-reanimacion-valencia\/#primaryimage"},"thumbnailUrl":"https:\/\/www.buceovalencia.com\/wp-content\/uploads\/2016\/10\/emergencyfist01.jpg","datePublished":"2016-10-14T09:43:38+00:00","dateModified":"2026-04-06T06:06:53+00:00","description":"Le cursus consiste en une formation \u00e0 la pratique des premiers secours de base : respiration artificielle, r\u00e9animation cardiorespiratoire, soins d&#039;urgence, et gestes de secours imm\u00e9diats.","breadcrumb":{"@id":"https:\/\/www.buceovalencia.com\/producto\/curso-primeros-auxilios-reanimacion-valencia\/#breadcrumb"},"inLanguage":"fr-FR","potentialAction":[{"@type":"ReadAction","target":["https:\/\/www.buceovalencia.com\/producto\/curso-primeros-auxilios-reanimacion-valencia\/"]}]},{"@type":"ImageObject","inLanguage":"fr-FR","@id":"https:\/\/www.buceovalencia.com\/producto\/curso-primeros-auxilios-reanimacion-valencia\/#primaryimage","url":"https:\/\/www.buceovalencia.com\/wp-content\/uploads\/2016\/10\/emergencyfist01.jpg","contentUrl":"https:\/\/www.buceovalencia.com\/wp-content\/uploads\/2016\/10\/emergencyfist01.jpg","width":900,"height":900},{"@type":"BreadcrumbList","@id":"https:\/\/www.buceovalencia.com\/producto\/curso-primeros-auxilios-reanimacion-valencia\/#breadcrumb","itemListElement":[{"@type":"ListItem","position":1,"name":"Portada","item":"https:\/\/www.buceovalencia.com\/"},{"@type":"ListItem","position":2,"name":"Cursos en Valencia","item":"https:\/\/www.buceovalencia.com\/cursos-buceeo-valencia\/"},{"@type":"ListItem","position":3,"name":"Curso de Primeros Auxilios y Reanimaci\u00f3n EFR en Valencia"}]},{"@type":"WebSite","@id":"https:\/\/www.buceovalencia.com\/?lang=en\/#website","url":"https:\/\/www.buceovalencia.com\/?lang=en\/","name":"Plong\u00e9e Valence","description":"votre centre de plong\u00e9e","publisher":{"@id":"https:\/\/www.buceovalencia.com\/?lang=en\/#organization"},"potentialAction":[{"@type":"SearchAction","target":{"@type":"EntryPoint","urlTemplate":"https:\/\/www.buceovalencia.com\/?lang=en\/?s={search_term_string}"},"query-input":{"@type":"PropertyValueSpecification","valueRequired":true,"valueName":"search_term_string"}}],"inLanguage":"fr-FR"},{"@type":"Organization","@id":"https:\/\/www.buceovalencia.com\/?lang=en\/#organization","name":"Plong\u00e9e Valence","url":"https:\/\/www.buceovalencia.com\/?lang=en\/","logo":{"@type":"ImageObject","inLanguage":"fr-FR","@id":"https:\/\/www.buceovalencia.com\/?lang=en\/#\/schema\/logo\/image\/","url":"https:\/\/www.buceovalencia.com\/wp-content\/uploads\/2018\/01\/buceovalencia.png","contentUrl":"https:\/\/www.buceovalencia.com\/wp-content\/uploads\/2018\/01\/buceovalencia.png","width":319,"height":263,"caption":"Buceo Valencia"},"image":{"@id":"https:\/\/www.buceovalencia.com\/?lang=en\/#\/schema\/logo\/image\/"},"sameAs":["https:\/\/www.facebook.com\/buceovalencia\/","https:\/\/www.instagram.com\/buceo_valencia\/"]}]}},"_links":{"self":[{"href":"https:\/\/www.buceovalencia.com\/fr\/wp-json\/wp\/v2\/product\/854","targetHints":{"allow":["GET"]}}],"collection":[{"href":"https:\/\/www.buceovalencia.com\/fr\/wp-json\/wp\/v2\/product"}],"about":[{"href":"https:\/\/www.buceovalencia.com\/fr\/wp-json\/wp\/v2\/types\/product"}],"wp:featuredmedia":[{"embeddable":true,"href":"https:\/\/www.buceovalencia.com\/fr\/wp-json\/wp\/v2\/media\/8694"}],"wp:attachment":[{"href":"https:\/\/www.buceovalencia.com\/fr\/wp-json\/wp\/v2\/media?parent=854"}],"wp:term":[{"taxonomy":"product_brand","embeddable":true,"href":"https:\/\/www.buceovalencia.com\/fr\/wp-json\/wp\/v2\/product_brand?post=854"},{"taxonomy":"product_cat","embeddable":true,"href":"https:\/\/www.buceovalencia.com\/fr\/wp-json\/wp\/v2\/product_cat?post=854"},{"taxonomy":"product_tag","embeddable":true,"href":"https:\/\/www.buceovalencia.com\/fr\/wp-json\/wp\/v2\/product_tag?post=854"}],"curies":[{"name":"wp","href":"https:\/\/api.w.org\/{rel}","templated":true}]}}