{"id":876,"date":"2016-10-20T17:17:26","date_gmt":"2016-10-20T15:17:26","guid":{"rendered":"https:\/\/buceovalencia.com\/?post_type=product&#038;p=876"},"modified":"2026-04-28T17:52:42","modified_gmt":"2026-04-28T15:52:42","slug":"cours-de-combinaison-etanche-2","status":"publish","type":"product","link":"https:\/\/www.buceovalencia.com\/fr\/produit\/cours-de-combinaison-etanche-2\/","title":{"rendered":"Cours de combinaison \u00e9tanche"},"content":{"rendered":"<p>Vous apprendrez comment utiliser votre combinaison et comment en prendre soin. En deux plong\u00e9es, dont une en eaux confin\u00e9es, vous pratiquerez:<\/p>\n<ul>\n<li>Comment mettre et enlever votre combinaison \u00e9tanche avec un minimum d&#039;aide<\/li>\n<li>Ma\u00eetrisez la flottabilit\u00e9 \u00e0 l&#039;aide de votre combinaison<\/li>\n<li>Proc\u00e9dures de s\u00e9curit\u00e9 pour le port de la combinaison<\/li>\n<\/ul>","protected":false},"excerpt":{"rendered":"<p>Vous apprendrez comment utiliser votre combinaison et comment en prendre soin. En deux plong\u00e9es, dont une en eaux confin\u00e9es, vous pratiquerez:<\/p>\n<ul>\n<li>Comment mettre et enlever votre combinaison \u00e9tanche avec un minimum d&#039;aide<\/li>\n<li>Ma\u00eetrisez la flottabilit\u00e9 \u00e0 l&#039;aide de votre combinaison<\/li>\n<li>Proc\u00e9dures de s\u00e9curit\u00e9 pour le port de la combinaison<\/li>\n<\/ul>","protected":false},"featured_media":880,"template":"","meta":{"_et_pb_use_builder":"off","_et_pb_old_content":"Aprender\u00e1s c\u00f3mo utilizar tu traje y c\u00f3mo se debe cuidar. En dos inmersiones, una en aguas confinadas, practicar\u00e1s:\r\n<ul>\r\n \t<li>C\u00f3mo ponerse y quitarse el traje seco con la ayuda m\u00ednima<\/li>\r\n \t<li>Dominar la flotabilidad usando tu traje de buceo<\/li>\r\n \t<li>Los procedimientos de seguridad para usar el traje<\/li>\r\n<\/ul>","_et_gb_content_width":""},"product_brand":[],"product_cat":[69],"product_tag":[],"class_list":{"0":"post-876","1":"product","2":"type-product","3":"status-publish","4":"has-post-thumbnail","6":"product_cat-especialidades","8":"first","9":"instock","10":"sold-individually","11":"taxable","12":"shipping-taxable","13":"product-type-external"},"yoast_head":"<!-- This site is optimized with the Yoast SEO plugin v27.5 - https:\/\/yoast.com\/product\/yoast-seo-wordpress\/ -->\n<title>Curso Traje Seco - Buceo Valencia<\/title>\n<meta name=\"description\" content=\"\u00bfQuieres prolongar tu temporada de buceo? Con un traje seco podr\u00e1s bucear c\u00f3modamente a pesar de que el agua est\u00e9 fr\u00eda.\" \/>\n<meta name=\"robots\" content=\"index, follow, max-snippet:-1, max-image-preview:large, max-video-preview:-1\" \/>\n<link rel=\"canonical\" href=\"https:\/\/www.buceovalencia.com\/fr\/produit\/cours-de-combinaison-etanche-2\/\" \/>\n<meta property=\"og:locale\" content=\"fr_FR\" \/>\n<meta property=\"og:type\" content=\"article\" \/>\n<meta property=\"og:title\" content=\"Curso Traje Seco - Buceo Valencia\" \/>\n<meta property=\"og:description\" content=\"\u00bfQuieres prolongar tu temporada de buceo? Con un traje seco podr\u00e1s bucear c\u00f3modamente a pesar de que el agua est\u00e9 fr\u00eda.\" \/>\n<meta property=\"og:url\" content=\"https:\/\/www.buceovalencia.com\/fr\/produit\/cours-de-combinaison-etanche-2\/\" \/>\n<meta property=\"og:site_name\" content=\"Buceo Valencia\" \/>\n<meta property=\"article:publisher\" content=\"https:\/\/www.facebook.com\/buceovalencia\/\" \/>\n<meta property=\"article:modified_time\" content=\"2026-04-28T15:52:42+00:00\" \/>\n<meta property=\"og:image\" content=\"https:\/\/www.buceovalencia.com\/wp-content\/uploads\/2016\/10\/traje-seco.jpg\" \/>\n\t<meta property=\"og:image:width\" content=\"305\" \/>\n\t<meta property=\"og:image:height\" content=\"302\" \/>\n\t<meta property=\"og:image:type\" content=\"image\/jpeg\" \/>\n<meta name=\"twitter:label1\" content=\"Dur\u00e9e de lecture estim\u00e9e\" \/>\n\t<meta name=\"twitter:data1\" content=\"1 minute\" \/>\n<script type=\"application\/ld+json\" class=\"yoast-schema-graph\">{\"@context\":\"https:\\\/\\\/schema.org\",\"@graph\":[{\"@type\":\"WebPage\",\"@id\":\"https:\\\/\\\/www.buceovalencia.com\\\/producto\\\/curso-traje-seco\\\/\",\"url\":\"https:\\\/\\\/www.buceovalencia.com\\\/producto\\\/curso-traje-seco\\\/\",\"name\":\"Curso Traje Seco - Buceo Valencia\",\"isPartOf\":{\"@id\":\"https:\\\/\\\/www.buceovalencia.com\\\/?lang=en\\\/#website\"},\"primaryImageOfPage\":{\"@id\":\"https:\\\/\\\/www.buceovalencia.com\\\/producto\\\/curso-traje-seco\\\/#primaryimage\"},\"image\":{\"@id\":\"https:\\\/\\\/www.buceovalencia.com\\\/producto\\\/curso-traje-seco\\\/#primaryimage\"},\"thumbnailUrl\":\"https:\\\/\\\/www.buceovalencia.com\\\/wp-content\\\/uploads\\\/2016\\\/10\\\/traje-seco.jpg\",\"datePublished\":\"2016-10-20T15:17:26+00:00\",\"dateModified\":\"2026-04-28T15:52:42+00:00\",\"description\":\"\u00bfQuieres prolongar tu temporada de buceo? Con un traje seco podr\u00e1s bucear c\u00f3modamente a pesar de que el agua est\u00e9 fr\u00eda.\",\"breadcrumb\":{\"@id\":\"https:\\\/\\\/www.buceovalencia.com\\\/producto\\\/curso-traje-seco\\\/#breadcrumb\"},\"inLanguage\":\"fr-FR\",\"potentialAction\":[{\"@type\":\"ReadAction\",\"target\":[\"https:\\\/\\\/www.buceovalencia.com\\\/producto\\\/curso-traje-seco\\\/\"]}]},{\"@type\":\"ImageObject\",\"inLanguage\":\"fr-FR\",\"@id\":\"https:\\\/\\\/www.buceovalencia.com\\\/producto\\\/curso-traje-seco\\\/#primaryimage\",\"url\":\"https:\\\/\\\/www.buceovalencia.com\\\/wp-content\\\/uploads\\\/2016\\\/10\\\/traje-seco.jpg\",\"contentUrl\":\"https:\\\/\\\/www.buceovalencia.com\\\/wp-content\\\/uploads\\\/2016\\\/10\\\/traje-seco.jpg\",\"width\":305,\"height\":302,\"caption\":\"Curso Traje Seco | Buceo Valencia\"},{\"@type\":\"BreadcrumbList\",\"@id\":\"https:\\\/\\\/www.buceovalencia.com\\\/producto\\\/curso-traje-seco\\\/#breadcrumb\",\"itemListElement\":[{\"@type\":\"ListItem\",\"position\":1,\"name\":\"Portada\",\"item\":\"https:\\\/\\\/www.buceovalencia.com\\\/\"},{\"@type\":\"ListItem\",\"position\":2,\"name\":\"Cursos en Valencia\",\"item\":\"https:\\\/\\\/www.buceovalencia.com\\\/cursos-buceeo-valencia\\\/\"},{\"@type\":\"ListItem\",\"position\":3,\"name\":\"Curso Traje Seco\"}]},{\"@type\":\"WebSite\",\"@id\":\"https:\\\/\\\/www.buceovalencia.com\\\/?lang=en\\\/#website\",\"url\":\"https:\\\/\\\/www.buceovalencia.com\\\/?lang=en\\\/\",\"name\":\"Buceo Valencia\",\"description\":\"Tu centro de buceo\",\"publisher\":{\"@id\":\"https:\\\/\\\/www.buceovalencia.com\\\/?lang=en\\\/#organization\"},\"potentialAction\":[{\"@type\":\"SearchAction\",\"target\":{\"@type\":\"EntryPoint\",\"urlTemplate\":\"https:\\\/\\\/www.buceovalencia.com\\\/?lang=en\\\/?s={search_term_string}\"},\"query-input\":{\"@type\":\"PropertyValueSpecification\",\"valueRequired\":true,\"valueName\":\"search_term_string\"}}],\"inLanguage\":\"fr-FR\"},{\"@type\":\"Organization\",\"@id\":\"https:\\\/\\\/www.buceovalencia.com\\\/?lang=en\\\/#organization\",\"name\":\"Buceo Valencia\",\"url\":\"https:\\\/\\\/www.buceovalencia.com\\\/?lang=en\\\/\",\"logo\":{\"@type\":\"ImageObject\",\"inLanguage\":\"fr-FR\",\"@id\":\"https:\\\/\\\/www.buceovalencia.com\\\/?lang=en\\\/#\\\/schema\\\/logo\\\/image\\\/\",\"url\":\"https:\\\/\\\/www.buceovalencia.com\\\/wp-content\\\/uploads\\\/2018\\\/01\\\/buceovalencia.png\",\"contentUrl\":\"https:\\\/\\\/www.buceovalencia.com\\\/wp-content\\\/uploads\\\/2018\\\/01\\\/buceovalencia.png\",\"width\":319,\"height\":263,\"caption\":\"Buceo Valencia\"},\"image\":{\"@id\":\"https:\\\/\\\/www.buceovalencia.com\\\/?lang=en\\\/#\\\/schema\\\/logo\\\/image\\\/\"},\"sameAs\":[\"https:\\\/\\\/www.facebook.com\\\/buceovalencia\\\/\",\"https:\\\/\\\/www.instagram.com\\\/buceo_valencia\\\/\"]}]}<\/script>\n<!-- \/ Yoast SEO plugin. -->","yoast_head_json":{"title":"Cours de combinaison \u00e9tanche - Plong\u00e9e Valence","description":"Vous souhaitez prolonger votre saison de plong\u00e9e ? Avec une combinaison \u00e9tanche, vous pourrez plonger confortablement m\u00eame si l&#039;eau est froide.","robots":{"index":"index","follow":"follow","max-snippet":"max-snippet:-1","max-image-preview":"max-image-preview:large","max-video-preview":"max-video-preview:-1"},"canonical":"https:\/\/www.buceovalencia.com\/fr\/produit\/cours-de-combinaison-etanche-2\/","og_locale":"fr_FR","og_type":"article","og_title":"Curso Traje Seco - Buceo Valencia","og_description":"\u00bfQuieres prolongar tu temporada de buceo? Con un traje seco podr\u00e1s bucear c\u00f3modamente a pesar de que el agua est\u00e9 fr\u00eda.","og_url":"https:\/\/www.buceovalencia.com\/fr\/produit\/cours-de-combinaison-etanche-2\/","og_site_name":"Buceo Valencia","article_publisher":"https:\/\/www.facebook.com\/buceovalencia\/","article_modified_time":"2026-04-28T15:52:42+00:00","og_image":[{"width":305,"height":302,"url":"https:\/\/www.buceovalencia.com\/wp-content\/uploads\/2016\/10\/traje-seco.jpg","type":"image\/jpeg"}],"twitter_misc":{"Dur\u00e9e de lecture estim\u00e9e":"1 minute"},"schema":{"@context":"https:\/\/schema.org","@graph":[{"@type":"WebPage","@id":"https:\/\/www.buceovalencia.com\/producto\/curso-traje-seco\/","url":"https:\/\/www.buceovalencia.com\/producto\/curso-traje-seco\/","name":"Cours de combinaison \u00e9tanche - Plong\u00e9e Valence","isPartOf":{"@id":"https:\/\/www.buceovalencia.com\/?lang=en\/#website"},"primaryImageOfPage":{"@id":"https:\/\/www.buceovalencia.com\/producto\/curso-traje-seco\/#primaryimage"},"image":{"@id":"https:\/\/www.buceovalencia.com\/producto\/curso-traje-seco\/#primaryimage"},"thumbnailUrl":"https:\/\/www.buceovalencia.com\/wp-content\/uploads\/2016\/10\/traje-seco.jpg","datePublished":"2016-10-20T15:17:26+00:00","dateModified":"2026-04-28T15:52:42+00:00","description":"Vous souhaitez prolonger votre saison de plong\u00e9e ? Avec une combinaison \u00e9tanche, vous pourrez plonger confortablement m\u00eame si l&#039;eau est froide.","breadcrumb":{"@id":"https:\/\/www.buceovalencia.com\/producto\/curso-traje-seco\/#breadcrumb"},"inLanguage":"fr-FR","potentialAction":[{"@type":"ReadAction","target":["https:\/\/www.buceovalencia.com\/producto\/curso-traje-seco\/"]}]},{"@type":"ImageObject","inLanguage":"fr-FR","@id":"https:\/\/www.buceovalencia.com\/producto\/curso-traje-seco\/#primaryimage","url":"https:\/\/www.buceovalencia.com\/wp-content\/uploads\/2016\/10\/traje-seco.jpg","contentUrl":"https:\/\/www.buceovalencia.com\/wp-content\/uploads\/2016\/10\/traje-seco.jpg","width":305,"height":302,"caption":"Curso Traje Seco | Buceo Valencia"},{"@type":"BreadcrumbList","@id":"https:\/\/www.buceovalencia.com\/producto\/curso-traje-seco\/#breadcrumb","itemListElement":[{"@type":"ListItem","position":1,"name":"Portada","item":"https:\/\/www.buceovalencia.com\/"},{"@type":"ListItem","position":2,"name":"Cursos en Valencia","item":"https:\/\/www.buceovalencia.com\/cursos-buceeo-valencia\/"},{"@type":"ListItem","position":3,"name":"Curso Traje Seco"}]},{"@type":"WebSite","@id":"https:\/\/www.buceovalencia.com\/?lang=en\/#website","url":"https:\/\/www.buceovalencia.com\/?lang=en\/","name":"Plong\u00e9e Valence","description":"votre centre de plong\u00e9e","publisher":{"@id":"https:\/\/www.buceovalencia.com\/?lang=en\/#organization"},"potentialAction":[{"@type":"SearchAction","target":{"@type":"EntryPoint","urlTemplate":"https:\/\/www.buceovalencia.com\/?lang=en\/?s={search_term_string}"},"query-input":{"@type":"PropertyValueSpecification","valueRequired":true,"valueName":"search_term_string"}}],"inLanguage":"fr-FR"},{"@type":"Organization","@id":"https:\/\/www.buceovalencia.com\/?lang=en\/#organization","name":"Plong\u00e9e Valence","url":"https:\/\/www.buceovalencia.com\/?lang=en\/","logo":{"@type":"ImageObject","inLanguage":"fr-FR","@id":"https:\/\/www.buceovalencia.com\/?lang=en\/#\/schema\/logo\/image\/","url":"https:\/\/www.buceovalencia.com\/wp-content\/uploads\/2018\/01\/buceovalencia.png","contentUrl":"https:\/\/www.buceovalencia.com\/wp-content\/uploads\/2018\/01\/buceovalencia.png","width":319,"height":263,"caption":"Buceo Valencia"},"image":{"@id":"https:\/\/www.buceovalencia.com\/?lang=en\/#\/schema\/logo\/image\/"},"sameAs":["https:\/\/www.facebook.com\/buceovalencia\/","https:\/\/www.instagram.com\/buceo_valencia\/"]}]}},"_links":{"self":[{"href":"https:\/\/www.buceovalencia.com\/fr\/wp-json\/wp\/v2\/product\/876","targetHints":{"allow":["GET"]}}],"collection":[{"href":"https:\/\/www.buceovalencia.com\/fr\/wp-json\/wp\/v2\/product"}],"about":[{"href":"https:\/\/www.buceovalencia.com\/fr\/wp-json\/wp\/v2\/types\/product"}],"wp:featuredmedia":[{"embeddable":true,"href":"https:\/\/www.buceovalencia.com\/fr\/wp-json\/wp\/v2\/media\/880"}],"wp:attachment":[{"href":"https:\/\/www.buceovalencia.com\/fr\/wp-json\/wp\/v2\/media?parent=876"}],"wp:term":[{"taxonomy":"product_brand","embeddable":true,"href":"https:\/\/www.buceovalencia.com\/fr\/wp-json\/wp\/v2\/product_brand?post=876"},{"taxonomy":"product_cat","embeddable":true,"href":"https:\/\/www.buceovalencia.com\/fr\/wp-json\/wp\/v2\/product_cat?post=876"},{"taxonomy":"product_tag","embeddable":true,"href":"https:\/\/www.buceovalencia.com\/fr\/wp-json\/wp\/v2\/product_tag?post=876"}],"curies":[{"name":"wp","href":"https:\/\/api.w.org\/{rel}","templated":true}]}}