{"id":9781,"date":"2022-06-07T11:59:18","date_gmt":"2022-06-07T09:59:18","guid":{"rendered":"https:\/\/www.buceovalencia.com\/?post_type=product&#038;p=9781"},"modified":"2026-04-28T17:49:41","modified_gmt":"2026-04-28T15:49:41","slug":"cours-domaine-flottabilite-3","status":"publish","type":"product","link":"https:\/\/www.buceovalencia.com\/fr\/produit\/cours-domaine-flottabilite-3\/","title":{"rendered":"Plongeur de nuit PADI"},"content":{"rendered":"<h1>Plongeur de nuit PADI<\/h1>\n<p>La idea de sumergirte bajo la superficie por la noche parece misterioso, aunque es alucinante. A pesar de que hayas estado buceando en un sitio muchas veces antes, por la noche entras en un mundo completamente nuevo y observas c\u00f3mo cobra vida con la luz de tu linterna de buceo. La escena cambia a medida que las criaturas del d\u00eda se retiran y salen los organismos nocturnos. Si alguna vez te has preguntado qu\u00e9 pasa bajo el agua despu\u00e9s del atardecer, inscr\u00edbete en el curso de especialidad PADI Night Diver .<\/p>","protected":false},"excerpt":{"rendered":"<h1>Plongeur de nuit PADI<\/h1>\n<p>Le cours de plong\u00e9e PADI Night Diver \u00e0 Valence,<\/p>\n<p>&#8211; El curso costa de:<\/p>\n<ul>\n<li>2x plong\u00e9es de nuit<\/li>\n<li>Certification de sp\u00e9cialit\u00e9 PADI Night Diver.<\/li>\n<\/ul>\n<p>&nbsp;<\/p>\n<p>&nbsp;<\/p>","protected":false},"featured_media":9782,"template":"","meta":{"_et_pb_use_builder":"off","_et_pb_old_content":"En dos\u00a0inmersiones aprender\u00e1s:\r\n<ul>\r\n \t<li>La colocaci\u00f3n y distribuci\u00f3n del lastre par lograr la comodidad y la posici\u00f3n del cuerpo que se desea<\/li>\r\n \t<li>Los controles de flotabilidad<\/li>\r\n \t<li>C\u00f3mo establecer flotabilidad neutra durante todas las partes de la inmersi\u00f3n<\/li>\r\n \t<li>Mantenerse inm\u00f3vil en flotaci\u00f3n<\/li>\r\n<\/ul>","_et_gb_content_width":""},"product_brand":[],"product_cat":[69],"product_tag":[],"class_list":{"0":"post-9781","1":"product","2":"type-product","3":"status-publish","4":"has-post-thumbnail","6":"product_cat-especialidades","8":"first","9":"instock","10":"taxable","11":"shipping-taxable","12":"product-type-external"},"yoast_head":"<!-- This site is optimized with the Yoast SEO plugin v27.5 - https:\/\/yoast.com\/product\/yoast-seo-wordpress\/ -->\n<title>PADI Night Diver - Buceo Valencia<\/title>\n<meta name=\"description\" content=\"Con el especialidad de PADI night Diver podr\u00e1s bucear por la noche y ver vida marina no antes vista.\" \/>\n<meta name=\"robots\" content=\"index, follow, max-snippet:-1, max-image-preview:large, max-video-preview:-1\" \/>\n<link rel=\"canonical\" href=\"https:\/\/www.buceovalencia.com\/fr\/produit\/cours-domaine-flottabilite-3\/\" \/>\n<meta property=\"og:locale\" content=\"fr_FR\" \/>\n<meta property=\"og:type\" content=\"article\" \/>\n<meta property=\"og:title\" content=\"PADI Night Diver - Buceo Valencia\" \/>\n<meta property=\"og:description\" content=\"Con el especialidad de PADI night Diver podr\u00e1s bucear por la noche y ver vida marina no antes vista.\" \/>\n<meta property=\"og:url\" content=\"https:\/\/www.buceovalencia.com\/fr\/produit\/cours-domaine-flottabilite-3\/\" \/>\n<meta property=\"og:site_name\" content=\"Buceo Valencia\" \/>\n<meta property=\"article:publisher\" content=\"https:\/\/www.facebook.com\/buceovalencia\/\" \/>\n<meta property=\"article:modified_time\" content=\"2026-04-28T15:49:41+00:00\" \/>\n<meta property=\"og:image\" content=\"https:\/\/www.buceovalencia.com\/wp-content\/uploads\/2022\/06\/Night2-dLKd__po.jpg\" \/>\n\t<meta property=\"og:image:width\" content=\"1235\" \/>\n\t<meta property=\"og:image:height\" content=\"695\" \/>\n\t<meta property=\"og:image:type\" content=\"image\/jpeg\" \/>\n<meta name=\"twitter:label1\" content=\"Dur\u00e9e de lecture estim\u00e9e\" \/>\n\t<meta name=\"twitter:data1\" content=\"1 minute\" \/>\n<script type=\"application\/ld+json\" class=\"yoast-schema-graph\">{\"@context\":\"https:\\\/\\\/schema.org\",\"@graph\":[{\"@type\":\"WebPage\",\"@id\":\"https:\\\/\\\/www.buceovalencia.com\\\/producto\\\/padi-night-diver\\\/\",\"url\":\"https:\\\/\\\/www.buceovalencia.com\\\/producto\\\/padi-night-diver\\\/\",\"name\":\"PADI Night Diver - Buceo Valencia\",\"isPartOf\":{\"@id\":\"https:\\\/\\\/www.buceovalencia.com\\\/?lang=en\\\/#website\"},\"primaryImageOfPage\":{\"@id\":\"https:\\\/\\\/www.buceovalencia.com\\\/producto\\\/padi-night-diver\\\/#primaryimage\"},\"image\":{\"@id\":\"https:\\\/\\\/www.buceovalencia.com\\\/producto\\\/padi-night-diver\\\/#primaryimage\"},\"thumbnailUrl\":\"https:\\\/\\\/www.buceovalencia.com\\\/wp-content\\\/uploads\\\/2022\\\/06\\\/Night2-dLKd__po.jpg\",\"datePublished\":\"2022-06-07T09:59:18+00:00\",\"dateModified\":\"2026-04-28T15:49:41+00:00\",\"description\":\"Con el especialidad de PADI night Diver podr\u00e1s bucear por la noche y ver vida marina no antes vista.\",\"breadcrumb\":{\"@id\":\"https:\\\/\\\/www.buceovalencia.com\\\/producto\\\/padi-night-diver\\\/#breadcrumb\"},\"inLanguage\":\"fr-FR\",\"potentialAction\":[{\"@type\":\"ReadAction\",\"target\":[\"https:\\\/\\\/www.buceovalencia.com\\\/producto\\\/padi-night-diver\\\/\"]}]},{\"@type\":\"ImageObject\",\"inLanguage\":\"fr-FR\",\"@id\":\"https:\\\/\\\/www.buceovalencia.com\\\/producto\\\/padi-night-diver\\\/#primaryimage\",\"url\":\"https:\\\/\\\/www.buceovalencia.com\\\/wp-content\\\/uploads\\\/2022\\\/06\\\/Night2-dLKd__po.jpg\",\"contentUrl\":\"https:\\\/\\\/www.buceovalencia.com\\\/wp-content\\\/uploads\\\/2022\\\/06\\\/Night2-dLKd__po.jpg\",\"width\":1235,\"height\":695,\"caption\":\"PADI night Diver\"},{\"@type\":\"BreadcrumbList\",\"@id\":\"https:\\\/\\\/www.buceovalencia.com\\\/producto\\\/padi-night-diver\\\/#breadcrumb\",\"itemListElement\":[{\"@type\":\"ListItem\",\"position\":1,\"name\":\"Portada\",\"item\":\"https:\\\/\\\/www.buceovalencia.com\\\/\"},{\"@type\":\"ListItem\",\"position\":2,\"name\":\"Cursos en Valencia\",\"item\":\"https:\\\/\\\/www.buceovalencia.com\\\/cursos-buceeo-valencia\\\/\"},{\"@type\":\"ListItem\",\"position\":3,\"name\":\"PADI Night Diver\"}]},{\"@type\":\"WebSite\",\"@id\":\"https:\\\/\\\/www.buceovalencia.com\\\/?lang=en\\\/#website\",\"url\":\"https:\\\/\\\/www.buceovalencia.com\\\/?lang=en\\\/\",\"name\":\"Buceo Valencia\",\"description\":\"Tu centro de buceo\",\"publisher\":{\"@id\":\"https:\\\/\\\/www.buceovalencia.com\\\/?lang=en\\\/#organization\"},\"potentialAction\":[{\"@type\":\"SearchAction\",\"target\":{\"@type\":\"EntryPoint\",\"urlTemplate\":\"https:\\\/\\\/www.buceovalencia.com\\\/?lang=en\\\/?s={search_term_string}\"},\"query-input\":{\"@type\":\"PropertyValueSpecification\",\"valueRequired\":true,\"valueName\":\"search_term_string\"}}],\"inLanguage\":\"fr-FR\"},{\"@type\":\"Organization\",\"@id\":\"https:\\\/\\\/www.buceovalencia.com\\\/?lang=en\\\/#organization\",\"name\":\"Buceo Valencia\",\"url\":\"https:\\\/\\\/www.buceovalencia.com\\\/?lang=en\\\/\",\"logo\":{\"@type\":\"ImageObject\",\"inLanguage\":\"fr-FR\",\"@id\":\"https:\\\/\\\/www.buceovalencia.com\\\/?lang=en\\\/#\\\/schema\\\/logo\\\/image\\\/\",\"url\":\"https:\\\/\\\/www.buceovalencia.com\\\/wp-content\\\/uploads\\\/2018\\\/01\\\/buceovalencia.png\",\"contentUrl\":\"https:\\\/\\\/www.buceovalencia.com\\\/wp-content\\\/uploads\\\/2018\\\/01\\\/buceovalencia.png\",\"width\":319,\"height\":263,\"caption\":\"Buceo Valencia\"},\"image\":{\"@id\":\"https:\\\/\\\/www.buceovalencia.com\\\/?lang=en\\\/#\\\/schema\\\/logo\\\/image\\\/\"},\"sameAs\":[\"https:\\\/\\\/www.facebook.com\\\/buceovalencia\\\/\",\"https:\\\/\\\/www.instagram.com\\\/buceo_valencia\\\/\"]}]}<\/script>\n<!-- \/ Yoast SEO plugin. -->","yoast_head_json":{"title":"PADI Night Diver - Buceo Valencia","description":"Con el especialidad de PADI night Diver podr\u00e1s bucear por la noche y ver vida marina no antes vista.","robots":{"index":"index","follow":"follow","max-snippet":"max-snippet:-1","max-image-preview":"max-image-preview:large","max-video-preview":"max-video-preview:-1"},"canonical":"https:\/\/www.buceovalencia.com\/fr\/produit\/cours-domaine-flottabilite-3\/","og_locale":"fr_FR","og_type":"article","og_title":"PADI Night Diver - Buceo Valencia","og_description":"Con el especialidad de PADI night Diver podr\u00e1s bucear por la noche y ver vida marina no antes vista.","og_url":"https:\/\/www.buceovalencia.com\/fr\/produit\/cours-domaine-flottabilite-3\/","og_site_name":"Buceo Valencia","article_publisher":"https:\/\/www.facebook.com\/buceovalencia\/","article_modified_time":"2026-04-28T15:49:41+00:00","og_image":[{"width":1235,"height":695,"url":"https:\/\/www.buceovalencia.com\/wp-content\/uploads\/2022\/06\/Night2-dLKd__po.jpg","type":"image\/jpeg"}],"twitter_misc":{"Dur\u00e9e de lecture estim\u00e9e":"1 minute"},"schema":{"@context":"https:\/\/schema.org","@graph":[{"@type":"WebPage","@id":"https:\/\/www.buceovalencia.com\/producto\/padi-night-diver\/","url":"https:\/\/www.buceovalencia.com\/producto\/padi-night-diver\/","name":"PADI Night Diver - Buceo Valencia","isPartOf":{"@id":"https:\/\/www.buceovalencia.com\/?lang=en\/#website"},"primaryImageOfPage":{"@id":"https:\/\/www.buceovalencia.com\/producto\/padi-night-diver\/#primaryimage"},"image":{"@id":"https:\/\/www.buceovalencia.com\/producto\/padi-night-diver\/#primaryimage"},"thumbnailUrl":"https:\/\/www.buceovalencia.com\/wp-content\/uploads\/2022\/06\/Night2-dLKd__po.jpg","datePublished":"2022-06-07T09:59:18+00:00","dateModified":"2026-04-28T15:49:41+00:00","description":"Con el especialidad de PADI night Diver podr\u00e1s bucear por la noche y ver vida marina no antes vista.","breadcrumb":{"@id":"https:\/\/www.buceovalencia.com\/producto\/padi-night-diver\/#breadcrumb"},"inLanguage":"fr-FR","potentialAction":[{"@type":"ReadAction","target":["https:\/\/www.buceovalencia.com\/producto\/padi-night-diver\/"]}]},{"@type":"ImageObject","inLanguage":"fr-FR","@id":"https:\/\/www.buceovalencia.com\/producto\/padi-night-diver\/#primaryimage","url":"https:\/\/www.buceovalencia.com\/wp-content\/uploads\/2022\/06\/Night2-dLKd__po.jpg","contentUrl":"https:\/\/www.buceovalencia.com\/wp-content\/uploads\/2022\/06\/Night2-dLKd__po.jpg","width":1235,"height":695,"caption":"PADI night Diver"},{"@type":"BreadcrumbList","@id":"https:\/\/www.buceovalencia.com\/producto\/padi-night-diver\/#breadcrumb","itemListElement":[{"@type":"ListItem","position":1,"name":"Portada","item":"https:\/\/www.buceovalencia.com\/"},{"@type":"ListItem","position":2,"name":"Cursos en Valencia","item":"https:\/\/www.buceovalencia.com\/cursos-buceeo-valencia\/"},{"@type":"ListItem","position":3,"name":"PADI Night Diver"}]},{"@type":"WebSite","@id":"https:\/\/www.buceovalencia.com\/?lang=en\/#website","url":"https:\/\/www.buceovalencia.com\/?lang=en\/","name":"Plong\u00e9e Valence","description":"votre centre de plong\u00e9e","publisher":{"@id":"https:\/\/www.buceovalencia.com\/?lang=en\/#organization"},"potentialAction":[{"@type":"SearchAction","target":{"@type":"EntryPoint","urlTemplate":"https:\/\/www.buceovalencia.com\/?lang=en\/?s={search_term_string}"},"query-input":{"@type":"PropertyValueSpecification","valueRequired":true,"valueName":"search_term_string"}}],"inLanguage":"fr-FR"},{"@type":"Organization","@id":"https:\/\/www.buceovalencia.com\/?lang=en\/#organization","name":"Plong\u00e9e Valence","url":"https:\/\/www.buceovalencia.com\/?lang=en\/","logo":{"@type":"ImageObject","inLanguage":"fr-FR","@id":"https:\/\/www.buceovalencia.com\/?lang=en\/#\/schema\/logo\/image\/","url":"https:\/\/www.buceovalencia.com\/wp-content\/uploads\/2018\/01\/buceovalencia.png","contentUrl":"https:\/\/www.buceovalencia.com\/wp-content\/uploads\/2018\/01\/buceovalencia.png","width":319,"height":263,"caption":"Buceo Valencia"},"image":{"@id":"https:\/\/www.buceovalencia.com\/?lang=en\/#\/schema\/logo\/image\/"},"sameAs":["https:\/\/www.facebook.com\/buceovalencia\/","https:\/\/www.instagram.com\/buceo_valencia\/"]}]}},"_links":{"self":[{"href":"https:\/\/www.buceovalencia.com\/fr\/wp-json\/wp\/v2\/product\/9781","targetHints":{"allow":["GET"]}}],"collection":[{"href":"https:\/\/www.buceovalencia.com\/fr\/wp-json\/wp\/v2\/product"}],"about":[{"href":"https:\/\/www.buceovalencia.com\/fr\/wp-json\/wp\/v2\/types\/product"}],"wp:featuredmedia":[{"embeddable":true,"href":"https:\/\/www.buceovalencia.com\/fr\/wp-json\/wp\/v2\/media\/9782"}],"wp:attachment":[{"href":"https:\/\/www.buceovalencia.com\/fr\/wp-json\/wp\/v2\/media?parent=9781"}],"wp:term":[{"taxonomy":"product_brand","embeddable":true,"href":"https:\/\/www.buceovalencia.com\/fr\/wp-json\/wp\/v2\/product_brand?post=9781"},{"taxonomy":"product_cat","embeddable":true,"href":"https:\/\/www.buceovalencia.com\/fr\/wp-json\/wp\/v2\/product_cat?post=9781"},{"taxonomy":"product_tag","embeddable":true,"href":"https:\/\/www.buceovalencia.com\/fr\/wp-json\/wp\/v2\/product_tag?post=9781"}],"curies":[{"name":"wp","href":"https:\/\/api.w.org\/{rel}","templated":true}]}}